{"id":3131,"date":"2025-05-08T16:05:38","date_gmt":"2025-05-08T14:05:38","guid":{"rendered":"https:\/\/www.skin-lab.be\/politica-de-cancelacion-2\/"},"modified":"2025-05-08T16:46:47","modified_gmt":"2025-05-08T16:46:47","slug":"politica-de-cancelacion-2","status":"publish","type":"page","link":"https:\/\/www.skin-lab.be\/es\/politica-de-cancelacion-2\/","title":{"rendered":"Pol\u00edtica de cancelaci\u00f3n"},"content":{"rendered":"<div class=\"fusion-fullwidth fullwidth-box fusion-builder-row-1 fusion-flex-container nonhundred-percent-fullwidth non-hundred-percent-height-scrolling\" style=\"--awb-border-radius-top-left:0px;--awb-border-radius-top-right:0px;--awb-border-radius-bottom-right:0px;--awb-border-radius-bottom-left:0px;--awb-flex-wrap:wrap;\" ><div class=\"fusion-builder-row fusion-row fusion-flex-align-items-flex-start fusion-flex-content-wrap\" style=\"max-width:1289.6px;margin-left: calc(-4% \/ 2 );margin-right: calc(-4% \/ 2 );\"><div class=\"fusion-layout-column fusion_builder_column fusion-builder-column-0 fusion_builder_column_1_1 1_1 fusion-flex-column\" style=\"--awb-bg-size:cover;--awb-width-large:100%;--awb-margin-top-large:0px;--awb-spacing-right-large:1.92%;--awb-margin-bottom-large:0px;--awb-spacing-left-large:1.92%;--awb-width-medium:100%;--awb-spacing-right-medium:1.92%;--awb-spacing-left-medium:1.92%;--awb-width-small:100%;--awb-spacing-right-small:1.92%;--awb-spacing-left-small:1.92%;\"><div class=\"fusion-column-wrapper fusion-flex-justify-content-flex-start fusion-content-layout-column\"><div class=\"fusion-text fusion-text-1\"><h1>Pol\u00edtica de cancelaci\u00f3n y ausencias \u2013 Skin Lab<\/h1>\n<p>En Skin Lab, reservamos nuestro tiempo exclusivamente para usted. Puede estar seguro de que su <strong>terapeuta estar\u00e1 lista puntualmente a la hora acordada<\/strong>, sin tiempos de espera. Creemos que usted tiene derecho a recibir su tratamiento sin demoras. Si por alguna raz\u00f3n esto no fuera posible, no se le cobrar\u00e1 nada y le ofreceremos el tratamiento de forma totalmente gratuita. Por supuesto, aplicamos un margen de cortes\u00eda de 15 minutos para cada cita.<\/p>\n<p>Con el mismo respeto mutuo, le pedimos que llegue a tiempo a su cita o que <strong>nos avise con antelaci\u00f3n si no puede asistir<\/strong>. Por ello aplicamos la siguiente pol\u00edtica:<\/p>\n<p>\u2022 <strong>La cancelaci\u00f3n sin coste es posible hasta 24 horas antes de la cita<\/strong>, exclusivamente por correo electr\u00f3nico a <a href=\"mailto:info@skin-lab.be\">info@skin-lab.be<\/a>.<br \/>\u2022 <strong>Las cancelaciones por tel\u00e9fono no son v\u00e1lidas<\/strong>, ya que no podemos garantizar el momento exacto de su recepci\u00f3n.<br \/>\u2022 En <strong>caso de no presentarse sin previo aviso<\/strong> (\u201cno show\u201d), <strong>se cobrar\u00e1 el 75% del tratamiento reservado<\/strong>.<\/p>\n<p>Para poder gestionar correctamente su cita, le solicitamos su nombre, fecha de nacimiento, n\u00famero de tel\u00e9fono, direcci\u00f3n de correo electr\u00f3nico y direcci\u00f3n postal al momento de la reserva.<\/p>\n<p><strong>Al confirmar su cita, usted acepta estas condiciones.<\/strong><\/p>\n<\/div><\/div><\/div><\/div><\/div>\n","protected":false},"excerpt":{"rendered":"","protected":false},"author":1,"featured_media":0,"parent":0,"menu_order":0,"comment_status":"closed","ping_status":"open","template":"","meta":{"footnotes":""},"class_list":["post-3131","page","type-page","status-publish","hentry"],"yoast_head":"<!-- This site is optimized with the Yoast SEO plugin v27.5 - https:\/\/yoast.com\/product\/yoast-seo-wordpress\/ -->\n<title>Pol\u00edtica de cancelaci\u00f3n - Skin-Lab<\/title>\n<meta name=\"robots\" content=\"index, follow, max-snippet:-1, max-image-preview:large, max-video-preview:-1\" \/>\n<link rel=\"canonical\" href=\"https:\/\/www.skin-lab.be\/es\/politica-de-cancelacion-2\/\" \/>\n<meta property=\"og:locale\" content=\"es_ES\" \/>\n<meta property=\"og:type\" content=\"article\" \/>\n<meta property=\"og:title\" content=\"Pol\u00edtica de cancelaci\u00f3n - Skin-Lab\" \/>\n<meta property=\"og:url\" content=\"https:\/\/www.skin-lab.be\/es\/politica-de-cancelacion-2\/\" \/>\n<meta property=\"og:site_name\" content=\"Skin-Lab\" \/>\n<meta property=\"article:modified_time\" content=\"2025-05-08T16:46:47+00:00\" \/>\n<meta name=\"twitter:card\" content=\"summary_large_image\" \/>\n<meta name=\"twitter:label1\" content=\"Tiempo de lectura\" \/>\n\t<meta name=\"twitter:data1\" content=\"2 minutos\" \/>\n<script type=\"application\/ld+json\" class=\"yoast-schema-graph\">{\"@context\":\"https:\\\/\\\/schema.org\",\"@graph\":[{\"@type\":\"WebPage\",\"@id\":\"https:\\\/\\\/www.skin-lab.be\\\/es\\\/politica-de-cancelacion-2\\\/\",\"url\":\"https:\\\/\\\/www.skin-lab.be\\\/es\\\/politica-de-cancelacion-2\\\/\",\"name\":\"Pol\u00edtica de cancelaci\u00f3n - Skin-Lab\",\"isPartOf\":{\"@id\":\"https:\\\/\\\/www.skin-lab.be\\\/es\\\/#website\"},\"datePublished\":\"2025-05-08T14:05:38+00:00\",\"dateModified\":\"2025-05-08T16:46:47+00:00\",\"breadcrumb\":{\"@id\":\"https:\\\/\\\/www.skin-lab.be\\\/es\\\/politica-de-cancelacion-2\\\/#breadcrumb\"},\"inLanguage\":\"es\",\"potentialAction\":[{\"@type\":\"ReadAction\",\"target\":[\"https:\\\/\\\/www.skin-lab.be\\\/es\\\/politica-de-cancelacion-2\\\/\"]}]},{\"@type\":\"BreadcrumbList\",\"@id\":\"https:\\\/\\\/www.skin-lab.be\\\/es\\\/politica-de-cancelacion-2\\\/#breadcrumb\",\"itemListElement\":[{\"@type\":\"ListItem\",\"position\":1,\"name\":\"Home\",\"item\":\"https:\\\/\\\/www.skin-lab.be\\\/es\\\/\"},{\"@type\":\"ListItem\",\"position\":2,\"name\":\"Pol\u00edtica de cancelaci\u00f3n\"}]},{\"@type\":\"WebSite\",\"@id\":\"https:\\\/\\\/www.skin-lab.be\\\/es\\\/#website\",\"url\":\"https:\\\/\\\/www.skin-lab.be\\\/es\\\/\",\"name\":\"Skin-Lab\",\"description\":\"Face &amp; Body Solutions\",\"publisher\":{\"@id\":\"https:\\\/\\\/www.skin-lab.be\\\/es\\\/#organization\"},\"potentialAction\":[{\"@type\":\"SearchAction\",\"target\":{\"@type\":\"EntryPoint\",\"urlTemplate\":\"https:\\\/\\\/www.skin-lab.be\\\/es\\\/?s={search_term_string}\"},\"query-input\":{\"@type\":\"PropertyValueSpecification\",\"valueRequired\":true,\"valueName\":\"search_term_string\"}}],\"inLanguage\":\"es\"},{\"@type\":\"Organization\",\"@id\":\"https:\\\/\\\/www.skin-lab.be\\\/es\\\/#organization\",\"name\":\"Skin-Lab bv\",\"url\":\"https:\\\/\\\/www.skin-lab.be\\\/es\\\/\",\"logo\":{\"@type\":\"ImageObject\",\"inLanguage\":\"es\",\"@id\":\"https:\\\/\\\/www.skin-lab.be\\\/es\\\/#\\\/schema\\\/logo\\\/image\\\/\",\"url\":\"https:\\\/\\\/www.skin-lab.be\\\/wp-content\\\/uploads\\\/2021\\\/02\\\/skinlablogo160px.png\",\"contentUrl\":\"https:\\\/\\\/www.skin-lab.be\\\/wp-content\\\/uploads\\\/2021\\\/02\\\/skinlablogo160px.png\",\"width\":520,\"height\":160,\"caption\":\"Skin-Lab bv\"},\"image\":{\"@id\":\"https:\\\/\\\/www.skin-lab.be\\\/es\\\/#\\\/schema\\\/logo\\\/image\\\/\"}}]}<\/script>\n<!-- \/ Yoast SEO plugin. -->","yoast_head_json":{"title":"Pol\u00edtica de cancelaci\u00f3n - Skin-Lab","robots":{"index":"index","follow":"follow","max-snippet":"max-snippet:-1","max-image-preview":"max-image-preview:large","max-video-preview":"max-video-preview:-1"},"canonical":"https:\/\/www.skin-lab.be\/es\/politica-de-cancelacion-2\/","og_locale":"es_ES","og_type":"article","og_title":"Pol\u00edtica de cancelaci\u00f3n - Skin-Lab","og_url":"https:\/\/www.skin-lab.be\/es\/politica-de-cancelacion-2\/","og_site_name":"Skin-Lab","article_modified_time":"2025-05-08T16:46:47+00:00","twitter_card":"summary_large_image","twitter_misc":{"Tiempo de lectura":"2 minutos"},"schema":{"@context":"https:\/\/schema.org","@graph":[{"@type":"WebPage","@id":"https:\/\/www.skin-lab.be\/es\/politica-de-cancelacion-2\/","url":"https:\/\/www.skin-lab.be\/es\/politica-de-cancelacion-2\/","name":"Pol\u00edtica de cancelaci\u00f3n - Skin-Lab","isPartOf":{"@id":"https:\/\/www.skin-lab.be\/es\/#website"},"datePublished":"2025-05-08T14:05:38+00:00","dateModified":"2025-05-08T16:46:47+00:00","breadcrumb":{"@id":"https:\/\/www.skin-lab.be\/es\/politica-de-cancelacion-2\/#breadcrumb"},"inLanguage":"es","potentialAction":[{"@type":"ReadAction","target":["https:\/\/www.skin-lab.be\/es\/politica-de-cancelacion-2\/"]}]},{"@type":"BreadcrumbList","@id":"https:\/\/www.skin-lab.be\/es\/politica-de-cancelacion-2\/#breadcrumb","itemListElement":[{"@type":"ListItem","position":1,"name":"Home","item":"https:\/\/www.skin-lab.be\/es\/"},{"@type":"ListItem","position":2,"name":"Pol\u00edtica de cancelaci\u00f3n"}]},{"@type":"WebSite","@id":"https:\/\/www.skin-lab.be\/es\/#website","url":"https:\/\/www.skin-lab.be\/es\/","name":"Skin-Lab","description":"Face &amp; Body Solutions","publisher":{"@id":"https:\/\/www.skin-lab.be\/es\/#organization"},"potentialAction":[{"@type":"SearchAction","target":{"@type":"EntryPoint","urlTemplate":"https:\/\/www.skin-lab.be\/es\/?s={search_term_string}"},"query-input":{"@type":"PropertyValueSpecification","valueRequired":true,"valueName":"search_term_string"}}],"inLanguage":"es"},{"@type":"Organization","@id":"https:\/\/www.skin-lab.be\/es\/#organization","name":"Skin-Lab bv","url":"https:\/\/www.skin-lab.be\/es\/","logo":{"@type":"ImageObject","inLanguage":"es","@id":"https:\/\/www.skin-lab.be\/es\/#\/schema\/logo\/image\/","url":"https:\/\/www.skin-lab.be\/wp-content\/uploads\/2021\/02\/skinlablogo160px.png","contentUrl":"https:\/\/www.skin-lab.be\/wp-content\/uploads\/2021\/02\/skinlablogo160px.png","width":520,"height":160,"caption":"Skin-Lab bv"},"image":{"@id":"https:\/\/www.skin-lab.be\/es\/#\/schema\/logo\/image\/"}}]}},"_links":{"self":[{"href":"https:\/\/www.skin-lab.be\/es\/wp-json\/wp\/v2\/pages\/3131","targetHints":{"allow":["GET"]}}],"collection":[{"href":"https:\/\/www.skin-lab.be\/es\/wp-json\/wp\/v2\/pages"}],"about":[{"href":"https:\/\/www.skin-lab.be\/es\/wp-json\/wp\/v2\/types\/page"}],"author":[{"embeddable":true,"href":"https:\/\/www.skin-lab.be\/es\/wp-json\/wp\/v2\/users\/1"}],"replies":[{"embeddable":true,"href":"https:\/\/www.skin-lab.be\/es\/wp-json\/wp\/v2\/comments?post=3131"}],"version-history":[{"count":2,"href":"https:\/\/www.skin-lab.be\/es\/wp-json\/wp\/v2\/pages\/3131\/revisions"}],"predecessor-version":[{"id":3133,"href":"https:\/\/www.skin-lab.be\/es\/wp-json\/wp\/v2\/pages\/3131\/revisions\/3133"}],"wp:attachment":[{"href":"https:\/\/www.skin-lab.be\/es\/wp-json\/wp\/v2\/media?parent=3131"}],"curies":[{"name":"wp","href":"https:\/\/api.w.org\/{rel}","templated":true}]}}