{"id":5511,"date":"2025-12-08T14:58:45","date_gmt":"2025-12-08T13:58:45","guid":{"rendered":"https:\/\/www.skin-lab.be\/carrito\/"},"modified":"2026-01-20T12:12:56","modified_gmt":"2026-01-20T11:12:56","slug":"carrito","status":"publish","type":"page","link":"https:\/\/www.skin-lab.be\/es\/carrito\/","title":{"rendered":"Carrito"},"content":{"rendered":"\n<div data-block-name=\"woocommerce\/cart\" class=\"wp-block-woocommerce-cart alignwide is-loading\">\n<div data-block-name=\"woocommerce\/filled-cart-block\" class=\"wp-block-woocommerce-filled-cart-block\">\n<div data-block-name=\"woocommerce\/cart-items-block\" class=\"wp-block-woocommerce-cart-items-block\">\n<div data-block-name=\"woocommerce\/cart-line-items-block\" class=\"wp-block-woocommerce-cart-line-items-block\"><\/div>\n\n\n<\/div>\n\n\n\n\n<div data-block-name=\"woocommerce\/cart-totals-block\" class=\"wp-block-woocommerce-cart-totals-block\">\n<div data-block-name=\"woocommerce\/cart-order-summary-block\" class=\"wp-block-woocommerce-cart-order-summary-block\">\n<div data-block-name=\"woocommerce\/cart-order-summary-heading-block\" class=\"wp-block-woocommerce-cart-order-summary-heading-block\"><\/div><div data-block-name=\"woocommerce\/cart-order-summary-coupon-form-block\" class=\"wp-block-woocommerce-cart-order-summary-coupon-form-block\"><\/div><div data-block-name=\"woocommerce\/cart-order-summary-totals-block\" class=\"wp-block-woocommerce-cart-order-summary-totals-block\">\n<div data-block-name=\"woocommerce\/cart-order-summary-subtotal-block\" class=\"wp-block-woocommerce-cart-order-summary-subtotal-block\"><\/div>\n<div data-block-name=\"woocommerce\/cart-order-summary-discount-block\" class=\"wp-block-woocommerce-cart-order-summary-discount-block\"><\/div>\n<div data-block-name=\"woocommerce\/cart-order-summary-fee-block\" class=\"wp-block-woocommerce-cart-order-summary-fee-block\"><\/div>\n<div data-block-name=\"woocommerce\/cart-order-summary-shipping-block\" class=\"wp-block-woocommerce-cart-order-summary-shipping-block\"><\/div>\n<div data-block-name=\"woocommerce\/cart-order-summary-taxes-block\" class=\"wp-block-woocommerce-cart-order-summary-taxes-block\"><\/div><\/div>\n<\/div>\n\n\n\n<div data-block-name=\"woocommerce\/cart-express-payment-block\" class=\"wp-block-woocommerce-cart-express-payment-block\"><\/div>\n\n\n\n<div data-block-name=\"woocommerce\/proceed-to-checkout-block\" class=\"wp-block-woocommerce-proceed-to-checkout-block\"><\/div>\n\n\n\n<div data-block-name=\"woocommerce\/cart-accepted-payment-methods-block\" class=\"wp-block-woocommerce-cart-accepted-payment-methods-block\"><\/div>\n<\/div>\n<\/div>\n\n\n\n<div data-block-name=\"woocommerce\/empty-cart-block\" class=\"wp-block-woocommerce-empty-cart-block\">\n<h2 class=\"wp-block-heading has-text-align-center with-empty-cart-icon wc-block-cart__empty-cart__title\">\u00a1Tu carrito est\u00e1 actualmente vac\u00edo!<\/h2>\n\n\n\n<hr class=\"wp-block-separator has-alpha-channel-opacity is-style-dots\"\/>\n\n\n\n<h2 class=\"wp-block-heading has-text-align-center\">Nuevo en la tienda<\/h2>\n\n\n<div data-block-name=\"woocommerce\/product-new\" data-columns=\"4\" data-rows=\"1\" class=\"wc-block-grid wp-block-product-new wp-block-woocommerce-product-new wc-block-product-new has-4-columns\"><ul class=\"wc-block-grid__products\"><li class=\"wc-block-grid__product\">\n\t\t\t\t<a href=\"https:\/\/www.skin-lab.be\/es\/producto\/rebiome-gel-limpiador-refresh\/\" class=\"wc-block-grid__product-link\">\n\t\t\t\t\t\n\t\t\t\t\t<div class=\"wc-block-grid__product-image\"><img decoding=\"async\" width=\"500\" height=\"500\" src=\"https:\/\/www.skin-lab.be\/wp-content\/uploads\/2025\/12\/Rebiome-ReFresh-Cleansing-Gel-500x500.jpg\" class=\"attachment-woocommerce_thumbnail size-woocommerce_thumbnail lazyload\" alt=\"Rebiome reFresh Cleansing Gel\" srcset=\"data:image\/svg+xml,%3Csvg%20xmlns%3D%27http%3A%2F%2Fwww.w3.org%2F2000%2Fsvg%27%20width%3D%271000%27%20height%3D%271000%27%20viewBox%3D%270%200%201000%201000%27%3E%3Crect%20width%3D%271000%27%20height%3D%271000%27%20fill-opacity%3D%220%22%2F%3E%3C%2Fsvg%3E\" data-orig-src=\"https:\/\/www.skin-lab.be\/wp-content\/uploads\/2025\/12\/Rebiome-ReFresh-Cleansing-Gel-500x500.jpg\" data-srcset=\"https:\/\/www.skin-lab.be\/wp-content\/uploads\/2025\/12\/Rebiome-ReFresh-Cleansing-Gel-66x66.jpg 66w, https:\/\/www.skin-lab.be\/wp-content\/uploads\/2025\/12\/Rebiome-ReFresh-Cleansing-Gel-150x150.jpg 150w, https:\/\/www.skin-lab.be\/wp-content\/uploads\/2025\/12\/Rebiome-ReFresh-Cleansing-Gel-200x200.jpg 200w, https:\/\/www.skin-lab.be\/wp-content\/uploads\/2025\/12\/Rebiome-ReFresh-Cleansing-Gel-300x300.jpg 300w, https:\/\/www.skin-lab.be\/wp-content\/uploads\/2025\/12\/Rebiome-ReFresh-Cleansing-Gel-400x400.jpg 400w, https:\/\/www.skin-lab.be\/wp-content\/uploads\/2025\/12\/Rebiome-ReFresh-Cleansing-Gel-500x500.jpg 500w, https:\/\/www.skin-lab.be\/wp-content\/uploads\/2025\/12\/Rebiome-ReFresh-Cleansing-Gel-600x600.jpg 600w, https:\/\/www.skin-lab.be\/wp-content\/uploads\/2025\/12\/Rebiome-ReFresh-Cleansing-Gel-700x700.jpg 700w, https:\/\/www.skin-lab.be\/wp-content\/uploads\/2025\/12\/Rebiome-ReFresh-Cleansing-Gel-768x768.jpg 768w, https:\/\/www.skin-lab.be\/wp-content\/uploads\/2025\/12\/Rebiome-ReFresh-Cleansing-Gel-800x800.jpg 800w, https:\/\/www.skin-lab.be\/wp-content\/uploads\/2025\/12\/Rebiome-ReFresh-Cleansing-Gel.jpg 1000w\" data-sizes=\"auto\" \/><\/div>\n\t\t\t\t\t<div class=\"wc-block-grid__product-title\">Rebiome | Gel Limpiador ReFresh<\/div>\n\t\t\t\t<\/a>\n\t\t\t\t<div class=\"wc-block-grid__product-price price\"><span class=\"woocommerce-Price-amount amount\"><span class=\"woocommerce-Price-currencySymbol\">&euro;<\/span>&nbsp;50,00<\/span><\/div>\n\t\t\t\t\n\t\t\t\t<div class=\"wp-block-button wc-block-grid__product-add-to-cart\"><a href=\"\/es\/wp-json\/wp\/v2\/pages\/5511?add-to-cart=6168\" aria-label=\"A\u00f1adir al carrito: &ldquo;Rebiome | Gel Limpiador ReFresh&rdquo;\" data-quantity=\"1\" data-product_id=\"6168\" data-product_sku=\"ReFresh Cleansing Gel\" data-price=\"50\" rel=\"nofollow\" class=\"wp-block-button__link  add_to_cart_button ajax_add_to_cart\">A\u00f1adir al carrito<\/a><\/div>\n\t\t\t<\/li><li class=\"wc-block-grid__product\">\n\t\t\t\t<a href=\"https:\/\/www.skin-lab.be\/es\/producto\/rebiome-reboost-reforzador-de-acido-hialuronico\/\" class=\"wc-block-grid__product-link\">\n\t\t\t\t\t\n\t\t\t\t\t<div class=\"wc-block-grid__product-image\"><img decoding=\"async\" width=\"500\" height=\"500\" src=\"https:\/\/www.skin-lab.be\/wp-content\/uploads\/2025\/12\/Rebiome-ReBoost-500x500.jpg\" class=\"attachment-woocommerce_thumbnail size-woocommerce_thumbnail lazyload\" alt=\"Reviome reboost\" srcset=\"data:image\/svg+xml,%3Csvg%20xmlns%3D%27http%3A%2F%2Fwww.w3.org%2F2000%2Fsvg%27%20width%3D%271000%27%20height%3D%271000%27%20viewBox%3D%270%200%201000%201000%27%3E%3Crect%20width%3D%271000%27%20height%3D%271000%27%20fill-opacity%3D%220%22%2F%3E%3C%2Fsvg%3E\" data-orig-src=\"https:\/\/www.skin-lab.be\/wp-content\/uploads\/2025\/12\/Rebiome-ReBoost-500x500.jpg\" data-srcset=\"https:\/\/www.skin-lab.be\/wp-content\/uploads\/2025\/12\/Rebiome-ReBoost-66x66.jpg 66w, https:\/\/www.skin-lab.be\/wp-content\/uploads\/2025\/12\/Rebiome-ReBoost-150x150.jpg 150w, https:\/\/www.skin-lab.be\/wp-content\/uploads\/2025\/12\/Rebiome-ReBoost-200x200.jpg 200w, https:\/\/www.skin-lab.be\/wp-content\/uploads\/2025\/12\/Rebiome-ReBoost-300x300.jpg 300w, https:\/\/www.skin-lab.be\/wp-content\/uploads\/2025\/12\/Rebiome-ReBoost-400x400.jpg 400w, https:\/\/www.skin-lab.be\/wp-content\/uploads\/2025\/12\/Rebiome-ReBoost-500x500.jpg 500w, https:\/\/www.skin-lab.be\/wp-content\/uploads\/2025\/12\/Rebiome-ReBoost-600x600.jpg 600w, https:\/\/www.skin-lab.be\/wp-content\/uploads\/2025\/12\/Rebiome-ReBoost-700x700.jpg 700w, https:\/\/www.skin-lab.be\/wp-content\/uploads\/2025\/12\/Rebiome-ReBoost-768x768.jpg 768w, https:\/\/www.skin-lab.be\/wp-content\/uploads\/2025\/12\/Rebiome-ReBoost-800x800.jpg 800w, https:\/\/www.skin-lab.be\/wp-content\/uploads\/2025\/12\/Rebiome-ReBoost.jpg 1000w\" data-sizes=\"auto\" \/><\/div>\n\t\t\t\t\t<div class=\"wc-block-grid__product-title\">Rebiome | ReBoost Reforzador de \u00c1cido Hialur\u00f3nico<\/div>\n\t\t\t\t<\/a>\n\t\t\t\t<div class=\"wc-block-grid__product-price price\"><span class=\"woocommerce-Price-amount amount\"><span class=\"woocommerce-Price-currencySymbol\">&euro;<\/span>&nbsp;59,00<\/span><\/div>\n\t\t\t\t\n\t\t\t\t<div class=\"wp-block-button wc-block-grid__product-add-to-cart\"><a href=\"\/es\/wp-json\/wp\/v2\/pages\/5511?add-to-cart=6165\" aria-label=\"A\u00f1adir al carrito: &ldquo;Rebiome | ReBoost Reforzador de \u00c1cido Hialur\u00f3nico&rdquo;\" data-quantity=\"1\" data-product_id=\"6165\" data-product_sku=\"ReBoost Hyaluronic Acid Booster\" data-price=\"59\" rel=\"nofollow\" class=\"wp-block-button__link  add_to_cart_button ajax_add_to_cart\">A\u00f1adir al carrito<\/a><\/div>\n\t\t\t<\/li><li class=\"wc-block-grid__product\">\n\t\t\t\t<a href=\"https:\/\/www.skin-lab.be\/es\/producto\/rebiome-refence-protector-solar-con-color-fps-30\/\" class=\"wc-block-grid__product-link\">\n\t\t\t\t\t\n\t\t\t\t\t<div class=\"wc-block-grid__product-image\"><img decoding=\"async\" width=\"500\" height=\"500\" src=\"https:\/\/www.skin-lab.be\/wp-content\/uploads\/2025\/12\/Rebiome-ReFence-Tinted-Sunscreen-500x500.jpg\" class=\"attachment-woocommerce_thumbnail size-woocommerce_thumbnail lazyload\" alt=\"Rebiome Refence Tinted Sunscreen\" srcset=\"data:image\/svg+xml,%3Csvg%20xmlns%3D%27http%3A%2F%2Fwww.w3.org%2F2000%2Fsvg%27%20width%3D%271000%27%20height%3D%271000%27%20viewBox%3D%270%200%201000%201000%27%3E%3Crect%20width%3D%271000%27%20height%3D%271000%27%20fill-opacity%3D%220%22%2F%3E%3C%2Fsvg%3E\" data-orig-src=\"https:\/\/www.skin-lab.be\/wp-content\/uploads\/2025\/12\/Rebiome-ReFence-Tinted-Sunscreen-500x500.jpg\" data-srcset=\"https:\/\/www.skin-lab.be\/wp-content\/uploads\/2025\/12\/Rebiome-ReFence-Tinted-Sunscreen-66x66.jpg 66w, https:\/\/www.skin-lab.be\/wp-content\/uploads\/2025\/12\/Rebiome-ReFence-Tinted-Sunscreen-150x150.jpg 150w, https:\/\/www.skin-lab.be\/wp-content\/uploads\/2025\/12\/Rebiome-ReFence-Tinted-Sunscreen-200x200.jpg 200w, https:\/\/www.skin-lab.be\/wp-content\/uploads\/2025\/12\/Rebiome-ReFence-Tinted-Sunscreen-300x300.jpg 300w, https:\/\/www.skin-lab.be\/wp-content\/uploads\/2025\/12\/Rebiome-ReFence-Tinted-Sunscreen-400x400.jpg 400w, https:\/\/www.skin-lab.be\/wp-content\/uploads\/2025\/12\/Rebiome-ReFence-Tinted-Sunscreen-500x500.jpg 500w, https:\/\/www.skin-lab.be\/wp-content\/uploads\/2025\/12\/Rebiome-ReFence-Tinted-Sunscreen-600x600.jpg 600w, https:\/\/www.skin-lab.be\/wp-content\/uploads\/2025\/12\/Rebiome-ReFence-Tinted-Sunscreen-700x700.jpg 700w, https:\/\/www.skin-lab.be\/wp-content\/uploads\/2025\/12\/Rebiome-ReFence-Tinted-Sunscreen-768x768.jpg 768w, https:\/\/www.skin-lab.be\/wp-content\/uploads\/2025\/12\/Rebiome-ReFence-Tinted-Sunscreen-800x800.jpg 800w, https:\/\/www.skin-lab.be\/wp-content\/uploads\/2025\/12\/Rebiome-ReFence-Tinted-Sunscreen.jpg 1000w\" data-sizes=\"auto\" \/><\/div>\n\t\t\t\t\t<div class=\"wc-block-grid__product-title\">Rebiome | ReFence Protector solar con color FPS 30<\/div>\n\t\t\t\t<\/a>\n\t\t\t\t<div class=\"wc-block-grid__product-price price\"><span class=\"woocommerce-Price-amount amount\"><span class=\"woocommerce-Price-currencySymbol\">&euro;<\/span>&nbsp;60,00<\/span><\/div>\n\t\t\t\t\n\t\t\t\t<div class=\"wp-block-button wc-block-grid__product-add-to-cart\"><a href=\"\/es\/wp-json\/wp\/v2\/pages\/5511?add-to-cart=6160\" aria-label=\"A\u00f1adir al carrito: &ldquo;Rebiome | ReFence Protector solar con color FPS 30&rdquo;\" data-quantity=\"1\" data-product_id=\"6160\" data-product_sku=\"ReFence Tinted Sunscreen SPF 30\" data-price=\"60\" rel=\"nofollow\" class=\"wp-block-button__link  add_to_cart_button ajax_add_to_cart\">A\u00f1adir al carrito<\/a><\/div>\n\t\t\t<\/li><li class=\"wc-block-grid__product\">\n\t\t\t\t<a href=\"https:\/\/www.skin-lab.be\/es\/producto\/rebiome-refence-protector-solar-spf-30\/\" class=\"wc-block-grid__product-link\">\n\t\t\t\t\t\n\t\t\t\t\t<div class=\"wc-block-grid__product-image\"><img decoding=\"async\" width=\"500\" height=\"500\" src=\"https:\/\/www.skin-lab.be\/wp-content\/uploads\/2025\/12\/REBIOME_REFENCE_Sunscreen-500x500.jpg\" class=\"attachment-woocommerce_thumbnail size-woocommerce_thumbnail lazyload\" alt=\"Rebiome ReFence Sunscreen\" srcset=\"data:image\/svg+xml,%3Csvg%20xmlns%3D%27http%3A%2F%2Fwww.w3.org%2F2000%2Fsvg%27%20width%3D%271000%27%20height%3D%271000%27%20viewBox%3D%270%200%201000%201000%27%3E%3Crect%20width%3D%271000%27%20height%3D%271000%27%20fill-opacity%3D%220%22%2F%3E%3C%2Fsvg%3E\" data-orig-src=\"https:\/\/www.skin-lab.be\/wp-content\/uploads\/2025\/12\/REBIOME_REFENCE_Sunscreen-500x500.jpg\" data-srcset=\"https:\/\/www.skin-lab.be\/wp-content\/uploads\/2025\/12\/REBIOME_REFENCE_Sunscreen-66x66.jpg 66w, https:\/\/www.skin-lab.be\/wp-content\/uploads\/2025\/12\/REBIOME_REFENCE_Sunscreen-150x150.jpg 150w, https:\/\/www.skin-lab.be\/wp-content\/uploads\/2025\/12\/REBIOME_REFENCE_Sunscreen-200x200.jpg 200w, https:\/\/www.skin-lab.be\/wp-content\/uploads\/2025\/12\/REBIOME_REFENCE_Sunscreen-300x300.jpg 300w, https:\/\/www.skin-lab.be\/wp-content\/uploads\/2025\/12\/REBIOME_REFENCE_Sunscreen-400x400.jpg 400w, https:\/\/www.skin-lab.be\/wp-content\/uploads\/2025\/12\/REBIOME_REFENCE_Sunscreen-500x500.jpg 500w, https:\/\/www.skin-lab.be\/wp-content\/uploads\/2025\/12\/REBIOME_REFENCE_Sunscreen-600x600.jpg 600w, https:\/\/www.skin-lab.be\/wp-content\/uploads\/2025\/12\/REBIOME_REFENCE_Sunscreen-700x700.jpg 700w, https:\/\/www.skin-lab.be\/wp-content\/uploads\/2025\/12\/REBIOME_REFENCE_Sunscreen-768x768.jpg 768w, https:\/\/www.skin-lab.be\/wp-content\/uploads\/2025\/12\/REBIOME_REFENCE_Sunscreen-800x800.jpg 800w, https:\/\/www.skin-lab.be\/wp-content\/uploads\/2025\/12\/REBIOME_REFENCE_Sunscreen.jpg 1000w\" data-sizes=\"auto\" \/><\/div>\n\t\t\t\t\t<div class=\"wc-block-grid__product-title\">Rebiome | ReFence Protector solar SPF 30<\/div>\n\t\t\t\t<\/a>\n\t\t\t\t<div class=\"wc-block-grid__product-price price\"><span class=\"woocommerce-Price-amount amount\"><span class=\"woocommerce-Price-currencySymbol\">&euro;<\/span>&nbsp;60,00<\/span><\/div>\n\t\t\t\t\n\t\t\t\t<div class=\"wp-block-button wc-block-grid__product-add-to-cart\"><a href=\"\/es\/wp-json\/wp\/v2\/pages\/5511?add-to-cart=6161\" aria-label=\"A\u00f1adir al carrito: &ldquo;Rebiome | ReFence Protector solar SPF 30&rdquo;\" data-quantity=\"1\" data-product_id=\"6161\" data-product_sku=\"ReFence Sunscreen SPF 30\" data-price=\"60\" rel=\"nofollow\" class=\"wp-block-button__link  add_to_cart_button ajax_add_to_cart\">A\u00f1adir al carrito<\/a><\/div>\n\t\t\t<\/li><\/ul><\/div><\/div>\n<\/div>\n","protected":false},"excerpt":{"rendered":"","protected":false},"author":1,"featured_media":0,"parent":0,"menu_order":0,"comment_status":"closed","ping_status":"closed","template":"","meta":{"footnotes":""},"class_list":["post-5511","page","type-page","status-publish","hentry"],"yoast_head":"<!-- This site is optimized with the Yoast SEO plugin v27.5 - https:\/\/yoast.com\/product\/yoast-seo-wordpress\/ -->\n<title>Carrito - Skin-Lab<\/title>\n<meta name=\"robots\" content=\"index, follow, max-snippet:-1, max-image-preview:large, max-video-preview:-1\" \/>\n<link rel=\"canonical\" href=\"https:\/\/www.skin-lab.be\/es\/carrito\/\" \/>\n<meta property=\"og:locale\" content=\"es_ES\" \/>\n<meta property=\"og:type\" content=\"article\" \/>\n<meta property=\"og:title\" content=\"Carrito - Skin-Lab\" \/>\n<meta property=\"og:url\" content=\"https:\/\/www.skin-lab.be\/es\/carrito\/\" \/>\n<meta property=\"og:site_name\" content=\"Skin-Lab\" \/>\n<meta property=\"article:modified_time\" content=\"2026-01-20T11:12:56+00:00\" \/>\n<meta name=\"twitter:card\" content=\"summary_large_image\" \/>\n<script type=\"application\/ld+json\" class=\"yoast-schema-graph\">{\"@context\":\"https:\\\/\\\/schema.org\",\"@graph\":[{\"@type\":\"WebPage\",\"@id\":\"https:\\\/\\\/www.skin-lab.be\\\/es\\\/carrito\\\/\",\"url\":\"https:\\\/\\\/www.skin-lab.be\\\/es\\\/carrito\\\/\",\"name\":\"Carrito - Skin-Lab\",\"isPartOf\":{\"@id\":\"https:\\\/\\\/www.skin-lab.be\\\/es\\\/#website\"},\"datePublished\":\"2025-12-08T13:58:45+00:00\",\"dateModified\":\"2026-01-20T11:12:56+00:00\",\"breadcrumb\":{\"@id\":\"https:\\\/\\\/www.skin-lab.be\\\/es\\\/carrito\\\/#breadcrumb\"},\"inLanguage\":\"es\",\"potentialAction\":[{\"@type\":\"ReadAction\",\"target\":[\"https:\\\/\\\/www.skin-lab.be\\\/es\\\/carrito\\\/\"]}]},{\"@type\":\"BreadcrumbList\",\"@id\":\"https:\\\/\\\/www.skin-lab.be\\\/es\\\/carrito\\\/#breadcrumb\",\"itemListElement\":[{\"@type\":\"ListItem\",\"position\":1,\"name\":\"Home\",\"item\":\"https:\\\/\\\/www.skin-lab.be\\\/es\\\/\"},{\"@type\":\"ListItem\",\"position\":2,\"name\":\"Carrito\"}]},{\"@type\":\"WebSite\",\"@id\":\"https:\\\/\\\/www.skin-lab.be\\\/es\\\/#website\",\"url\":\"https:\\\/\\\/www.skin-lab.be\\\/es\\\/\",\"name\":\"Skin-Lab\",\"description\":\"Face &amp; Body Solutions\",\"publisher\":{\"@id\":\"https:\\\/\\\/www.skin-lab.be\\\/es\\\/#organization\"},\"potentialAction\":[{\"@type\":\"SearchAction\",\"target\":{\"@type\":\"EntryPoint\",\"urlTemplate\":\"https:\\\/\\\/www.skin-lab.be\\\/es\\\/?s={search_term_string}\"},\"query-input\":{\"@type\":\"PropertyValueSpecification\",\"valueRequired\":true,\"valueName\":\"search_term_string\"}}],\"inLanguage\":\"es\"},{\"@type\":\"Organization\",\"@id\":\"https:\\\/\\\/www.skin-lab.be\\\/es\\\/#organization\",\"name\":\"Skin-Lab bv\",\"url\":\"https:\\\/\\\/www.skin-lab.be\\\/es\\\/\",\"logo\":{\"@type\":\"ImageObject\",\"inLanguage\":\"es\",\"@id\":\"https:\\\/\\\/www.skin-lab.be\\\/es\\\/#\\\/schema\\\/logo\\\/image\\\/\",\"url\":\"https:\\\/\\\/www.skin-lab.be\\\/wp-content\\\/uploads\\\/2021\\\/02\\\/skinlablogo160px.png\",\"contentUrl\":\"https:\\\/\\\/www.skin-lab.be\\\/wp-content\\\/uploads\\\/2021\\\/02\\\/skinlablogo160px.png\",\"width\":520,\"height\":160,\"caption\":\"Skin-Lab bv\"},\"image\":{\"@id\":\"https:\\\/\\\/www.skin-lab.be\\\/es\\\/#\\\/schema\\\/logo\\\/image\\\/\"}}]}<\/script>\n<!-- \/ Yoast SEO plugin. -->","yoast_head_json":{"title":"Carrito - Skin-Lab","robots":{"index":"index","follow":"follow","max-snippet":"max-snippet:-1","max-image-preview":"max-image-preview:large","max-video-preview":"max-video-preview:-1"},"canonical":"https:\/\/www.skin-lab.be\/es\/carrito\/","og_locale":"es_ES","og_type":"article","og_title":"Carrito - Skin-Lab","og_url":"https:\/\/www.skin-lab.be\/es\/carrito\/","og_site_name":"Skin-Lab","article_modified_time":"2026-01-20T11:12:56+00:00","twitter_card":"summary_large_image","schema":{"@context":"https:\/\/schema.org","@graph":[{"@type":"WebPage","@id":"https:\/\/www.skin-lab.be\/es\/carrito\/","url":"https:\/\/www.skin-lab.be\/es\/carrito\/","name":"Carrito - Skin-Lab","isPartOf":{"@id":"https:\/\/www.skin-lab.be\/es\/#website"},"datePublished":"2025-12-08T13:58:45+00:00","dateModified":"2026-01-20T11:12:56+00:00","breadcrumb":{"@id":"https:\/\/www.skin-lab.be\/es\/carrito\/#breadcrumb"},"inLanguage":"es","potentialAction":[{"@type":"ReadAction","target":["https:\/\/www.skin-lab.be\/es\/carrito\/"]}]},{"@type":"BreadcrumbList","@id":"https:\/\/www.skin-lab.be\/es\/carrito\/#breadcrumb","itemListElement":[{"@type":"ListItem","position":1,"name":"Home","item":"https:\/\/www.skin-lab.be\/es\/"},{"@type":"ListItem","position":2,"name":"Carrito"}]},{"@type":"WebSite","@id":"https:\/\/www.skin-lab.be\/es\/#website","url":"https:\/\/www.skin-lab.be\/es\/","name":"Skin-Lab","description":"Face &amp; Body Solutions","publisher":{"@id":"https:\/\/www.skin-lab.be\/es\/#organization"},"potentialAction":[{"@type":"SearchAction","target":{"@type":"EntryPoint","urlTemplate":"https:\/\/www.skin-lab.be\/es\/?s={search_term_string}"},"query-input":{"@type":"PropertyValueSpecification","valueRequired":true,"valueName":"search_term_string"}}],"inLanguage":"es"},{"@type":"Organization","@id":"https:\/\/www.skin-lab.be\/es\/#organization","name":"Skin-Lab bv","url":"https:\/\/www.skin-lab.be\/es\/","logo":{"@type":"ImageObject","inLanguage":"es","@id":"https:\/\/www.skin-lab.be\/es\/#\/schema\/logo\/image\/","url":"https:\/\/www.skin-lab.be\/wp-content\/uploads\/2021\/02\/skinlablogo160px.png","contentUrl":"https:\/\/www.skin-lab.be\/wp-content\/uploads\/2021\/02\/skinlablogo160px.png","width":520,"height":160,"caption":"Skin-Lab bv"},"image":{"@id":"https:\/\/www.skin-lab.be\/es\/#\/schema\/logo\/image\/"}}]}},"_links":{"self":[{"href":"https:\/\/www.skin-lab.be\/es\/wp-json\/wp\/v2\/pages\/5511","targetHints":{"allow":["GET"]}}],"collection":[{"href":"https:\/\/www.skin-lab.be\/es\/wp-json\/wp\/v2\/pages"}],"about":[{"href":"https:\/\/www.skin-lab.be\/es\/wp-json\/wp\/v2\/types\/page"}],"author":[{"embeddable":true,"href":"https:\/\/www.skin-lab.be\/es\/wp-json\/wp\/v2\/users\/1"}],"replies":[{"embeddable":true,"href":"https:\/\/www.skin-lab.be\/es\/wp-json\/wp\/v2\/comments?post=5511"}],"version-history":[{"count":0,"href":"https:\/\/www.skin-lab.be\/es\/wp-json\/wp\/v2\/pages\/5511\/revisions"}],"wp:attachment":[{"href":"https:\/\/www.skin-lab.be\/es\/wp-json\/wp\/v2\/media?parent=5511"}],"curies":[{"name":"wp","href":"https:\/\/api.w.org\/{rel}","templated":true}]}}