{"id":6156,"date":"2025-12-09T12:17:14","date_gmt":"2025-12-09T11:17:14","guid":{"rendered":"https:\/\/www.skin-lab.be\/product\/rebiome-crema-corporal-revitalizante\/"},"modified":"2026-04-05T10:01:45","modified_gmt":"2026-04-05T08:01:45","slug":"rebiome-crema-corporal-revitalizante","status":"publish","type":"product","link":"https:\/\/www.skin-lab.be\/es\/producto\/rebiome-crema-corporal-revitalizante\/","title":{"rendered":"Rebiome | Crema Corporal ReVitalizante"},"content":{"rendered":"<div class=\"accordian fusion-accordian\" style=\"--awb-border-size:1px;--awb-icon-size:13px;--awb-content-font-size:18px;--awb-icon-alignment:left;--awb-hover-color:#f9f9f9;--awb-border-color:#cccccc;--awb-background-color:#ffffff;--awb-divider-color:#b9afa1;--awb-divider-hover-color:#b9afa1;--awb-icon-color:#ffffff;--awb-title-color:var(--awb-custom13);--awb-content-color:#747474;--awb-icon-box-color:#6f727b;--awb-toggle-hover-accent-color:#b9afa1;--awb-title-font-family:&quot;Tenor Sans&quot;;--awb-title-font-weight:regular;--awb-title-font-style:normal;--awb-title-font-size:20px;--awb-content-font-family:&quot;Tenor Sans&quot;;--awb-content-font-style:normal;--awb-content-font-weight:regular;\"><div class=\"panel-group fusion-toggle-icon-boxed\" id=\"accordion-6156-1\"><div class=\"fusion-panel panel-default panel-43f8adb67d2ba34b9 fusion-toggle-has-divider\" style=\"--awb-title-color:var(--awb-custom13);--awb-content-color:#747474;\"><div class=\"panel-heading\"><h4 class=\"panel-title toggle\" id=\"toggle_43f8adb67d2ba34b9\"><a aria-expanded=\"false\" aria-controls=\"43f8adb67d2ba34b9\" role=\"button\" data-toggle=\"collapse\" data-parent=\"#accordion-6156-1\" data-target=\"#43f8adb67d2ba34b9\" href=\"#43f8adb67d2ba34b9\"><span class=\"fusion-toggle-icon-wrapper\" aria-hidden=\"true\"><i class=\"fa-fusion-box active-icon awb-icon-minus\" aria-hidden=\"true\"><\/i><i class=\"fa-fusion-box inactive-icon awb-icon-plus\" aria-hidden=\"true\"><\/i><\/span><span class=\"fusion-toggle-heading\">Informaci\u00f3n del producto<\/span><\/a><\/h4><\/div><div id=\"43f8adb67d2ba34b9\" class=\"panel-collapse collapse \" aria-labelledby=\"toggle_43f8adb67d2ba34b9\"><div class=\"panel-body toggle-content fusion-clearfix\"><\/p>\n<p><strong>Crema corporal suave y muy hidratante<\/strong><\/p>\n<p>La crema corporal ReVitalize de Rebiome proporciona una potente hidrataci\u00f3n en todo el cuerpo, mejora la elasticidad de la piel y la deja suave y sedosa.<\/p>\n<p><strong>Restaura el microbioma de tu piel<\/strong><\/p>\n<p>Rebiome ReVitalize proporciona hidrataci\u00f3n a todo el cuerpo y mejora la elasticidad de la piel. Contiene el exclusivo p\u00e9ptido Fensebioom\u2122 que estimula la actividad probi\u00f3tica natural de la piel. Est\u00e1 enriquecida con ingredientes naturales beneficiosos documentados, el potente antioxidante vitamina E, una alternativa natural a las siliconas, aceites calmantes de arg\u00e1n y baobab y \u00e1cidos hidratantes naturales que nutren y suavizan la piel. Se absorbe r\u00e1pidamente.<\/p>\n<p><\/div><\/div><\/div><div class=\"fusion-panel panel-default panel-b914333aec526ce3a fusion-toggle-has-divider\" style=\"--awb-title-color:var(--awb-custom13);--awb-content-color:#747474;\"><div class=\"panel-heading\"><h4 class=\"panel-title toggle\" id=\"toggle_b914333aec526ce3a\"><a aria-expanded=\"false\" aria-controls=\"b914333aec526ce3a\" role=\"button\" data-toggle=\"collapse\" data-parent=\"#accordion-6156-1\" data-target=\"#b914333aec526ce3a\" href=\"#b914333aec526ce3a\"><span class=\"fusion-toggle-icon-wrapper\" aria-hidden=\"true\"><i class=\"fa-fusion-box active-icon awb-icon-minus\" aria-hidden=\"true\"><\/i><i class=\"fa-fusion-box inactive-icon awb-icon-plus\" aria-hidden=\"true\"><\/i><\/span><span class=\"fusion-toggle-heading\">Utiliza<\/span><\/a><\/h4><\/div><div id=\"b914333aec526ce3a\" class=\"panel-collapse collapse \" aria-labelledby=\"toggle_b914333aec526ce3a\"><div class=\"panel-body toggle-content fusion-clearfix\"><\/p>\n<p>Aplicar por todo el cuerpo despu\u00e9s del ba\u00f1o o la ducha.<br \/>\nPara uso diario.<br \/>\nApto para todo tipo de piel.<br \/>\nEvitar el contacto con los ojos.<\/p>\n<p>pH: 6,0<br \/>\nContenido: 200 ml<br \/>\ncontenido natural: 97% contenido natural<\/p>\n<p><\/div><\/div><\/div><div class=\"fusion-panel panel-default panel-eeaf7a9602023c39f fusion-toggle-has-divider\" style=\"--awb-title-color:var(--awb-custom13);--awb-content-color:#747474;\"><div class=\"panel-heading\"><h4 class=\"panel-title toggle\" id=\"toggle_eeaf7a9602023c39f\"><a aria-expanded=\"false\" aria-controls=\"eeaf7a9602023c39f\" role=\"button\" data-toggle=\"collapse\" data-parent=\"#accordion-6156-1\" data-target=\"#eeaf7a9602023c39f\" href=\"#eeaf7a9602023c39f\"><span class=\"fusion-toggle-icon-wrapper\" aria-hidden=\"true\"><i class=\"fa-fusion-box active-icon awb-icon-minus\" aria-hidden=\"true\"><\/i><i class=\"fa-fusion-box inactive-icon awb-icon-plus\" aria-hidden=\"true\"><\/i><\/span><span class=\"fusion-toggle-heading\">Ingredientes principales<\/span><\/a><\/h4><\/div><div id=\"eeaf7a9602023c39f\" class=\"panel-collapse collapse \" aria-labelledby=\"toggle_eeaf7a9602023c39f\"><div class=\"panel-body toggle-content fusion-clearfix\"><\/p>\n<ul>\n<li><strong>Alternativa vegetal a la silicona 5+5%<br \/>\n<\/strong>Plantsil es nuestra alternativa a la silicona. El aceite emoliente vegetal a base de oliva tiene una excelente untabilidad. Su textura sedosa tiene un efecto duradero y satinado sobre la piel.  <strong> <\/strong><\/li>\n<li><strong>Aceite de arg\u00e1n 2%<br \/>\n<\/strong>Al contener \u00e1cidos grasos esenciales importantes para prevenir los primeros signos de envejecimiento y la p\u00e9rdida de elasticidad, el aceite de arg\u00e1n nutritivo con tocoferoles tiene excelentes propiedades protectoras de la piel, emolientes y antisecantes.<\/li>\n<li><strong>Aceite de baobab 2%<br \/>\n<\/strong>Protege la piel de los da\u00f1os causados por la inflamaci\u00f3n libre, al tiempo que la nutre, la calma y favorece la cicatrizaci\u00f3n de las heridas.<\/li>\n<li><strong>Fensebiome\u2122 P\u00e9ptido Amino\u00e1cido 1%<br \/>\n<\/strong>Un potente p\u00e9ptido con un enfoque prebi\u00f3tico y efecto probi\u00f3tico. Estimula la actividad probi\u00f3tica natural de la piel y refuerza las defensas promoviendo bacterias beneficiosas que mejoran la respuesta inmunitaria de la piel y la integridad de la barrera f\u00edsica. El exclusivo activo estimulante del microbioma ayuda a reequilibrar la salud de la piel para un bienestar \u00f3ptimo.  <\/li>\n<li><strong>Amino\u00e1cidos 1%<br \/>\n<\/strong>Hidratante AHA (Alfa Hidroxi\u00e1cidos) altamente eficaz formulado con NMF (Factor Hidratante Natural), los amino\u00e1cidos desempe\u00f1an un papel importante en el mantenimiento del nivel de hidrataci\u00f3n de la piel. Este ingrediente activo ayuda a la renovaci\u00f3n celular y tiene un efecto estimulante prebi\u00f3tico para apoyar la microbiota natural de la piel. <\/li>\n<li><strong>Extractos naturales de ra\u00edces de ach<\/strong>icoria <strong>1%<br \/>\n<\/strong>Extractos pre y probi\u00f3ticos respetuosos con el microbioma cut\u00e1neo derivados de la ra\u00edz de la planta de achicoria. Es un fuerte estimulante con enfoque prebi\u00f3tico y acci\u00f3n probi\u00f3tica, que favorece el crecimiento de los lactobacilos y bloquea la invasi\u00f3n de, por ejemplo, hongos, potenciando as\u00ed el efecto antimicrobiano y reforzando la barrera de la microbiota de la piel. <\/li>\n<li><strong>Vitamina E natural 0,5%<br \/>\n<\/strong>Con efectos antioxidantes naturales y derivada de fuentes naturales, la vitamina E se considera la vitamina protectora de la piel m\u00e1s importante, ya que garantiza que la piel est\u00e9 suave, tersa y reduce la irritaci\u00f3n<\/li>\n<\/ul>\n<p><\/div><\/div><\/div><div class=\"fusion-panel panel-default panel-86500049cb73be9b7 fusion-toggle-has-divider\" style=\"--awb-title-color:var(--awb-custom13);--awb-content-color:#747474;\"><div class=\"panel-heading\"><h4 class=\"panel-title toggle\" id=\"toggle_86500049cb73be9b7\"><a aria-expanded=\"false\" aria-controls=\"86500049cb73be9b7\" role=\"button\" data-toggle=\"collapse\" data-parent=\"#accordion-6156-1\" data-target=\"#86500049cb73be9b7\" href=\"#86500049cb73be9b7\"><span class=\"fusion-toggle-icon-wrapper\" aria-hidden=\"true\"><i class=\"fa-fusion-box active-icon awb-icon-minus\" aria-hidden=\"true\"><\/i><i class=\"fa-fusion-box inactive-icon awb-icon-plus\" aria-hidden=\"true\"><\/i><\/span><span class=\"fusion-toggle-heading\">Todos los ingredientes:<\/span><\/a><\/h4><\/div><div id=\"86500049cb73be9b7\" class=\"panel-collapse collapse \" aria-labelledby=\"toggle_86500049cb73be9b7\"><div class=\"panel-body toggle-content fusion-clearfix\"><\/p>\n<p>Agua, Olivato de Etilhexilo Hidrogenado, Triglic\u00e9rido Capr\u00edlico\/C\u00e1prico, Glicerina, Estearatos de Glicerilo, Aceite de Semilla de Adansonia Digitata, Ceteareth-22, Alcohol Cetear\u00edlico, Aceite de Semilla de Ricinus Communis, Insaponificables de Aceite de Oliva Hidrogenado, Fenoxietanol, Inulina, Aceite de Semilla de Argania Spinosa, Fructosa, Tocoferol, Carb\u00f3mero, Beta\u00edna, Fitoesteroles, Aceite de Semilla de Helianthus Annuus, Etilhexilglicerina, Fitato de Sodio, PCA de Sodio, Lactato de Sodio, PCA, Serina, Alanina, Glicina, Caprilil Glicol, \u00c1cido Glut\u00e1mico, HCl de Lisina, Treonina, Arginina, Acetil Heptapeptido-4, Prolina, Hidr\u00f3xido de Sodio, Perfume.<\/p>\n<p><\/div><\/div><\/div><div class=\"fusion-panel panel-default panel-20c93117a6c5160fd fusion-toggle-has-divider\" style=\"--awb-title-color:var(--awb-custom13);--awb-content-color:#747474;\"><div class=\"panel-heading\"><h4 class=\"panel-title toggle\" id=\"toggle_20c93117a6c5160fd\"><a aria-expanded=\"false\" aria-controls=\"20c93117a6c5160fd\" role=\"button\" data-toggle=\"collapse\" data-parent=\"#accordion-6156-1\" data-target=\"#20c93117a6c5160fd\" href=\"#20c93117a6c5160fd\"><span class=\"fusion-toggle-icon-wrapper\" aria-hidden=\"true\"><i class=\"fa-fusion-box active-icon awb-icon-minus\" aria-hidden=\"true\"><\/i><i class=\"fa-fusion-box inactive-icon awb-icon-plus\" aria-hidden=\"true\"><\/i><\/span><span class=\"fusion-toggle-heading\">Env\u00edo, pol\u00edtica de devoluciones, reclamaciones:<\/span><\/a><\/h4><\/div><div id=\"20c93117a6c5160fd\" class=\"panel-collapse collapse \" aria-labelledby=\"toggle_20c93117a6c5160fd\"><div class=\"panel-body toggle-content fusion-clearfix\"><\/p>\n<p><strong>Pol\u00edtica de env\u00edos<\/strong><\/p>\n<p>Una vez recibido tu pedido en l\u00ednea, tu compra se <strong>procesar\u00e1 inmediatamente<\/strong> y se preparar\u00e1 para el env\u00edo.<br \/>\nLos productos se enviar\u00e1n a la direcci\u00f3n que hayas indicado al realizar el pedido.<\/p>\n<ul>\n<li><strong>Gastos de env\u00edo:<\/strong> 5 euros por pedido<\/li>\n<li><strong>Entrega:<\/strong> en B\u00e9lgica<\/li>\n<li><strong>Env\u00edo:<\/strong> lo antes posible tras el pedido, dependiendo del transportista<\/li>\n<\/ul>\n<p>Skin-Lab no se hace responsable de los retrasos que se produzcan fuera de nuestro control, como por ejemplo con el servicio de transporte.<\/p>\n<p><u>Condiciones de tu pedido<\/u>: <a href=\"https:\/\/www.skin-lab.be\/wp-content\/uploads\/2025\/12\/voorwaarden-en-aansprakelijkheid.pdf\" target=\"_blank\" rel=\"noopener\">condiciones y responsabilidad<\/a><\/p>\n<p><strong> <\/strong><strong> <\/strong><\/p>\n<p><strong>Pol\u00edtica de devoluciones y derecho de desistimiento<\/strong><\/p>\n<p>De acuerdo con la legislaci\u00f3n belga y europea, como consumidor tienes derecho a revocar <strong>tu compra en un plazo de 14 d\u00edas naturales<\/strong> a partir de la fecha de recepci\u00f3n <strong>, sin indicar motivo alguno<\/strong>.<\/p>\n<p><strong>Condiciones de devoluci\u00f3n<\/strong><\/p>\n<p>La devoluci\u00f3n es posible <strong>siempre que se cumplan las siguientes condiciones<\/strong>:<\/p>\n<ul>\n<li>El producto <strong>no se ha utilizado<\/strong><\/li>\n<li><strong>No se ha abierto<\/strong> el <strong>embalaje original o precintado<\/strong><\/li>\n<li>El producto est\u00e1 <strong>intacto<\/strong> y en condiciones de venta<\/li>\n<li>El producto se devolver\u00e1 correctamente y cuidadosamente embalado a cargo del cliente a Skin-Lab bv &#8211; Heistraat 23\/1 &#8211; 2491 Balen<\/li>\n<\/ul>\n<p><strong>No podemos aceptar productos cuyo embalaje o el propio producto hayan sido abiertos, utilizados o da\u00f1ados por razones de higiene y seguridad.<\/strong><\/p>\n<p>Esto est\u00e1 en consonancia con la excepci\u00f3n legal al derecho de desistimiento para los <strong>productos cosm\u00e9ticos y de cuidado personal precintados<\/strong>.<\/p>\n<p><strong>Devoluci\u00f3n<\/strong><\/p>\n<p>Cuando el producto devuelto cumpla las condiciones anteriores:<\/p>\n<ul>\n<li>se reembolsar\u00e1 <strong>la totalidad del precio de compra<\/strong> <\/li>\n<li>mediante el <strong>mismo m\u00e9todo de pago<\/strong> utilizado para la compra original<\/li>\n<li>lo antes posible tras la recepci\u00f3n e inspecci\u00f3n del producto<\/li>\n<\/ul>\n<p>Los gastos de env\u00edo de las devoluciones corren, de acuerdo con la ley, a <strong>cargo del cliente<\/strong>, a menos que se acuerde otra cosa.<\/p>\n<p><strong>\u00bfC\u00f3mo registrar una devoluci\u00f3n?<\/strong><\/p>\n<p>Para procesar correctamente una devoluci\u00f3n, ponte <strong>primero<\/strong> en contacto con nosotros por correo electr\u00f3nico:<\/p>\n<p><strong>shop@skin-lab.be<\/strong><\/p>\n<p>Por favor, menci\u00f3nalo:<\/p>\n<ul>\n<li>tu nombre<\/li>\n<li>n\u00famero de pedido<\/li>\n<li>el producto que deseas devolver<\/li>\n<\/ul>\n<p>A continuaci\u00f3n, te daremos m\u00e1s instrucciones.<\/p>\n<p><strong>Quejas o preguntas<\/strong><\/p>\n<p>Si tienes alguna pregunta, comentario o queja sobre tu pedido o un producto entregado, siempre puedes ponerte en contacto con nosotros en<\/p>\n<p><strong>shop@skin-lab.be<\/strong><\/p>\n<p>Tratamos cada consulta con la debida atenci\u00f3n y nos esforzamos por conseguir una soluci\u00f3n r\u00e1pida y correcta.<\/p>\n<p><\/div><\/div><\/div><\/div><\/div>\n","protected":false},"excerpt":{"rendered":"<p><strong><u>R<\/u><\/strong><strong>eVitalize<\/strong>&#8211; Crema corporal<\/p>\n<p><strong>Mascarilla probi\u00f3tica activa<\/strong><\/p>\n<p>Esta mascarilla es un producto superior y activo para el cuidado de la piel que aplica bacterias vivas buenas (probi\u00f3ticos) directamente sobre la piel y ayuda a equilibrar el microbioma.<\/p>\n<p>Mejora la elasticidad &#8211; Hidrata intensamente &#8211; Nutre y suaviza<\/p>\n<p>&nbsp;<\/p>\n","protected":false},"featured_media":5116,"template":"","meta":[],"product_brand":[],"product_cat":[149,147],"product_tag":[],"class_list":{"0":"post-6156","1":"product","2":"type-product","3":"status-publish","4":"has-post-thumbnail","6":"product_cat-crema","7":"product_cat-tienda","9":"first","10":"instock","11":"shipping-taxable","12":"purchasable","13":"product-type-simple"},"yoast_head":"<!-- This site is optimized with the Yoast SEO plugin v27.4 - https:\/\/yoast.com\/product\/yoast-seo-wordpress\/ -->\n<title>Rebiome | Crema Corporal ReVitalizante - Skin-Lab<\/title>\n<meta name=\"robots\" content=\"index, follow, max-snippet:-1, max-image-preview:large, max-video-preview:-1\" \/>\n<link rel=\"canonical\" href=\"https:\/\/www.skin-lab.be\/es\/producto\/rebiome-crema-corporal-revitalizante\/\" \/>\n<meta property=\"og:locale\" content=\"es_ES\" \/>\n<meta property=\"og:type\" content=\"article\" \/>\n<meta property=\"og:title\" content=\"Rebiome | Crema Corporal ReVitalizante - Skin-Lab\" \/>\n<meta property=\"og:description\" content=\"ReVitalize- Crema corporal Mascarilla probi\u00f3tica activa Esta mascarilla es un producto superior y activo para el cuidado de la piel que aplica bacterias vivas buenas (probi\u00f3ticos) directamente sobre la piel y ayuda a equilibrar el microbioma. Mejora la elasticidad - Hidrata intensamente - Nutre y suaviza &nbsp;\" \/>\n<meta property=\"og:url\" content=\"https:\/\/www.skin-lab.be\/es\/producto\/rebiome-crema-corporal-revitalizante\/\" \/>\n<meta property=\"og:site_name\" content=\"Skin-Lab\" \/>\n<meta property=\"article:modified_time\" content=\"2026-04-05T08:01:45+00:00\" \/>\n<meta property=\"og:image\" content=\"https:\/\/www.skin-lab.be\/wp-content\/uploads\/2025\/12\/Rebiome-ReVitalize.jpg\" \/>\n\t<meta property=\"og:image:width\" content=\"1000\" \/>\n\t<meta property=\"og:image:height\" content=\"1000\" \/>\n\t<meta property=\"og:image:type\" content=\"image\/jpeg\" \/>\n<meta name=\"twitter:card\" content=\"summary_large_image\" \/>\n<meta name=\"twitter:label1\" content=\"Tiempo de lectura\" \/>\n\t<meta name=\"twitter:data1\" content=\"7 minutos\" \/>\n<script type=\"application\/ld+json\" class=\"yoast-schema-graph\">{\"@context\":\"https:\\\/\\\/schema.org\",\"@graph\":[{\"@type\":\"WebPage\",\"@id\":\"https:\\\/\\\/www.skin-lab.be\\\/es\\\/producto\\\/rebiome-crema-corporal-revitalizante\\\/\",\"url\":\"https:\\\/\\\/www.skin-lab.be\\\/es\\\/producto\\\/rebiome-crema-corporal-revitalizante\\\/\",\"name\":\"Rebiome | Crema Corporal ReVitalizante - Skin-Lab\",\"isPartOf\":{\"@id\":\"https:\\\/\\\/www.skin-lab.be\\\/es\\\/#website\"},\"primaryImageOfPage\":{\"@id\":\"https:\\\/\\\/www.skin-lab.be\\\/es\\\/producto\\\/rebiome-crema-corporal-revitalizante\\\/#primaryimage\"},\"image\":{\"@id\":\"https:\\\/\\\/www.skin-lab.be\\\/es\\\/producto\\\/rebiome-crema-corporal-revitalizante\\\/#primaryimage\"},\"thumbnailUrl\":\"https:\\\/\\\/www.skin-lab.be\\\/wp-content\\\/uploads\\\/2025\\\/12\\\/Rebiome-ReVitalize.jpg\",\"datePublished\":\"2025-12-09T11:17:14+00:00\",\"dateModified\":\"2026-04-05T08:01:45+00:00\",\"breadcrumb\":{\"@id\":\"https:\\\/\\\/www.skin-lab.be\\\/es\\\/producto\\\/rebiome-crema-corporal-revitalizante\\\/#breadcrumb\"},\"inLanguage\":\"es\",\"potentialAction\":[{\"@type\":\"ReadAction\",\"target\":[\"https:\\\/\\\/www.skin-lab.be\\\/es\\\/producto\\\/rebiome-crema-corporal-revitalizante\\\/\"]}]},{\"@type\":\"ImageObject\",\"inLanguage\":\"es\",\"@id\":\"https:\\\/\\\/www.skin-lab.be\\\/es\\\/producto\\\/rebiome-crema-corporal-revitalizante\\\/#primaryimage\",\"url\":\"https:\\\/\\\/www.skin-lab.be\\\/wp-content\\\/uploads\\\/2025\\\/12\\\/Rebiome-ReVitalize.jpg\",\"contentUrl\":\"https:\\\/\\\/www.skin-lab.be\\\/wp-content\\\/uploads\\\/2025\\\/12\\\/Rebiome-ReVitalize.jpg\",\"width\":1000,\"height\":1000,\"caption\":\"Rebiome Revitalize\"},{\"@type\":\"BreadcrumbList\",\"@id\":\"https:\\\/\\\/www.skin-lab.be\\\/es\\\/producto\\\/rebiome-crema-corporal-revitalizante\\\/#breadcrumb\",\"itemListElement\":[{\"@type\":\"ListItem\",\"position\":1,\"name\":\"Home\",\"item\":\"https:\\\/\\\/www.skin-lab.be\\\/es\\\/\"},{\"@type\":\"ListItem\",\"position\":2,\"name\":\"Tienda\",\"item\":\"https:\\\/\\\/www.skin-lab.be\\\/es\\\/tienda\\\/\"},{\"@type\":\"ListItem\",\"position\":3,\"name\":\"Rebiome | Crema Corporal ReVitalizante\"}]},{\"@type\":\"WebSite\",\"@id\":\"https:\\\/\\\/www.skin-lab.be\\\/es\\\/#website\",\"url\":\"https:\\\/\\\/www.skin-lab.be\\\/es\\\/\",\"name\":\"Skin-Lab\",\"description\":\"Face &amp; Body Solutions\",\"publisher\":{\"@id\":\"https:\\\/\\\/www.skin-lab.be\\\/es\\\/#organization\"},\"potentialAction\":[{\"@type\":\"SearchAction\",\"target\":{\"@type\":\"EntryPoint\",\"urlTemplate\":\"https:\\\/\\\/www.skin-lab.be\\\/es\\\/?s={search_term_string}\"},\"query-input\":{\"@type\":\"PropertyValueSpecification\",\"valueRequired\":true,\"valueName\":\"search_term_string\"}}],\"inLanguage\":\"es\"},{\"@type\":\"Organization\",\"@id\":\"https:\\\/\\\/www.skin-lab.be\\\/es\\\/#organization\",\"name\":\"Skin-Lab bv\",\"url\":\"https:\\\/\\\/www.skin-lab.be\\\/es\\\/\",\"logo\":{\"@type\":\"ImageObject\",\"inLanguage\":\"es\",\"@id\":\"https:\\\/\\\/www.skin-lab.be\\\/es\\\/#\\\/schema\\\/logo\\\/image\\\/\",\"url\":\"https:\\\/\\\/www.skin-lab.be\\\/wp-content\\\/uploads\\\/2021\\\/02\\\/skinlablogo160px.png\",\"contentUrl\":\"https:\\\/\\\/www.skin-lab.be\\\/wp-content\\\/uploads\\\/2021\\\/02\\\/skinlablogo160px.png\",\"width\":520,\"height\":160,\"caption\":\"Skin-Lab bv\"},\"image\":{\"@id\":\"https:\\\/\\\/www.skin-lab.be\\\/es\\\/#\\\/schema\\\/logo\\\/image\\\/\"}}]}<\/script>\n<!-- \/ Yoast SEO plugin. -->","yoast_head_json":{"title":"Rebiome | Crema Corporal ReVitalizante - Skin-Lab","robots":{"index":"index","follow":"follow","max-snippet":"max-snippet:-1","max-image-preview":"max-image-preview:large","max-video-preview":"max-video-preview:-1"},"canonical":"https:\/\/www.skin-lab.be\/es\/producto\/rebiome-crema-corporal-revitalizante\/","og_locale":"es_ES","og_type":"article","og_title":"Rebiome | Crema Corporal ReVitalizante - Skin-Lab","og_description":"ReVitalize- Crema corporal Mascarilla probi\u00f3tica activa Esta mascarilla es un producto superior y activo para el cuidado de la piel que aplica bacterias vivas buenas (probi\u00f3ticos) directamente sobre la piel y ayuda a equilibrar el microbioma. Mejora la elasticidad - Hidrata intensamente - Nutre y suaviza &nbsp;","og_url":"https:\/\/www.skin-lab.be\/es\/producto\/rebiome-crema-corporal-revitalizante\/","og_site_name":"Skin-Lab","article_modified_time":"2026-04-05T08:01:45+00:00","og_image":[{"width":1000,"height":1000,"url":"https:\/\/www.skin-lab.be\/wp-content\/uploads\/2025\/12\/Rebiome-ReVitalize.jpg","type":"image\/jpeg"}],"twitter_card":"summary_large_image","twitter_misc":{"Tiempo de lectura":"7 minutos"},"schema":{"@context":"https:\/\/schema.org","@graph":[{"@type":"WebPage","@id":"https:\/\/www.skin-lab.be\/es\/producto\/rebiome-crema-corporal-revitalizante\/","url":"https:\/\/www.skin-lab.be\/es\/producto\/rebiome-crema-corporal-revitalizante\/","name":"Rebiome | Crema Corporal ReVitalizante - Skin-Lab","isPartOf":{"@id":"https:\/\/www.skin-lab.be\/es\/#website"},"primaryImageOfPage":{"@id":"https:\/\/www.skin-lab.be\/es\/producto\/rebiome-crema-corporal-revitalizante\/#primaryimage"},"image":{"@id":"https:\/\/www.skin-lab.be\/es\/producto\/rebiome-crema-corporal-revitalizante\/#primaryimage"},"thumbnailUrl":"https:\/\/www.skin-lab.be\/wp-content\/uploads\/2025\/12\/Rebiome-ReVitalize.jpg","datePublished":"2025-12-09T11:17:14+00:00","dateModified":"2026-04-05T08:01:45+00:00","breadcrumb":{"@id":"https:\/\/www.skin-lab.be\/es\/producto\/rebiome-crema-corporal-revitalizante\/#breadcrumb"},"inLanguage":"es","potentialAction":[{"@type":"ReadAction","target":["https:\/\/www.skin-lab.be\/es\/producto\/rebiome-crema-corporal-revitalizante\/"]}]},{"@type":"ImageObject","inLanguage":"es","@id":"https:\/\/www.skin-lab.be\/es\/producto\/rebiome-crema-corporal-revitalizante\/#primaryimage","url":"https:\/\/www.skin-lab.be\/wp-content\/uploads\/2025\/12\/Rebiome-ReVitalize.jpg","contentUrl":"https:\/\/www.skin-lab.be\/wp-content\/uploads\/2025\/12\/Rebiome-ReVitalize.jpg","width":1000,"height":1000,"caption":"Rebiome Revitalize"},{"@type":"BreadcrumbList","@id":"https:\/\/www.skin-lab.be\/es\/producto\/rebiome-crema-corporal-revitalizante\/#breadcrumb","itemListElement":[{"@type":"ListItem","position":1,"name":"Home","item":"https:\/\/www.skin-lab.be\/es\/"},{"@type":"ListItem","position":2,"name":"Tienda","item":"https:\/\/www.skin-lab.be\/es\/tienda\/"},{"@type":"ListItem","position":3,"name":"Rebiome | Crema Corporal ReVitalizante"}]},{"@type":"WebSite","@id":"https:\/\/www.skin-lab.be\/es\/#website","url":"https:\/\/www.skin-lab.be\/es\/","name":"Skin-Lab","description":"Face &amp; Body Solutions","publisher":{"@id":"https:\/\/www.skin-lab.be\/es\/#organization"},"potentialAction":[{"@type":"SearchAction","target":{"@type":"EntryPoint","urlTemplate":"https:\/\/www.skin-lab.be\/es\/?s={search_term_string}"},"query-input":{"@type":"PropertyValueSpecification","valueRequired":true,"valueName":"search_term_string"}}],"inLanguage":"es"},{"@type":"Organization","@id":"https:\/\/www.skin-lab.be\/es\/#organization","name":"Skin-Lab bv","url":"https:\/\/www.skin-lab.be\/es\/","logo":{"@type":"ImageObject","inLanguage":"es","@id":"https:\/\/www.skin-lab.be\/es\/#\/schema\/logo\/image\/","url":"https:\/\/www.skin-lab.be\/wp-content\/uploads\/2021\/02\/skinlablogo160px.png","contentUrl":"https:\/\/www.skin-lab.be\/wp-content\/uploads\/2021\/02\/skinlablogo160px.png","width":520,"height":160,"caption":"Skin-Lab bv"},"image":{"@id":"https:\/\/www.skin-lab.be\/es\/#\/schema\/logo\/image\/"}}]}},"_links":{"self":[{"href":"https:\/\/www.skin-lab.be\/es\/wp-json\/wp\/v2\/product\/6156","targetHints":{"allow":["GET"]}}],"collection":[{"href":"https:\/\/www.skin-lab.be\/es\/wp-json\/wp\/v2\/product"}],"about":[{"href":"https:\/\/www.skin-lab.be\/es\/wp-json\/wp\/v2\/types\/product"}],"wp:featuredmedia":[{"embeddable":true,"href":"https:\/\/www.skin-lab.be\/es\/wp-json\/wp\/v2\/media\/5116"}],"wp:attachment":[{"href":"https:\/\/www.skin-lab.be\/es\/wp-json\/wp\/v2\/media?parent=6156"}],"wp:term":[{"taxonomy":"product_brand","embeddable":true,"href":"https:\/\/www.skin-lab.be\/es\/wp-json\/wp\/v2\/product_brand?post=6156"},{"taxonomy":"product_cat","embeddable":true,"href":"https:\/\/www.skin-lab.be\/es\/wp-json\/wp\/v2\/product_cat?post=6156"},{"taxonomy":"product_tag","embeddable":true,"href":"https:\/\/www.skin-lab.be\/es\/wp-json\/wp\/v2\/product_tag?post=6156"}],"curies":[{"name":"wp","href":"https:\/\/api.w.org\/{rel}","templated":true}]}}