{"id":6157,"date":"2025-12-09T11:48:41","date_gmt":"2025-12-09T10:48:41","guid":{"rendered":"https:\/\/www.skin-lab.be\/product\/rebiome-rebalance-mascarilla-probiotica-activa-2\/"},"modified":"2026-04-05T10:02:22","modified_gmt":"2026-04-05T08:02:22","slug":"rebiome-rebalance-mascarilla-probiotica-activa-2","status":"publish","type":"product","link":"https:\/\/www.skin-lab.be\/es\/producto\/rebiome-rebalance-mascarilla-probiotica-activa-2\/","title":{"rendered":"Rebiome | ReBalance Mascarilla Probi\u00f3tica Activa 2"},"content":{"rendered":"<div class=\"accordian fusion-accordian\" style=\"--awb-border-size:1px;--awb-icon-size:13px;--awb-content-font-size:18px;--awb-icon-alignment:left;--awb-hover-color:#f9f9f9;--awb-border-color:#cccccc;--awb-background-color:#ffffff;--awb-divider-color:#b9afa1;--awb-divider-hover-color:#b9afa1;--awb-icon-color:#ffffff;--awb-title-color:var(--awb-custom13);--awb-content-color:#747474;--awb-icon-box-color:#6f727b;--awb-toggle-hover-accent-color:#b9afa1;--awb-title-font-family:&quot;Tenor Sans&quot;;--awb-title-font-weight:regular;--awb-title-font-style:normal;--awb-title-font-size:20px;--awb-content-font-family:&quot;Tenor Sans&quot;;--awb-content-font-style:normal;--awb-content-font-weight:regular;\"><div class=\"panel-group fusion-toggle-icon-boxed\" id=\"accordion-6157-1\"><div class=\"fusion-panel panel-default panel-af55e6a4f11472546 fusion-toggle-has-divider\" style=\"--awb-title-color:var(--awb-custom13);--awb-content-color:#747474;\"><div class=\"panel-heading\"><h4 class=\"panel-title toggle\" id=\"toggle_af55e6a4f11472546\"><a aria-expanded=\"false\" aria-controls=\"af55e6a4f11472546\" role=\"button\" data-toggle=\"collapse\" data-parent=\"#accordion-6157-1\" data-target=\"#af55e6a4f11472546\" href=\"#af55e6a4f11472546\"><span class=\"fusion-toggle-icon-wrapper\" aria-hidden=\"true\"><i class=\"fa-fusion-box active-icon awb-icon-minus\" aria-hidden=\"true\"><\/i><i class=\"fa-fusion-box inactive-icon awb-icon-plus\" aria-hidden=\"true\"><\/i><\/span><span class=\"fusion-toggle-heading\">Informaci\u00f3n del producto<\/span><\/a><\/h4><\/div><div id=\"af55e6a4f11472546\" class=\"panel-collapse collapse \" aria-labelledby=\"toggle_af55e6a4f11472546\"><div class=\"panel-body toggle-content fusion-clearfix\"><\/p>\n<p><strong>Cuidado activo de la piel del rostro y el escote<\/strong><\/p>\n<p>La piel seca y sensible, las rojeces, los granos, el acn\u00e9 y los primeros signos de envejecimiento son problemas cotidianos para muchas personas. A veces, los niveles bacterianos naturales de la piel son demasiado bajos, lo que permite que las bacterias nocivas penetren en la piel y la da\u00f1en. Rebiome ReBalance hace exactamente lo que promete: contiene una alta concentraci\u00f3n de probi\u00f3ticos vivos, que refuerzan eficazmente el microbioma de la piel con bacterias beneficiosas y tienen un efecto beneficioso sobre el pH y los niveles de hidrataci\u00f3n de la piel. Al mismo tiempo, mantiene alejadas de la piel las bacterias malas. Esto garantiza una piel intensamente hidratada y m\u00e1s firme.    <\/p>\n<p><strong>Equilibra y potencia el microbioma cut\u00e1neo<\/strong><\/p>\n<p>La mascarilla probi\u00f3tica activa ReBalance es un excelente tratamiento para el cuidado de la piel, tanto del rostro como del escote, que utiliza bacterias vivas para garantizar el equilibrio del microbioma de la piel. Con 8.000 millones de bacterias vivas de una cepa probi\u00f3tica documentada (m.biomeLiveSkin88\u2122) en el momento de la activaci\u00f3n, se enriquece adem\u00e1s con \u00e1cidos hialur\u00f3nicos que potencian la hidrataci\u00f3n. El resultado es una piel m\u00e1s sana y equilibrada. Contiene 3 frascos de 15 ml de probi\u00f3ticos vivos.<\/p>\n<p><\/div><\/div><\/div><div class=\"fusion-panel panel-default panel-95e57263fc9ee572d fusion-toggle-has-divider\" style=\"--awb-title-color:var(--awb-custom13);--awb-content-color:#747474;\"><div class=\"panel-heading\"><h4 class=\"panel-title toggle\" id=\"toggle_95e57263fc9ee572d\"><a aria-expanded=\"false\" aria-controls=\"95e57263fc9ee572d\" role=\"button\" data-toggle=\"collapse\" data-parent=\"#accordion-6157-1\" data-target=\"#95e57263fc9ee572d\" href=\"#95e57263fc9ee572d\"><span class=\"fusion-toggle-icon-wrapper\" aria-hidden=\"true\"><i class=\"fa-fusion-box active-icon awb-icon-minus\" aria-hidden=\"true\"><\/i><i class=\"fa-fusion-box inactive-icon awb-icon-plus\" aria-hidden=\"true\"><\/i><\/span><span class=\"fusion-toggle-heading\">Utiliza<\/span><\/a><\/h4><\/div><div id=\"95e57263fc9ee572d\" class=\"panel-collapse collapse \" aria-labelledby=\"toggle_95e57263fc9ee572d\"><div class=\"panel-body toggle-content fusion-clearfix\"><\/p>\n<p>Presiona el tap\u00f3n para liberar las bacterias probi\u00f3ticas de la mezcla de \u00e1cido hialur\u00f3nico. Agita bien antes de aplicar dos pipetas llenas sobre el rostro, el cuello y el escote limpios antes de acostarte. Masajea suavemente y deja que el producto penetre en la piel. Para obtener los mejores resultados, apl\u00edcalo a diario durante 3-4 semanas. Un frasco de 15 ml contiene de 6 a 8 aplicaciones. Despu\u00e9s, activa el siguiente frasco para continuar el tratamiento.<br \/>\nUna vez abierto, gu\u00e1rdalo en el frigor\u00edfico o a temperatura ambiente.<br \/>\nPara uso diario. Adecuado para todo tipo de pieles.<br \/>\nAdecuado para todo tipo de pieles.      <\/p>\n<p>Valor pH: 5,4<br \/>\nContenido: 2 x15ml<br \/>\n98% ingredientes naturales.<\/p>\n<p><strong>\u00a1Toma nota! ReBalance es un tratamiento muy eficaz. <\/strong><\/p>\n<p>No es un tratamiento de spa tradicional, al contrario; la mayor\u00eda de la gente siente sequedad o incluso irritaci\u00f3n despu\u00e9s de \u00e9l. Algunas incluso 3-4 d\u00edas antes de que el equilibrio empiece a tomar forma lentamente. Los estudios de laboratorio muestran resultados a los 14 d\u00edas y a los 21 d\u00edas como tratamiento ideal. Incluso en pieles aparentemente sanas, lo que haya en el tejido subcut\u00e1neo saldr\u00e1 a la superficie y al exterior durante ese periodo, por lo que a muchos les parecer\u00e1 que empeorar\u00e1 un poco antes de mejorar.     <strong>Es importante el compromiso total de seguir el tratamiento durante las 3 semanas.<\/strong><\/p>\n<p><\/div><\/div><\/div><div class=\"fusion-panel panel-default panel-aaba847a56df6f61f fusion-toggle-has-divider\" style=\"--awb-title-color:var(--awb-custom13);--awb-content-color:#747474;\"><div class=\"panel-heading\"><h4 class=\"panel-title toggle\" id=\"toggle_aaba847a56df6f61f\"><a aria-expanded=\"false\" aria-controls=\"aaba847a56df6f61f\" role=\"button\" data-toggle=\"collapse\" data-parent=\"#accordion-6157-1\" data-target=\"#aaba847a56df6f61f\" href=\"#aaba847a56df6f61f\"><span class=\"fusion-toggle-icon-wrapper\" aria-hidden=\"true\"><i class=\"fa-fusion-box active-icon awb-icon-minus\" aria-hidden=\"true\"><\/i><i class=\"fa-fusion-box inactive-icon awb-icon-plus\" aria-hidden=\"true\"><\/i><\/span><span class=\"fusion-toggle-heading\">Ingredientes principales<\/span><\/a><\/h4><\/div><div id=\"aaba847a56df6f61f\" class=\"panel-collapse collapse \" aria-labelledby=\"toggle_aaba847a56df6f61f\"><div class=\"panel-body toggle-content fusion-clearfix\"><\/p>\n<ul>\n<li><strong>Cultivo de bacterias probi\u00f3ticas vivas en cadena<br \/>\n<\/strong>Un potente conjunto de probi\u00f3ticos Lactobacillus (m.biomeLiveSkin88\u2122) con efecto documentado. Garantiza +8.000 millones de bacterias vivas en el momento de la activaci\u00f3n. A\u00f1aden bacterias vitales al microbioma de la piel para ayudar a equilibrar y restaurar, las bacterias vivas est\u00e1n selladas en una bolsa de aluminio y se dispensan mediante un sistema de administraci\u00f3n \u00fanico y patentado que mantiene la humedad fuera para una eficacia m\u00e1xima.  <\/li>\n<li><strong>\u00c1cidos hialur\u00f3nicos<br \/>\n<\/strong>Dos tipos de \u00e1cidos hialur\u00f3nicos que retienen la humedad (hialuronato s\u00f3dico y \u00e1cido hialur\u00f3nico hidrolizado) de peso molecular medio\/alto y bajo penetran en la piel con la m\u00e1xima eficacia para un efecto inmediato e intensivo de fortalecimiento de la piel.<\/li>\n<\/ul>\n<p><\/div><\/div><\/div><div class=\"fusion-panel panel-default panel-3a389fe4de119998e fusion-toggle-has-divider\" style=\"--awb-title-color:var(--awb-custom13);--awb-content-color:#747474;\"><div class=\"panel-heading\"><h4 class=\"panel-title toggle\" id=\"toggle_3a389fe4de119998e\"><a aria-expanded=\"false\" aria-controls=\"3a389fe4de119998e\" role=\"button\" data-toggle=\"collapse\" data-parent=\"#accordion-6157-1\" data-target=\"#3a389fe4de119998e\" href=\"#3a389fe4de119998e\"><span class=\"fusion-toggle-icon-wrapper\" aria-hidden=\"true\"><i class=\"fa-fusion-box active-icon awb-icon-minus\" aria-hidden=\"true\"><\/i><i class=\"fa-fusion-box inactive-icon awb-icon-plus\" aria-hidden=\"true\"><\/i><\/span><span class=\"fusion-toggle-heading\">Todos los ingredientes: <\/span><\/a><\/h4><\/div><div id=\"3a389fe4de119998e\" class=\"panel-collapse collapse \" aria-labelledby=\"toggle_3a389fe4de119998e\"><div class=\"panel-body toggle-content fusion-clearfix\"><\/p>\n<p>Agua, Propanediol, Hialuronato s\u00f3dico, Fenoxietanol, Fermento de Lactobacillus*, Maltodextrina, 1,2-hexanodiol, Capriliglicol, Anisato s\u00f3dico, \u00c1cido hialur\u00f3nico hidrolizado (* = m.biomeLiveSkin88\u2122).<\/p>\n<p><\/div><\/div><\/div><div class=\"fusion-panel panel-default panel-297c299827ebf0779 fusion-toggle-has-divider\" style=\"--awb-title-color:var(--awb-custom13);--awb-content-color:#747474;\"><div class=\"panel-heading\"><h4 class=\"panel-title toggle\" id=\"toggle_297c299827ebf0779\"><a aria-expanded=\"false\" aria-controls=\"297c299827ebf0779\" role=\"button\" data-toggle=\"collapse\" data-parent=\"#accordion-6157-1\" data-target=\"#297c299827ebf0779\" href=\"#297c299827ebf0779\"><span class=\"fusion-toggle-icon-wrapper\" aria-hidden=\"true\"><i class=\"fa-fusion-box active-icon awb-icon-minus\" aria-hidden=\"true\"><\/i><i class=\"fa-fusion-box inactive-icon awb-icon-plus\" aria-hidden=\"true\"><\/i><\/span><span class=\"fusion-toggle-heading\">Env\u00edo, pol\u00edtica de devoluciones, reclamaciones:<\/span><\/a><\/h4><\/div><div id=\"297c299827ebf0779\" class=\"panel-collapse collapse \" aria-labelledby=\"toggle_297c299827ebf0779\"><div class=\"panel-body toggle-content fusion-clearfix\"><\/p>\n<p><strong>Pol\u00edtica de env\u00edos<\/strong><\/p>\n<p>Una vez recibido tu pedido en l\u00ednea, tu compra se <strong>procesar\u00e1 inmediatamente<\/strong> y se preparar\u00e1 para el env\u00edo.<br \/>\nLos productos se enviar\u00e1n a la direcci\u00f3n que hayas indicado al realizar el pedido.<\/p>\n<ul>\n<li><strong>Gastos de env\u00edo:<\/strong> 5 euros por pedido<\/li>\n<li><strong>Entrega:<\/strong> en B\u00e9lgica<\/li>\n<li><strong>Env\u00edo:<\/strong> lo antes posible tras el pedido, dependiendo del transportista<\/li>\n<\/ul>\n<p>Skin-Lab no se hace responsable de los retrasos que se produzcan fuera de nuestro control, como por ejemplo con el servicio de transporte.<\/p>\n<p><u>Condiciones de tu pedido<\/u>: <a href=\"https:\/\/www.skin-lab.be\/wp-content\/uploads\/2025\/12\/voorwaarden-en-aansprakelijkheid.pdf\" target=\"_blank\" rel=\"noopener\">condiciones y responsabilidad<\/a><\/p>\n<p><strong> <\/strong><\/p>\n<p><strong> <\/strong><strong>Pol\u00edtica de devoluciones y derecho de desistimiento<\/strong><\/p>\n<p>De acuerdo con la legislaci\u00f3n belga y europea, como consumidor tienes derecho a revocar <strong>tu compra en un plazo de 14 d\u00edas naturales<\/strong> a partir de la fecha de recepci\u00f3n <strong>, sin indicar motivo alguno<\/strong>.<\/p>\n<p><strong>Condiciones de devoluci\u00f3n<\/strong><\/p>\n<p>La devoluci\u00f3n es posible <strong>siempre que se cumplan las siguientes condiciones<\/strong>:<\/p>\n<ul>\n<li>El producto <strong>no se ha utilizado<\/strong><\/li>\n<li><strong>No se ha abierto<\/strong> el <strong>embalaje original o precintado<\/strong><\/li>\n<li>El producto est\u00e1 <strong>intacto<\/strong> y en condiciones de venta<\/li>\n<li>El producto se devolver\u00e1 correctamente y cuidadosamente embalado a cargo del cliente a Skin-Lab bv &#8211; Heistraat 23\/1 &#8211; 2491 Balen<\/li>\n<\/ul>\n<p><strong>No podemos aceptar productos cuyo embalaje o el propio producto hayan sido abiertos, utilizados o da\u00f1ados por razones de higiene y seguridad.<\/strong><\/p>\n<p>Esto est\u00e1 en consonancia con la excepci\u00f3n legal al derecho de desistimiento para los <strong>productos cosm\u00e9ticos y de cuidado personal precintados<\/strong>.<\/p>\n<p><strong>Devoluci\u00f3n<\/strong><\/p>\n<p>Cuando el producto devuelto cumpla las condiciones anteriores:<\/p>\n<ul>\n<li>se reembolsar\u00e1 <strong>la totalidad del precio de compra<\/strong> <\/li>\n<li>mediante el <strong>mismo m\u00e9todo de pago<\/strong> utilizado para la compra original<\/li>\n<li>lo antes posible tras la recepci\u00f3n e inspecci\u00f3n del producto<\/li>\n<\/ul>\n<p>Los gastos de env\u00edo de las devoluciones corren, de acuerdo con la ley, a <strong>cargo del cliente<\/strong>, a menos que se acuerde otra cosa.<\/p>\n<p><strong>\u00bfC\u00f3mo registrar una devoluci\u00f3n?<\/strong><\/p>\n<p>Para procesar correctamente una devoluci\u00f3n, ponte <strong>primero<\/strong> en contacto con nosotros por correo electr\u00f3nico:<\/p>\n<p><strong>shop@skin-lab.be<\/strong><\/p>\n<p>Por favor, menci\u00f3nalo:<\/p>\n<ul>\n<li>tu nombre<\/li>\n<li>n\u00famero de pedido<\/li>\n<li>el producto que deseas devolver<\/li>\n<\/ul>\n<p>A continuaci\u00f3n, te daremos m\u00e1s instrucciones.<\/p>\n<p><strong>Quejas o preguntas<\/strong><\/p>\n<p>Si tienes alguna pregunta, comentario o queja sobre tu pedido o un producto entregado, siempre puedes ponerte en contacto con nosotros en<\/p>\n<p><strong>shop@skin-lab.be<\/strong><\/p>\n<p>Tratamos cada consulta con la debida atenci\u00f3n y nos esforzamos por conseguir una soluci\u00f3n r\u00e1pida y correcta.<\/p>\n<p><\/div><\/div><\/div><\/div><\/div>\n","protected":false},"excerpt":{"rendered":"<p><strong><u>R<\/u><\/strong><strong>eBalance<\/strong>Mascarilla Probi\u00f3tica Activa<\/p>\n<p><strong>Mascarilla probi\u00f3tica<\/strong> activa<\/p>\n<p>Esta mascarilla es un producto superior y activo para el cuidado de la piel que aplica bacterias buenas y vivas (probi\u00f3ticos) directamente sobre la piel y ayuda a equilibrar el microbioma.<\/p>\n<p>Restablece el equilibrio cut\u00e1neo &#8211; Mejora la elasticidad de la piel &#8211; Protecci\u00f3n celular &#8211; Hidrataci\u00f3n &#8211; Mejora la elasticidad &#8211; Nutrici\u00f3n<\/p>\n","protected":false},"featured_media":5113,"template":"","meta":[],"product_brand":[],"product_cat":[150,147],"product_tag":[],"class_list":{"0":"post-6157","1":"product","2":"type-product","3":"status-publish","4":"has-post-thumbnail","6":"product_cat-mascara","7":"product_cat-tienda","9":"first","10":"instock","11":"shipping-taxable","12":"purchasable","13":"product-type-simple"},"yoast_head":"<!-- This site is optimized with the Yoast SEO plugin v27.4 - https:\/\/yoast.com\/product\/yoast-seo-wordpress\/ -->\n<title>Rebiome | ReBalance Mascarilla Probi\u00f3tica Activa 2 - Skin-Lab<\/title>\n<meta name=\"robots\" content=\"index, follow, max-snippet:-1, max-image-preview:large, max-video-preview:-1\" \/>\n<link rel=\"canonical\" href=\"https:\/\/www.skin-lab.be\/es\/producto\/rebiome-rebalance-mascarilla-probiotica-activa-2\/\" \/>\n<meta property=\"og:locale\" content=\"es_ES\" \/>\n<meta property=\"og:type\" content=\"article\" \/>\n<meta property=\"og:title\" content=\"Rebiome | ReBalance Mascarilla Probi\u00f3tica Activa 2 - Skin-Lab\" \/>\n<meta property=\"og:description\" content=\"ReBalanceMascarilla Probi\u00f3tica Activa Mascarilla probi\u00f3tica activa Esta mascarilla es un producto superior y activo para el cuidado de la piel que aplica bacterias buenas y vivas (probi\u00f3ticos) directamente sobre la piel y ayuda a equilibrar el microbioma. Restablece el equilibrio cut\u00e1neo - Mejora la elasticidad de la piel - Protecci\u00f3n celular - Hidrataci\u00f3n - Mejora la elasticidad - Nutrici\u00f3n\" \/>\n<meta property=\"og:url\" content=\"https:\/\/www.skin-lab.be\/es\/producto\/rebiome-rebalance-mascarilla-probiotica-activa-2\/\" \/>\n<meta property=\"og:site_name\" content=\"Skin-Lab\" \/>\n<meta property=\"article:modified_time\" content=\"2026-04-05T08:02:22+00:00\" \/>\n<meta property=\"og:image\" content=\"https:\/\/www.skin-lab.be\/wp-content\/uploads\/2025\/12\/Rebiome-ReBalanceActiveProbioticMask-2.jpg\" \/>\n\t<meta property=\"og:image:width\" content=\"1000\" \/>\n\t<meta property=\"og:image:height\" content=\"1000\" \/>\n\t<meta property=\"og:image:type\" content=\"image\/jpeg\" \/>\n<meta name=\"twitter:card\" content=\"summary_large_image\" \/>\n<meta name=\"twitter:label1\" content=\"Tiempo de lectura\" \/>\n\t<meta name=\"twitter:data1\" content=\"7 minutos\" \/>\n<script type=\"application\/ld+json\" class=\"yoast-schema-graph\">{\"@context\":\"https:\\\/\\\/schema.org\",\"@graph\":[{\"@type\":\"WebPage\",\"@id\":\"https:\\\/\\\/www.skin-lab.be\\\/es\\\/producto\\\/rebiome-rebalance-mascarilla-probiotica-activa-2\\\/\",\"url\":\"https:\\\/\\\/www.skin-lab.be\\\/es\\\/producto\\\/rebiome-rebalance-mascarilla-probiotica-activa-2\\\/\",\"name\":\"Rebiome | ReBalance Mascarilla Probi\u00f3tica Activa 2 - Skin-Lab\",\"isPartOf\":{\"@id\":\"https:\\\/\\\/www.skin-lab.be\\\/es\\\/#website\"},\"primaryImageOfPage\":{\"@id\":\"https:\\\/\\\/www.skin-lab.be\\\/es\\\/producto\\\/rebiome-rebalance-mascarilla-probiotica-activa-2\\\/#primaryimage\"},\"image\":{\"@id\":\"https:\\\/\\\/www.skin-lab.be\\\/es\\\/producto\\\/rebiome-rebalance-mascarilla-probiotica-activa-2\\\/#primaryimage\"},\"thumbnailUrl\":\"https:\\\/\\\/www.skin-lab.be\\\/wp-content\\\/uploads\\\/2025\\\/12\\\/Rebiome-ReBalanceActiveProbioticMask-2.jpg\",\"datePublished\":\"2025-12-09T10:48:41+00:00\",\"dateModified\":\"2026-04-05T08:02:22+00:00\",\"breadcrumb\":{\"@id\":\"https:\\\/\\\/www.skin-lab.be\\\/es\\\/producto\\\/rebiome-rebalance-mascarilla-probiotica-activa-2\\\/#breadcrumb\"},\"inLanguage\":\"es\",\"potentialAction\":[{\"@type\":\"ReadAction\",\"target\":[\"https:\\\/\\\/www.skin-lab.be\\\/es\\\/producto\\\/rebiome-rebalance-mascarilla-probiotica-activa-2\\\/\"]}]},{\"@type\":\"ImageObject\",\"inLanguage\":\"es\",\"@id\":\"https:\\\/\\\/www.skin-lab.be\\\/es\\\/producto\\\/rebiome-rebalance-mascarilla-probiotica-activa-2\\\/#primaryimage\",\"url\":\"https:\\\/\\\/www.skin-lab.be\\\/wp-content\\\/uploads\\\/2025\\\/12\\\/Rebiome-ReBalanceActiveProbioticMask-2.jpg\",\"contentUrl\":\"https:\\\/\\\/www.skin-lab.be\\\/wp-content\\\/uploads\\\/2025\\\/12\\\/Rebiome-ReBalanceActiveProbioticMask-2.jpg\",\"width\":1000,\"height\":1000,\"caption\":\"Rebiome ReBalance Active Probiotic Mask 2\"},{\"@type\":\"BreadcrumbList\",\"@id\":\"https:\\\/\\\/www.skin-lab.be\\\/es\\\/producto\\\/rebiome-rebalance-mascarilla-probiotica-activa-2\\\/#breadcrumb\",\"itemListElement\":[{\"@type\":\"ListItem\",\"position\":1,\"name\":\"Home\",\"item\":\"https:\\\/\\\/www.skin-lab.be\\\/es\\\/\"},{\"@type\":\"ListItem\",\"position\":2,\"name\":\"Tienda\",\"item\":\"https:\\\/\\\/www.skin-lab.be\\\/es\\\/tienda\\\/\"},{\"@type\":\"ListItem\",\"position\":3,\"name\":\"Rebiome | ReBalance Mascarilla Probi\u00f3tica Activa 2\"}]},{\"@type\":\"WebSite\",\"@id\":\"https:\\\/\\\/www.skin-lab.be\\\/es\\\/#website\",\"url\":\"https:\\\/\\\/www.skin-lab.be\\\/es\\\/\",\"name\":\"Skin-Lab\",\"description\":\"Face &amp; Body Solutions\",\"publisher\":{\"@id\":\"https:\\\/\\\/www.skin-lab.be\\\/es\\\/#organization\"},\"potentialAction\":[{\"@type\":\"SearchAction\",\"target\":{\"@type\":\"EntryPoint\",\"urlTemplate\":\"https:\\\/\\\/www.skin-lab.be\\\/es\\\/?s={search_term_string}\"},\"query-input\":{\"@type\":\"PropertyValueSpecification\",\"valueRequired\":true,\"valueName\":\"search_term_string\"}}],\"inLanguage\":\"es\"},{\"@type\":\"Organization\",\"@id\":\"https:\\\/\\\/www.skin-lab.be\\\/es\\\/#organization\",\"name\":\"Skin-Lab bv\",\"url\":\"https:\\\/\\\/www.skin-lab.be\\\/es\\\/\",\"logo\":{\"@type\":\"ImageObject\",\"inLanguage\":\"es\",\"@id\":\"https:\\\/\\\/www.skin-lab.be\\\/es\\\/#\\\/schema\\\/logo\\\/image\\\/\",\"url\":\"https:\\\/\\\/www.skin-lab.be\\\/wp-content\\\/uploads\\\/2021\\\/02\\\/skinlablogo160px.png\",\"contentUrl\":\"https:\\\/\\\/www.skin-lab.be\\\/wp-content\\\/uploads\\\/2021\\\/02\\\/skinlablogo160px.png\",\"width\":520,\"height\":160,\"caption\":\"Skin-Lab bv\"},\"image\":{\"@id\":\"https:\\\/\\\/www.skin-lab.be\\\/es\\\/#\\\/schema\\\/logo\\\/image\\\/\"}}]}<\/script>\n<!-- \/ Yoast SEO plugin. -->","yoast_head_json":{"title":"Rebiome | ReBalance Mascarilla Probi\u00f3tica Activa 2 - Skin-Lab","robots":{"index":"index","follow":"follow","max-snippet":"max-snippet:-1","max-image-preview":"max-image-preview:large","max-video-preview":"max-video-preview:-1"},"canonical":"https:\/\/www.skin-lab.be\/es\/producto\/rebiome-rebalance-mascarilla-probiotica-activa-2\/","og_locale":"es_ES","og_type":"article","og_title":"Rebiome | ReBalance Mascarilla Probi\u00f3tica Activa 2 - Skin-Lab","og_description":"ReBalanceMascarilla Probi\u00f3tica Activa Mascarilla probi\u00f3tica activa Esta mascarilla es un producto superior y activo para el cuidado de la piel que aplica bacterias buenas y vivas (probi\u00f3ticos) directamente sobre la piel y ayuda a equilibrar el microbioma. Restablece el equilibrio cut\u00e1neo - Mejora la elasticidad de la piel - Protecci\u00f3n celular - Hidrataci\u00f3n - Mejora la elasticidad - Nutrici\u00f3n","og_url":"https:\/\/www.skin-lab.be\/es\/producto\/rebiome-rebalance-mascarilla-probiotica-activa-2\/","og_site_name":"Skin-Lab","article_modified_time":"2026-04-05T08:02:22+00:00","og_image":[{"width":1000,"height":1000,"url":"https:\/\/www.skin-lab.be\/wp-content\/uploads\/2025\/12\/Rebiome-ReBalanceActiveProbioticMask-2.jpg","type":"image\/jpeg"}],"twitter_card":"summary_large_image","twitter_misc":{"Tiempo de lectura":"7 minutos"},"schema":{"@context":"https:\/\/schema.org","@graph":[{"@type":"WebPage","@id":"https:\/\/www.skin-lab.be\/es\/producto\/rebiome-rebalance-mascarilla-probiotica-activa-2\/","url":"https:\/\/www.skin-lab.be\/es\/producto\/rebiome-rebalance-mascarilla-probiotica-activa-2\/","name":"Rebiome | ReBalance Mascarilla Probi\u00f3tica Activa 2 - Skin-Lab","isPartOf":{"@id":"https:\/\/www.skin-lab.be\/es\/#website"},"primaryImageOfPage":{"@id":"https:\/\/www.skin-lab.be\/es\/producto\/rebiome-rebalance-mascarilla-probiotica-activa-2\/#primaryimage"},"image":{"@id":"https:\/\/www.skin-lab.be\/es\/producto\/rebiome-rebalance-mascarilla-probiotica-activa-2\/#primaryimage"},"thumbnailUrl":"https:\/\/www.skin-lab.be\/wp-content\/uploads\/2025\/12\/Rebiome-ReBalanceActiveProbioticMask-2.jpg","datePublished":"2025-12-09T10:48:41+00:00","dateModified":"2026-04-05T08:02:22+00:00","breadcrumb":{"@id":"https:\/\/www.skin-lab.be\/es\/producto\/rebiome-rebalance-mascarilla-probiotica-activa-2\/#breadcrumb"},"inLanguage":"es","potentialAction":[{"@type":"ReadAction","target":["https:\/\/www.skin-lab.be\/es\/producto\/rebiome-rebalance-mascarilla-probiotica-activa-2\/"]}]},{"@type":"ImageObject","inLanguage":"es","@id":"https:\/\/www.skin-lab.be\/es\/producto\/rebiome-rebalance-mascarilla-probiotica-activa-2\/#primaryimage","url":"https:\/\/www.skin-lab.be\/wp-content\/uploads\/2025\/12\/Rebiome-ReBalanceActiveProbioticMask-2.jpg","contentUrl":"https:\/\/www.skin-lab.be\/wp-content\/uploads\/2025\/12\/Rebiome-ReBalanceActiveProbioticMask-2.jpg","width":1000,"height":1000,"caption":"Rebiome ReBalance Active Probiotic Mask 2"},{"@type":"BreadcrumbList","@id":"https:\/\/www.skin-lab.be\/es\/producto\/rebiome-rebalance-mascarilla-probiotica-activa-2\/#breadcrumb","itemListElement":[{"@type":"ListItem","position":1,"name":"Home","item":"https:\/\/www.skin-lab.be\/es\/"},{"@type":"ListItem","position":2,"name":"Tienda","item":"https:\/\/www.skin-lab.be\/es\/tienda\/"},{"@type":"ListItem","position":3,"name":"Rebiome | ReBalance Mascarilla Probi\u00f3tica Activa 2"}]},{"@type":"WebSite","@id":"https:\/\/www.skin-lab.be\/es\/#website","url":"https:\/\/www.skin-lab.be\/es\/","name":"Skin-Lab","description":"Face &amp; Body Solutions","publisher":{"@id":"https:\/\/www.skin-lab.be\/es\/#organization"},"potentialAction":[{"@type":"SearchAction","target":{"@type":"EntryPoint","urlTemplate":"https:\/\/www.skin-lab.be\/es\/?s={search_term_string}"},"query-input":{"@type":"PropertyValueSpecification","valueRequired":true,"valueName":"search_term_string"}}],"inLanguage":"es"},{"@type":"Organization","@id":"https:\/\/www.skin-lab.be\/es\/#organization","name":"Skin-Lab bv","url":"https:\/\/www.skin-lab.be\/es\/","logo":{"@type":"ImageObject","inLanguage":"es","@id":"https:\/\/www.skin-lab.be\/es\/#\/schema\/logo\/image\/","url":"https:\/\/www.skin-lab.be\/wp-content\/uploads\/2021\/02\/skinlablogo160px.png","contentUrl":"https:\/\/www.skin-lab.be\/wp-content\/uploads\/2021\/02\/skinlablogo160px.png","width":520,"height":160,"caption":"Skin-Lab bv"},"image":{"@id":"https:\/\/www.skin-lab.be\/es\/#\/schema\/logo\/image\/"}}]}},"_links":{"self":[{"href":"https:\/\/www.skin-lab.be\/es\/wp-json\/wp\/v2\/product\/6157","targetHints":{"allow":["GET"]}}],"collection":[{"href":"https:\/\/www.skin-lab.be\/es\/wp-json\/wp\/v2\/product"}],"about":[{"href":"https:\/\/www.skin-lab.be\/es\/wp-json\/wp\/v2\/types\/product"}],"wp:featuredmedia":[{"embeddable":true,"href":"https:\/\/www.skin-lab.be\/es\/wp-json\/wp\/v2\/media\/5113"}],"wp:attachment":[{"href":"https:\/\/www.skin-lab.be\/es\/wp-json\/wp\/v2\/media?parent=6157"}],"wp:term":[{"taxonomy":"product_brand","embeddable":true,"href":"https:\/\/www.skin-lab.be\/es\/wp-json\/wp\/v2\/product_brand?post=6157"},{"taxonomy":"product_cat","embeddable":true,"href":"https:\/\/www.skin-lab.be\/es\/wp-json\/wp\/v2\/product_cat?post=6157"},{"taxonomy":"product_tag","embeddable":true,"href":"https:\/\/www.skin-lab.be\/es\/wp-json\/wp\/v2\/product_tag?post=6157"}],"curies":[{"name":"wp","href":"https:\/\/api.w.org\/{rel}","templated":true}]}}