{"id":6159,"date":"2025-12-09T11:30:34","date_gmt":"2025-12-09T10:30:34","guid":{"rendered":"https:\/\/www.skin-lab.be\/product\/rebiome-peeling-enzimatico-resurface\/"},"modified":"2026-04-05T10:03:41","modified_gmt":"2026-04-05T08:03:41","slug":"rebiome-peeling-enzimatico-resurface","status":"publish","type":"product","link":"https:\/\/www.skin-lab.be\/es\/producto\/rebiome-peeling-enzimatico-resurface\/","title":{"rendered":"Rebiome | Peeling enzim\u00e1tico ReSurface"},"content":{"rendered":"<div class=\"accordian fusion-accordian\" style=\"--awb-border-size:1px;--awb-icon-size:13px;--awb-content-font-size:18px;--awb-icon-alignment:left;--awb-hover-color:#f9f9f9;--awb-border-color:#cccccc;--awb-background-color:#ffffff;--awb-divider-color:#b9afa1;--awb-divider-hover-color:#b9afa1;--awb-icon-color:#ffffff;--awb-title-color:var(--awb-custom13);--awb-content-color:#747474;--awb-icon-box-color:#6f727b;--awb-toggle-hover-accent-color:#b9afa1;--awb-title-font-family:&quot;Tenor Sans&quot;;--awb-title-font-weight:regular;--awb-title-font-style:normal;--awb-title-font-size:20px;--awb-content-font-family:&quot;Tenor Sans&quot;;--awb-content-font-style:normal;--awb-content-font-weight:regular;\"><div class=\"panel-group fusion-toggle-icon-boxed\" id=\"accordion-6159-1\"><div class=\"fusion-panel panel-default panel-bc2111356411bf20f fusion-toggle-has-divider\" style=\"--awb-title-color:var(--awb-custom13);--awb-content-color:#747474;\"><div class=\"panel-heading\"><h4 class=\"panel-title toggle\" id=\"toggle_bc2111356411bf20f\"><a aria-expanded=\"false\" aria-controls=\"bc2111356411bf20f\" role=\"button\" data-toggle=\"collapse\" data-parent=\"#accordion-6159-1\" data-target=\"#bc2111356411bf20f\" href=\"#bc2111356411bf20f\"><span class=\"fusion-toggle-icon-wrapper\" aria-hidden=\"true\"><i class=\"fa-fusion-box active-icon awb-icon-minus\" aria-hidden=\"true\"><\/i><i class=\"fa-fusion-box inactive-icon awb-icon-plus\" aria-hidden=\"true\"><\/i><\/span><span class=\"fusion-toggle-heading\">Informaci\u00f3n del producto<\/span><\/a><\/h4><\/div><div id=\"bc2111356411bf20f\" class=\"panel-collapse collapse \" aria-labelledby=\"toggle_bc2111356411bf20f\"><div class=\"panel-body toggle-content fusion-clearfix\"><\/p>\n<p><strong>Renovaci\u00f3n inmediata de la piel con efecto peeling enzim\u00e1tico.<\/strong><\/p>\n<p>Restaura la funci\u00f3n barrera de la piel y reactiva las c\u00e9lulas cut\u00e1neas para conseguir una piel suave, bonita y radiante con <strong>ReSurface de Rebiome<\/strong>. Esta suave mascarilla exfoliante para el rostro elimina las c\u00e9lulas muertas y las impurezas, incluso en las pieles m\u00e1s sensibles. <\/p>\n<p>Rebiome ReSurface proporciona r\u00e1pidamente una piel fresca y radiante. Su f\u00f3rmula suave con un aroma suave y fresco exfolia la piel gracias a una eficaz combinaci\u00f3n de ingredientes activos que la nutren y la dejan suave como la seda. <\/p>\n<p><strong>Reequilibra el microbioma de tu piel<br \/>\n<\/strong>El p\u00e9ptido Fensebiome\u2122 ayuda a reforzar las defensas naturales de la piel, mientras que la pi\u00f1a rica en enzimas y el cuarzo micronizado proporcionan una exfoliaci\u00f3n suave y eficaz. La camomila calma la piel y la vitamina E regeneradora ayuda a reparar la barrera cut\u00e1nea.<\/p>\n<p><\/div><\/div><\/div><div class=\"fusion-panel panel-default panel-15320594a34ded4d2 fusion-toggle-has-divider\" style=\"--awb-title-color:var(--awb-custom13);--awb-content-color:#747474;\"><div class=\"panel-heading\"><h4 class=\"panel-title toggle\" id=\"toggle_15320594a34ded4d2\"><a aria-expanded=\"false\" aria-controls=\"15320594a34ded4d2\" role=\"button\" data-toggle=\"collapse\" data-parent=\"#accordion-6159-1\" data-target=\"#15320594a34ded4d2\" href=\"#15320594a34ded4d2\"><span class=\"fusion-toggle-icon-wrapper\" aria-hidden=\"true\"><i class=\"fa-fusion-box active-icon awb-icon-minus\" aria-hidden=\"true\"><\/i><i class=\"fa-fusion-box inactive-icon awb-icon-plus\" aria-hidden=\"true\"><\/i><\/span><span class=\"fusion-toggle-heading\">Utiliza<\/span><\/a><\/h4><\/div><div id=\"15320594a34ded4d2\" class=\"panel-collapse collapse \" aria-labelledby=\"toggle_15320594a34ded4d2\"><div class=\"panel-body toggle-content fusion-clearfix\"><\/p>\n<p>Aplica una fina capa de Rebiome ReSurface sobre la piel limpia. Deja actuar de 5 a 10 minutos antes de aclarar con agua tibia. Termina con un suero hidratante. Utilizar una o dos veces por semana Adecuado para todo tipo de pieles. S\u00f3lo para uso externo.    <\/p>\n<p>pH: pH 5,0<br \/>\nContenido: 100ml<br \/>\ncontenido natural: 98% contenido natural<\/p>\n<p><\/div><\/div><\/div><div class=\"fusion-panel panel-default panel-0f15617fd79cd2064 fusion-toggle-has-divider\" style=\"--awb-title-color:var(--awb-custom13);--awb-content-color:#747474;\"><div class=\"panel-heading\"><h4 class=\"panel-title toggle\" id=\"toggle_0f15617fd79cd2064\"><a aria-expanded=\"false\" aria-controls=\"0f15617fd79cd2064\" role=\"button\" data-toggle=\"collapse\" data-parent=\"#accordion-6159-1\" data-target=\"#0f15617fd79cd2064\" href=\"#0f15617fd79cd2064\"><span class=\"fusion-toggle-icon-wrapper\" aria-hidden=\"true\"><i class=\"fa-fusion-box active-icon awb-icon-minus\" aria-hidden=\"true\"><\/i><i class=\"fa-fusion-box inactive-icon awb-icon-plus\" aria-hidden=\"true\"><\/i><\/span><span class=\"fusion-toggle-heading\">Ingredientes principales<\/span><\/a><\/h4><\/div><div id=\"0f15617fd79cd2064\" class=\"panel-collapse collapse \" aria-labelledby=\"toggle_0f15617fd79cd2064\"><div class=\"panel-body toggle-content fusion-clearfix\"><\/p>\n<ul>\n<li><strong>Aceite de albaricoque 5%<br \/>\n<\/strong>Nutre y calma la piel. Este aceite suave es rico en vitamina A y tiene un alto contenido en \u00e1cidos grasos oleico y linoleico, lo que lo convierte en uno de los aceites m\u00e1s seguros para usar incluso en las pieles m\u00e1s sensibles. <\/li>\n<li><strong>Enzimas de Pi\u00f1a 4%<br \/>\n<\/strong>La bromelina es un extracto enzim\u00e1tico extra\u00eddo de los tallos de la pi\u00f1a. Tiene un efecto exfoliante natural sobre la piel para mejorar la vitalidad y la luminosidad<em>.<\/em> <\/li>\n<li><strong>Pure Quarts Exfoliante de Crystal Minerals 3%<br \/>\n<\/strong>Derivado de minerales de cristal, este exfoliante natural est\u00e1 micronizado en part\u00edculas muy finas para favorecer la regeneraci\u00f3n de la piel, al tiempo que es suave y embellecedor.<\/li>\n<li><strong>Extracto de flores de manzanilla romana 2%<br \/>\n<\/strong>La manzanilla romana, que calma, protege y restaura la piel, se considera un ingrediente inestimable con propiedades antioxidantes. Las flores de manzanilla romana contienen una alta concentraci\u00f3n de flavonoides con una larga lista de propiedades, como reducir la inflamaci\u00f3n, proteger la piel de los factores estresantes externos, combatir los radicales libres que aceleran el envejecimiento celular y estimular el proceso de reparaci\u00f3n natural de la piel. <strong> <\/strong><\/li>\n<li><strong>Fensebiome\u2122 P\u00e9ptido Amino\u00e1cido 1%<br \/>\n<\/strong>Un potente p\u00e9ptido con un enfoque prebi\u00f3tico y actividad probi\u00f3tica. Estimula la actividad probi\u00f3tica natural de la piel y refuerza las defensas promoviendo bacterias beneficiosas que mejoran la respuesta inmunitaria de la piel y la integridad de la barrera f\u00edsica. El exclusivo activo estimulante del microbioma ayuda a reequilibrar la salud de la piel para un bienestar \u00f3ptimo.  <\/li>\n<li><strong>Vitamina E natural 0,2%<br \/>\n<\/strong>Con efectos antioxidantes naturales, la vitamina E se considera la vitamina protectora de la piel m\u00e1s importante, ya que garantiza que la piel est\u00e9 suave, tersa y reduce la irritaci\u00f3n.<\/li>\n<\/ul>\n<p><\/div><\/div><\/div><div class=\"fusion-panel panel-default panel-4dbb9cc83ffa50e0c fusion-toggle-has-divider\" style=\"--awb-title-color:var(--awb-custom13);--awb-content-color:#747474;\"><div class=\"panel-heading\"><h4 class=\"panel-title toggle\" id=\"toggle_4dbb9cc83ffa50e0c\"><a aria-expanded=\"false\" aria-controls=\"4dbb9cc83ffa50e0c\" role=\"button\" data-toggle=\"collapse\" data-parent=\"#accordion-6159-1\" data-target=\"#4dbb9cc83ffa50e0c\" href=\"#4dbb9cc83ffa50e0c\"><span class=\"fusion-toggle-icon-wrapper\" aria-hidden=\"true\"><i class=\"fa-fusion-box active-icon awb-icon-minus\" aria-hidden=\"true\"><\/i><i class=\"fa-fusion-box inactive-icon awb-icon-plus\" aria-hidden=\"true\"><\/i><\/span><span class=\"fusion-toggle-heading\">Todos los ingredientes:<\/span><\/a><\/h4><\/div><div id=\"4dbb9cc83ffa50e0c\" class=\"panel-collapse collapse \" aria-labelledby=\"toggle_4dbb9cc83ffa50e0c\"><div class=\"panel-body toggle-content fusion-clearfix\"><\/p>\n<p>Agua, isoestearato de isostearilo, aceite de semilla de Prunus Armeniaca, maltodextrina, alcohol cetear\u00edlico, polvo de cuarzo, estearato de glicerilo, glicerina, \u00e1cido este\u00e1rico, fenoxietanol, carb\u00f3mero, bromelina, lauroil glutamato s\u00f3dico, extracto de flor de Anthemis Nobilis, tocoferol, caprilil glicol, aceite de semilla de Helianthus Annuus, acetil heptap\u00e9ptido-4, trietanolamina, perfume.<\/p>\n<p><\/div><\/div><\/div><div class=\"fusion-panel panel-default panel-6d236e0d5025d5d63 fusion-toggle-has-divider\" style=\"--awb-title-color:var(--awb-custom13);--awb-content-color:#747474;\"><div class=\"panel-heading\"><h4 class=\"panel-title toggle\" id=\"toggle_6d236e0d5025d5d63\"><a aria-expanded=\"false\" aria-controls=\"6d236e0d5025d5d63\" role=\"button\" data-toggle=\"collapse\" data-parent=\"#accordion-6159-1\" data-target=\"#6d236e0d5025d5d63\" href=\"#6d236e0d5025d5d63\"><span class=\"fusion-toggle-icon-wrapper\" aria-hidden=\"true\"><i class=\"fa-fusion-box active-icon awb-icon-minus\" aria-hidden=\"true\"><\/i><i class=\"fa-fusion-box inactive-icon awb-icon-plus\" aria-hidden=\"true\"><\/i><\/span><span class=\"fusion-toggle-heading\">Env\u00edo, pol\u00edtica de devoluciones, reclamaciones:<\/span><\/a><\/h4><\/div><div id=\"6d236e0d5025d5d63\" class=\"panel-collapse collapse \" aria-labelledby=\"toggle_6d236e0d5025d5d63\"><div class=\"panel-body toggle-content fusion-clearfix\"><\/p>\n<p><strong>Pol\u00edtica de env\u00edos<\/strong><\/p>\n<p>Una vez recibido tu pedido en l\u00ednea, tu compra se <strong>procesar\u00e1 inmediatamente<\/strong> y se preparar\u00e1 para el env\u00edo.<br \/>\nLos productos se enviar\u00e1n a la direcci\u00f3n que hayas indicado al realizar el pedido.<\/p>\n<ul>\n<li><strong>Gastos de env\u00edo:<\/strong> 5 euros por pedido<\/li>\n<li><strong>Entrega:<\/strong> en B\u00e9lgica<\/li>\n<li><strong>Env\u00edo:<\/strong> lo antes posible tras el pedido, dependiendo del transportista<\/li>\n<\/ul>\n<p>Skin-Lab no se hace responsable de los retrasos que se produzcan fuera de nuestro control, como por ejemplo con el servicio de transporte.<\/p>\n<p><u>Condiciones de tu pedido<\/u>: <a href=\"https:\/\/www.skin-lab.be\/wp-content\/uploads\/2025\/12\/voorwaarden-en-aansprakelijkheid.pdf\" target=\"_blank\" rel=\"noopener\">condiciones y responsabilidad<\/a><\/p>\n<p><strong> <\/strong><strong> <\/strong><\/p>\n<p><strong>Pol\u00edtica de devoluciones y derecho de desistimiento<\/strong><\/p>\n<p>De acuerdo con la legislaci\u00f3n belga y europea, como consumidor tienes derecho a revocar <strong>tu compra en un plazo de 14 d\u00edas naturales<\/strong> a partir de la fecha de recepci\u00f3n <strong>, sin indicar motivo alguno<\/strong>.<\/p>\n<p><strong>Condiciones de devoluci\u00f3n<\/strong><\/p>\n<p>La devoluci\u00f3n es posible <strong>siempre que se cumplan las siguientes condiciones<\/strong>:<\/p>\n<ul>\n<li>El producto <strong>no se ha utilizado<\/strong><\/li>\n<li><strong>No se ha abierto<\/strong> el <strong>embalaje original o precintado<\/strong><\/li>\n<li>El producto est\u00e1 <strong>intacto<\/strong> y en condiciones de venta<\/li>\n<li>El producto se devolver\u00e1 correctamente y cuidadosamente embalado a cargo del cliente a Skin-Lab bv &#8211; Heistraat 23\/1 &#8211; 2491 Balen<\/li>\n<\/ul>\n<p><strong>No podemos aceptar productos cuyo embalaje o el propio producto hayan sido abiertos, utilizados o da\u00f1ados por razones de higiene y seguridad.<\/strong><\/p>\n<p>Esto est\u00e1 en consonancia con la excepci\u00f3n legal al derecho de desistimiento para los <strong>productos cosm\u00e9ticos y de cuidado personal precintados<\/strong>.<\/p>\n<p><strong>Devoluci\u00f3n<\/strong><\/p>\n<p>Cuando el producto devuelto cumpla las condiciones anteriores:<\/p>\n<ul>\n<li>se reembolsar\u00e1 <strong>la totalidad del precio de compra<\/strong> <\/li>\n<li>mediante el <strong>mismo m\u00e9todo de pago<\/strong> utilizado para la compra original<\/li>\n<li>lo antes posible tras la recepci\u00f3n e inspecci\u00f3n del producto<\/li>\n<\/ul>\n<p>Los gastos de env\u00edo de las devoluciones corren, de acuerdo con la ley, a <strong>cargo del cliente<\/strong>, a menos que se acuerde otra cosa.<\/p>\n<p><strong>\u00bfC\u00f3mo registrar una devoluci\u00f3n?<\/strong><\/p>\n<p>Para procesar correctamente una devoluci\u00f3n, ponte <strong>primero<\/strong> en contacto con nosotros por correo electr\u00f3nico:<\/p>\n<p><strong>shop@skin-lab.be<\/strong><\/p>\n<p>Por favor, menci\u00f3nalo:<\/p>\n<ul>\n<li>tu nombre<\/li>\n<li>n\u00famero de pedido<\/li>\n<li>el producto que deseas devolver<\/li>\n<\/ul>\n<p>A continuaci\u00f3n, te daremos m\u00e1s instrucciones.<\/p>\n<p><strong>Quejas o preguntas<\/strong><\/p>\n<p>Si tienes alguna pregunta, comentario o queja sobre tu pedido o un producto entregado, siempre puedes ponerte en contacto con nosotros en<\/p>\n<p><strong>shop@skin-lab.be<\/strong><\/p>\n<p>Tratamos cada consulta con la debida atenci\u00f3n y nos esforzamos por conseguir una soluci\u00f3n r\u00e1pida y correcta.<\/p>\n<p><\/div><\/div><\/div><\/div><\/div>\n","protected":false},"excerpt":{"rendered":"<p><strong><u>R<\/u><\/strong><strong>eSurface<\/strong>&#8211; Peeling enzim\u00e1tico<\/p>\n<p><strong>Renovaci\u00f3n inmediata de la piel con efecto peeling enzim\u00e1tico.<\/strong><\/p>\n<p>Restaura la funci\u00f3n barrera de la piel y reactiva las c\u00e9lulas cut\u00e1neas para conseguir una piel suave, bella y radiante con ReSurface de Rebiome.<\/p>\n<p>Peeling enzim\u00e1tico &#8211; Exfoliaci\u00f3n natural &#8211; Minerales de cristal de cuarzo<\/p>\n<p>&nbsp;<\/p>\n","protected":false},"featured_media":5107,"template":"","meta":[],"product_brand":[],"product_cat":[151,147],"product_tag":[],"class_list":{"0":"post-6159","1":"product","2":"type-product","3":"status-publish","4":"has-post-thumbnail","6":"product_cat-peeling","7":"product_cat-tienda","9":"first","10":"instock","11":"shipping-taxable","12":"purchasable","13":"product-type-simple"},"yoast_head":"<!-- This site is optimized with the Yoast SEO plugin v27.4 - https:\/\/yoast.com\/product\/yoast-seo-wordpress\/ -->\n<title>Rebiome | Peeling enzim\u00e1tico ReSurface - Skin-Lab<\/title>\n<meta name=\"robots\" content=\"index, follow, max-snippet:-1, max-image-preview:large, max-video-preview:-1\" \/>\n<link rel=\"canonical\" href=\"https:\/\/www.skin-lab.be\/es\/producto\/rebiome-peeling-enzimatico-resurface\/\" \/>\n<meta property=\"og:locale\" content=\"es_ES\" \/>\n<meta property=\"og:type\" content=\"article\" \/>\n<meta property=\"og:title\" content=\"Rebiome | Peeling enzim\u00e1tico ReSurface - Skin-Lab\" \/>\n<meta property=\"og:description\" content=\"ReSurface- Peeling enzim\u00e1tico Renovaci\u00f3n inmediata de la piel con efecto peeling enzim\u00e1tico. Restaura la funci\u00f3n barrera de la piel y reactiva las c\u00e9lulas cut\u00e1neas para conseguir una piel suave, bella y radiante con ReSurface de Rebiome. Peeling enzim\u00e1tico - Exfoliaci\u00f3n natural - Minerales de cristal de cuarzo &nbsp;\" \/>\n<meta property=\"og:url\" content=\"https:\/\/www.skin-lab.be\/es\/producto\/rebiome-peeling-enzimatico-resurface\/\" \/>\n<meta property=\"og:site_name\" content=\"Skin-Lab\" \/>\n<meta property=\"article:modified_time\" content=\"2026-04-05T08:03:41+00:00\" \/>\n<meta property=\"og:image\" content=\"https:\/\/www.skin-lab.be\/wp-content\/uploads\/2025\/12\/Rebiome-ReSurface-ProdEmb-.jpg\" \/>\n\t<meta property=\"og:image:width\" content=\"1000\" \/>\n\t<meta property=\"og:image:height\" content=\"1000\" \/>\n\t<meta property=\"og:image:type\" content=\"image\/jpeg\" \/>\n<meta name=\"twitter:card\" content=\"summary_large_image\" \/>\n<meta name=\"twitter:label1\" content=\"Tiempo de lectura\" \/>\n\t<meta name=\"twitter:data1\" content=\"7 minutos\" \/>\n<script type=\"application\/ld+json\" class=\"yoast-schema-graph\">{\"@context\":\"https:\\\/\\\/schema.org\",\"@graph\":[{\"@type\":\"WebPage\",\"@id\":\"https:\\\/\\\/www.skin-lab.be\\\/es\\\/producto\\\/rebiome-peeling-enzimatico-resurface\\\/\",\"url\":\"https:\\\/\\\/www.skin-lab.be\\\/es\\\/producto\\\/rebiome-peeling-enzimatico-resurface\\\/\",\"name\":\"Rebiome | Peeling enzim\u00e1tico ReSurface - Skin-Lab\",\"isPartOf\":{\"@id\":\"https:\\\/\\\/www.skin-lab.be\\\/es\\\/#website\"},\"primaryImageOfPage\":{\"@id\":\"https:\\\/\\\/www.skin-lab.be\\\/es\\\/producto\\\/rebiome-peeling-enzimatico-resurface\\\/#primaryimage\"},\"image\":{\"@id\":\"https:\\\/\\\/www.skin-lab.be\\\/es\\\/producto\\\/rebiome-peeling-enzimatico-resurface\\\/#primaryimage\"},\"thumbnailUrl\":\"https:\\\/\\\/www.skin-lab.be\\\/wp-content\\\/uploads\\\/2025\\\/12\\\/Rebiome-ReSurface-ProdEmb-.jpg\",\"datePublished\":\"2025-12-09T10:30:34+00:00\",\"dateModified\":\"2026-04-05T08:03:41+00:00\",\"breadcrumb\":{\"@id\":\"https:\\\/\\\/www.skin-lab.be\\\/es\\\/producto\\\/rebiome-peeling-enzimatico-resurface\\\/#breadcrumb\"},\"inLanguage\":\"es\",\"potentialAction\":[{\"@type\":\"ReadAction\",\"target\":[\"https:\\\/\\\/www.skin-lab.be\\\/es\\\/producto\\\/rebiome-peeling-enzimatico-resurface\\\/\"]}]},{\"@type\":\"ImageObject\",\"inLanguage\":\"es\",\"@id\":\"https:\\\/\\\/www.skin-lab.be\\\/es\\\/producto\\\/rebiome-peeling-enzimatico-resurface\\\/#primaryimage\",\"url\":\"https:\\\/\\\/www.skin-lab.be\\\/wp-content\\\/uploads\\\/2025\\\/12\\\/Rebiome-ReSurface-ProdEmb-.jpg\",\"contentUrl\":\"https:\\\/\\\/www.skin-lab.be\\\/wp-content\\\/uploads\\\/2025\\\/12\\\/Rebiome-ReSurface-ProdEmb-.jpg\",\"width\":1000,\"height\":1000,\"caption\":\"Rebiome ReSurface Prod Emb\"},{\"@type\":\"BreadcrumbList\",\"@id\":\"https:\\\/\\\/www.skin-lab.be\\\/es\\\/producto\\\/rebiome-peeling-enzimatico-resurface\\\/#breadcrumb\",\"itemListElement\":[{\"@type\":\"ListItem\",\"position\":1,\"name\":\"Home\",\"item\":\"https:\\\/\\\/www.skin-lab.be\\\/es\\\/\"},{\"@type\":\"ListItem\",\"position\":2,\"name\":\"Tienda\",\"item\":\"https:\\\/\\\/www.skin-lab.be\\\/es\\\/tienda\\\/\"},{\"@type\":\"ListItem\",\"position\":3,\"name\":\"Rebiome | Peeling enzim\u00e1tico ReSurface\"}]},{\"@type\":\"WebSite\",\"@id\":\"https:\\\/\\\/www.skin-lab.be\\\/es\\\/#website\",\"url\":\"https:\\\/\\\/www.skin-lab.be\\\/es\\\/\",\"name\":\"Skin-Lab\",\"description\":\"Face &amp; Body Solutions\",\"publisher\":{\"@id\":\"https:\\\/\\\/www.skin-lab.be\\\/es\\\/#organization\"},\"potentialAction\":[{\"@type\":\"SearchAction\",\"target\":{\"@type\":\"EntryPoint\",\"urlTemplate\":\"https:\\\/\\\/www.skin-lab.be\\\/es\\\/?s={search_term_string}\"},\"query-input\":{\"@type\":\"PropertyValueSpecification\",\"valueRequired\":true,\"valueName\":\"search_term_string\"}}],\"inLanguage\":\"es\"},{\"@type\":\"Organization\",\"@id\":\"https:\\\/\\\/www.skin-lab.be\\\/es\\\/#organization\",\"name\":\"Skin-Lab bv\",\"url\":\"https:\\\/\\\/www.skin-lab.be\\\/es\\\/\",\"logo\":{\"@type\":\"ImageObject\",\"inLanguage\":\"es\",\"@id\":\"https:\\\/\\\/www.skin-lab.be\\\/es\\\/#\\\/schema\\\/logo\\\/image\\\/\",\"url\":\"https:\\\/\\\/www.skin-lab.be\\\/wp-content\\\/uploads\\\/2021\\\/02\\\/skinlablogo160px.png\",\"contentUrl\":\"https:\\\/\\\/www.skin-lab.be\\\/wp-content\\\/uploads\\\/2021\\\/02\\\/skinlablogo160px.png\",\"width\":520,\"height\":160,\"caption\":\"Skin-Lab bv\"},\"image\":{\"@id\":\"https:\\\/\\\/www.skin-lab.be\\\/es\\\/#\\\/schema\\\/logo\\\/image\\\/\"}}]}<\/script>\n<!-- \/ Yoast SEO plugin. -->","yoast_head_json":{"title":"Rebiome | Peeling enzim\u00e1tico ReSurface - Skin-Lab","robots":{"index":"index","follow":"follow","max-snippet":"max-snippet:-1","max-image-preview":"max-image-preview:large","max-video-preview":"max-video-preview:-1"},"canonical":"https:\/\/www.skin-lab.be\/es\/producto\/rebiome-peeling-enzimatico-resurface\/","og_locale":"es_ES","og_type":"article","og_title":"Rebiome | Peeling enzim\u00e1tico ReSurface - Skin-Lab","og_description":"ReSurface- Peeling enzim\u00e1tico Renovaci\u00f3n inmediata de la piel con efecto peeling enzim\u00e1tico. Restaura la funci\u00f3n barrera de la piel y reactiva las c\u00e9lulas cut\u00e1neas para conseguir una piel suave, bella y radiante con ReSurface de Rebiome. Peeling enzim\u00e1tico - Exfoliaci\u00f3n natural - Minerales de cristal de cuarzo &nbsp;","og_url":"https:\/\/www.skin-lab.be\/es\/producto\/rebiome-peeling-enzimatico-resurface\/","og_site_name":"Skin-Lab","article_modified_time":"2026-04-05T08:03:41+00:00","og_image":[{"width":1000,"height":1000,"url":"https:\/\/www.skin-lab.be\/wp-content\/uploads\/2025\/12\/Rebiome-ReSurface-ProdEmb-.jpg","type":"image\/jpeg"}],"twitter_card":"summary_large_image","twitter_misc":{"Tiempo de lectura":"7 minutos"},"schema":{"@context":"https:\/\/schema.org","@graph":[{"@type":"WebPage","@id":"https:\/\/www.skin-lab.be\/es\/producto\/rebiome-peeling-enzimatico-resurface\/","url":"https:\/\/www.skin-lab.be\/es\/producto\/rebiome-peeling-enzimatico-resurface\/","name":"Rebiome | Peeling enzim\u00e1tico ReSurface - Skin-Lab","isPartOf":{"@id":"https:\/\/www.skin-lab.be\/es\/#website"},"primaryImageOfPage":{"@id":"https:\/\/www.skin-lab.be\/es\/producto\/rebiome-peeling-enzimatico-resurface\/#primaryimage"},"image":{"@id":"https:\/\/www.skin-lab.be\/es\/producto\/rebiome-peeling-enzimatico-resurface\/#primaryimage"},"thumbnailUrl":"https:\/\/www.skin-lab.be\/wp-content\/uploads\/2025\/12\/Rebiome-ReSurface-ProdEmb-.jpg","datePublished":"2025-12-09T10:30:34+00:00","dateModified":"2026-04-05T08:03:41+00:00","breadcrumb":{"@id":"https:\/\/www.skin-lab.be\/es\/producto\/rebiome-peeling-enzimatico-resurface\/#breadcrumb"},"inLanguage":"es","potentialAction":[{"@type":"ReadAction","target":["https:\/\/www.skin-lab.be\/es\/producto\/rebiome-peeling-enzimatico-resurface\/"]}]},{"@type":"ImageObject","inLanguage":"es","@id":"https:\/\/www.skin-lab.be\/es\/producto\/rebiome-peeling-enzimatico-resurface\/#primaryimage","url":"https:\/\/www.skin-lab.be\/wp-content\/uploads\/2025\/12\/Rebiome-ReSurface-ProdEmb-.jpg","contentUrl":"https:\/\/www.skin-lab.be\/wp-content\/uploads\/2025\/12\/Rebiome-ReSurface-ProdEmb-.jpg","width":1000,"height":1000,"caption":"Rebiome ReSurface Prod Emb"},{"@type":"BreadcrumbList","@id":"https:\/\/www.skin-lab.be\/es\/producto\/rebiome-peeling-enzimatico-resurface\/#breadcrumb","itemListElement":[{"@type":"ListItem","position":1,"name":"Home","item":"https:\/\/www.skin-lab.be\/es\/"},{"@type":"ListItem","position":2,"name":"Tienda","item":"https:\/\/www.skin-lab.be\/es\/tienda\/"},{"@type":"ListItem","position":3,"name":"Rebiome | Peeling enzim\u00e1tico ReSurface"}]},{"@type":"WebSite","@id":"https:\/\/www.skin-lab.be\/es\/#website","url":"https:\/\/www.skin-lab.be\/es\/","name":"Skin-Lab","description":"Face &amp; Body Solutions","publisher":{"@id":"https:\/\/www.skin-lab.be\/es\/#organization"},"potentialAction":[{"@type":"SearchAction","target":{"@type":"EntryPoint","urlTemplate":"https:\/\/www.skin-lab.be\/es\/?s={search_term_string}"},"query-input":{"@type":"PropertyValueSpecification","valueRequired":true,"valueName":"search_term_string"}}],"inLanguage":"es"},{"@type":"Organization","@id":"https:\/\/www.skin-lab.be\/es\/#organization","name":"Skin-Lab bv","url":"https:\/\/www.skin-lab.be\/es\/","logo":{"@type":"ImageObject","inLanguage":"es","@id":"https:\/\/www.skin-lab.be\/es\/#\/schema\/logo\/image\/","url":"https:\/\/www.skin-lab.be\/wp-content\/uploads\/2021\/02\/skinlablogo160px.png","contentUrl":"https:\/\/www.skin-lab.be\/wp-content\/uploads\/2021\/02\/skinlablogo160px.png","width":520,"height":160,"caption":"Skin-Lab bv"},"image":{"@id":"https:\/\/www.skin-lab.be\/es\/#\/schema\/logo\/image\/"}}]}},"_links":{"self":[{"href":"https:\/\/www.skin-lab.be\/es\/wp-json\/wp\/v2\/product\/6159","targetHints":{"allow":["GET"]}}],"collection":[{"href":"https:\/\/www.skin-lab.be\/es\/wp-json\/wp\/v2\/product"}],"about":[{"href":"https:\/\/www.skin-lab.be\/es\/wp-json\/wp\/v2\/types\/product"}],"wp:featuredmedia":[{"embeddable":true,"href":"https:\/\/www.skin-lab.be\/es\/wp-json\/wp\/v2\/media\/5107"}],"wp:attachment":[{"href":"https:\/\/www.skin-lab.be\/es\/wp-json\/wp\/v2\/media?parent=6159"}],"wp:term":[{"taxonomy":"product_brand","embeddable":true,"href":"https:\/\/www.skin-lab.be\/es\/wp-json\/wp\/v2\/product_brand?post=6159"},{"taxonomy":"product_cat","embeddable":true,"href":"https:\/\/www.skin-lab.be\/es\/wp-json\/wp\/v2\/product_cat?post=6159"},{"taxonomy":"product_tag","embeddable":true,"href":"https:\/\/www.skin-lab.be\/es\/wp-json\/wp\/v2\/product_tag?post=6159"}],"curies":[{"name":"wp","href":"https:\/\/api.w.org\/{rel}","templated":true}]}}