{"id":6161,"date":"2025-12-09T11:25:20","date_gmt":"2025-12-09T10:25:20","guid":{"rendered":"https:\/\/www.skin-lab.be\/product\/rebiome-refence-protector-solar-spf-30\/"},"modified":"2026-04-05T10:04:56","modified_gmt":"2026-04-05T08:04:56","slug":"rebiome-refence-protector-solar-spf-30","status":"publish","type":"product","link":"https:\/\/www.skin-lab.be\/es\/producto\/rebiome-refence-protector-solar-spf-30\/","title":{"rendered":"Rebiome | ReFence Protector solar SPF 30"},"content":{"rendered":"<div class=\"accordian fusion-accordian\" style=\"--awb-border-size:1px;--awb-icon-size:13px;--awb-content-font-size:18px;--awb-icon-alignment:left;--awb-hover-color:#f9f9f9;--awb-border-color:#cccccc;--awb-background-color:#ffffff;--awb-divider-color:#b9afa1;--awb-divider-hover-color:#b9afa1;--awb-icon-color:#ffffff;--awb-title-color:var(--awb-custom13);--awb-content-color:#747474;--awb-icon-box-color:#6f727b;--awb-toggle-hover-accent-color:#b9afa1;--awb-title-font-family:&quot;Tenor Sans&quot;;--awb-title-font-weight:regular;--awb-title-font-style:normal;--awb-title-font-size:20px;--awb-content-font-family:&quot;Tenor Sans&quot;;--awb-content-font-style:normal;--awb-content-font-weight:regular;\"><div class=\"panel-group fusion-toggle-icon-boxed\" id=\"accordion-6161-1\"><div class=\"fusion-panel panel-default panel-50d86b8f5c82e2f67 fusion-toggle-has-divider\" style=\"--awb-title-color:var(--awb-custom13);--awb-content-color:#747474;\"><div class=\"panel-heading\"><h4 class=\"panel-title toggle\" id=\"toggle_50d86b8f5c82e2f67\"><a aria-expanded=\"false\" aria-controls=\"50d86b8f5c82e2f67\" role=\"button\" data-toggle=\"collapse\" data-parent=\"#accordion-6161-1\" data-target=\"#50d86b8f5c82e2f67\" href=\"#50d86b8f5c82e2f67\"><span class=\"fusion-toggle-icon-wrapper\" aria-hidden=\"true\"><i class=\"fa-fusion-box active-icon awb-icon-minus\" aria-hidden=\"true\"><\/i><i class=\"fa-fusion-box inactive-icon awb-icon-plus\" aria-hidden=\"true\"><\/i><\/span><span class=\"fusion-toggle-heading\">Informaci\u00f3n del producto<\/span><\/a><\/h4><\/div><div id=\"50d86b8f5c82e2f67\" class=\"panel-collapse collapse \" aria-labelledby=\"toggle_50d86b8f5c82e2f67\"><div class=\"panel-body toggle-content fusion-clearfix\"><\/p>\n<p><strong>Protecci\u00f3n solar duradera y suave como la seda<br \/>\n<\/strong>El protector solar de amplio espectro Rebiome ReFence SPF 30 superprotege el rostro del sol y de la contaminaci\u00f3n atmosf\u00e9rica.<br \/>\n<strong><br \/>\nEquilibra el microbioma de tu piel y estim\u00falalo<br \/>\n<\/strong>Proporciona protecci\u00f3n solar duradera de amplio espectro contra los rayos UVA y UVB, protecci\u00f3n contra la luz azul y combate la contaminaci\u00f3n. Contiene la exclusiva f\u00f3rmula Fensebioom\u2122 que estimula la actividad probi\u00f3tica natural de la piel. Est\u00e1 enriquecida con potentes antioxidantes con beneficios antienvejecimiento, vitamina E y enriquecida con aceites lujosos como el baobab y la macadamia. Ideal como crema facial combinada de protecci\u00f3n solar e hidrataci\u00f3n. La piel la absorbe r\u00e1pidamente. No contiene disruptores endocrinos.<\/p>\n<p><\/div><\/div><\/div><div class=\"fusion-panel panel-default panel-c10799e97fd4a7ec8 fusion-toggle-has-divider\" style=\"--awb-title-color:var(--awb-custom13);--awb-content-color:#747474;\"><div class=\"panel-heading\"><h4 class=\"panel-title toggle\" id=\"toggle_c10799e97fd4a7ec8\"><a aria-expanded=\"false\" aria-controls=\"c10799e97fd4a7ec8\" role=\"button\" data-toggle=\"collapse\" data-parent=\"#accordion-6161-1\" data-target=\"#c10799e97fd4a7ec8\" href=\"#c10799e97fd4a7ec8\"><span class=\"fusion-toggle-icon-wrapper\" aria-hidden=\"true\"><i class=\"fa-fusion-box active-icon awb-icon-minus\" aria-hidden=\"true\"><\/i><i class=\"fa-fusion-box inactive-icon awb-icon-plus\" aria-hidden=\"true\"><\/i><\/span><span class=\"fusion-toggle-heading\">Utiliza<\/span><\/a><\/h4><\/div><div id=\"c10799e97fd4a7ec8\" class=\"panel-collapse collapse \" aria-labelledby=\"toggle_c10799e97fd4a7ec8\"><div class=\"panel-body toggle-content fusion-clearfix\"><\/p>\n<p>Aplica 2-3 pulsaciones de Rebiome ReFence sobre el rostro y el cuello despu\u00e9s de hidratar.Para uso diario.Adecuado para todo tipo de pieles.pH: 6,25Contenido: 50 mlContenido natural: NA<\/p>\n<p><\/div><\/div><\/div><div class=\"fusion-panel panel-default panel-d28b8a36cdca362ed fusion-toggle-has-divider\" style=\"--awb-title-color:var(--awb-custom13);--awb-content-color:#747474;\"><div class=\"panel-heading\"><h4 class=\"panel-title toggle\" id=\"toggle_d28b8a36cdca362ed\"><a aria-expanded=\"false\" aria-controls=\"d28b8a36cdca362ed\" role=\"button\" data-toggle=\"collapse\" data-parent=\"#accordion-6161-1\" data-target=\"#d28b8a36cdca362ed\" href=\"#d28b8a36cdca362ed\"><span class=\"fusion-toggle-icon-wrapper\" aria-hidden=\"true\"><i class=\"fa-fusion-box active-icon awb-icon-minus\" aria-hidden=\"true\"><\/i><i class=\"fa-fusion-box inactive-icon awb-icon-plus\" aria-hidden=\"true\"><\/i><\/span><span class=\"fusion-toggle-heading\">Ingredientes principales<\/span><\/a><\/h4><\/div><div id=\"d28b8a36cdca362ed\" class=\"panel-collapse collapse \" aria-labelledby=\"toggle_d28b8a36cdca362ed\"><div class=\"panel-body toggle-content fusion-clearfix\"><\/p>\n<ul>\n<li><strong>Filtro<\/strong>bloqueador <strong>de los rayos UVA 4,5%<br \/>\n<\/strong>Este filtro bloqueador protege la piel de los da\u00f1inos rayos UVA del sol y tambi\u00e9n proporciona una excelente protecci\u00f3n contra los radicales libres y los da\u00f1os. El filtro soluble en aceite cumple la recomendaci\u00f3n UVA-PF\/SPF de la UE. No contiene conservantes y proporciona un cuidado solar facial duradero con efectos antienvejecimiento.  <\/li>\n<li><strong>Filtro UVB org\u00e1nico 3%<br \/>\n<\/strong>Este potente filtro absorbe la radiaci\u00f3n UVB y tiene una gran capacidad de absorci\u00f3n. Se necesita muy poca cantidad para conseguir un factor de protecci\u00f3n solar (FPS) elevado. Tiene una excelente fotoestabilidad y es compatible con otros absorbentes de UV.  <\/li>\n<li><strong>Filtro fotoestable de amplio espectro 2%<br \/>\n<\/strong>Este filtro de amplio espectro aumenta eficazmente la protecci\u00f3n frente a los rayos UVB y UVA a bajas concentraciones. Compatible con los filtros UV org\u00e1nicos e inorg\u00e1nicos, proporciona una protecci\u00f3n fotoestable, eficaz y duradera contra la radiaci\u00f3n UVA. <\/li>\n<li><strong>Aceite de macadamia 2%<br \/>\n<\/strong>Rico en vitaminas y minerales, el aceite de macadamia es absorbido r\u00e1pidamente por la piel sin dejar una pel\u00edcula grasa, dejando la piel suave como la seda e hidratada.<\/li>\n<li><strong>Aceite de baobab 1%<br \/>\n<\/strong>Protege la piel de los da\u00f1os inflamatorios a la vez que la nutre, la calma y favorece la cicatrizaci\u00f3n de las heridas.<\/li>\n<li><strong>Fensebiome\u2122 P\u00e9ptido Amino\u00e1cido 1%<br \/>\n<\/strong>Un potente p\u00e9ptido con un enfoque prebi\u00f3tico y actividad probi\u00f3tica. Estimula la actividad probi\u00f3tica natural de la piel y refuerza las defensas promoviendo bacterias beneficiosas que mejoran la respuesta inmunitaria de la piel y la integridad de la barrera f\u00edsica. El exclusivo activo estimulante del microbioma ayuda a reequilibrar la salud de la piel para un bienestar \u00f3ptimo.  <\/li>\n<li><strong>Extractos naturales de ra\u00edces de ach<\/strong>icoria <strong>1%<br \/>\n<\/strong>Extractos pre y probi\u00f3ticos respetuosos con el microbioma cut\u00e1neo derivados de la ra\u00edz de la planta de achicoria. Es un fuerte estimulante con enfoque prebi\u00f3tico y acci\u00f3n probi\u00f3tica, que favorece el crecimiento de los lactobacilos y bloquea la invasi\u00f3n de, por ejemplo, hongos, potenciando as\u00ed el efecto antimicrobiano y reforzando la barrera de la microbiota de la piel. <\/li>\n<li><strong>\u00c1cido hialur\u00f3nico 0,05%<br \/>\n<\/strong>El \u00e1cido hialur\u00f3nico, un humectante natural, mantiene la elasticidad y firmeza de la piel reteniendo la humedad, lo que hace que se sienta m\u00e1s suave y parezca m\u00e1s joven.<\/li>\n<li><strong>Vitamina E natural 0,5%<br \/>\n<\/strong>Con efectos antioxidantes naturales y derivada de fuentes naturales, la vitamina E se considera la vitamina protectora de la piel m\u00e1s importante, ya que garantiza que la piel est\u00e9 suave y tersa y reduce la irritaci\u00f3n.<\/li>\n<\/ul>\n<p><\/div><\/div><\/div><div class=\"fusion-panel panel-default panel-a4451cf13f82a900a fusion-toggle-has-divider\" style=\"--awb-title-color:var(--awb-custom13);--awb-content-color:#747474;\"><div class=\"panel-heading\"><h4 class=\"panel-title toggle\" id=\"toggle_a4451cf13f82a900a\"><a aria-expanded=\"false\" aria-controls=\"a4451cf13f82a900a\" role=\"button\" data-toggle=\"collapse\" data-parent=\"#accordion-6161-1\" data-target=\"#a4451cf13f82a900a\" href=\"#a4451cf13f82a900a\"><span class=\"fusion-toggle-icon-wrapper\" aria-hidden=\"true\"><i class=\"fa-fusion-box active-icon awb-icon-minus\" aria-hidden=\"true\"><\/i><i class=\"fa-fusion-box inactive-icon awb-icon-plus\" aria-hidden=\"true\"><\/i><\/span><span class=\"fusion-toggle-heading\">Todos los ingredientes: <\/span><\/a><\/h4><\/div><div id=\"a4451cf13f82a900a\" class=\"panel-collapse collapse \" aria-labelledby=\"toggle_a4451cf13f82a900a\"><div class=\"panel-body toggle-content fusion-clearfix\"><\/p>\n<p>Agua, Triglic\u00e9rido Capr\u00edlico\/C\u00e1prico, Olivato de Etilhexilo Hidrogenado, Hexil Benzoato de Dietilamino Hidroxibenzoilo, Di\u00f3xido de Titanio, Triazona de Etilhexilo, Propanediol, Estearatos de Glicerilo, Glicerina, Bis-Etilhexiloxifenol Metoxifenil Triazina, Aceite de Semilla de Macadamia Integrifolia, Esteareth-2, Insaponificables de Aceite de Oliva Hidrogenado, Alcohol Cetear\u00edlico, Aceite de Semilla de Adansonia Digitata, Fenoxietanol, Esteareth-20, Inulina, Fructosa, S\u00edlice, Tocoferol, Aceite de Semilla de Helianthus Annuus, Acrilatos\/C10-30 Alquil Acrilato Crosspolymer, Fitato de Sodio, Aceite de Semilla de Macadamia Ternifolia, Etilhexilglicerina, Hialuronato de Sodio, Caprilil Glicol, Acetil Heptapeptido-4, \u00c1cido C\u00edtrico, Gliceril Caprilato, Parfum.<\/p>\n<p><\/div><\/div><\/div><div class=\"fusion-panel panel-default panel-065c96e0230a72059 fusion-toggle-has-divider\" style=\"--awb-title-color:var(--awb-custom13);--awb-content-color:#747474;\"><div class=\"panel-heading\"><h4 class=\"panel-title toggle\" id=\"toggle_065c96e0230a72059\"><a aria-expanded=\"false\" aria-controls=\"065c96e0230a72059\" role=\"button\" data-toggle=\"collapse\" data-parent=\"#accordion-6161-1\" data-target=\"#065c96e0230a72059\" href=\"#065c96e0230a72059\"><span class=\"fusion-toggle-icon-wrapper\" aria-hidden=\"true\"><i class=\"fa-fusion-box active-icon awb-icon-minus\" aria-hidden=\"true\"><\/i><i class=\"fa-fusion-box inactive-icon awb-icon-plus\" aria-hidden=\"true\"><\/i><\/span><span class=\"fusion-toggle-heading\">Env\u00edo, pol\u00edtica de devoluciones, reclamaciones:<\/span><\/a><\/h4><\/div><div id=\"065c96e0230a72059\" class=\"panel-collapse collapse \" aria-labelledby=\"toggle_065c96e0230a72059\"><div class=\"panel-body toggle-content fusion-clearfix\"><\/p>\n<p><strong>Pol\u00edtica de env\u00edos<\/strong><\/p>\n<p>Una vez recibido tu pedido en l\u00ednea, tu compra se <strong>procesar\u00e1 inmediatamente<\/strong> y se preparar\u00e1 para el env\u00edo.<br \/>\nLos productos se enviar\u00e1n a la direcci\u00f3n que hayas indicado al realizar el pedido.<\/p>\n<ul>\n<li><strong>Gastos de env\u00edo:<\/strong> 5 euros por pedido<\/li>\n<li><strong>Entrega:<\/strong> en B\u00e9lgica<\/li>\n<li><strong>Env\u00edo:<\/strong> lo antes posible tras el pedido, dependiendo del transportista<\/li>\n<\/ul>\n<p>Skin-Lab no se hace responsable de los retrasos que se produzcan fuera de nuestro control, como por ejemplo con el servicio de transporte.<\/p>\n<p><u>Condiciones de tu pedido<\/u>: <a href=\"https:\/\/www.skin-lab.be\/wp-content\/uploads\/2025\/12\/voorwaarden-en-aansprakelijkheid.pdf\" target=\"_blank\" rel=\"noopener\">condiciones y responsabilidad<\/a><\/p>\n<p>&nbsp;<\/p>\n<p><strong> <\/strong><strong>Pol\u00edtica de devoluciones y derecho de desistimiento<\/strong><\/p>\n<p>De acuerdo con la legislaci\u00f3n belga y europea, como consumidor tienes derecho a revocar <strong>tu compra en un plazo de 14 d\u00edas naturales<\/strong> a partir de la fecha de recepci\u00f3n <strong>, sin indicar motivo alguno<\/strong>.<\/p>\n<p><strong>Condiciones de devoluci\u00f3n<\/strong><\/p>\n<p>La devoluci\u00f3n es posible <strong>siempre que se cumplan las siguientes condiciones<\/strong>:<\/p>\n<ul>\n<li>El producto <strong>no se ha utilizado<\/strong><\/li>\n<li><strong>No se ha abierto<\/strong> el <strong>embalaje original o precintado<\/strong><\/li>\n<li>El producto est\u00e1 <strong>intacto<\/strong> y en condiciones de venta<\/li>\n<li>El producto se devolver\u00e1 correctamente y cuidadosamente embalado a cargo del cliente a Skin-Lab bv &#8211; Heistraat 23\/1 &#8211; 2491 Balen<\/li>\n<\/ul>\n<p><strong>No podemos aceptar productos cuyo embalaje o el propio producto hayan sido abiertos, utilizados o da\u00f1ados por razones de higiene y seguridad.<\/strong><\/p>\n<p>Esto est\u00e1 en consonancia con la excepci\u00f3n legal al derecho de desistimiento para los <strong>productos cosm\u00e9ticos y de cuidado personal precintados<\/strong>.<\/p>\n<p><strong>Devoluci\u00f3n<\/strong><\/p>\n<p>Cuando el producto devuelto cumpla las condiciones anteriores:<\/p>\n<ul>\n<li>se reembolsar\u00e1 <strong>la totalidad del precio de compra<\/strong> <\/li>\n<li>mediante el <strong>mismo m\u00e9todo de pago<\/strong> utilizado para la compra original<\/li>\n<li>lo antes posible tras la recepci\u00f3n e inspecci\u00f3n del producto<\/li>\n<\/ul>\n<p>Los gastos de env\u00edo de las devoluciones corren, de acuerdo con la ley, a <strong>cargo del cliente<\/strong>, a menos que se acuerde otra cosa.<\/p>\n<p><strong>\u00bfC\u00f3mo registrar una devoluci\u00f3n?<\/strong><\/p>\n<p>Para procesar correctamente una devoluci\u00f3n, ponte <strong>primero<\/strong> en contacto con nosotros por correo electr\u00f3nico:<\/p>\n<p><strong>shop@skin-lab.be<\/strong><\/p>\n<p>Por favor, menci\u00f3nalo:<\/p>\n<ul>\n<li>tu nombre<\/li>\n<li>n\u00famero de pedido<\/li>\n<li>el producto que deseas devolver<\/li>\n<\/ul>\n<p>A continuaci\u00f3n, te daremos m\u00e1s instrucciones.<\/p>\n<p><strong>Quejas o preguntas<\/strong><\/p>\n<p>Si tienes alguna pregunta, comentario o queja sobre tu pedido o un producto entregado, siempre puedes ponerte en contacto con nosotros en<\/p>\n<p><strong>shop@skin-lab.be<\/strong><\/p>\n<p>Tratamos cada consulta con la debida atenci\u00f3n y nos esforzamos por conseguir una soluci\u00f3n r\u00e1pida y correcta.<\/p>\n<p><\/div><\/div><\/div><\/div><\/div>\n","protected":false},"excerpt":{"rendered":"<p><strong><u>R<\/u><\/strong><strong>eFence<\/strong>&#8211; Protector solar FPS 30<\/p>\n<p><strong>Protecci\u00f3n solar duradera y sedosa<\/strong><\/p>\n<p>La crema de noche Rebiome ReMoisturize favorece la renovaci\u00f3n celular, reduce las arrugas y mejora la elasticidad de la piel.<\/p>\n<p>Protege de la contaminaci\u00f3n &#8211; Protecci\u00f3n contra la luz azul &#8211; Protecci\u00f3n FPS 30 de amplio espectro UVA\/UVB<\/p>\n","protected":false},"featured_media":5101,"template":"","meta":[],"product_brand":[],"product_cat":[152,147],"product_tag":[],"class_list":{"0":"post-6161","1":"product","2":"type-product","3":"status-publish","4":"has-post-thumbnail","6":"product_cat-proteccion-solar","7":"product_cat-tienda","9":"first","10":"instock","11":"shipping-taxable","12":"purchasable","13":"product-type-simple"},"yoast_head":"<!-- This site is optimized with the Yoast SEO plugin v27.4 - https:\/\/yoast.com\/product\/yoast-seo-wordpress\/ -->\n<title>Rebiome | ReFence Protector solar SPF 30 - Skin-Lab<\/title>\n<meta name=\"robots\" content=\"index, follow, max-snippet:-1, max-image-preview:large, max-video-preview:-1\" \/>\n<link rel=\"canonical\" href=\"https:\/\/www.skin-lab.be\/es\/producto\/rebiome-refence-protector-solar-spf-30\/\" \/>\n<meta property=\"og:locale\" content=\"es_ES\" \/>\n<meta property=\"og:type\" content=\"article\" \/>\n<meta property=\"og:title\" content=\"Rebiome | ReFence Protector solar SPF 30 - Skin-Lab\" \/>\n<meta property=\"og:description\" content=\"ReFence- Protector solar FPS 30 Protecci\u00f3n solar duradera y sedosa La crema de noche Rebiome ReMoisturize favorece la renovaci\u00f3n celular, reduce las arrugas y mejora la elasticidad de la piel. Protege de la contaminaci\u00f3n - Protecci\u00f3n contra la luz azul - Protecci\u00f3n FPS 30 de amplio espectro UVA\/UVB\" \/>\n<meta property=\"og:url\" content=\"https:\/\/www.skin-lab.be\/es\/producto\/rebiome-refence-protector-solar-spf-30\/\" \/>\n<meta property=\"og:site_name\" content=\"Skin-Lab\" \/>\n<meta property=\"article:modified_time\" content=\"2026-04-05T08:04:56+00:00\" \/>\n<meta property=\"og:image\" content=\"https:\/\/www.skin-lab.be\/wp-content\/uploads\/2025\/12\/REBIOME_REFENCE_Sunscreen.jpg\" \/>\n\t<meta property=\"og:image:width\" content=\"1000\" \/>\n\t<meta property=\"og:image:height\" content=\"1000\" \/>\n\t<meta property=\"og:image:type\" content=\"image\/jpeg\" \/>\n<meta name=\"twitter:card\" content=\"summary_large_image\" \/>\n<meta name=\"twitter:label1\" content=\"Tiempo de lectura\" \/>\n\t<meta name=\"twitter:data1\" content=\"8 minutos\" \/>\n<script type=\"application\/ld+json\" class=\"yoast-schema-graph\">{\"@context\":\"https:\\\/\\\/schema.org\",\"@graph\":[{\"@type\":\"WebPage\",\"@id\":\"https:\\\/\\\/www.skin-lab.be\\\/es\\\/producto\\\/rebiome-refence-protector-solar-spf-30\\\/\",\"url\":\"https:\\\/\\\/www.skin-lab.be\\\/es\\\/producto\\\/rebiome-refence-protector-solar-spf-30\\\/\",\"name\":\"Rebiome | ReFence Protector solar SPF 30 - Skin-Lab\",\"isPartOf\":{\"@id\":\"https:\\\/\\\/www.skin-lab.be\\\/es\\\/#website\"},\"primaryImageOfPage\":{\"@id\":\"https:\\\/\\\/www.skin-lab.be\\\/es\\\/producto\\\/rebiome-refence-protector-solar-spf-30\\\/#primaryimage\"},\"image\":{\"@id\":\"https:\\\/\\\/www.skin-lab.be\\\/es\\\/producto\\\/rebiome-refence-protector-solar-spf-30\\\/#primaryimage\"},\"thumbnailUrl\":\"https:\\\/\\\/www.skin-lab.be\\\/wp-content\\\/uploads\\\/2025\\\/12\\\/REBIOME_REFENCE_Sunscreen.jpg\",\"datePublished\":\"2025-12-09T10:25:20+00:00\",\"dateModified\":\"2026-04-05T08:04:56+00:00\",\"breadcrumb\":{\"@id\":\"https:\\\/\\\/www.skin-lab.be\\\/es\\\/producto\\\/rebiome-refence-protector-solar-spf-30\\\/#breadcrumb\"},\"inLanguage\":\"es\",\"potentialAction\":[{\"@type\":\"ReadAction\",\"target\":[\"https:\\\/\\\/www.skin-lab.be\\\/es\\\/producto\\\/rebiome-refence-protector-solar-spf-30\\\/\"]}]},{\"@type\":\"ImageObject\",\"inLanguage\":\"es\",\"@id\":\"https:\\\/\\\/www.skin-lab.be\\\/es\\\/producto\\\/rebiome-refence-protector-solar-spf-30\\\/#primaryimage\",\"url\":\"https:\\\/\\\/www.skin-lab.be\\\/wp-content\\\/uploads\\\/2025\\\/12\\\/REBIOME_REFENCE_Sunscreen.jpg\",\"contentUrl\":\"https:\\\/\\\/www.skin-lab.be\\\/wp-content\\\/uploads\\\/2025\\\/12\\\/REBIOME_REFENCE_Sunscreen.jpg\",\"width\":1000,\"height\":1000,\"caption\":\"Rebiome ReFence Sunscreen\"},{\"@type\":\"BreadcrumbList\",\"@id\":\"https:\\\/\\\/www.skin-lab.be\\\/es\\\/producto\\\/rebiome-refence-protector-solar-spf-30\\\/#breadcrumb\",\"itemListElement\":[{\"@type\":\"ListItem\",\"position\":1,\"name\":\"Home\",\"item\":\"https:\\\/\\\/www.skin-lab.be\\\/es\\\/\"},{\"@type\":\"ListItem\",\"position\":2,\"name\":\"Tienda\",\"item\":\"https:\\\/\\\/www.skin-lab.be\\\/es\\\/tienda\\\/\"},{\"@type\":\"ListItem\",\"position\":3,\"name\":\"Rebiome | ReFence Protector solar SPF 30\"}]},{\"@type\":\"WebSite\",\"@id\":\"https:\\\/\\\/www.skin-lab.be\\\/es\\\/#website\",\"url\":\"https:\\\/\\\/www.skin-lab.be\\\/es\\\/\",\"name\":\"Skin-Lab\",\"description\":\"Face &amp; Body Solutions\",\"publisher\":{\"@id\":\"https:\\\/\\\/www.skin-lab.be\\\/es\\\/#organization\"},\"potentialAction\":[{\"@type\":\"SearchAction\",\"target\":{\"@type\":\"EntryPoint\",\"urlTemplate\":\"https:\\\/\\\/www.skin-lab.be\\\/es\\\/?s={search_term_string}\"},\"query-input\":{\"@type\":\"PropertyValueSpecification\",\"valueRequired\":true,\"valueName\":\"search_term_string\"}}],\"inLanguage\":\"es\"},{\"@type\":\"Organization\",\"@id\":\"https:\\\/\\\/www.skin-lab.be\\\/es\\\/#organization\",\"name\":\"Skin-Lab bv\",\"url\":\"https:\\\/\\\/www.skin-lab.be\\\/es\\\/\",\"logo\":{\"@type\":\"ImageObject\",\"inLanguage\":\"es\",\"@id\":\"https:\\\/\\\/www.skin-lab.be\\\/es\\\/#\\\/schema\\\/logo\\\/image\\\/\",\"url\":\"https:\\\/\\\/www.skin-lab.be\\\/wp-content\\\/uploads\\\/2021\\\/02\\\/skinlablogo160px.png\",\"contentUrl\":\"https:\\\/\\\/www.skin-lab.be\\\/wp-content\\\/uploads\\\/2021\\\/02\\\/skinlablogo160px.png\",\"width\":520,\"height\":160,\"caption\":\"Skin-Lab bv\"},\"image\":{\"@id\":\"https:\\\/\\\/www.skin-lab.be\\\/es\\\/#\\\/schema\\\/logo\\\/image\\\/\"}}]}<\/script>\n<!-- \/ Yoast SEO plugin. -->","yoast_head_json":{"title":"Rebiome | ReFence Protector solar SPF 30 - Skin-Lab","robots":{"index":"index","follow":"follow","max-snippet":"max-snippet:-1","max-image-preview":"max-image-preview:large","max-video-preview":"max-video-preview:-1"},"canonical":"https:\/\/www.skin-lab.be\/es\/producto\/rebiome-refence-protector-solar-spf-30\/","og_locale":"es_ES","og_type":"article","og_title":"Rebiome | ReFence Protector solar SPF 30 - Skin-Lab","og_description":"ReFence- Protector solar FPS 30 Protecci\u00f3n solar duradera y sedosa La crema de noche Rebiome ReMoisturize favorece la renovaci\u00f3n celular, reduce las arrugas y mejora la elasticidad de la piel. Protege de la contaminaci\u00f3n - Protecci\u00f3n contra la luz azul - Protecci\u00f3n FPS 30 de amplio espectro UVA\/UVB","og_url":"https:\/\/www.skin-lab.be\/es\/producto\/rebiome-refence-protector-solar-spf-30\/","og_site_name":"Skin-Lab","article_modified_time":"2026-04-05T08:04:56+00:00","og_image":[{"width":1000,"height":1000,"url":"https:\/\/www.skin-lab.be\/wp-content\/uploads\/2025\/12\/REBIOME_REFENCE_Sunscreen.jpg","type":"image\/jpeg"}],"twitter_card":"summary_large_image","twitter_misc":{"Tiempo de lectura":"8 minutos"},"schema":{"@context":"https:\/\/schema.org","@graph":[{"@type":"WebPage","@id":"https:\/\/www.skin-lab.be\/es\/producto\/rebiome-refence-protector-solar-spf-30\/","url":"https:\/\/www.skin-lab.be\/es\/producto\/rebiome-refence-protector-solar-spf-30\/","name":"Rebiome | ReFence Protector solar SPF 30 - Skin-Lab","isPartOf":{"@id":"https:\/\/www.skin-lab.be\/es\/#website"},"primaryImageOfPage":{"@id":"https:\/\/www.skin-lab.be\/es\/producto\/rebiome-refence-protector-solar-spf-30\/#primaryimage"},"image":{"@id":"https:\/\/www.skin-lab.be\/es\/producto\/rebiome-refence-protector-solar-spf-30\/#primaryimage"},"thumbnailUrl":"https:\/\/www.skin-lab.be\/wp-content\/uploads\/2025\/12\/REBIOME_REFENCE_Sunscreen.jpg","datePublished":"2025-12-09T10:25:20+00:00","dateModified":"2026-04-05T08:04:56+00:00","breadcrumb":{"@id":"https:\/\/www.skin-lab.be\/es\/producto\/rebiome-refence-protector-solar-spf-30\/#breadcrumb"},"inLanguage":"es","potentialAction":[{"@type":"ReadAction","target":["https:\/\/www.skin-lab.be\/es\/producto\/rebiome-refence-protector-solar-spf-30\/"]}]},{"@type":"ImageObject","inLanguage":"es","@id":"https:\/\/www.skin-lab.be\/es\/producto\/rebiome-refence-protector-solar-spf-30\/#primaryimage","url":"https:\/\/www.skin-lab.be\/wp-content\/uploads\/2025\/12\/REBIOME_REFENCE_Sunscreen.jpg","contentUrl":"https:\/\/www.skin-lab.be\/wp-content\/uploads\/2025\/12\/REBIOME_REFENCE_Sunscreen.jpg","width":1000,"height":1000,"caption":"Rebiome ReFence Sunscreen"},{"@type":"BreadcrumbList","@id":"https:\/\/www.skin-lab.be\/es\/producto\/rebiome-refence-protector-solar-spf-30\/#breadcrumb","itemListElement":[{"@type":"ListItem","position":1,"name":"Home","item":"https:\/\/www.skin-lab.be\/es\/"},{"@type":"ListItem","position":2,"name":"Tienda","item":"https:\/\/www.skin-lab.be\/es\/tienda\/"},{"@type":"ListItem","position":3,"name":"Rebiome | ReFence Protector solar SPF 30"}]},{"@type":"WebSite","@id":"https:\/\/www.skin-lab.be\/es\/#website","url":"https:\/\/www.skin-lab.be\/es\/","name":"Skin-Lab","description":"Face &amp; Body Solutions","publisher":{"@id":"https:\/\/www.skin-lab.be\/es\/#organization"},"potentialAction":[{"@type":"SearchAction","target":{"@type":"EntryPoint","urlTemplate":"https:\/\/www.skin-lab.be\/es\/?s={search_term_string}"},"query-input":{"@type":"PropertyValueSpecification","valueRequired":true,"valueName":"search_term_string"}}],"inLanguage":"es"},{"@type":"Organization","@id":"https:\/\/www.skin-lab.be\/es\/#organization","name":"Skin-Lab bv","url":"https:\/\/www.skin-lab.be\/es\/","logo":{"@type":"ImageObject","inLanguage":"es","@id":"https:\/\/www.skin-lab.be\/es\/#\/schema\/logo\/image\/","url":"https:\/\/www.skin-lab.be\/wp-content\/uploads\/2021\/02\/skinlablogo160px.png","contentUrl":"https:\/\/www.skin-lab.be\/wp-content\/uploads\/2021\/02\/skinlablogo160px.png","width":520,"height":160,"caption":"Skin-Lab bv"},"image":{"@id":"https:\/\/www.skin-lab.be\/es\/#\/schema\/logo\/image\/"}}]}},"_links":{"self":[{"href":"https:\/\/www.skin-lab.be\/es\/wp-json\/wp\/v2\/product\/6161","targetHints":{"allow":["GET"]}}],"collection":[{"href":"https:\/\/www.skin-lab.be\/es\/wp-json\/wp\/v2\/product"}],"about":[{"href":"https:\/\/www.skin-lab.be\/es\/wp-json\/wp\/v2\/types\/product"}],"wp:featuredmedia":[{"embeddable":true,"href":"https:\/\/www.skin-lab.be\/es\/wp-json\/wp\/v2\/media\/5101"}],"wp:attachment":[{"href":"https:\/\/www.skin-lab.be\/es\/wp-json\/wp\/v2\/media?parent=6161"}],"wp:term":[{"taxonomy":"product_brand","embeddable":true,"href":"https:\/\/www.skin-lab.be\/es\/wp-json\/wp\/v2\/product_brand?post=6161"},{"taxonomy":"product_cat","embeddable":true,"href":"https:\/\/www.skin-lab.be\/es\/wp-json\/wp\/v2\/product_cat?post=6161"},{"taxonomy":"product_tag","embeddable":true,"href":"https:\/\/www.skin-lab.be\/es\/wp-json\/wp\/v2\/product_tag?post=6161"}],"curies":[{"name":"wp","href":"https:\/\/api.w.org\/{rel}","templated":true}]}}