{"id":6162,"date":"2025-12-09T11:22:04","date_gmt":"2025-12-09T10:22:04","guid":{"rendered":"https:\/\/www.skin-lab.be\/product\/rebiome-crema-rica-rehidratante\/"},"modified":"2026-04-05T10:05:41","modified_gmt":"2026-04-05T08:05:41","slug":"rebiome-crema-rica-rehidratante","status":"publish","type":"product","link":"https:\/\/www.skin-lab.be\/es\/producto\/rebiome-crema-rica-rehidratante\/","title":{"rendered":"Rebiome | Crema Rica Rehidratante"},"content":{"rendered":"<div class=\"accordian fusion-accordian\" style=\"--awb-border-size:1px;--awb-icon-size:13px;--awb-content-font-size:18px;--awb-icon-alignment:left;--awb-hover-color:#f9f9f9;--awb-border-color:#cccccc;--awb-background-color:#ffffff;--awb-divider-color:#b9afa1;--awb-divider-hover-color:#b9afa1;--awb-icon-color:#ffffff;--awb-title-color:var(--awb-custom13);--awb-content-color:#747474;--awb-icon-box-color:#6f727b;--awb-toggle-hover-accent-color:#b9afa1;--awb-title-font-family:&quot;Tenor Sans&quot;;--awb-title-font-weight:regular;--awb-title-font-style:normal;--awb-title-font-size:20px;--awb-content-font-family:&quot;Tenor Sans&quot;;--awb-content-font-style:normal;--awb-content-font-weight:regular;\"><div class=\"panel-group fusion-toggle-icon-boxed\" id=\"accordion-6162-1\"><div class=\"fusion-panel panel-default panel-4e00c81e43e484735 fusion-toggle-has-divider\" style=\"--awb-title-color:var(--awb-custom13);--awb-content-color:#747474;\"><div class=\"panel-heading\"><h4 class=\"panel-title toggle\" id=\"toggle_4e00c81e43e484735\"><a aria-expanded=\"false\" aria-controls=\"4e00c81e43e484735\" role=\"button\" data-toggle=\"collapse\" data-parent=\"#accordion-6162-1\" data-target=\"#4e00c81e43e484735\" href=\"#4e00c81e43e484735\"><span class=\"fusion-toggle-icon-wrapper\" aria-hidden=\"true\"><i class=\"fa-fusion-box active-icon awb-icon-minus\" aria-hidden=\"true\"><\/i><i class=\"fa-fusion-box inactive-icon awb-icon-plus\" aria-hidden=\"true\"><\/i><\/span><span class=\"fusion-toggle-heading\">Informaci\u00f3n del producto<\/span><\/a><\/h4><\/div><div id=\"4e00c81e43e484735\" class=\"panel-collapse collapse \" aria-labelledby=\"toggle_4e00c81e43e484735\"><div class=\"panel-body toggle-content fusion-clearfix\"><\/p>\n<p><strong>Crema de noche hidratante reparadora de la barrera<br \/>\n<\/strong>La crema de noche Rebiome ReMoisturize favorece la renovaci\u00f3n celular, reduce las arrugas y mejora la elasticidad de la piel.<br \/>\n<strong><br \/>\nEquilibra el microbioma de tu piel<br \/>\n<\/strong>Restaura la barrera cut\u00e1nea. Ayuda a reducir las arrugas visibles y preserva la elasticidad de la piel. Contiene el exclusivo p\u00e9ptido Fensebioom\u2122 que estimula la actividad probi\u00f3tica natural de la piel. Enriquecida con un potente c\u00f3ctel de antioxidantes, vitamina E, escualeno de oliva, microalgas preciosas, amino\u00e1cidos naturales, t\u00e9 verde, aceite de almendras, manteca de karit\u00e9 y nonifruit antibacteriano. Todo ello dise\u00f1ado para aumentar el suministro de ox\u00edgeno a las c\u00e9lulas cansadas y promover la renovaci\u00f3n celular. Mejora la funci\u00f3n general de barrera de la piel.<\/p>\n<p><\/div><\/div><\/div><div class=\"fusion-panel panel-default panel-991deaa2b2e21d1c1 fusion-toggle-has-divider\" style=\"--awb-title-color:var(--awb-custom13);--awb-content-color:#747474;\"><div class=\"panel-heading\"><h4 class=\"panel-title toggle\" id=\"toggle_991deaa2b2e21d1c1\"><a aria-expanded=\"false\" aria-controls=\"991deaa2b2e21d1c1\" role=\"button\" data-toggle=\"collapse\" data-parent=\"#accordion-6162-1\" data-target=\"#991deaa2b2e21d1c1\" href=\"#991deaa2b2e21d1c1\"><span class=\"fusion-toggle-icon-wrapper\" aria-hidden=\"true\"><i class=\"fa-fusion-box active-icon awb-icon-minus\" aria-hidden=\"true\"><\/i><i class=\"fa-fusion-box inactive-icon awb-icon-plus\" aria-hidden=\"true\"><\/i><\/span><span class=\"fusion-toggle-heading\">Utiliza<\/span><\/a><\/h4><\/div><div id=\"991deaa2b2e21d1c1\" class=\"panel-collapse collapse \" aria-labelledby=\"toggle_991deaa2b2e21d1c1\"><div class=\"panel-body toggle-content fusion-clearfix\"><\/p>\n<p>Aplica 1-2 pulsaciones de Rebiome ReMoisturize en la cara y el cuello despu\u00e9s de la limpieza y el suero opcional.<br \/>\nPara uso diario.<br \/>\nAdecuado para todo tipo de pieles.<\/p>\n<p>pH v\u00e6rdi: pH 5,0<br \/>\n&gt;str: 50ml<br \/>\ncontenido natural: 99% de contenido natural.<\/p>\n<p><\/div><\/div><\/div><div class=\"fusion-panel panel-default panel-afac1b6fc6e51b74a fusion-toggle-has-divider\" style=\"--awb-title-color:var(--awb-custom13);--awb-content-color:#747474;\"><div class=\"panel-heading\"><h4 class=\"panel-title toggle\" id=\"toggle_afac1b6fc6e51b74a\"><a aria-expanded=\"false\" aria-controls=\"afac1b6fc6e51b74a\" role=\"button\" data-toggle=\"collapse\" data-parent=\"#accordion-6162-1\" data-target=\"#afac1b6fc6e51b74a\" href=\"#afac1b6fc6e51b74a\"><span class=\"fusion-toggle-icon-wrapper\" aria-hidden=\"true\"><i class=\"fa-fusion-box active-icon awb-icon-minus\" aria-hidden=\"true\"><\/i><i class=\"fa-fusion-box inactive-icon awb-icon-plus\" aria-hidden=\"true\"><\/i><\/span><span class=\"fusion-toggle-heading\">Ingredientes principales<\/span><\/a><\/h4><\/div><div id=\"afac1b6fc6e51b74a\" class=\"panel-collapse collapse \" aria-labelledby=\"toggle_afac1b6fc6e51b74a\"><div class=\"panel-body toggle-content fusion-clearfix\"><\/p>\n<ul>\n<li><strong>Escualano Natural de Oliva 6%<br \/>\n<\/strong>Aceite muy nutritivo y activo, conocido por sus fuertes efectos antioxidantes que ayudan a proteger la piel de la luz solar, absorbe las toxinas y los metales pesados para protegerla de los factores estresantes del medio ambiente. El escualano tambi\u00e9n hidrata y suaviza la piel. <\/li>\n<li><strong>Manteca de karit\u00e9 3%<br \/>\n<\/strong>Rica en vitaminas y minerales, vitaminas A y E en particular, la manteca de karit\u00e9 es conocida por sus efectos beneficiosos sobre la piel. Hidrata, nutre, calma y protege contra los elementos. <\/li>\n<li><strong>Fensebiome\u2122 P\u00e9ptido Amino\u00e1cido 1%<br \/>\n<\/strong>Un potente p\u00e9ptido con un enfoque prebi\u00f3tico y actividad probi\u00f3tica. Estimula la actividad probi\u00f3tica natural de la piel y refuerza las defensas promoviendo bacterias beneficiosas que mejoran la respuesta inmunitaria de la piel y la integridad de la barrera f\u00edsica. El exclusivo activo estimulante del microbioma ayuda a reequilibrar la salud de la piel para un bienestar \u00f3ptimo.  <\/li>\n<li>Quora Noni <strong>Planta Activa 1%<br \/>\n<\/strong>Un microbioma bioactivo superior y potente que reequilibra la microbiota, Quora Noni, derivado de la planta del Noni, Morinda citrifolia, bloquea las se\u00f1ales de comunicaci\u00f3n intercelular de las bacterias del microbioma para evitar las bacterias da\u00f1inas de la piel y promover las bacterias buenas. Los beneficios para la piel son numerosos: protecci\u00f3n y equilibrio del microbioma cut\u00e1neo, promoviendo la salud de la piel; prevenci\u00f3n de la alteraci\u00f3n de la barrera cut\u00e1nea; reducci\u00f3n activa del tama\u00f1o de los poros; regulaci\u00f3n del sebo y de las imperfecciones cut\u00e1neas, incluidas las afecciones de la piel grasa y propensa al acn\u00e9. <\/li>\n<li><strong>Ecto\u00edna natural 1%<br \/>\n<\/strong>Esta mol\u00e9cula de amino\u00e1cidos naturales ultrapotente con un enfoque prebi\u00f3tico y efecto probi\u00f3tico protege contra los factores estresantes, detiene y previene el da\u00f1o celular y restaura y regenera la piel envejecida, estresada, abultada e irritada. La ecto\u00edna ofrece una amplia gama de beneficios: protecci\u00f3n celular, anticontaminaci\u00f3n e -inflamaci\u00f3n, mejora de las arrugas, hidrataci\u00f3n a largo plazo y restauraci\u00f3n de la barrera cut\u00e1nea, blanqueamiento y aclarado. <\/li>\n<li><strong>Aceite de almendras dulces 1%<br \/>\n<\/strong>Con una alta concentraci\u00f3n de \u00e1cidos grasos omega 9 y omega 6 que desempe\u00f1an un papel crucial en la regeneraci\u00f3n de la piel, el aceite de almendras dulces tiene propiedades hidratantes y calmantes especialmente indicadas para pieles sensibles.<\/li>\n<li><strong>Activo Marino Antiarrugas 0,5%<br \/>\n<\/strong>Un ingrediente clave que ayuda a fortalecer la piel y restaurar su flexibilidad, luminosidad y belleza naturales. Este potente activo antiarrugas estimula la producci\u00f3n de prote\u00ednas estructurales de la piel, aumentando significativamente la producci\u00f3n de col\u00e1geno. <\/li>\n<li><strong>T\u00e9 verde 0,5%<br \/>\n<\/strong>Ingrediente natural potente y activo derivado de las hojas de las plantas de t\u00e9 verde, es rico en polifenoles estabilizados (&gt;95%) para combatir eficazmente los signos del envejecimiento y el estr\u00e9s y proteger la piel de los elementos.<\/li>\n<li><strong>Vitamina E natural 0,5%<br \/>\n<\/strong>Con efectos antioxidantes naturales y derivada de fuentes naturales, la vitamina E se considera la vitamina protectora de la piel m\u00e1s importante, ya que garantiza que la piel est\u00e9 suave y tersa y reduce la irritaci\u00f3n.<\/li>\n<\/ul>\n<p><\/div><\/div><\/div><div class=\"fusion-panel panel-default panel-f81282afd462e2969 fusion-toggle-has-divider\" style=\"--awb-title-color:var(--awb-custom13);--awb-content-color:#747474;\"><div class=\"panel-heading\"><h4 class=\"panel-title toggle\" id=\"toggle_f81282afd462e2969\"><a aria-expanded=\"false\" aria-controls=\"f81282afd462e2969\" role=\"button\" data-toggle=\"collapse\" data-parent=\"#accordion-6162-1\" data-target=\"#f81282afd462e2969\" href=\"#f81282afd462e2969\"><span class=\"fusion-toggle-icon-wrapper\" aria-hidden=\"true\"><i class=\"fa-fusion-box active-icon awb-icon-minus\" aria-hidden=\"true\"><\/i><i class=\"fa-fusion-box inactive-icon awb-icon-plus\" aria-hidden=\"true\"><\/i><\/span><span class=\"fusion-toggle-heading\">Todos los ingredientes:<\/span><\/a><\/h4><\/div><div id=\"f81282afd462e2969\" class=\"panel-collapse collapse \" aria-labelledby=\"toggle_f81282afd462e2969\"><div class=\"panel-body toggle-content fusion-clearfix\"><\/p>\n<p>Agua, Aceite de Hueso de Prunus Armeniaca, Escualeno, Triglic\u00e9rido Capr\u00edlico\/C\u00e1prico, Glicerina, Alcohol Cetear\u00edlico, Olivato de Etilhexilo Hidrogenado, Manteca de Butyrospermum Parkii, Aceite de Semilla de Ricinus Communis, Estearato de Glicerilo, Prote\u00edna de Trigo Hidrolizada con Palmitoil de Potasio, Aceite de Semilla de Adansonia Digitata, Ecto\u00edna, Aceite de Prunus Amygdalus Dulcis, Fenoxietanol, Aceite Vegetal Hidrogenado, Palmitoyl Extracto de Camellia Sinensis, Fitoesteroles, Goma Xantana, Tocoferol, Lisado de Cultivo de Callo de Morinda Citrifolia, Aceite de Semilla de Helianthus Annuus, Caprilil Glicol, Fitato de Sodio, Extracto de Cylindrotheca Fusiformis, \u00c1cido C\u00edtrico, Acetil Heptapeptido-4, Perfume.<\/p>\n<p><\/div><\/div><\/div><div class=\"fusion-panel panel-default panel-a7f92ce326f3a5f8b fusion-toggle-has-divider\" style=\"--awb-title-color:var(--awb-custom13);--awb-content-color:#747474;\"><div class=\"panel-heading\"><h4 class=\"panel-title toggle\" id=\"toggle_a7f92ce326f3a5f8b\"><a aria-expanded=\"false\" aria-controls=\"a7f92ce326f3a5f8b\" role=\"button\" data-toggle=\"collapse\" data-parent=\"#accordion-6162-1\" data-target=\"#a7f92ce326f3a5f8b\" href=\"#a7f92ce326f3a5f8b\"><span class=\"fusion-toggle-icon-wrapper\" aria-hidden=\"true\"><i class=\"fa-fusion-box active-icon awb-icon-minus\" aria-hidden=\"true\"><\/i><i class=\"fa-fusion-box inactive-icon awb-icon-plus\" aria-hidden=\"true\"><\/i><\/span><span class=\"fusion-toggle-heading\">Env\u00edo, pol\u00edtica de devoluciones, reclamaciones:<\/span><\/a><\/h4><\/div><div id=\"a7f92ce326f3a5f8b\" class=\"panel-collapse collapse \" aria-labelledby=\"toggle_a7f92ce326f3a5f8b\"><div class=\"panel-body toggle-content fusion-clearfix\"><\/p>\n<p><strong>Pol\u00edtica de env\u00edos<\/strong><\/p>\n<p>Una vez recibido tu pedido en l\u00ednea, tu compra se <strong>procesar\u00e1 inmediatamente<\/strong> y se preparar\u00e1 para el env\u00edo.<br \/>\nLos productos se enviar\u00e1n a la direcci\u00f3n que hayas indicado al realizar el pedido.<\/p>\n<ul>\n<li><strong>Gastos de env\u00edo:<\/strong> 5 euros por pedido<\/li>\n<li><strong>Entrega:<\/strong> en B\u00e9lgica<\/li>\n<li><strong>Env\u00edo:<\/strong> lo antes posible tras el pedido, dependiendo del transportista<\/li>\n<\/ul>\n<p>Skin-Lab no se hace responsable de los retrasos que se produzcan fuera de nuestro control, como por ejemplo con el servicio de transporte.<\/p>\n<p><u>Condiciones de tu pedido<\/u>: <a href=\"https:\/\/www.skin-lab.be\/wp-content\/uploads\/2025\/12\/voorwaarden-en-aansprakelijkheid.pdf\" target=\"_blank\" rel=\"noopener\">condiciones y responsabilidad<\/a><\/p>\n<p><strong> <\/strong><strong> <\/strong><\/p>\n<p><strong>Pol\u00edtica de devoluciones y derecho de desistimiento<\/strong><\/p>\n<p>De acuerdo con la legislaci\u00f3n belga y europea, como consumidor tienes derecho a revocar <strong>tu compra en un plazo de 14 d\u00edas naturales<\/strong> a partir de la fecha de recepci\u00f3n <strong>, sin indicar motivo alguno<\/strong>.<\/p>\n<p><strong>Condiciones de devoluci\u00f3n<\/strong><\/p>\n<p>La devoluci\u00f3n es posible <strong>siempre que se cumplan las siguientes condiciones<\/strong>:<\/p>\n<ul>\n<li>El producto <strong>no se ha utilizado<\/strong><\/li>\n<li><strong>No se ha abierto<\/strong> el <strong>embalaje original o precintado<\/strong><\/li>\n<li>El producto est\u00e1 <strong>intacto<\/strong> y en condiciones de venta<\/li>\n<li>El producto se devolver\u00e1 correctamente y cuidadosamente embalado a cargo del cliente a Skin-Lab bv &#8211; Heistraat 23\/1 &#8211; 2491 Balen<\/li>\n<\/ul>\n<p><strong>No podemos aceptar productos cuyo embalaje o el propio producto hayan sido abiertos, utilizados o da\u00f1ados por razones de higiene y seguridad.<\/strong><\/p>\n<p>Esto est\u00e1 en consonancia con la excepci\u00f3n legal al derecho de desistimiento para los <strong>productos cosm\u00e9ticos y de cuidado personal precintados<\/strong>.<\/p>\n<p><strong>Devoluci\u00f3n<\/strong><\/p>\n<p>Cuando el producto devuelto cumpla las condiciones anteriores:<\/p>\n<ul>\n<li>se reembolsar\u00e1 <strong>la totalidad del precio de compra<\/strong> <\/li>\n<li>mediante el <strong>mismo m\u00e9todo de pago<\/strong> utilizado para la compra original<\/li>\n<li>lo antes posible tras la recepci\u00f3n e inspecci\u00f3n del producto<\/li>\n<\/ul>\n<p>Los gastos de env\u00edo de las devoluciones corren, de acuerdo con la ley, a <strong>cargo del cliente<\/strong>, a menos que se acuerde otra cosa.<\/p>\n<p><strong>\u00bfC\u00f3mo registrar una devoluci\u00f3n?<\/strong><\/p>\n<p>Para procesar correctamente una devoluci\u00f3n, ponte <strong>primero<\/strong> en contacto con nosotros por correo electr\u00f3nico:<\/p>\n<p><strong>shop@skin-lab.be<\/strong><\/p>\n<p>Por favor, menci\u00f3nalo:<\/p>\n<ul>\n<li>tu nombre<\/li>\n<li>n\u00famero de pedido<\/li>\n<li>el producto que deseas devolver<\/li>\n<\/ul>\n<p>A continuaci\u00f3n, te daremos m\u00e1s instrucciones.<\/p>\n<p><strong>Quejas o preguntas<\/strong><\/p>\n<p>Si tienes alguna pregunta, comentario o queja sobre tu pedido o un producto entregado, siempre puedes ponerte en contacto con nosotros en<\/p>\n<p><strong>shop@skin-lab.be<\/strong><\/p>\n<p>Tratamos cada consulta con la debida atenci\u00f3n y nos esforzamos por conseguir una soluci\u00f3n r\u00e1pida y correcta.<\/p>\n<p><\/div><\/div><\/div><\/div><\/div>\n","protected":false},"excerpt":{"rendered":"<p><strong><u>R<\/u><\/strong><strong>eMoisturize<\/strong>&#8211; Crema de noche<\/p>\n<p><strong>Crema de noche hidratante restauradora<\/strong> de la barrera<\/p>\n<p>La crema de noche ReMoisturize de Rebiome favorece la renovaci\u00f3n celular, reduce las arrugas y mejora la elasticidad de la piel.<\/p>\n<p>Restaura la barrera cut\u00e1nea &#8211; Renovaci\u00f3n celular &#8211; Mejora la elasticidad &#8211; Reduce las arrugas<\/p>\n","protected":false},"featured_media":5098,"template":"","meta":[],"product_brand":[],"product_cat":[149,147],"product_tag":[],"class_list":{"0":"post-6162","1":"product","2":"type-product","3":"status-publish","4":"has-post-thumbnail","6":"product_cat-crema","7":"product_cat-tienda","9":"first","10":"instock","11":"shipping-taxable","12":"purchasable","13":"product-type-simple"},"yoast_head":"<!-- This site is optimized with the Yoast SEO plugin v27.4 - https:\/\/yoast.com\/product\/yoast-seo-wordpress\/ -->\n<title>Rebiome | Crema Rica Rehidratante - Skin-Lab<\/title>\n<meta name=\"robots\" content=\"index, follow, max-snippet:-1, max-image-preview:large, max-video-preview:-1\" \/>\n<link rel=\"canonical\" href=\"https:\/\/www.skin-lab.be\/es\/producto\/rebiome-crema-rica-rehidratante\/\" \/>\n<meta property=\"og:locale\" content=\"es_ES\" \/>\n<meta property=\"og:type\" content=\"article\" \/>\n<meta property=\"og:title\" content=\"Rebiome | Crema Rica Rehidratante - Skin-Lab\" \/>\n<meta property=\"og:description\" content=\"ReMoisturize- Crema de noche Crema de noche hidratante restauradora de la barrera La crema de noche ReMoisturize de Rebiome favorece la renovaci\u00f3n celular, reduce las arrugas y mejora la elasticidad de la piel. Restaura la barrera cut\u00e1nea - Renovaci\u00f3n celular - Mejora la elasticidad - Reduce las arrugas\" \/>\n<meta property=\"og:url\" content=\"https:\/\/www.skin-lab.be\/es\/producto\/rebiome-crema-rica-rehidratante\/\" \/>\n<meta property=\"og:site_name\" content=\"Skin-Lab\" \/>\n<meta property=\"article:modified_time\" content=\"2026-04-05T08:05:41+00:00\" \/>\n<meta property=\"og:image\" content=\"https:\/\/www.skin-lab.be\/wp-content\/uploads\/2025\/12\/Rebiome_ReMoisturizeRichCream.jpg\" \/>\n\t<meta property=\"og:image:width\" content=\"1000\" \/>\n\t<meta property=\"og:image:height\" content=\"1000\" \/>\n\t<meta property=\"og:image:type\" content=\"image\/jpeg\" \/>\n<meta name=\"twitter:card\" content=\"summary_large_image\" \/>\n<meta name=\"twitter:label1\" content=\"Tiempo de lectura\" \/>\n\t<meta name=\"twitter:data1\" content=\"8 minutos\" \/>\n<script type=\"application\/ld+json\" class=\"yoast-schema-graph\">{\"@context\":\"https:\\\/\\\/schema.org\",\"@graph\":[{\"@type\":\"WebPage\",\"@id\":\"https:\\\/\\\/www.skin-lab.be\\\/es\\\/producto\\\/rebiome-crema-rica-rehidratante\\\/\",\"url\":\"https:\\\/\\\/www.skin-lab.be\\\/es\\\/producto\\\/rebiome-crema-rica-rehidratante\\\/\",\"name\":\"Rebiome | Crema Rica Rehidratante - Skin-Lab\",\"isPartOf\":{\"@id\":\"https:\\\/\\\/www.skin-lab.be\\\/es\\\/#website\"},\"primaryImageOfPage\":{\"@id\":\"https:\\\/\\\/www.skin-lab.be\\\/es\\\/producto\\\/rebiome-crema-rica-rehidratante\\\/#primaryimage\"},\"image\":{\"@id\":\"https:\\\/\\\/www.skin-lab.be\\\/es\\\/producto\\\/rebiome-crema-rica-rehidratante\\\/#primaryimage\"},\"thumbnailUrl\":\"https:\\\/\\\/www.skin-lab.be\\\/wp-content\\\/uploads\\\/2025\\\/12\\\/Rebiome_ReMoisturizeRichCream.jpg\",\"datePublished\":\"2025-12-09T10:22:04+00:00\",\"dateModified\":\"2026-04-05T08:05:41+00:00\",\"breadcrumb\":{\"@id\":\"https:\\\/\\\/www.skin-lab.be\\\/es\\\/producto\\\/rebiome-crema-rica-rehidratante\\\/#breadcrumb\"},\"inLanguage\":\"es\",\"potentialAction\":[{\"@type\":\"ReadAction\",\"target\":[\"https:\\\/\\\/www.skin-lab.be\\\/es\\\/producto\\\/rebiome-crema-rica-rehidratante\\\/\"]}]},{\"@type\":\"ImageObject\",\"inLanguage\":\"es\",\"@id\":\"https:\\\/\\\/www.skin-lab.be\\\/es\\\/producto\\\/rebiome-crema-rica-rehidratante\\\/#primaryimage\",\"url\":\"https:\\\/\\\/www.skin-lab.be\\\/wp-content\\\/uploads\\\/2025\\\/12\\\/Rebiome_ReMoisturizeRichCream.jpg\",\"contentUrl\":\"https:\\\/\\\/www.skin-lab.be\\\/wp-content\\\/uploads\\\/2025\\\/12\\\/Rebiome_ReMoisturizeRichCream.jpg\",\"width\":1000,\"height\":1000,\"caption\":\"Rebiome ReMoisturize Rich Cream\"},{\"@type\":\"BreadcrumbList\",\"@id\":\"https:\\\/\\\/www.skin-lab.be\\\/es\\\/producto\\\/rebiome-crema-rica-rehidratante\\\/#breadcrumb\",\"itemListElement\":[{\"@type\":\"ListItem\",\"position\":1,\"name\":\"Home\",\"item\":\"https:\\\/\\\/www.skin-lab.be\\\/es\\\/\"},{\"@type\":\"ListItem\",\"position\":2,\"name\":\"Tienda\",\"item\":\"https:\\\/\\\/www.skin-lab.be\\\/es\\\/tienda\\\/\"},{\"@type\":\"ListItem\",\"position\":3,\"name\":\"Rebiome | Crema Rica Rehidratante\"}]},{\"@type\":\"WebSite\",\"@id\":\"https:\\\/\\\/www.skin-lab.be\\\/es\\\/#website\",\"url\":\"https:\\\/\\\/www.skin-lab.be\\\/es\\\/\",\"name\":\"Skin-Lab\",\"description\":\"Face &amp; Body Solutions\",\"publisher\":{\"@id\":\"https:\\\/\\\/www.skin-lab.be\\\/es\\\/#organization\"},\"potentialAction\":[{\"@type\":\"SearchAction\",\"target\":{\"@type\":\"EntryPoint\",\"urlTemplate\":\"https:\\\/\\\/www.skin-lab.be\\\/es\\\/?s={search_term_string}\"},\"query-input\":{\"@type\":\"PropertyValueSpecification\",\"valueRequired\":true,\"valueName\":\"search_term_string\"}}],\"inLanguage\":\"es\"},{\"@type\":\"Organization\",\"@id\":\"https:\\\/\\\/www.skin-lab.be\\\/es\\\/#organization\",\"name\":\"Skin-Lab bv\",\"url\":\"https:\\\/\\\/www.skin-lab.be\\\/es\\\/\",\"logo\":{\"@type\":\"ImageObject\",\"inLanguage\":\"es\",\"@id\":\"https:\\\/\\\/www.skin-lab.be\\\/es\\\/#\\\/schema\\\/logo\\\/image\\\/\",\"url\":\"https:\\\/\\\/www.skin-lab.be\\\/wp-content\\\/uploads\\\/2021\\\/02\\\/skinlablogo160px.png\",\"contentUrl\":\"https:\\\/\\\/www.skin-lab.be\\\/wp-content\\\/uploads\\\/2021\\\/02\\\/skinlablogo160px.png\",\"width\":520,\"height\":160,\"caption\":\"Skin-Lab bv\"},\"image\":{\"@id\":\"https:\\\/\\\/www.skin-lab.be\\\/es\\\/#\\\/schema\\\/logo\\\/image\\\/\"}}]}<\/script>\n<!-- \/ Yoast SEO plugin. -->","yoast_head_json":{"title":"Rebiome | Crema Rica Rehidratante - Skin-Lab","robots":{"index":"index","follow":"follow","max-snippet":"max-snippet:-1","max-image-preview":"max-image-preview:large","max-video-preview":"max-video-preview:-1"},"canonical":"https:\/\/www.skin-lab.be\/es\/producto\/rebiome-crema-rica-rehidratante\/","og_locale":"es_ES","og_type":"article","og_title":"Rebiome | Crema Rica Rehidratante - Skin-Lab","og_description":"ReMoisturize- Crema de noche Crema de noche hidratante restauradora de la barrera La crema de noche ReMoisturize de Rebiome favorece la renovaci\u00f3n celular, reduce las arrugas y mejora la elasticidad de la piel. Restaura la barrera cut\u00e1nea - Renovaci\u00f3n celular - Mejora la elasticidad - Reduce las arrugas","og_url":"https:\/\/www.skin-lab.be\/es\/producto\/rebiome-crema-rica-rehidratante\/","og_site_name":"Skin-Lab","article_modified_time":"2026-04-05T08:05:41+00:00","og_image":[{"width":1000,"height":1000,"url":"https:\/\/www.skin-lab.be\/wp-content\/uploads\/2025\/12\/Rebiome_ReMoisturizeRichCream.jpg","type":"image\/jpeg"}],"twitter_card":"summary_large_image","twitter_misc":{"Tiempo de lectura":"8 minutos"},"schema":{"@context":"https:\/\/schema.org","@graph":[{"@type":"WebPage","@id":"https:\/\/www.skin-lab.be\/es\/producto\/rebiome-crema-rica-rehidratante\/","url":"https:\/\/www.skin-lab.be\/es\/producto\/rebiome-crema-rica-rehidratante\/","name":"Rebiome | Crema Rica Rehidratante - Skin-Lab","isPartOf":{"@id":"https:\/\/www.skin-lab.be\/es\/#website"},"primaryImageOfPage":{"@id":"https:\/\/www.skin-lab.be\/es\/producto\/rebiome-crema-rica-rehidratante\/#primaryimage"},"image":{"@id":"https:\/\/www.skin-lab.be\/es\/producto\/rebiome-crema-rica-rehidratante\/#primaryimage"},"thumbnailUrl":"https:\/\/www.skin-lab.be\/wp-content\/uploads\/2025\/12\/Rebiome_ReMoisturizeRichCream.jpg","datePublished":"2025-12-09T10:22:04+00:00","dateModified":"2026-04-05T08:05:41+00:00","breadcrumb":{"@id":"https:\/\/www.skin-lab.be\/es\/producto\/rebiome-crema-rica-rehidratante\/#breadcrumb"},"inLanguage":"es","potentialAction":[{"@type":"ReadAction","target":["https:\/\/www.skin-lab.be\/es\/producto\/rebiome-crema-rica-rehidratante\/"]}]},{"@type":"ImageObject","inLanguage":"es","@id":"https:\/\/www.skin-lab.be\/es\/producto\/rebiome-crema-rica-rehidratante\/#primaryimage","url":"https:\/\/www.skin-lab.be\/wp-content\/uploads\/2025\/12\/Rebiome_ReMoisturizeRichCream.jpg","contentUrl":"https:\/\/www.skin-lab.be\/wp-content\/uploads\/2025\/12\/Rebiome_ReMoisturizeRichCream.jpg","width":1000,"height":1000,"caption":"Rebiome ReMoisturize Rich Cream"},{"@type":"BreadcrumbList","@id":"https:\/\/www.skin-lab.be\/es\/producto\/rebiome-crema-rica-rehidratante\/#breadcrumb","itemListElement":[{"@type":"ListItem","position":1,"name":"Home","item":"https:\/\/www.skin-lab.be\/es\/"},{"@type":"ListItem","position":2,"name":"Tienda","item":"https:\/\/www.skin-lab.be\/es\/tienda\/"},{"@type":"ListItem","position":3,"name":"Rebiome | Crema Rica Rehidratante"}]},{"@type":"WebSite","@id":"https:\/\/www.skin-lab.be\/es\/#website","url":"https:\/\/www.skin-lab.be\/es\/","name":"Skin-Lab","description":"Face &amp; Body Solutions","publisher":{"@id":"https:\/\/www.skin-lab.be\/es\/#organization"},"potentialAction":[{"@type":"SearchAction","target":{"@type":"EntryPoint","urlTemplate":"https:\/\/www.skin-lab.be\/es\/?s={search_term_string}"},"query-input":{"@type":"PropertyValueSpecification","valueRequired":true,"valueName":"search_term_string"}}],"inLanguage":"es"},{"@type":"Organization","@id":"https:\/\/www.skin-lab.be\/es\/#organization","name":"Skin-Lab bv","url":"https:\/\/www.skin-lab.be\/es\/","logo":{"@type":"ImageObject","inLanguage":"es","@id":"https:\/\/www.skin-lab.be\/es\/#\/schema\/logo\/image\/","url":"https:\/\/www.skin-lab.be\/wp-content\/uploads\/2021\/02\/skinlablogo160px.png","contentUrl":"https:\/\/www.skin-lab.be\/wp-content\/uploads\/2021\/02\/skinlablogo160px.png","width":520,"height":160,"caption":"Skin-Lab bv"},"image":{"@id":"https:\/\/www.skin-lab.be\/es\/#\/schema\/logo\/image\/"}}]}},"_links":{"self":[{"href":"https:\/\/www.skin-lab.be\/es\/wp-json\/wp\/v2\/product\/6162","targetHints":{"allow":["GET"]}}],"collection":[{"href":"https:\/\/www.skin-lab.be\/es\/wp-json\/wp\/v2\/product"}],"about":[{"href":"https:\/\/www.skin-lab.be\/es\/wp-json\/wp\/v2\/types\/product"}],"wp:featuredmedia":[{"embeddable":true,"href":"https:\/\/www.skin-lab.be\/es\/wp-json\/wp\/v2\/media\/5098"}],"wp:attachment":[{"href":"https:\/\/www.skin-lab.be\/es\/wp-json\/wp\/v2\/media?parent=6162"}],"wp:term":[{"taxonomy":"product_brand","embeddable":true,"href":"https:\/\/www.skin-lab.be\/es\/wp-json\/wp\/v2\/product_brand?post=6162"},{"taxonomy":"product_cat","embeddable":true,"href":"https:\/\/www.skin-lab.be\/es\/wp-json\/wp\/v2\/product_cat?post=6162"},{"taxonomy":"product_tag","embeddable":true,"href":"https:\/\/www.skin-lab.be\/es\/wp-json\/wp\/v2\/product_tag?post=6162"}],"curies":[{"name":"wp","href":"https:\/\/api.w.org\/{rel}","templated":true}]}}