{"id":6163,"date":"2025-12-09T11:19:03","date_gmt":"2025-12-09T10:19:03","guid":{"rendered":"https:\/\/www.skin-lab.be\/product\/rebiome-crema-renovadora-reenforce\/"},"modified":"2026-04-05T10:06:17","modified_gmt":"2026-04-05T08:06:17","slug":"rebiome-crema-renovadora-reenforce","status":"publish","type":"product","link":"https:\/\/www.skin-lab.be\/es\/producto\/rebiome-crema-renovadora-reenforce\/","title":{"rendered":"Rebiome | Crema Renovadora ReEnforce"},"content":{"rendered":"<div class=\"accordian fusion-accordian\" style=\"--awb-border-size:1px;--awb-icon-size:13px;--awb-content-font-size:18px;--awb-icon-alignment:left;--awb-hover-color:#f9f9f9;--awb-border-color:#cccccc;--awb-background-color:#ffffff;--awb-divider-color:#b9afa1;--awb-divider-hover-color:#b9afa1;--awb-icon-color:#ffffff;--awb-title-color:var(--awb-custom13);--awb-content-color:#747474;--awb-icon-box-color:#6f727b;--awb-toggle-hover-accent-color:#b9afa1;--awb-title-font-family:&quot;Tenor Sans&quot;;--awb-title-font-weight:regular;--awb-title-font-style:normal;--awb-title-font-size:20px;--awb-content-font-family:&quot;Tenor Sans&quot;;--awb-content-font-style:normal;--awb-content-font-weight:regular;\"><div class=\"panel-group fusion-toggle-icon-boxed\" id=\"accordion-6163-1\"><div class=\"fusion-panel panel-default panel-c917de4da6ec3863a fusion-toggle-has-divider\" style=\"--awb-title-color:var(--awb-custom13);--awb-content-color:#747474;\"><div class=\"panel-heading\"><h4 class=\"panel-title toggle\" id=\"toggle_c917de4da6ec3863a\"><a aria-expanded=\"false\" aria-controls=\"c917de4da6ec3863a\" role=\"button\" data-toggle=\"collapse\" data-parent=\"#accordion-6163-1\" data-target=\"#c917de4da6ec3863a\" href=\"#c917de4da6ec3863a\"><span class=\"fusion-toggle-icon-wrapper\" aria-hidden=\"true\"><i class=\"fa-fusion-box active-icon awb-icon-minus\" aria-hidden=\"true\"><\/i><i class=\"fa-fusion-box inactive-icon awb-icon-plus\" aria-hidden=\"true\"><\/i><\/span><span class=\"fusion-toggle-heading\">Informaci\u00f3n del producto<\/span><\/a><\/h4><\/div><div id=\"c917de4da6ec3863a\" class=\"panel-collapse collapse \" aria-labelledby=\"toggle_c917de4da6ec3863a\"><div class=\"panel-body toggle-content fusion-clearfix\"><\/p>\n<p><strong>Hidrataci\u00f3n potente y duradera para el rostro<br \/>\n<\/strong>La crema facial Rebiome ReEnforce mejora la flexibilidad y firmeza de la piel y reduce las l\u00edneas de expresi\u00f3n.<\/p>\n<p>Equilibra el microbioma de tu piel<br \/>\nCrema facial Rebiome ReEnforce. Proporciona una hidrataci\u00f3n facial duradera y reduce el aspecto de las arrugas. Contiene el exclusivo p\u00e9ptido Fensebioom\u2122 que estimula la actividad probi\u00f3tica natural de la piel. Est\u00e1 enriquecida con un potente c\u00f3ctel de antioxidantes, vitaminas B y E, microalgas, p\u00e9ptidos antiarrugas Argireline\u00ae, una alternativa natural al \u00e1cido hialur\u00f3nico, t\u00e9 verde, aceite de almendras y extracto de flor de \u00e1rnica.<\/p>\n<p><\/div><\/div><\/div><div class=\"fusion-panel panel-default panel-7073a848e52583319 fusion-toggle-has-divider\" style=\"--awb-title-color:var(--awb-custom13);--awb-content-color:#747474;\"><div class=\"panel-heading\"><h4 class=\"panel-title toggle\" id=\"toggle_7073a848e52583319\"><a aria-expanded=\"false\" aria-controls=\"7073a848e52583319\" role=\"button\" data-toggle=\"collapse\" data-parent=\"#accordion-6163-1\" data-target=\"#7073a848e52583319\" href=\"#7073a848e52583319\"><span class=\"fusion-toggle-icon-wrapper\" aria-hidden=\"true\"><i class=\"fa-fusion-box active-icon awb-icon-minus\" aria-hidden=\"true\"><\/i><i class=\"fa-fusion-box inactive-icon awb-icon-plus\" aria-hidden=\"true\"><\/i><\/span><span class=\"fusion-toggle-heading\">Utiliza<\/span><\/a><\/h4><\/div><div id=\"7073a848e52583319\" class=\"panel-collapse collapse \" aria-labelledby=\"toggle_7073a848e52583319\"><div class=\"panel-body toggle-content fusion-clearfix\"><\/p>\n<p>Despu\u00e9s del suero, aplica 1-2 pulsaciones en la cara y el cuello. Para uso diario.<br \/>\nAdecuado para todo tipo de pieles. <\/p>\n<p>pH: pH 5,5<br \/>\nContenido: 50 ml<br \/>\ncontenido natural: 96% contenido natural.<\/p>\n<p><\/div><\/div><\/div><div class=\"fusion-panel panel-default panel-0b3c007d213e77c84 fusion-toggle-has-divider\" style=\"--awb-title-color:var(--awb-custom13);--awb-content-color:#747474;\"><div class=\"panel-heading\"><h4 class=\"panel-title toggle\" id=\"toggle_0b3c007d213e77c84\"><a aria-expanded=\"false\" aria-controls=\"0b3c007d213e77c84\" role=\"button\" data-toggle=\"collapse\" data-parent=\"#accordion-6163-1\" data-target=\"#0b3c007d213e77c84\" href=\"#0b3c007d213e77c84\"><span class=\"fusion-toggle-icon-wrapper\" aria-hidden=\"true\"><i class=\"fa-fusion-box active-icon awb-icon-minus\" aria-hidden=\"true\"><\/i><i class=\"fa-fusion-box inactive-icon awb-icon-plus\" aria-hidden=\"true\"><\/i><\/span><span class=\"fusion-toggle-heading\">Ingredientes principales<\/span><\/a><\/h4><\/div><div id=\"0b3c007d213e77c84\" class=\"panel-collapse collapse \" aria-labelledby=\"toggle_0b3c007d213e77c84\"><div class=\"panel-body toggle-content fusion-clearfix\"><\/p>\n<ul>\n<li><strong>Argireline <\/strong>4% Un p\u00e9ptido muy utilizado para las primeras arrugas y una alternativa t\u00f3pica m\u00e1s segura al Botox. Este p\u00e9ptido \u00fanico ha demostrado su valor para prevenir eficazmente la formaci\u00f3n de l\u00edneas finas y arrugas. <\/li>\n<li><strong>Sustituto natural del \u00e1cido hialur\u00f3nico (AH) 2% <\/strong>Este activo de origen marino proporciona a la piel una hidrataci\u00f3n inmediata y duradera, mejorando las arrugas del mismo modo que los \u00e1cidos hialur\u00f3nicos.<\/li>\n<li><strong>Vitamina B3 (Niacinamida) 2% La vitamina B3, <\/strong>hidratante, calmante y antienvejecimiento, ayuda a controlar la producci\u00f3n de sebo y a estimular la producci\u00f3n de col\u00e1geno. Tiene un efecto estimulante prebi\u00f3tico para apoyar la flora natural de la piel. <\/li>\n<li><strong>Escualeno de oliva 1,5% <\/strong>Aceite muy nutritivo y activo, conocido por sus potentes efectos antioxidantes que ayudan a proteger la piel de la luz solar, absorbe las toxinas y los metales pesados para protegerla de los factores estresantes del medio ambiente. El escualeno tambi\u00e9n hidrata y suaviza la piel. <\/li>\n<li><strong>Activo de microalgas 1,5% <\/strong>Activo marino natural que contrarresta las ojeras y optimiza la piel. Protector contra la contaminaci\u00f3n y otros factores estresantes del medio ambiente, mantiene y restaura la integridad de la piel. <\/li>\n<li><strong>Extractos naturales de ra\u00edz de ach <\/strong>icoria <strong>1% <\/strong>Extractos pre y probi\u00f3ticos respetuosos con el microbioma cut\u00e1neo derivados de la ra\u00edz de la planta de achicoria. Es un fuerte estimulante con un enfoque prebi\u00f3tico y una acci\u00f3n probi\u00f3tica, que favorece el crecimiento de los lactobacilos y bloquea la invasi\u00f3n de, por ejemplo, hongos, potenciando as\u00ed el efecto antimicrobiano y reforzando la barrera de la microbiota de la piel. <\/li>\n<li><strong>Fensebiome\u2122 p\u00e9ptido de amino\u00e1cidos 1% <\/strong>Un potente p\u00e9ptido con un enfoque prebi\u00f3tico y actividad probi\u00f3tica. Estimula la actividad probi\u00f3tica natural de la piel y refuerza las defensas promoviendo bacterias beneficiosas que mejoran la respuesta inmunitaria de la piel y la integridad de la barrera f\u00edsica. El exclusivo activo estimulante del microbioma ayuda a reequilibrar la salud de la piel para un bienestar \u00f3ptimo.  <\/li>\n<li><strong>Quora Noni Activo Vegetal 1% <\/strong>Un microbioma bioactivo superior y potente que protege y equilibra la piel, adem\u00e1s de prevenir la alteraci\u00f3n de la barrera cut\u00e1nea; reducir activamente el tama\u00f1o de los poros; regular el sebo y las imperfecciones de la piel, incluidas las condiciones de la piel grasa y propensa al acn\u00e9.<\/li>\n<li><strong>1% Vecticell\u2122 Retinol <\/strong>Acelera la renovaci\u00f3n epid\u00e9rmica, mejora el aspecto de la piel y tiene un efecto rejuvenecedor, reduce las peque\u00f1as arrugas, mejora la firmeza y la elasticidad<\/li>\n<li><strong>Extracto de \u00c1rnica Mexicana <\/strong>1% Extracto bot\u00e1nico natural derivado de la flor del mismo nombre, este antioxidante tiene una alta concentraci\u00f3n de flavonoides para calmar y regenerar la piel seca y madura, reducir y aliviar la inflamaci\u00f3n y calmar la irritaci\u00f3n .<\/li>\n<li><strong>Aceite de almendras <\/strong>dulces 1% Con una alta concentraci\u00f3n de \u00e1cidos grasos omega 9 y omega 6 que desempe\u00f1an un papel crucial en la reparaci\u00f3n de la piel, el aceite de almendras dulces tiene propiedades hidratantes y calmantes especialmente indicadas para pieles sensibles.<\/li>\n<li><strong>Aceite de baobab 1% <\/strong>Protege la piel de los da\u00f1os inflamatorios a la vez que la nutre, la calma y favorece la cicatrizaci\u00f3n de las heridas.<\/li>\n<li><strong>Activo marino 0,5% <\/strong>Un ingrediente clave que ayuda a fortalecer la piel y restaurar su flexibilidad, luminosidad y belleza naturales, este potente activo antiarrugas estimula la producci\u00f3n de prote\u00ednas estructurales de la piel, aumentando significativamente la producci\u00f3n de col\u00e1geno.<strong>  <\/strong><\/li>\n<li><strong>T\u00e9 verde 0,5% <\/strong>Ingrediente natural potente y activo derivado de las hojas de las plantas de t\u00e9 verde, es rico en polifenoles estabilizados (&gt;95%) para combatir eficazmente los signos del envejecimiento y el estr\u00e9s y proteger la piel de los elementos.<\/li>\n<li>Vitamina E <strong>natural 0,5% <\/strong>Con efectos antioxidantes naturales y derivada de fuentes naturales, la vitamina E se considera la vitamina protectora de la piel m\u00e1s importante, ya que garantiza que la piel est\u00e9 suave, tersa y reduce la irritaci\u00f3n. Vitamina E natural 0,5%. <\/li>\n<\/ul>\n<p><\/div><\/div><\/div><div class=\"fusion-panel panel-default panel-9e224b59fb4096423 fusion-toggle-has-divider\" style=\"--awb-title-color:var(--awb-custom13);--awb-content-color:#747474;\"><div class=\"panel-heading\"><h4 class=\"panel-title toggle\" id=\"toggle_9e224b59fb4096423\"><a aria-expanded=\"false\" aria-controls=\"9e224b59fb4096423\" role=\"button\" data-toggle=\"collapse\" data-parent=\"#accordion-6163-1\" data-target=\"#9e224b59fb4096423\" href=\"#9e224b59fb4096423\"><span class=\"fusion-toggle-icon-wrapper\" aria-hidden=\"true\"><i class=\"fa-fusion-box active-icon awb-icon-minus\" aria-hidden=\"true\"><\/i><i class=\"fa-fusion-box inactive-icon awb-icon-plus\" aria-hidden=\"true\"><\/i><\/span><span class=\"fusion-toggle-heading\">Todos los ingredientes:<\/span><\/a><\/h4><\/div><div id=\"9e224b59fb4096423\" class=\"panel-collapse collapse \" aria-labelledby=\"toggle_9e224b59fb4096423\"><div class=\"panel-body toggle-content fusion-clearfix\"><\/p>\n<p>Agua, etilhexanoato de cetearilo, aceite de semilla de Prunus Armeniaca, glicerina, alcohol cetear\u00edlico, estearato de glicerilo, niacinamida, triglic\u00e9rido capr\u00edlico\/c\u00e1prico, escualano, \u00e1cido este\u00e1rico, aceite de semilla de Adansonia Digitata, aceite de Prunus Amygdalus Dulcis, Fenoxietanol, Inulina, Palmitoil Extracto de Camelia Sinensis, Fructosa, Lauroil Glutamato S\u00f3dico, Tocoferol, Lisado de Cultivo de Callo de Morinda Citrifolia, Carb\u00f3mero, Fosfatidilcolina, Aceite de Semilla de Helianthus Annuus, Caprilil Glicol, Extracto de Flor de Heterotheca Inuloides, Propilenglicol, Extracto de Pavlova Lutheri, \u00c1cido c\u00edtrico, Polisorbato 20, Extracto de Cylindrotheca Fusiformis, Vecticell\u2122 1% Vecticell\u2122 Retinol, Exopolisac\u00e1ridos de Pseudoalteromonas, Salicilato s\u00f3dico, Alcohol benc\u00edlico, BHT, \u00c1cido deshidroac\u00e9tico, Cloruro s\u00f3dico, Acetil hexap\u00e9ptido-8, BHA, EDTA dis\u00f3dico, Desoxicolato s\u00f3dico, Acetato de tocoferilo, Acetil hexap\u00e9ptido-4, Parfum.<\/p>\n<p><\/div><\/div><\/div><div class=\"fusion-panel panel-default panel-5ab24c7e38082cd99 fusion-toggle-has-divider\" style=\"--awb-title-color:var(--awb-custom13);--awb-content-color:#747474;\"><div class=\"panel-heading\"><h4 class=\"panel-title toggle\" id=\"toggle_5ab24c7e38082cd99\"><a aria-expanded=\"false\" aria-controls=\"5ab24c7e38082cd99\" role=\"button\" data-toggle=\"collapse\" data-parent=\"#accordion-6163-1\" data-target=\"#5ab24c7e38082cd99\" href=\"#5ab24c7e38082cd99\"><span class=\"fusion-toggle-icon-wrapper\" aria-hidden=\"true\"><i class=\"fa-fusion-box active-icon awb-icon-minus\" aria-hidden=\"true\"><\/i><i class=\"fa-fusion-box inactive-icon awb-icon-plus\" aria-hidden=\"true\"><\/i><\/span><span class=\"fusion-toggle-heading\">Env\u00edo, pol\u00edtica de devoluciones, reclamaciones:<\/span><\/a><\/h4><\/div><div id=\"5ab24c7e38082cd99\" class=\"panel-collapse collapse \" aria-labelledby=\"toggle_5ab24c7e38082cd99\"><div class=\"panel-body toggle-content fusion-clearfix\"><\/p>\n<p><strong>Pol\u00edtica de env\u00edos<\/strong><\/p>\n<p>Una vez recibido tu pedido en l\u00ednea, tu compra se <strong>procesar\u00e1 inmediatamente<\/strong> y se preparar\u00e1 para el env\u00edo.<br \/>\nLos productos se enviar\u00e1n a la direcci\u00f3n que hayas indicado al realizar el pedido.<\/p>\n<ul>\n<li><strong>Gastos de env\u00edo:<\/strong> 5 euros por pedido<\/li>\n<li><strong>Entrega:<\/strong> en B\u00e9lgica<\/li>\n<li><strong>Env\u00edo:<\/strong> lo antes posible tras el pedido, dependiendo del transportista<\/li>\n<\/ul>\n<p>Skin-Lab no se hace responsable de los retrasos que se produzcan fuera de nuestro control, como por ejemplo con el servicio de transporte.<\/p>\n<p><u>Condiciones de tu pedido<\/u>: <a href=\"https:\/\/www.skin-lab.be\/wp-content\/uploads\/2025\/12\/voorwaarden-en-aansprakelijkheid.pdf\" target=\"_blank\" rel=\"noopener\">condiciones y responsabilidad<\/a><\/p>\n<p><strong> <\/strong><strong>Pol\u00edtica de devoluciones y derecho de desistimiento<\/strong><\/p>\n<p>De acuerdo con la legislaci\u00f3n belga y europea, como consumidor tienes derecho a revocar <strong>tu compra en un plazo de 14 d\u00edas naturales<\/strong> a partir de la fecha de recepci\u00f3n <strong>, sin indicar motivo alguno<\/strong>.<\/p>\n<p><strong>Condiciones de devoluci\u00f3n<\/strong><\/p>\n<p>La devoluci\u00f3n es posible <strong>siempre que se cumplan las siguientes condiciones<\/strong>:<\/p>\n<ul>\n<li>El producto <strong>no se ha utilizado<\/strong><\/li>\n<li><strong>No se ha abierto<\/strong> el <strong>embalaje original o precintado<\/strong><\/li>\n<li>El producto est\u00e1 <strong>intacto<\/strong> y en condiciones de venta<\/li>\n<li>El producto se devolver\u00e1 correctamente y cuidadosamente embalado a cargo del cliente a Skin-Lab bv &#8211; Heistraat 23\/1 &#8211; 2491 Balen<\/li>\n<\/ul>\n<p><strong>No podemos aceptar productos cuyo embalaje o el propio producto hayan sido abiertos, utilizados o da\u00f1ados por razones de higiene y seguridad.<\/strong><\/p>\n<p>Esto est\u00e1 en consonancia con la excepci\u00f3n legal al derecho de desistimiento para los <strong>productos cosm\u00e9ticos y de cuidado personal precintados<\/strong>.<\/p>\n<p><strong>Devoluci\u00f3n<\/strong><\/p>\n<p>Cuando el producto devuelto cumpla las condiciones anteriores:<\/p>\n<ul>\n<li>se reembolsar\u00e1 <strong>la totalidad del precio de compra<\/strong> <\/li>\n<li>mediante el <strong>mismo m\u00e9todo de pago<\/strong> utilizado para la compra original<\/li>\n<li>lo antes posible tras la recepci\u00f3n e inspecci\u00f3n del producto<\/li>\n<\/ul>\n<p>Los gastos de env\u00edo de las devoluciones corren, de acuerdo con la ley, a <strong>cargo del cliente<\/strong>, a menos que se acuerde otra cosa.<\/p>\n<p><strong>\u00bfC\u00f3mo registrar una devoluci\u00f3n?<\/strong><\/p>\n<p>Para procesar correctamente una devoluci\u00f3n, ponte <strong>primero<\/strong> en contacto con nosotros por correo electr\u00f3nico:<\/p>\n<p><strong>shop@skin-lab.be<\/strong><\/p>\n<p>Por favor, menci\u00f3nalo:<\/p>\n<ul>\n<li>tu nombre<\/li>\n<li>n\u00famero de pedido<\/li>\n<li>el producto que deseas devolver<\/li>\n<\/ul>\n<p>A continuaci\u00f3n, te daremos m\u00e1s instrucciones.<\/p>\n<p><strong>Quejas o preguntas<\/strong><\/p>\n<p>Si tienes alguna pregunta, comentario o queja sobre tu pedido o un producto entregado, siempre puedes ponerte en contacto con nosotros en<\/p>\n<p><strong>shop@skin-lab.be<\/strong><\/p>\n<p>Tratamos cada consulta con la debida atenci\u00f3n y nos esforzamos por conseguir una soluci\u00f3n r\u00e1pida y correcta.<\/p>\n<p><\/div><\/div><\/div><\/div><\/div>\n","protected":false},"excerpt":{"rendered":"<p><strong><u>R<\/u><\/strong><strong>eEnforce<\/strong>&#8211; Crema Renovadora<\/p>\n<p><strong>Hidrataci\u00f3n potente y duradera para el rostro<\/strong><\/p>\n<p>La crema facial ReEnforce de Rebiome mejora la flexibilidad y firmeza de la piel y reduce las l\u00edneas de expresi\u00f3n.<\/p>\n<p>Alivia las l\u00edneas de expresi\u00f3n &#8211; Mejora la firmeza &#8211; Hidrata intensamente<\/p>\n","protected":false},"featured_media":5095,"template":"","meta":[],"product_brand":[],"product_cat":[149,147],"product_tag":[],"class_list":{"0":"post-6163","1":"product","2":"type-product","3":"status-publish","4":"has-post-thumbnail","6":"product_cat-crema","7":"product_cat-tienda","9":"first","10":"instock","11":"shipping-taxable","12":"purchasable","13":"product-type-simple"},"yoast_head":"<!-- This site is optimized with the Yoast SEO plugin v27.4 - https:\/\/yoast.com\/product\/yoast-seo-wordpress\/ -->\n<title>Rebiome | Crema Renovadora ReEnforce - Skin-Lab<\/title>\n<meta name=\"robots\" content=\"index, follow, max-snippet:-1, max-image-preview:large, max-video-preview:-1\" \/>\n<link rel=\"canonical\" href=\"https:\/\/www.skin-lab.be\/es\/producto\/rebiome-crema-renovadora-reenforce\/\" \/>\n<meta property=\"og:locale\" content=\"es_ES\" \/>\n<meta property=\"og:type\" content=\"article\" \/>\n<meta property=\"og:title\" content=\"Rebiome | Crema Renovadora ReEnforce - Skin-Lab\" \/>\n<meta property=\"og:description\" content=\"ReEnforce- Crema Renovadora Hidrataci\u00f3n potente y duradera para el rostro La crema facial ReEnforce de Rebiome mejora la flexibilidad y firmeza de la piel y reduce las l\u00edneas de expresi\u00f3n. Alivia las l\u00edneas de expresi\u00f3n - Mejora la firmeza - Hidrata intensamente\" \/>\n<meta property=\"og:url\" content=\"https:\/\/www.skin-lab.be\/es\/producto\/rebiome-crema-renovadora-reenforce\/\" \/>\n<meta property=\"og:site_name\" content=\"Skin-Lab\" \/>\n<meta property=\"article:modified_time\" content=\"2026-04-05T08:06:17+00:00\" \/>\n<meta property=\"og:image\" content=\"https:\/\/www.skin-lab.be\/wp-content\/uploads\/2025\/12\/Rebiome-ReEnforceRenewalCream.jpg\" \/>\n\t<meta property=\"og:image:width\" content=\"1000\" \/>\n\t<meta property=\"og:image:height\" content=\"1000\" \/>\n\t<meta property=\"og:image:type\" content=\"image\/jpeg\" \/>\n<meta name=\"twitter:card\" content=\"summary_large_image\" \/>\n<meta name=\"twitter:label1\" content=\"Tiempo de lectura\" \/>\n\t<meta name=\"twitter:data1\" content=\"9 minutos\" \/>\n<script type=\"application\/ld+json\" class=\"yoast-schema-graph\">{\"@context\":\"https:\\\/\\\/schema.org\",\"@graph\":[{\"@type\":\"WebPage\",\"@id\":\"https:\\\/\\\/www.skin-lab.be\\\/es\\\/producto\\\/rebiome-crema-renovadora-reenforce\\\/\",\"url\":\"https:\\\/\\\/www.skin-lab.be\\\/es\\\/producto\\\/rebiome-crema-renovadora-reenforce\\\/\",\"name\":\"Rebiome | Crema Renovadora ReEnforce - Skin-Lab\",\"isPartOf\":{\"@id\":\"https:\\\/\\\/www.skin-lab.be\\\/es\\\/#website\"},\"primaryImageOfPage\":{\"@id\":\"https:\\\/\\\/www.skin-lab.be\\\/es\\\/producto\\\/rebiome-crema-renovadora-reenforce\\\/#primaryimage\"},\"image\":{\"@id\":\"https:\\\/\\\/www.skin-lab.be\\\/es\\\/producto\\\/rebiome-crema-renovadora-reenforce\\\/#primaryimage\"},\"thumbnailUrl\":\"https:\\\/\\\/www.skin-lab.be\\\/wp-content\\\/uploads\\\/2025\\\/12\\\/Rebiome-ReEnforceRenewalCream.jpg\",\"datePublished\":\"2025-12-09T10:19:03+00:00\",\"dateModified\":\"2026-04-05T08:06:17+00:00\",\"breadcrumb\":{\"@id\":\"https:\\\/\\\/www.skin-lab.be\\\/es\\\/producto\\\/rebiome-crema-renovadora-reenforce\\\/#breadcrumb\"},\"inLanguage\":\"es\",\"potentialAction\":[{\"@type\":\"ReadAction\",\"target\":[\"https:\\\/\\\/www.skin-lab.be\\\/es\\\/producto\\\/rebiome-crema-renovadora-reenforce\\\/\"]}]},{\"@type\":\"ImageObject\",\"inLanguage\":\"es\",\"@id\":\"https:\\\/\\\/www.skin-lab.be\\\/es\\\/producto\\\/rebiome-crema-renovadora-reenforce\\\/#primaryimage\",\"url\":\"https:\\\/\\\/www.skin-lab.be\\\/wp-content\\\/uploads\\\/2025\\\/12\\\/Rebiome-ReEnforceRenewalCream.jpg\",\"contentUrl\":\"https:\\\/\\\/www.skin-lab.be\\\/wp-content\\\/uploads\\\/2025\\\/12\\\/Rebiome-ReEnforceRenewalCream.jpg\",\"width\":1000,\"height\":1000,\"caption\":\"Rebiome ReEnforce Renewal Cream\"},{\"@type\":\"BreadcrumbList\",\"@id\":\"https:\\\/\\\/www.skin-lab.be\\\/es\\\/producto\\\/rebiome-crema-renovadora-reenforce\\\/#breadcrumb\",\"itemListElement\":[{\"@type\":\"ListItem\",\"position\":1,\"name\":\"Home\",\"item\":\"https:\\\/\\\/www.skin-lab.be\\\/es\\\/\"},{\"@type\":\"ListItem\",\"position\":2,\"name\":\"Tienda\",\"item\":\"https:\\\/\\\/www.skin-lab.be\\\/es\\\/tienda\\\/\"},{\"@type\":\"ListItem\",\"position\":3,\"name\":\"Rebiome | Crema Renovadora ReEnforce\"}]},{\"@type\":\"WebSite\",\"@id\":\"https:\\\/\\\/www.skin-lab.be\\\/es\\\/#website\",\"url\":\"https:\\\/\\\/www.skin-lab.be\\\/es\\\/\",\"name\":\"Skin-Lab\",\"description\":\"Face &amp; Body Solutions\",\"publisher\":{\"@id\":\"https:\\\/\\\/www.skin-lab.be\\\/es\\\/#organization\"},\"potentialAction\":[{\"@type\":\"SearchAction\",\"target\":{\"@type\":\"EntryPoint\",\"urlTemplate\":\"https:\\\/\\\/www.skin-lab.be\\\/es\\\/?s={search_term_string}\"},\"query-input\":{\"@type\":\"PropertyValueSpecification\",\"valueRequired\":true,\"valueName\":\"search_term_string\"}}],\"inLanguage\":\"es\"},{\"@type\":\"Organization\",\"@id\":\"https:\\\/\\\/www.skin-lab.be\\\/es\\\/#organization\",\"name\":\"Skin-Lab bv\",\"url\":\"https:\\\/\\\/www.skin-lab.be\\\/es\\\/\",\"logo\":{\"@type\":\"ImageObject\",\"inLanguage\":\"es\",\"@id\":\"https:\\\/\\\/www.skin-lab.be\\\/es\\\/#\\\/schema\\\/logo\\\/image\\\/\",\"url\":\"https:\\\/\\\/www.skin-lab.be\\\/wp-content\\\/uploads\\\/2021\\\/02\\\/skinlablogo160px.png\",\"contentUrl\":\"https:\\\/\\\/www.skin-lab.be\\\/wp-content\\\/uploads\\\/2021\\\/02\\\/skinlablogo160px.png\",\"width\":520,\"height\":160,\"caption\":\"Skin-Lab bv\"},\"image\":{\"@id\":\"https:\\\/\\\/www.skin-lab.be\\\/es\\\/#\\\/schema\\\/logo\\\/image\\\/\"}}]}<\/script>\n<!-- \/ Yoast SEO plugin. -->","yoast_head_json":{"title":"Rebiome | Crema Renovadora ReEnforce - Skin-Lab","robots":{"index":"index","follow":"follow","max-snippet":"max-snippet:-1","max-image-preview":"max-image-preview:large","max-video-preview":"max-video-preview:-1"},"canonical":"https:\/\/www.skin-lab.be\/es\/producto\/rebiome-crema-renovadora-reenforce\/","og_locale":"es_ES","og_type":"article","og_title":"Rebiome | Crema Renovadora ReEnforce - Skin-Lab","og_description":"ReEnforce- Crema Renovadora Hidrataci\u00f3n potente y duradera para el rostro La crema facial ReEnforce de Rebiome mejora la flexibilidad y firmeza de la piel y reduce las l\u00edneas de expresi\u00f3n. Alivia las l\u00edneas de expresi\u00f3n - Mejora la firmeza - Hidrata intensamente","og_url":"https:\/\/www.skin-lab.be\/es\/producto\/rebiome-crema-renovadora-reenforce\/","og_site_name":"Skin-Lab","article_modified_time":"2026-04-05T08:06:17+00:00","og_image":[{"width":1000,"height":1000,"url":"https:\/\/www.skin-lab.be\/wp-content\/uploads\/2025\/12\/Rebiome-ReEnforceRenewalCream.jpg","type":"image\/jpeg"}],"twitter_card":"summary_large_image","twitter_misc":{"Tiempo de lectura":"9 minutos"},"schema":{"@context":"https:\/\/schema.org","@graph":[{"@type":"WebPage","@id":"https:\/\/www.skin-lab.be\/es\/producto\/rebiome-crema-renovadora-reenforce\/","url":"https:\/\/www.skin-lab.be\/es\/producto\/rebiome-crema-renovadora-reenforce\/","name":"Rebiome | Crema Renovadora ReEnforce - Skin-Lab","isPartOf":{"@id":"https:\/\/www.skin-lab.be\/es\/#website"},"primaryImageOfPage":{"@id":"https:\/\/www.skin-lab.be\/es\/producto\/rebiome-crema-renovadora-reenforce\/#primaryimage"},"image":{"@id":"https:\/\/www.skin-lab.be\/es\/producto\/rebiome-crema-renovadora-reenforce\/#primaryimage"},"thumbnailUrl":"https:\/\/www.skin-lab.be\/wp-content\/uploads\/2025\/12\/Rebiome-ReEnforceRenewalCream.jpg","datePublished":"2025-12-09T10:19:03+00:00","dateModified":"2026-04-05T08:06:17+00:00","breadcrumb":{"@id":"https:\/\/www.skin-lab.be\/es\/producto\/rebiome-crema-renovadora-reenforce\/#breadcrumb"},"inLanguage":"es","potentialAction":[{"@type":"ReadAction","target":["https:\/\/www.skin-lab.be\/es\/producto\/rebiome-crema-renovadora-reenforce\/"]}]},{"@type":"ImageObject","inLanguage":"es","@id":"https:\/\/www.skin-lab.be\/es\/producto\/rebiome-crema-renovadora-reenforce\/#primaryimage","url":"https:\/\/www.skin-lab.be\/wp-content\/uploads\/2025\/12\/Rebiome-ReEnforceRenewalCream.jpg","contentUrl":"https:\/\/www.skin-lab.be\/wp-content\/uploads\/2025\/12\/Rebiome-ReEnforceRenewalCream.jpg","width":1000,"height":1000,"caption":"Rebiome ReEnforce Renewal Cream"},{"@type":"BreadcrumbList","@id":"https:\/\/www.skin-lab.be\/es\/producto\/rebiome-crema-renovadora-reenforce\/#breadcrumb","itemListElement":[{"@type":"ListItem","position":1,"name":"Home","item":"https:\/\/www.skin-lab.be\/es\/"},{"@type":"ListItem","position":2,"name":"Tienda","item":"https:\/\/www.skin-lab.be\/es\/tienda\/"},{"@type":"ListItem","position":3,"name":"Rebiome | Crema Renovadora ReEnforce"}]},{"@type":"WebSite","@id":"https:\/\/www.skin-lab.be\/es\/#website","url":"https:\/\/www.skin-lab.be\/es\/","name":"Skin-Lab","description":"Face &amp; Body Solutions","publisher":{"@id":"https:\/\/www.skin-lab.be\/es\/#organization"},"potentialAction":[{"@type":"SearchAction","target":{"@type":"EntryPoint","urlTemplate":"https:\/\/www.skin-lab.be\/es\/?s={search_term_string}"},"query-input":{"@type":"PropertyValueSpecification","valueRequired":true,"valueName":"search_term_string"}}],"inLanguage":"es"},{"@type":"Organization","@id":"https:\/\/www.skin-lab.be\/es\/#organization","name":"Skin-Lab bv","url":"https:\/\/www.skin-lab.be\/es\/","logo":{"@type":"ImageObject","inLanguage":"es","@id":"https:\/\/www.skin-lab.be\/es\/#\/schema\/logo\/image\/","url":"https:\/\/www.skin-lab.be\/wp-content\/uploads\/2021\/02\/skinlablogo160px.png","contentUrl":"https:\/\/www.skin-lab.be\/wp-content\/uploads\/2021\/02\/skinlablogo160px.png","width":520,"height":160,"caption":"Skin-Lab bv"},"image":{"@id":"https:\/\/www.skin-lab.be\/es\/#\/schema\/logo\/image\/"}}]}},"_links":{"self":[{"href":"https:\/\/www.skin-lab.be\/es\/wp-json\/wp\/v2\/product\/6163","targetHints":{"allow":["GET"]}}],"collection":[{"href":"https:\/\/www.skin-lab.be\/es\/wp-json\/wp\/v2\/product"}],"about":[{"href":"https:\/\/www.skin-lab.be\/es\/wp-json\/wp\/v2\/types\/product"}],"wp:featuredmedia":[{"embeddable":true,"href":"https:\/\/www.skin-lab.be\/es\/wp-json\/wp\/v2\/media\/5095"}],"wp:attachment":[{"href":"https:\/\/www.skin-lab.be\/es\/wp-json\/wp\/v2\/media?parent=6163"}],"wp:term":[{"taxonomy":"product_brand","embeddable":true,"href":"https:\/\/www.skin-lab.be\/es\/wp-json\/wp\/v2\/product_brand?post=6163"},{"taxonomy":"product_cat","embeddable":true,"href":"https:\/\/www.skin-lab.be\/es\/wp-json\/wp\/v2\/product_cat?post=6163"},{"taxonomy":"product_tag","embeddable":true,"href":"https:\/\/www.skin-lab.be\/es\/wp-json\/wp\/v2\/product_tag?post=6163"}],"curies":[{"name":"wp","href":"https:\/\/api.w.org\/{rel}","templated":true}]}}