{"id":6164,"date":"2025-12-09T11:15:37","date_gmt":"2025-12-09T10:15:37","guid":{"rendered":"https:\/\/www.skin-lab.be\/product\/rebiome-crema-de-ojos-reoptimizante\/"},"modified":"2026-04-05T10:06:58","modified_gmt":"2026-04-05T08:06:58","slug":"rebiome-crema-de-ojos-reoptimizante","status":"publish","type":"product","link":"https:\/\/www.skin-lab.be\/es\/producto\/rebiome-crema-de-ojos-reoptimizante\/","title":{"rendered":"Rebiome | Crema de Ojos ReOptimizante"},"content":{"rendered":"<div class=\"accordian fusion-accordian\" style=\"--awb-border-size:1px;--awb-icon-size:13px;--awb-content-font-size:18px;--awb-icon-alignment:left;--awb-hover-color:#f9f9f9;--awb-border-color:#cccccc;--awb-background-color:#ffffff;--awb-divider-color:#b9afa1;--awb-divider-hover-color:#b9afa1;--awb-icon-color:#ffffff;--awb-title-color:var(--awb-custom13);--awb-content-color:#747474;--awb-icon-box-color:#6f727b;--awb-toggle-hover-accent-color:#b9afa1;--awb-title-font-family:&quot;Tenor Sans&quot;;--awb-title-font-weight:regular;--awb-title-font-style:normal;--awb-title-font-size:20px;--awb-content-font-family:&quot;Tenor Sans&quot;;--awb-content-font-style:normal;--awb-content-font-weight:regular;\"><div class=\"panel-group fusion-toggle-icon-boxed\" id=\"accordion-6164-1\"><div class=\"fusion-panel panel-default panel-a414fd2f1b0c0028d fusion-toggle-has-divider\" style=\"--awb-title-color:var(--awb-custom13);--awb-content-color:#747474;\"><div class=\"panel-heading\"><h4 class=\"panel-title toggle\" id=\"toggle_a414fd2f1b0c0028d\"><a aria-expanded=\"false\" aria-controls=\"a414fd2f1b0c0028d\" role=\"button\" data-toggle=\"collapse\" data-parent=\"#accordion-6164-1\" data-target=\"#a414fd2f1b0c0028d\" href=\"#a414fd2f1b0c0028d\"><span class=\"fusion-toggle-icon-wrapper\" aria-hidden=\"true\"><i class=\"fa-fusion-box active-icon awb-icon-minus\" aria-hidden=\"true\"><\/i><i class=\"fa-fusion-box inactive-icon awb-icon-plus\" aria-hidden=\"true\"><\/i><\/span><span class=\"fusion-toggle-heading\">Informaci\u00f3n del producto<\/span><\/a><\/h4><\/div><div id=\"a414fd2f1b0c0028d\" class=\"panel-collapse collapse \" aria-labelledby=\"toggle_a414fd2f1b0c0028d\"><div class=\"panel-body toggle-content fusion-clearfix\"><\/p>\n<p><strong>Crema espec\u00edfica para el contorno de ojos que preserva su hidrataci\u00f3n<br \/>\n<\/strong>La crema para el contorno de ojos Rebiome ReOptimize reduce las bolsas, las ojeras y suaviza las l\u00edneas de expresi\u00f3n.<\/p>\n<p>Equilibra el microbioma de tu piel<br \/>\nLa crema de contorno de ojos Rebiome ReOptimize ayuda a retener la hidrataci\u00f3n de los ojos. Reafirma el contorno de los ojos, reduce las arrugas y las ojeras. Est\u00e1 enriquecida con potentes antioxidantes, vitaminas, ingredientes marinos, plancton Eyedeline\u2122, p\u00e9ptidos Eyeseryl\u00ae, silano de oliva, \u00e1cido hialur\u00f3nico, aceite de Camelia y la exclusiva f\u00f3rmula Fensebioom\u2122 que estimula la actividad probi\u00f3tica natural de la piel.<\/p>\n<p><\/div><\/div><\/div><div class=\"fusion-panel panel-default panel-009e5f91ebc4c3d79 fusion-toggle-has-divider\" style=\"--awb-title-color:var(--awb-custom13);--awb-content-color:#747474;\"><div class=\"panel-heading\"><h4 class=\"panel-title toggle\" id=\"toggle_009e5f91ebc4c3d79\"><a aria-expanded=\"false\" aria-controls=\"009e5f91ebc4c3d79\" role=\"button\" data-toggle=\"collapse\" data-parent=\"#accordion-6164-1\" data-target=\"#009e5f91ebc4c3d79\" href=\"#009e5f91ebc4c3d79\"><span class=\"fusion-toggle-icon-wrapper\" aria-hidden=\"true\"><i class=\"fa-fusion-box active-icon awb-icon-minus\" aria-hidden=\"true\"><\/i><i class=\"fa-fusion-box inactive-icon awb-icon-plus\" aria-hidden=\"true\"><\/i><\/span><span class=\"fusion-toggle-heading\">Utiliza<\/span><\/a><\/h4><\/div><div id=\"009e5f91ebc4c3d79\" class=\"panel-collapse collapse \" aria-labelledby=\"toggle_009e5f91ebc4c3d79\"><div class=\"panel-body toggle-content fusion-clearfix\"><\/p>\n<p>Aplica una peque\u00f1a cantidad de Rebiome ReOptimize sobre las l\u00edneas de expresi\u00f3n del contorno de ojos. Su suave f\u00f3rmula tambi\u00e9n puede aplicarse en la l\u00ednea de las pesta\u00f1as.<br \/>\nPara uso diario.<br \/>\nApto para todo tipo de pieles. <\/p>\n<p>pH: 5,5<br \/>\nContenido: 15 ml<br \/>\ncontenido natural: 95% contenido natural.<\/p>\n<p><\/div><\/div><\/div><div class=\"fusion-panel panel-default panel-28273e1d3fd4e4f8a fusion-toggle-has-divider\" style=\"--awb-title-color:var(--awb-custom13);--awb-content-color:#747474;\"><div class=\"panel-heading\"><h4 class=\"panel-title toggle\" id=\"toggle_28273e1d3fd4e4f8a\"><a aria-expanded=\"false\" aria-controls=\"28273e1d3fd4e4f8a\" role=\"button\" data-toggle=\"collapse\" data-parent=\"#accordion-6164-1\" data-target=\"#28273e1d3fd4e4f8a\" href=\"#28273e1d3fd4e4f8a\"><span class=\"fusion-toggle-icon-wrapper\" aria-hidden=\"true\"><i class=\"fa-fusion-box active-icon awb-icon-minus\" aria-hidden=\"true\"><\/i><i class=\"fa-fusion-box inactive-icon awb-icon-plus\" aria-hidden=\"true\"><\/i><\/span><span class=\"fusion-toggle-heading\">Ingredientes principales<\/span><\/a><\/h4><\/div><div id=\"28273e1d3fd4e4f8a\" class=\"panel-collapse collapse \" aria-labelledby=\"toggle_28273e1d3fd4e4f8a\"><div class=\"panel-body toggle-content fusion-clearfix\"><\/p>\n<ul>\n<li style=\"list-style-type: none;\">\n<ul>\n<li><strong>Aceite de camelia 3%<br \/>\n<\/strong>Este potente antioxidante contiene un gran n\u00famero de \u00e1cidos naturales y nutre la piel, mejora la circulaci\u00f3n sangu\u00ednea y estimula el crecimiento de nuevas c\u00e9lulas. Tambi\u00e9n aumenta la elasticidad de la piel, ayuda a aliviar la inflamaci\u00f3n y a retrasar los signos del envejecimiento. <\/li>\n<li><strong>Glycoin 2%<br \/>\n<\/strong>Myrothamnus flabellifolia se conoce com\u00fanmente como la planta de la resurrecci\u00f3n por su capacidad para revivir r\u00e1pidamente las hojas muertas cuando se expone al agua. microbioma. <\/li>\n<li><strong>Escualano Natural de Oliva 2%<br \/>\n<\/strong>Aceite muy nutritivo y activo, conocido por sus fuertes efectos antioxidantes que ayudan a proteger la piel de la luz solar, absorbe tanto las toxinas como los metales pesados para proteger la piel de los factores estresantes del medio ambiente. El escualano tambi\u00e9n suaviza la piel. <\/li>\n<li><strong>Extractos naturales de ra\u00edces de ach<\/strong>icoria <strong>1%<br \/>\n<\/strong>Extractos pre y probi\u00f3ticos respetuosos con el microbioma cut\u00e1neo derivados de la ra\u00edz de la planta de achicoria. Es un fuerte estimulante con un enfoque prebi\u00f3tico y un efecto probi\u00f3tico, que favorece el crecimiento de los lactobacilos y bloquea la invasi\u00f3n de, por ejemplo, hongos, potenciando as\u00ed el efecto antimicrobiano y reforzando la barrera de la microbiota de la piel. <\/li>\n<li><strong>Acetil Tetrap\u00e9ptido-5 de alta actividad 1%<br \/>\n<\/strong>Un potente p\u00e9ptido amino\u00e1cido de alta actividad que reduce las ojeras y la hinchaz\u00f3n del contorno de los ojos. 99% natural seg\u00fan la norma ISO 16128. Formulado expl\u00edcitamente para el contorno de los ojos.  <\/li>\n<li><strong>Extracto de plancton marino altamente activo 1%<br \/>\n<\/strong>Activo procedente de las costas rocosas de Tenerife, mejora la circulaci\u00f3n y fortalece las c\u00e9lulas, reduce las bolsas y ojeras, alisa las l\u00edneas de expresi\u00f3n y proporciona un aspecto juvenil.<\/li>\n<li><strong>Fensebiome\u2122 P\u00e9ptido Amino\u00e1cido 1%<br \/>\n<\/strong>Un potente p\u00e9ptido con un enfoque prebi\u00f3tico y actividad probi\u00f3tica. Estimula la actividad probi\u00f3tica natural de la piel y refuerza las defensas promoviendo bacterias beneficiosas que mejoran la respuesta inmunitaria de la piel y la integridad de la barrera f\u00edsica. El exclusivo activo estimulante del microbioma ayuda a reequilibrar la salud de la piel para un bienestar \u00f3ptimo.  <\/li>\n<li><strong>Activo de microalgas 0,5%<br \/>\n<\/strong>Activo marino natural que contrarresta las ojeras y optimiza la piel. Protector contra la contaminaci\u00f3n y otros factores estresantes del medio ambiente, mantiene y restaura la integridad de la piel. <\/li>\n<li><strong>Vitamina E natural 0,5%<br \/>\n<\/strong>Con efectos antioxidantes naturales, la vitamina E se considera la vitamina m\u00e1s importante para la protecci\u00f3n de la piel, garantizando una piel suave y tersa y reduciendo la irritaci\u00f3n.<\/li>\n<li><strong>Alanto\u00edna 0,30%<br \/>\n<\/strong>Ayuda a minimizar el aspecto envejecido y da\u00f1ado, es un antiirritante eficaz y protector que acelera la cicatrizaci\u00f3n de las heridas. Tiene un efecto estimulante prebi\u00f3tico para apoyar la microbiota natural de la piel. <\/li>\n<\/ul>\n<\/li>\n<\/ul>\n<ul>\n<li><strong>\u00c1cido hialur\u00f3nico 0,1%<br \/>\n<\/strong>Es un humectante natural y mantiene la elasticidad y firmeza de la piel, con sus propiedades de retenci\u00f3n de la humedad, dejando la piel m\u00e1s suave y con un aspecto m\u00e1s joven.<\/li>\n<\/ul>\n<p><\/div><\/div><\/div><div class=\"fusion-panel panel-default panel-3436dc915d56a044b fusion-toggle-has-divider\" style=\"--awb-title-color:var(--awb-custom13);--awb-content-color:#747474;\"><div class=\"panel-heading\"><h4 class=\"panel-title toggle\" id=\"toggle_3436dc915d56a044b\"><a aria-expanded=\"false\" aria-controls=\"3436dc915d56a044b\" role=\"button\" data-toggle=\"collapse\" data-parent=\"#accordion-6164-1\" data-target=\"#3436dc915d56a044b\" href=\"#3436dc915d56a044b\"><span class=\"fusion-toggle-icon-wrapper\" aria-hidden=\"true\"><i class=\"fa-fusion-box active-icon awb-icon-minus\" aria-hidden=\"true\"><\/i><i class=\"fa-fusion-box inactive-icon awb-icon-plus\" aria-hidden=\"true\"><\/i><\/span><span class=\"fusion-toggle-heading\">Todos los ingredientes:<\/span><\/a><\/h4><\/div><div id=\"3436dc915d56a044b\" class=\"panel-collapse collapse \" aria-labelledby=\"toggle_3436dc915d56a044b\"><div class=\"panel-body toggle-content fusion-clearfix\"><\/p>\n<p>Agua, etilhexanoato de cetearilo, aceite de semilla de camelia oleifera, glicerina, estearato de glicerilo, escualeno, alcohol cetear\u00edlico, \u00e1cido este\u00e1rico, butilenglicol, fenoxietanol, inulina, fructosa, triglic\u00e9rido capr\u00edlico\/c\u00e1prico, lauroilglutamato s\u00f3dico, carb\u00f3mero, tocoferol, alanto\u00edna, gluc\u00f3sido de glicerilo, olivato de etilhexilo hidrogenado, Aceite de Semilla de Helianthus Annuus, Manteca de Butyrospermum Parkii, Aceite de Ricino Hidrogenado, Caprilil Glicol, Aceite de Semilla de Adansonia Digitata, Aceite de Semilla de Hippophae Rhamnoides, Hialuronato S\u00f3dico, Extracto de Pavlova Lutheri, Extracto de Plancton, Acetil Tetrapeptido-5, Acetil Heptapeptido-4, Hidr\u00f3xido S\u00f3dico, Parfum.<\/p>\n<p><\/div><\/div><\/div><div class=\"fusion-panel panel-default panel-c730f08c4559b6d5e fusion-toggle-has-divider\" style=\"--awb-title-color:var(--awb-custom13);--awb-content-color:#747474;\"><div class=\"panel-heading\"><h4 class=\"panel-title toggle\" id=\"toggle_c730f08c4559b6d5e\"><a aria-expanded=\"false\" aria-controls=\"c730f08c4559b6d5e\" role=\"button\" data-toggle=\"collapse\" data-parent=\"#accordion-6164-1\" data-target=\"#c730f08c4559b6d5e\" href=\"#c730f08c4559b6d5e\"><span class=\"fusion-toggle-icon-wrapper\" aria-hidden=\"true\"><i class=\"fa-fusion-box active-icon awb-icon-minus\" aria-hidden=\"true\"><\/i><i class=\"fa-fusion-box inactive-icon awb-icon-plus\" aria-hidden=\"true\"><\/i><\/span><span class=\"fusion-toggle-heading\">Env\u00edo, pol\u00edtica de devoluciones, reclamaciones:<\/span><\/a><\/h4><\/div><div id=\"c730f08c4559b6d5e\" class=\"panel-collapse collapse \" aria-labelledby=\"toggle_c730f08c4559b6d5e\"><div class=\"panel-body toggle-content fusion-clearfix\"><\/p>\n<p><strong>Pol\u00edtica de env\u00edos<\/strong><\/p>\n<p>Una vez recibido tu pedido en l\u00ednea, tu compra se <strong>procesar\u00e1 inmediatamente<\/strong> y se preparar\u00e1 para el env\u00edo.<br \/>\nLos productos se enviar\u00e1n a la direcci\u00f3n que hayas indicado al realizar el pedido.<\/p>\n<ul>\n<li><strong>Gastos de env\u00edo:<\/strong> 5 euros por pedido<\/li>\n<li><strong>Entrega:<\/strong> en B\u00e9lgica<\/li>\n<li><strong>Env\u00edo:<\/strong> lo antes posible tras el pedido, dependiendo del transportista<\/li>\n<\/ul>\n<p>Skin-Lab no se hace responsable de los retrasos que se produzcan fuera de nuestro control, como por ejemplo con el servicio de transporte.<\/p>\n<p><u>Condiciones de tu pedido<\/u>: <a href=\"https:\/\/www.skin-lab.be\/wp-content\/uploads\/2025\/12\/voorwaarden-en-aansprakelijkheid.pdf\" target=\"_blank\" rel=\"noopener\">condiciones y responsabilidad<\/a><\/p>\n<p><strong> <\/strong><\/p>\n<p><strong> <\/strong><strong>Pol\u00edtica de devoluciones y derecho de desistimiento<\/strong><\/p>\n<p>De acuerdo con la legislaci\u00f3n belga y europea, como consumidor tienes derecho a revocar <strong>tu compra en un plazo de 14 d\u00edas naturales<\/strong> a partir de la fecha de recepci\u00f3n <strong>, sin indicar motivo alguno<\/strong>.<\/p>\n<p><strong>Condiciones de devoluci\u00f3n<\/strong><\/p>\n<p>La devoluci\u00f3n es posible <strong>siempre que se cumplan las siguientes condiciones<\/strong>:<\/p>\n<ul>\n<li>El producto <strong>no se ha utilizado<\/strong><\/li>\n<li><strong>No se ha abierto<\/strong> el <strong>embalaje original o precintado<\/strong><\/li>\n<li>El producto est\u00e1 <strong>intacto<\/strong> y en condiciones de venta<\/li>\n<li>El producto se devolver\u00e1 correctamente y cuidadosamente embalado a cargo del cliente a Skin-Lab bv &#8211; Heistraat 23\/1 &#8211; 2491 Balen<\/li>\n<\/ul>\n<p><strong>No podemos aceptar productos cuyo embalaje o el propio producto hayan sido abiertos, utilizados o da\u00f1ados por razones de higiene y seguridad.<\/strong><\/p>\n<p>Esto est\u00e1 en consonancia con la excepci\u00f3n legal al derecho de desistimiento para los <strong>productos cosm\u00e9ticos y de cuidado personal precintados<\/strong>.<\/p>\n<p><strong>Devoluci\u00f3n<\/strong><\/p>\n<p>Cuando el producto devuelto cumpla las condiciones anteriores:<\/p>\n<ul>\n<li>se reembolsar\u00e1 <strong>la totalidad del precio de compra<\/strong> <\/li>\n<li>mediante el <strong>mismo m\u00e9todo de pago<\/strong> utilizado para la compra original<\/li>\n<li>lo antes posible tras la recepci\u00f3n e inspecci\u00f3n del producto<\/li>\n<\/ul>\n<p>Los gastos de env\u00edo de las devoluciones corren, de acuerdo con la ley, a <strong>cargo del cliente<\/strong>, a menos que se acuerde otra cosa.<\/p>\n<p><strong>\u00bfC\u00f3mo registrar una devoluci\u00f3n?<\/strong><\/p>\n<p>Para procesar correctamente una devoluci\u00f3n, ponte <strong>primero<\/strong> en contacto con nosotros por correo electr\u00f3nico:<\/p>\n<p><strong>shop@skin-lab.be<\/strong><\/p>\n<p>Por favor, menci\u00f3nalo:<\/p>\n<ul>\n<li>tu nombre<\/li>\n<li>n\u00famero de pedido<\/li>\n<li>el producto que deseas devolver<\/li>\n<\/ul>\n<p>A continuaci\u00f3n, te daremos m\u00e1s instrucciones.<\/p>\n<p><strong>Quejas o preguntas<\/strong><\/p>\n<p>Si tienes alguna pregunta, comentario o queja sobre tu pedido o un producto entregado, siempre puedes ponerte en contacto con nosotros en<\/p>\n<p><strong>shop@skin-lab.be<\/strong><\/p>\n<p>Tratamos cada consulta con la debida atenci\u00f3n y nos esforzamos por conseguir una soluci\u00f3n r\u00e1pida y correcta.<\/p>\n<p><\/div><\/div><\/div><\/div><\/div>\n","protected":false},"excerpt":{"rendered":"<p><strong><u>Re<\/u><\/strong><strong>Optimize<\/strong>&#8211; Crema para el<strong>contorno<\/strong> de ojos<\/p>\n<p><strong>Crema espec\u00edfica para el contorno de ojos para mantener la hidrataci\u00f3n de los ojos<\/strong><\/p>\n<p>La crema para el contorno de ojos ReOptimize de Rebiome reduce la hinchaz\u00f3n, las ojeras y suaviza las l\u00edneas finas.<\/p>\n<p>Reduce la hinchaz\u00f3n &#8211; Reduce las ojeras &#8211; Suaviza las l\u00edneas finas<\/p>\n<p>&nbsp;<\/p>\n","protected":false},"featured_media":5092,"template":"","meta":[],"product_brand":[],"product_cat":[149,147],"product_tag":[],"class_list":{"0":"post-6164","1":"product","2":"type-product","3":"status-publish","4":"has-post-thumbnail","6":"product_cat-crema","7":"product_cat-tienda","9":"first","10":"instock","11":"shipping-taxable","12":"purchasable","13":"product-type-simple"},"yoast_head":"<!-- This site is optimized with the Yoast SEO plugin v27.4 - https:\/\/yoast.com\/product\/yoast-seo-wordpress\/ -->\n<title>Rebiome | Crema de Ojos ReOptimizante - Skin-Lab<\/title>\n<meta name=\"robots\" content=\"index, follow, max-snippet:-1, max-image-preview:large, max-video-preview:-1\" \/>\n<link rel=\"canonical\" href=\"https:\/\/www.skin-lab.be\/es\/producto\/rebiome-crema-de-ojos-reoptimizante\/\" \/>\n<meta property=\"og:locale\" content=\"es_ES\" \/>\n<meta property=\"og:type\" content=\"article\" \/>\n<meta property=\"og:title\" content=\"Rebiome | Crema de Ojos ReOptimizante - Skin-Lab\" \/>\n<meta property=\"og:description\" content=\"ReOptimize- Crema para elcontorno de ojos Crema espec\u00edfica para el contorno de ojos para mantener la hidrataci\u00f3n de los ojos La crema para el contorno de ojos ReOptimize de Rebiome reduce la hinchaz\u00f3n, las ojeras y suaviza las l\u00edneas finas. Reduce la hinchaz\u00f3n - Reduce las ojeras - Suaviza las l\u00edneas finas &nbsp;\" \/>\n<meta property=\"og:url\" content=\"https:\/\/www.skin-lab.be\/es\/producto\/rebiome-crema-de-ojos-reoptimizante\/\" \/>\n<meta property=\"og:site_name\" content=\"Skin-Lab\" \/>\n<meta property=\"article:modified_time\" content=\"2026-04-05T08:06:58+00:00\" \/>\n<meta property=\"og:image\" content=\"https:\/\/www.skin-lab.be\/wp-content\/uploads\/2025\/12\/Rebiome-ReOptimize.jpg\" \/>\n\t<meta property=\"og:image:width\" content=\"1000\" \/>\n\t<meta property=\"og:image:height\" content=\"1000\" \/>\n\t<meta property=\"og:image:type\" content=\"image\/jpeg\" \/>\n<meta name=\"twitter:card\" content=\"summary_large_image\" \/>\n<meta name=\"twitter:label1\" content=\"Tiempo de lectura\" \/>\n\t<meta name=\"twitter:data1\" content=\"8 minutos\" \/>\n<script type=\"application\/ld+json\" class=\"yoast-schema-graph\">{\"@context\":\"https:\\\/\\\/schema.org\",\"@graph\":[{\"@type\":\"WebPage\",\"@id\":\"https:\\\/\\\/www.skin-lab.be\\\/es\\\/producto\\\/rebiome-crema-de-ojos-reoptimizante\\\/\",\"url\":\"https:\\\/\\\/www.skin-lab.be\\\/es\\\/producto\\\/rebiome-crema-de-ojos-reoptimizante\\\/\",\"name\":\"Rebiome | Crema de Ojos ReOptimizante - Skin-Lab\",\"isPartOf\":{\"@id\":\"https:\\\/\\\/www.skin-lab.be\\\/es\\\/#website\"},\"primaryImageOfPage\":{\"@id\":\"https:\\\/\\\/www.skin-lab.be\\\/es\\\/producto\\\/rebiome-crema-de-ojos-reoptimizante\\\/#primaryimage\"},\"image\":{\"@id\":\"https:\\\/\\\/www.skin-lab.be\\\/es\\\/producto\\\/rebiome-crema-de-ojos-reoptimizante\\\/#primaryimage\"},\"thumbnailUrl\":\"https:\\\/\\\/www.skin-lab.be\\\/wp-content\\\/uploads\\\/2025\\\/12\\\/Rebiome-ReOptimize.jpg\",\"datePublished\":\"2025-12-09T10:15:37+00:00\",\"dateModified\":\"2026-04-05T08:06:58+00:00\",\"breadcrumb\":{\"@id\":\"https:\\\/\\\/www.skin-lab.be\\\/es\\\/producto\\\/rebiome-crema-de-ojos-reoptimizante\\\/#breadcrumb\"},\"inLanguage\":\"es\",\"potentialAction\":[{\"@type\":\"ReadAction\",\"target\":[\"https:\\\/\\\/www.skin-lab.be\\\/es\\\/producto\\\/rebiome-crema-de-ojos-reoptimizante\\\/\"]}]},{\"@type\":\"ImageObject\",\"inLanguage\":\"es\",\"@id\":\"https:\\\/\\\/www.skin-lab.be\\\/es\\\/producto\\\/rebiome-crema-de-ojos-reoptimizante\\\/#primaryimage\",\"url\":\"https:\\\/\\\/www.skin-lab.be\\\/wp-content\\\/uploads\\\/2025\\\/12\\\/Rebiome-ReOptimize.jpg\",\"contentUrl\":\"https:\\\/\\\/www.skin-lab.be\\\/wp-content\\\/uploads\\\/2025\\\/12\\\/Rebiome-ReOptimize.jpg\",\"width\":1000,\"height\":1000,\"caption\":\"Rebiome Reoptimize\"},{\"@type\":\"BreadcrumbList\",\"@id\":\"https:\\\/\\\/www.skin-lab.be\\\/es\\\/producto\\\/rebiome-crema-de-ojos-reoptimizante\\\/#breadcrumb\",\"itemListElement\":[{\"@type\":\"ListItem\",\"position\":1,\"name\":\"Home\",\"item\":\"https:\\\/\\\/www.skin-lab.be\\\/es\\\/\"},{\"@type\":\"ListItem\",\"position\":2,\"name\":\"Tienda\",\"item\":\"https:\\\/\\\/www.skin-lab.be\\\/es\\\/tienda\\\/\"},{\"@type\":\"ListItem\",\"position\":3,\"name\":\"Rebiome | Crema de Ojos ReOptimizante\"}]},{\"@type\":\"WebSite\",\"@id\":\"https:\\\/\\\/www.skin-lab.be\\\/es\\\/#website\",\"url\":\"https:\\\/\\\/www.skin-lab.be\\\/es\\\/\",\"name\":\"Skin-Lab\",\"description\":\"Face &amp; Body Solutions\",\"publisher\":{\"@id\":\"https:\\\/\\\/www.skin-lab.be\\\/es\\\/#organization\"},\"potentialAction\":[{\"@type\":\"SearchAction\",\"target\":{\"@type\":\"EntryPoint\",\"urlTemplate\":\"https:\\\/\\\/www.skin-lab.be\\\/es\\\/?s={search_term_string}\"},\"query-input\":{\"@type\":\"PropertyValueSpecification\",\"valueRequired\":true,\"valueName\":\"search_term_string\"}}],\"inLanguage\":\"es\"},{\"@type\":\"Organization\",\"@id\":\"https:\\\/\\\/www.skin-lab.be\\\/es\\\/#organization\",\"name\":\"Skin-Lab bv\",\"url\":\"https:\\\/\\\/www.skin-lab.be\\\/es\\\/\",\"logo\":{\"@type\":\"ImageObject\",\"inLanguage\":\"es\",\"@id\":\"https:\\\/\\\/www.skin-lab.be\\\/es\\\/#\\\/schema\\\/logo\\\/image\\\/\",\"url\":\"https:\\\/\\\/www.skin-lab.be\\\/wp-content\\\/uploads\\\/2021\\\/02\\\/skinlablogo160px.png\",\"contentUrl\":\"https:\\\/\\\/www.skin-lab.be\\\/wp-content\\\/uploads\\\/2021\\\/02\\\/skinlablogo160px.png\",\"width\":520,\"height\":160,\"caption\":\"Skin-Lab bv\"},\"image\":{\"@id\":\"https:\\\/\\\/www.skin-lab.be\\\/es\\\/#\\\/schema\\\/logo\\\/image\\\/\"}}]}<\/script>\n<!-- \/ Yoast SEO plugin. -->","yoast_head_json":{"title":"Rebiome | Crema de Ojos ReOptimizante - Skin-Lab","robots":{"index":"index","follow":"follow","max-snippet":"max-snippet:-1","max-image-preview":"max-image-preview:large","max-video-preview":"max-video-preview:-1"},"canonical":"https:\/\/www.skin-lab.be\/es\/producto\/rebiome-crema-de-ojos-reoptimizante\/","og_locale":"es_ES","og_type":"article","og_title":"Rebiome | Crema de Ojos ReOptimizante - Skin-Lab","og_description":"ReOptimize- Crema para elcontorno de ojos Crema espec\u00edfica para el contorno de ojos para mantener la hidrataci\u00f3n de los ojos La crema para el contorno de ojos ReOptimize de Rebiome reduce la hinchaz\u00f3n, las ojeras y suaviza las l\u00edneas finas. Reduce la hinchaz\u00f3n - Reduce las ojeras - Suaviza las l\u00edneas finas &nbsp;","og_url":"https:\/\/www.skin-lab.be\/es\/producto\/rebiome-crema-de-ojos-reoptimizante\/","og_site_name":"Skin-Lab","article_modified_time":"2026-04-05T08:06:58+00:00","og_image":[{"width":1000,"height":1000,"url":"https:\/\/www.skin-lab.be\/wp-content\/uploads\/2025\/12\/Rebiome-ReOptimize.jpg","type":"image\/jpeg"}],"twitter_card":"summary_large_image","twitter_misc":{"Tiempo de lectura":"8 minutos"},"schema":{"@context":"https:\/\/schema.org","@graph":[{"@type":"WebPage","@id":"https:\/\/www.skin-lab.be\/es\/producto\/rebiome-crema-de-ojos-reoptimizante\/","url":"https:\/\/www.skin-lab.be\/es\/producto\/rebiome-crema-de-ojos-reoptimizante\/","name":"Rebiome | Crema de Ojos ReOptimizante - Skin-Lab","isPartOf":{"@id":"https:\/\/www.skin-lab.be\/es\/#website"},"primaryImageOfPage":{"@id":"https:\/\/www.skin-lab.be\/es\/producto\/rebiome-crema-de-ojos-reoptimizante\/#primaryimage"},"image":{"@id":"https:\/\/www.skin-lab.be\/es\/producto\/rebiome-crema-de-ojos-reoptimizante\/#primaryimage"},"thumbnailUrl":"https:\/\/www.skin-lab.be\/wp-content\/uploads\/2025\/12\/Rebiome-ReOptimize.jpg","datePublished":"2025-12-09T10:15:37+00:00","dateModified":"2026-04-05T08:06:58+00:00","breadcrumb":{"@id":"https:\/\/www.skin-lab.be\/es\/producto\/rebiome-crema-de-ojos-reoptimizante\/#breadcrumb"},"inLanguage":"es","potentialAction":[{"@type":"ReadAction","target":["https:\/\/www.skin-lab.be\/es\/producto\/rebiome-crema-de-ojos-reoptimizante\/"]}]},{"@type":"ImageObject","inLanguage":"es","@id":"https:\/\/www.skin-lab.be\/es\/producto\/rebiome-crema-de-ojos-reoptimizante\/#primaryimage","url":"https:\/\/www.skin-lab.be\/wp-content\/uploads\/2025\/12\/Rebiome-ReOptimize.jpg","contentUrl":"https:\/\/www.skin-lab.be\/wp-content\/uploads\/2025\/12\/Rebiome-ReOptimize.jpg","width":1000,"height":1000,"caption":"Rebiome Reoptimize"},{"@type":"BreadcrumbList","@id":"https:\/\/www.skin-lab.be\/es\/producto\/rebiome-crema-de-ojos-reoptimizante\/#breadcrumb","itemListElement":[{"@type":"ListItem","position":1,"name":"Home","item":"https:\/\/www.skin-lab.be\/es\/"},{"@type":"ListItem","position":2,"name":"Tienda","item":"https:\/\/www.skin-lab.be\/es\/tienda\/"},{"@type":"ListItem","position":3,"name":"Rebiome | Crema de Ojos ReOptimizante"}]},{"@type":"WebSite","@id":"https:\/\/www.skin-lab.be\/es\/#website","url":"https:\/\/www.skin-lab.be\/es\/","name":"Skin-Lab","description":"Face &amp; Body Solutions","publisher":{"@id":"https:\/\/www.skin-lab.be\/es\/#organization"},"potentialAction":[{"@type":"SearchAction","target":{"@type":"EntryPoint","urlTemplate":"https:\/\/www.skin-lab.be\/es\/?s={search_term_string}"},"query-input":{"@type":"PropertyValueSpecification","valueRequired":true,"valueName":"search_term_string"}}],"inLanguage":"es"},{"@type":"Organization","@id":"https:\/\/www.skin-lab.be\/es\/#organization","name":"Skin-Lab bv","url":"https:\/\/www.skin-lab.be\/es\/","logo":{"@type":"ImageObject","inLanguage":"es","@id":"https:\/\/www.skin-lab.be\/es\/#\/schema\/logo\/image\/","url":"https:\/\/www.skin-lab.be\/wp-content\/uploads\/2021\/02\/skinlablogo160px.png","contentUrl":"https:\/\/www.skin-lab.be\/wp-content\/uploads\/2021\/02\/skinlablogo160px.png","width":520,"height":160,"caption":"Skin-Lab bv"},"image":{"@id":"https:\/\/www.skin-lab.be\/es\/#\/schema\/logo\/image\/"}}]}},"_links":{"self":[{"href":"https:\/\/www.skin-lab.be\/es\/wp-json\/wp\/v2\/product\/6164","targetHints":{"allow":["GET"]}}],"collection":[{"href":"https:\/\/www.skin-lab.be\/es\/wp-json\/wp\/v2\/product"}],"about":[{"href":"https:\/\/www.skin-lab.be\/es\/wp-json\/wp\/v2\/types\/product"}],"wp:featuredmedia":[{"embeddable":true,"href":"https:\/\/www.skin-lab.be\/es\/wp-json\/wp\/v2\/media\/5092"}],"wp:attachment":[{"href":"https:\/\/www.skin-lab.be\/es\/wp-json\/wp\/v2\/media?parent=6164"}],"wp:term":[{"taxonomy":"product_brand","embeddable":true,"href":"https:\/\/www.skin-lab.be\/es\/wp-json\/wp\/v2\/product_brand?post=6164"},{"taxonomy":"product_cat","embeddable":true,"href":"https:\/\/www.skin-lab.be\/es\/wp-json\/wp\/v2\/product_cat?post=6164"},{"taxonomy":"product_tag","embeddable":true,"href":"https:\/\/www.skin-lab.be\/es\/wp-json\/wp\/v2\/product_tag?post=6164"}],"curies":[{"name":"wp","href":"https:\/\/api.w.org\/{rel}","templated":true}]}}