{"id":6165,"date":"2025-12-09T11:09:02","date_gmt":"2025-12-09T10:09:02","guid":{"rendered":"https:\/\/www.skin-lab.be\/product\/rebiome-reboost-reforzador-de-acido-hialuronico\/"},"modified":"2026-04-05T10:07:37","modified_gmt":"2026-04-05T08:07:37","slug":"rebiome-reboost-reforzador-de-acido-hialuronico","status":"publish","type":"product","link":"https:\/\/www.skin-lab.be\/es\/producto\/rebiome-reboost-reforzador-de-acido-hialuronico\/","title":{"rendered":"Rebiome | ReBoost Reforzador de \u00c1cido Hialur\u00f3nico"},"content":{"rendered":"<div class=\"accordian fusion-accordian\" style=\"--awb-border-size:1px;--awb-icon-size:13px;--awb-content-font-size:18px;--awb-icon-alignment:left;--awb-hover-color:#f9f9f9;--awb-border-color:#cccccc;--awb-background-color:#ffffff;--awb-divider-color:#b9afa1;--awb-divider-hover-color:#b9afa1;--awb-icon-color:#ffffff;--awb-title-color:var(--awb-custom13);--awb-content-color:#747474;--awb-icon-box-color:#6f727b;--awb-toggle-hover-accent-color:#b9afa1;--awb-title-font-family:&quot;Tenor Sans&quot;;--awb-title-font-weight:regular;--awb-title-font-style:normal;--awb-title-font-size:20px;--awb-content-font-family:&quot;Tenor Sans&quot;;--awb-content-font-style:normal;--awb-content-font-weight:regular;\"><div class=\"panel-group fusion-toggle-icon-boxed\" id=\"accordion-6165-1\"><div class=\"fusion-panel panel-default panel-9cb824d2ca4721e9a fusion-toggle-has-divider\" style=\"--awb-title-color:var(--awb-custom13);--awb-content-color:#747474;\"><div class=\"panel-heading\"><h4 class=\"panel-title toggle\" id=\"toggle_9cb824d2ca4721e9a\"><a aria-expanded=\"false\" aria-controls=\"9cb824d2ca4721e9a\" role=\"button\" data-toggle=\"collapse\" data-parent=\"#accordion-6165-1\" data-target=\"#9cb824d2ca4721e9a\" href=\"#9cb824d2ca4721e9a\"><span class=\"fusion-toggle-icon-wrapper\" aria-hidden=\"true\"><i class=\"fa-fusion-box active-icon awb-icon-minus\" aria-hidden=\"true\"><\/i><i class=\"fa-fusion-box inactive-icon awb-icon-plus\" aria-hidden=\"true\"><\/i><\/span><span class=\"fusion-toggle-heading\">Informaci\u00f3n del producto<\/span><\/a><\/h4><\/div><div id=\"9cb824d2ca4721e9a\" class=\"panel-collapse collapse \" aria-labelledby=\"toggle_9cb824d2ca4721e9a\"><div class=\"panel-body toggle-content fusion-clearfix\"><\/p>\n<p><strong>S\u00e9rum antiedad hidratante instant<\/strong>\u00e1neo <strong><br \/>\n El s\u00e9rum facial de \u00e1cido hialur\u00f3nico Rebiome ReBoost proporciona hidrataci\u00f3n instant\u00e1nea con efectos antiedad superiores.<\/strong><\/p>\n<p>Rebiome ReBoost proporciona hidrataci\u00f3n instant\u00e1nea con un efecto antienvejecimiento superior. Contiene el exclusivo p\u00e9ptido Fensebioom\u2122 que estimula la actividad probi\u00f3tica natural de la piel. Combinado con \u00e1cidos hialur\u00f3nicos estimulantes de las c\u00e9lulas, el potente p\u00e9ptido antiarrugas natural Argireline\u00ae y el altamente beneficioso Glycoin\u00ae natural, este suero es realmente algo especial. Tiene grandes capacidades para apoyar el equilibrio del microbioma de tu piel, para mejorar la funci\u00f3n de barrera cut\u00e1nea y mantener la piel sana.<\/p>\n<p><\/div><\/div><\/div><div class=\"fusion-panel panel-default panel-be901e9e6c5f9d6de fusion-toggle-has-divider\" style=\"--awb-title-color:var(--awb-custom13);--awb-content-color:#747474;\"><div class=\"panel-heading\"><h4 class=\"panel-title toggle\" id=\"toggle_be901e9e6c5f9d6de\"><a aria-expanded=\"false\" aria-controls=\"be901e9e6c5f9d6de\" role=\"button\" data-toggle=\"collapse\" data-parent=\"#accordion-6165-1\" data-target=\"#be901e9e6c5f9d6de\" href=\"#be901e9e6c5f9d6de\"><span class=\"fusion-toggle-icon-wrapper\" aria-hidden=\"true\"><i class=\"fa-fusion-box active-icon awb-icon-minus\" aria-hidden=\"true\"><\/i><i class=\"fa-fusion-box inactive-icon awb-icon-plus\" aria-hidden=\"true\"><\/i><\/span><span class=\"fusion-toggle-heading\">Utiliza<\/span><\/a><\/h4><\/div><div id=\"be901e9e6c5f9d6de\" class=\"panel-collapse collapse \" aria-labelledby=\"toggle_be901e9e6c5f9d6de\"><div class=\"panel-body toggle-content fusion-clearfix\"><\/p>\n<p>&nbsp;<\/p>\n<p>Aplica unas gotas sobre el rostro limpio. Masajear hasta que penetre.<br \/>\nPara uso diario.<br \/>\nTodo tipo de piel.<br \/>\nEvitar el contacto con los ojos. <\/p>\n<p>pH: 6,0<br \/>\nContenido: 15ml<br \/>\nContenido natural: contenido natural: 99%<\/p>\n<p><\/div><\/div><\/div><div class=\"fusion-panel panel-default panel-ea4189cfb12357efe fusion-toggle-has-divider\" style=\"--awb-title-color:var(--awb-custom13);--awb-content-color:#747474;\"><div class=\"panel-heading\"><h4 class=\"panel-title toggle\" id=\"toggle_ea4189cfb12357efe\"><a aria-expanded=\"false\" aria-controls=\"ea4189cfb12357efe\" role=\"button\" data-toggle=\"collapse\" data-parent=\"#accordion-6165-1\" data-target=\"#ea4189cfb12357efe\" href=\"#ea4189cfb12357efe\"><span class=\"fusion-toggle-icon-wrapper\" aria-hidden=\"true\"><i class=\"fa-fusion-box active-icon awb-icon-minus\" aria-hidden=\"true\"><\/i><i class=\"fa-fusion-box inactive-icon awb-icon-plus\" aria-hidden=\"true\"><\/i><\/span><span class=\"fusion-toggle-heading\">Ingredientes principales<\/span><\/a><\/h4><\/div><div id=\"ea4189cfb12357efe\" class=\"panel-collapse collapse \" aria-labelledby=\"toggle_ea4189cfb12357efe\"><div class=\"panel-body toggle-content fusion-clearfix\"><\/p>\n<ul>\n<li style=\"list-style-type: none;\">\n<ul>\n<li><strong>Argireline 5%<\/strong><br \/>\nUn p\u00e9ptido muy utilizado para las primeras arrugas y una alternativa t\u00f3pica m\u00e1s segura al Botox. Este p\u00e9ptido \u00fanico ha demostrado su valor para prevenir eficazmente la formaci\u00f3n de l\u00edneas finas y arrugas . <\/li>\n<li>Amino\u00e1cidos 5%<br \/>\nHidratante AHA (alfahidroxi\u00e1cidos) altamente eficaz formulado con NMF (Factor Hidratante Natural), los amino\u00e1cidos desempe\u00f1an un papel importante en el mantenimiento de los niveles de hidrataci\u00f3n de la piel . Este ingrediente activo ayuda a la renovaci\u00f3n celular y tiene un efecto estimulante prebi\u00f3tico para apoyar la microbiota natural de la piel. <\/li>\n<li><strong>\u00c1cidos hialur\u00f3nicos (dosis 1,75% (baja) + 0,25% (alta)<\/strong><br \/>\nEl \u00e1cido hialur\u00f3nico, un humectante natural, mantiene la elasticidad y firmeza de la piel al retener la humedad, haciendo que se sienta m\u00e1s suave y parezca m\u00e1s joven.<\/li>\n<li><strong>Glycoin 1,5%<\/strong><br \/>\nMyrothamnus flabellifolia es una especie vegetal que se encuentra en las regiones rocosas del sur de \u00c1frica. Conocida com\u00fanmente como la planta de la resurrecci\u00f3n por su capacidad para revivir r\u00e1pidamente las hojas muertas cuando se exponen al agua, contiene propiedades antienvejecimiento, antiinflamatorias, estimulantes celulares, estimulantes, vitalizantes y nutritivas que tienen un efecto positivo en el microbioma de la piel. <\/li>\n<\/ul>\n<\/li>\n<\/ul>\n<ul>\n<li><strong>Fensebiome\u2122 P\u00e9ptido Amino\u00e1cido 1%<br \/>\n<\/strong>Un potente p\u00e9ptido con un enfoque prebi\u00f3tico y efecto probi\u00f3tico. Estimula la actividad probi\u00f3tica natural de la piel y refuerza las defensas promoviendo bacterias beneficiosas que mejoran la respuesta inmunitaria de la piel y la integridad de la barrera f\u00edsica. El exclusivo activo estimulante del microbioma ayuda a reequilibrar la salud de la piel para un bienestar \u00f3ptimo.  <\/li>\n<\/ul>\n<p><\/div><\/div><\/div><div class=\"fusion-panel panel-default panel-2f0cc6cfaa6fde369 fusion-toggle-has-divider\" style=\"--awb-title-color:var(--awb-custom13);--awb-content-color:#747474;\"><div class=\"panel-heading\"><h4 class=\"panel-title toggle\" id=\"toggle_2f0cc6cfaa6fde369\"><a aria-expanded=\"false\" aria-controls=\"2f0cc6cfaa6fde369\" role=\"button\" data-toggle=\"collapse\" data-parent=\"#accordion-6165-1\" data-target=\"#2f0cc6cfaa6fde369\" href=\"#2f0cc6cfaa6fde369\"><span class=\"fusion-toggle-icon-wrapper\" aria-hidden=\"true\"><i class=\"fa-fusion-box active-icon awb-icon-minus\" aria-hidden=\"true\"><\/i><i class=\"fa-fusion-box inactive-icon awb-icon-plus\" aria-hidden=\"true\"><\/i><\/span><span class=\"fusion-toggle-heading\">Todos los ingredientes:<\/span><\/a><\/h4><\/div><div id=\"2f0cc6cfaa6fde369\" class=\"panel-collapse collapse \" aria-labelledby=\"toggle_2f0cc6cfaa6fde369\"><div class=\"panel-body toggle-content fusion-clearfix\"><\/p>\n<p>Agua, Olivato de Etilhexilo Hidrogenado, Glicerina, \u00c9steres de Fitosterol del Aceite de Semilla de Crambe Abyssinica, Almid\u00f3n de Oryza Sativa, Escualeno, Glicol de Pentileno, Aceite de Butyrospermum Parkii, Alcohol Cet\u00edlico, Insaponificables de Aceite de Oliva Hidrogenado, Extracto de Cichorium Intybus, Alcohol Cetear\u00edlico, Gluc\u00f3sido Cetear\u00edlico, Mica, Inulina, Lauroil Lisina, Fructosa, Tocoferol, \u00c1cido Levul\u00ednico, Lisado de Cultivo Celular de Ra\u00edz de Daucus Carota Sativa, Lisado de cultivo de callo de Morinda Citrifolia, Goma Xantana, Gluc\u00f3sido de Glicerilo, Aceite de Semilla de Adansonia Digitata, \u00c1cido L\u00e1ctico, Aceite de Semilla de Helianthus Annuus, Caprilato de Glicerilo, Caprilil Glicol, \u00c1cido C\u00edtrico, Fenoxietanol, Prote\u00edna de soja hidrolizada, Etilhexilglicerina, Pectina, Butilenglicol, Prolina, Arginina, Serina, Glucosa, Acetil Heptapeptido-4, Acetil Tetrap\u00e9ptido-5, Extracto de Chondrus Crispus, Parfum, CI 77491, CI 77891.<\/p>\n<p><\/div><\/div><\/div><div class=\"fusion-panel panel-default panel-fe3e9cb7d0c4a44f1 fusion-toggle-has-divider\" style=\"--awb-title-color:var(--awb-custom13);--awb-content-color:#747474;\"><div class=\"panel-heading\"><h4 class=\"panel-title toggle\" id=\"toggle_fe3e9cb7d0c4a44f1\"><a aria-expanded=\"false\" aria-controls=\"fe3e9cb7d0c4a44f1\" role=\"button\" data-toggle=\"collapse\" data-parent=\"#accordion-6165-1\" data-target=\"#fe3e9cb7d0c4a44f1\" href=\"#fe3e9cb7d0c4a44f1\"><span class=\"fusion-toggle-icon-wrapper\" aria-hidden=\"true\"><i class=\"fa-fusion-box active-icon awb-icon-minus\" aria-hidden=\"true\"><\/i><i class=\"fa-fusion-box inactive-icon awb-icon-plus\" aria-hidden=\"true\"><\/i><\/span><span class=\"fusion-toggle-heading\">Env\u00edo, pol\u00edtica de devoluciones, reclamaciones:<\/span><\/a><\/h4><\/div><div id=\"fe3e9cb7d0c4a44f1\" class=\"panel-collapse collapse \" aria-labelledby=\"toggle_fe3e9cb7d0c4a44f1\"><div class=\"panel-body toggle-content fusion-clearfix\"><\/p>\n<p><strong>Pol\u00edtica de env\u00edos<\/strong><\/p>\n<p>Una vez recibido tu pedido en l\u00ednea, tu compra se <strong>procesar\u00e1 inmediatamente<\/strong> y se preparar\u00e1 para el env\u00edo.<br \/>\nLos productos se enviar\u00e1n a la direcci\u00f3n que hayas indicado al realizar el pedido.<\/p>\n<ul>\n<li><strong>Gastos de env\u00edo:<\/strong> 5 euros por pedido<\/li>\n<li><strong>Entrega:<\/strong> en B\u00e9lgica<\/li>\n<li><strong>Env\u00edo:<\/strong> lo antes posible tras el pedido, dependiendo del transportista<\/li>\n<\/ul>\n<p>Skin-Lab no se hace responsable de los retrasos que se produzcan fuera de nuestro control, como por ejemplo con el servicio de transporte.<\/p>\n<p><u>Condiciones de tu pedido<\/u>: <a href=\"https:\/\/www.skin-lab.be\/wp-content\/uploads\/2025\/12\/voorwaarden-en-aansprakelijkheid.pdf\" target=\"_blank\" rel=\"noopener\">condiciones y responsabilidad<\/a><\/p>\n<p><strong> <\/strong><\/p>\n<p><strong> <\/strong><strong>Pol\u00edtica de devoluciones y derecho de desistimiento<\/strong><\/p>\n<p>De acuerdo con la legislaci\u00f3n belga y europea, como consumidor tienes derecho a revocar <strong>tu compra en un plazo de 14 d\u00edas naturales<\/strong> a partir de la fecha de recepci\u00f3n <strong>, sin indicar motivo alguno<\/strong>.<\/p>\n<p><strong>Condiciones de devoluci\u00f3n<\/strong><\/p>\n<p>La devoluci\u00f3n es posible <strong>siempre que se cumplan las siguientes condiciones<\/strong>:<\/p>\n<ul>\n<li>El producto <strong>no se ha utilizado<\/strong><\/li>\n<li><strong>No se ha abierto<\/strong> el <strong>embalaje original o precintado<\/strong><\/li>\n<li>El producto est\u00e1 <strong>intacto<\/strong> y en condiciones de venta<\/li>\n<li>El producto se devolver\u00e1 correctamente y cuidadosamente embalado a cargo del cliente a Skin-Lab bv &#8211; Heistraat 23\/1 &#8211; 2491 Balen<\/li>\n<\/ul>\n<p><strong>No podemos aceptar productos cuyo embalaje o el propio producto hayan sido abiertos, utilizados o da\u00f1ados por razones de higiene y seguridad.<\/strong><\/p>\n<p>Esto est\u00e1 en consonancia con la excepci\u00f3n legal al derecho de desistimiento para los <strong>productos cosm\u00e9ticos y de cuidado personal precintados<\/strong>.<\/p>\n<p><strong>Devoluci\u00f3n<\/strong><\/p>\n<p>Cuando el producto devuelto cumpla las condiciones anteriores:<\/p>\n<ul>\n<li>se reembolsar\u00e1 <strong>la totalidad del precio de compra<\/strong> <\/li>\n<li>mediante el <strong>mismo m\u00e9todo de pago<\/strong> utilizado para la compra original<\/li>\n<li>lo antes posible tras la recepci\u00f3n e inspecci\u00f3n del producto<\/li>\n<\/ul>\n<p>Los gastos de env\u00edo de las devoluciones corren, de acuerdo con la ley, a <strong>cargo del cliente<\/strong>, a menos que se acuerde otra cosa.<\/p>\n<p><strong>\u00bfC\u00f3mo registrar una devoluci\u00f3n?<\/strong><\/p>\n<p>Para procesar correctamente una devoluci\u00f3n, ponte <strong>primero<\/strong> en contacto con nosotros por correo electr\u00f3nico:<\/p>\n<p><strong>shop@skin-lab.be<\/strong><\/p>\n<p>Por favor, menci\u00f3nalo:<\/p>\n<ul>\n<li>tu nombre<\/li>\n<li>n\u00famero de pedido<\/li>\n<li>el producto que deseas devolver<\/li>\n<\/ul>\n<p>A continuaci\u00f3n, te daremos m\u00e1s instrucciones.<\/p>\n<p><strong>Quejas o preguntas<\/strong><\/p>\n<p>Si tienes alguna pregunta, comentario o queja sobre tu pedido o un producto entregado, siempre puedes ponerte en contacto con nosotros en<\/p>\n<p><strong>shop@skin-lab.be<\/strong><\/p>\n<p>Tratamos cada consulta con la debida atenci\u00f3n y nos esforzamos por conseguir una soluci\u00f3n r\u00e1pida y correcta.<\/p>\n<p><\/div><\/div><\/div><\/div><\/div>\n","protected":false},"excerpt":{"rendered":"<p><strong><u>Re<\/u><\/strong><strong>Boost<\/strong>&#8211; Reforzador de \u00c1cido Hialur\u00f3nico<\/p>\n<p><strong>S\u00e9rum antiedad hidratante<\/strong> instant\u00e1neo<\/p>\n<p>El s\u00e9rum facial de \u00e1cido hialur\u00f3nico ReBoost de Rebiome proporciona una hidrataci\u00f3n instant\u00e1nea con efectos antiedad superiores.<\/p>\n<p>Aclarante &#8211; Hidratante &#8211; Sutil resplandor<\/p>\n","protected":false},"featured_media":5089,"template":"","meta":[],"product_brand":[],"product_cat":[153,147],"product_tag":[],"class_list":{"0":"post-6165","1":"product","2":"type-product","3":"status-publish","4":"has-post-thumbnail","6":"product_cat-suero","7":"product_cat-tienda","9":"first","10":"instock","11":"shipping-taxable","12":"purchasable","13":"product-type-simple"},"yoast_head":"<!-- This site is optimized with the Yoast SEO plugin v27.4 - https:\/\/yoast.com\/product\/yoast-seo-wordpress\/ -->\n<title>Rebiome | ReBoost Reforzador de \u00c1cido Hialur\u00f3nico - Skin-Lab<\/title>\n<meta name=\"robots\" content=\"index, follow, max-snippet:-1, max-image-preview:large, max-video-preview:-1\" \/>\n<link rel=\"canonical\" href=\"https:\/\/www.skin-lab.be\/es\/producto\/rebiome-reboost-reforzador-de-acido-hialuronico\/\" \/>\n<meta property=\"og:locale\" content=\"es_ES\" \/>\n<meta property=\"og:type\" content=\"article\" \/>\n<meta property=\"og:title\" content=\"Rebiome | ReBoost Reforzador de \u00c1cido Hialur\u00f3nico - Skin-Lab\" \/>\n<meta property=\"og:description\" content=\"ReBoost- Reforzador de \u00c1cido Hialur\u00f3nico S\u00e9rum antiedad hidratante instant\u00e1neo El s\u00e9rum facial de \u00e1cido hialur\u00f3nico ReBoost de Rebiome proporciona una hidrataci\u00f3n instant\u00e1nea con efectos antiedad superiores. Aclarante - Hidratante - Sutil resplandor\" \/>\n<meta property=\"og:url\" content=\"https:\/\/www.skin-lab.be\/es\/producto\/rebiome-reboost-reforzador-de-acido-hialuronico\/\" \/>\n<meta property=\"og:site_name\" content=\"Skin-Lab\" \/>\n<meta property=\"article:modified_time\" content=\"2026-04-05T08:07:37+00:00\" \/>\n<meta property=\"og:image\" content=\"https:\/\/www.skin-lab.be\/wp-content\/uploads\/2025\/12\/Rebiome-ReBoost.jpg\" \/>\n\t<meta property=\"og:image:width\" content=\"1000\" \/>\n\t<meta property=\"og:image:height\" content=\"1000\" \/>\n\t<meta property=\"og:image:type\" content=\"image\/jpeg\" \/>\n<meta name=\"twitter:card\" content=\"summary_large_image\" \/>\n<meta name=\"twitter:label1\" content=\"Tiempo de lectura\" \/>\n\t<meta name=\"twitter:data1\" content=\"7 minutos\" \/>\n<script type=\"application\/ld+json\" class=\"yoast-schema-graph\">{\"@context\":\"https:\\\/\\\/schema.org\",\"@graph\":[{\"@type\":\"WebPage\",\"@id\":\"https:\\\/\\\/www.skin-lab.be\\\/es\\\/producto\\\/rebiome-reboost-reforzador-de-acido-hialuronico\\\/\",\"url\":\"https:\\\/\\\/www.skin-lab.be\\\/es\\\/producto\\\/rebiome-reboost-reforzador-de-acido-hialuronico\\\/\",\"name\":\"Rebiome | ReBoost Reforzador de \u00c1cido Hialur\u00f3nico - Skin-Lab\",\"isPartOf\":{\"@id\":\"https:\\\/\\\/www.skin-lab.be\\\/es\\\/#website\"},\"primaryImageOfPage\":{\"@id\":\"https:\\\/\\\/www.skin-lab.be\\\/es\\\/producto\\\/rebiome-reboost-reforzador-de-acido-hialuronico\\\/#primaryimage\"},\"image\":{\"@id\":\"https:\\\/\\\/www.skin-lab.be\\\/es\\\/producto\\\/rebiome-reboost-reforzador-de-acido-hialuronico\\\/#primaryimage\"},\"thumbnailUrl\":\"https:\\\/\\\/www.skin-lab.be\\\/wp-content\\\/uploads\\\/2025\\\/12\\\/Rebiome-ReBoost.jpg\",\"datePublished\":\"2025-12-09T10:09:02+00:00\",\"dateModified\":\"2026-04-05T08:07:37+00:00\",\"breadcrumb\":{\"@id\":\"https:\\\/\\\/www.skin-lab.be\\\/es\\\/producto\\\/rebiome-reboost-reforzador-de-acido-hialuronico\\\/#breadcrumb\"},\"inLanguage\":\"es\",\"potentialAction\":[{\"@type\":\"ReadAction\",\"target\":[\"https:\\\/\\\/www.skin-lab.be\\\/es\\\/producto\\\/rebiome-reboost-reforzador-de-acido-hialuronico\\\/\"]}]},{\"@type\":\"ImageObject\",\"inLanguage\":\"es\",\"@id\":\"https:\\\/\\\/www.skin-lab.be\\\/es\\\/producto\\\/rebiome-reboost-reforzador-de-acido-hialuronico\\\/#primaryimage\",\"url\":\"https:\\\/\\\/www.skin-lab.be\\\/wp-content\\\/uploads\\\/2025\\\/12\\\/Rebiome-ReBoost.jpg\",\"contentUrl\":\"https:\\\/\\\/www.skin-lab.be\\\/wp-content\\\/uploads\\\/2025\\\/12\\\/Rebiome-ReBoost.jpg\",\"width\":1000,\"height\":1000,\"caption\":\"Reviome reboost\"},{\"@type\":\"BreadcrumbList\",\"@id\":\"https:\\\/\\\/www.skin-lab.be\\\/es\\\/producto\\\/rebiome-reboost-reforzador-de-acido-hialuronico\\\/#breadcrumb\",\"itemListElement\":[{\"@type\":\"ListItem\",\"position\":1,\"name\":\"Home\",\"item\":\"https:\\\/\\\/www.skin-lab.be\\\/es\\\/\"},{\"@type\":\"ListItem\",\"position\":2,\"name\":\"Tienda\",\"item\":\"https:\\\/\\\/www.skin-lab.be\\\/es\\\/tienda\\\/\"},{\"@type\":\"ListItem\",\"position\":3,\"name\":\"Rebiome | ReBoost Reforzador de \u00c1cido Hialur\u00f3nico\"}]},{\"@type\":\"WebSite\",\"@id\":\"https:\\\/\\\/www.skin-lab.be\\\/es\\\/#website\",\"url\":\"https:\\\/\\\/www.skin-lab.be\\\/es\\\/\",\"name\":\"Skin-Lab\",\"description\":\"Face &amp; Body Solutions\",\"publisher\":{\"@id\":\"https:\\\/\\\/www.skin-lab.be\\\/es\\\/#organization\"},\"potentialAction\":[{\"@type\":\"SearchAction\",\"target\":{\"@type\":\"EntryPoint\",\"urlTemplate\":\"https:\\\/\\\/www.skin-lab.be\\\/es\\\/?s={search_term_string}\"},\"query-input\":{\"@type\":\"PropertyValueSpecification\",\"valueRequired\":true,\"valueName\":\"search_term_string\"}}],\"inLanguage\":\"es\"},{\"@type\":\"Organization\",\"@id\":\"https:\\\/\\\/www.skin-lab.be\\\/es\\\/#organization\",\"name\":\"Skin-Lab bv\",\"url\":\"https:\\\/\\\/www.skin-lab.be\\\/es\\\/\",\"logo\":{\"@type\":\"ImageObject\",\"inLanguage\":\"es\",\"@id\":\"https:\\\/\\\/www.skin-lab.be\\\/es\\\/#\\\/schema\\\/logo\\\/image\\\/\",\"url\":\"https:\\\/\\\/www.skin-lab.be\\\/wp-content\\\/uploads\\\/2021\\\/02\\\/skinlablogo160px.png\",\"contentUrl\":\"https:\\\/\\\/www.skin-lab.be\\\/wp-content\\\/uploads\\\/2021\\\/02\\\/skinlablogo160px.png\",\"width\":520,\"height\":160,\"caption\":\"Skin-Lab bv\"},\"image\":{\"@id\":\"https:\\\/\\\/www.skin-lab.be\\\/es\\\/#\\\/schema\\\/logo\\\/image\\\/\"}}]}<\/script>\n<!-- \/ Yoast SEO plugin. -->","yoast_head_json":{"title":"Rebiome | ReBoost Reforzador de \u00c1cido Hialur\u00f3nico - Skin-Lab","robots":{"index":"index","follow":"follow","max-snippet":"max-snippet:-1","max-image-preview":"max-image-preview:large","max-video-preview":"max-video-preview:-1"},"canonical":"https:\/\/www.skin-lab.be\/es\/producto\/rebiome-reboost-reforzador-de-acido-hialuronico\/","og_locale":"es_ES","og_type":"article","og_title":"Rebiome | ReBoost Reforzador de \u00c1cido Hialur\u00f3nico - Skin-Lab","og_description":"ReBoost- Reforzador de \u00c1cido Hialur\u00f3nico S\u00e9rum antiedad hidratante instant\u00e1neo El s\u00e9rum facial de \u00e1cido hialur\u00f3nico ReBoost de Rebiome proporciona una hidrataci\u00f3n instant\u00e1nea con efectos antiedad superiores. Aclarante - Hidratante - Sutil resplandor","og_url":"https:\/\/www.skin-lab.be\/es\/producto\/rebiome-reboost-reforzador-de-acido-hialuronico\/","og_site_name":"Skin-Lab","article_modified_time":"2026-04-05T08:07:37+00:00","og_image":[{"width":1000,"height":1000,"url":"https:\/\/www.skin-lab.be\/wp-content\/uploads\/2025\/12\/Rebiome-ReBoost.jpg","type":"image\/jpeg"}],"twitter_card":"summary_large_image","twitter_misc":{"Tiempo de lectura":"7 minutos"},"schema":{"@context":"https:\/\/schema.org","@graph":[{"@type":"WebPage","@id":"https:\/\/www.skin-lab.be\/es\/producto\/rebiome-reboost-reforzador-de-acido-hialuronico\/","url":"https:\/\/www.skin-lab.be\/es\/producto\/rebiome-reboost-reforzador-de-acido-hialuronico\/","name":"Rebiome | ReBoost Reforzador de \u00c1cido Hialur\u00f3nico - Skin-Lab","isPartOf":{"@id":"https:\/\/www.skin-lab.be\/es\/#website"},"primaryImageOfPage":{"@id":"https:\/\/www.skin-lab.be\/es\/producto\/rebiome-reboost-reforzador-de-acido-hialuronico\/#primaryimage"},"image":{"@id":"https:\/\/www.skin-lab.be\/es\/producto\/rebiome-reboost-reforzador-de-acido-hialuronico\/#primaryimage"},"thumbnailUrl":"https:\/\/www.skin-lab.be\/wp-content\/uploads\/2025\/12\/Rebiome-ReBoost.jpg","datePublished":"2025-12-09T10:09:02+00:00","dateModified":"2026-04-05T08:07:37+00:00","breadcrumb":{"@id":"https:\/\/www.skin-lab.be\/es\/producto\/rebiome-reboost-reforzador-de-acido-hialuronico\/#breadcrumb"},"inLanguage":"es","potentialAction":[{"@type":"ReadAction","target":["https:\/\/www.skin-lab.be\/es\/producto\/rebiome-reboost-reforzador-de-acido-hialuronico\/"]}]},{"@type":"ImageObject","inLanguage":"es","@id":"https:\/\/www.skin-lab.be\/es\/producto\/rebiome-reboost-reforzador-de-acido-hialuronico\/#primaryimage","url":"https:\/\/www.skin-lab.be\/wp-content\/uploads\/2025\/12\/Rebiome-ReBoost.jpg","contentUrl":"https:\/\/www.skin-lab.be\/wp-content\/uploads\/2025\/12\/Rebiome-ReBoost.jpg","width":1000,"height":1000,"caption":"Reviome reboost"},{"@type":"BreadcrumbList","@id":"https:\/\/www.skin-lab.be\/es\/producto\/rebiome-reboost-reforzador-de-acido-hialuronico\/#breadcrumb","itemListElement":[{"@type":"ListItem","position":1,"name":"Home","item":"https:\/\/www.skin-lab.be\/es\/"},{"@type":"ListItem","position":2,"name":"Tienda","item":"https:\/\/www.skin-lab.be\/es\/tienda\/"},{"@type":"ListItem","position":3,"name":"Rebiome | ReBoost Reforzador de \u00c1cido Hialur\u00f3nico"}]},{"@type":"WebSite","@id":"https:\/\/www.skin-lab.be\/es\/#website","url":"https:\/\/www.skin-lab.be\/es\/","name":"Skin-Lab","description":"Face &amp; Body Solutions","publisher":{"@id":"https:\/\/www.skin-lab.be\/es\/#organization"},"potentialAction":[{"@type":"SearchAction","target":{"@type":"EntryPoint","urlTemplate":"https:\/\/www.skin-lab.be\/es\/?s={search_term_string}"},"query-input":{"@type":"PropertyValueSpecification","valueRequired":true,"valueName":"search_term_string"}}],"inLanguage":"es"},{"@type":"Organization","@id":"https:\/\/www.skin-lab.be\/es\/#organization","name":"Skin-Lab bv","url":"https:\/\/www.skin-lab.be\/es\/","logo":{"@type":"ImageObject","inLanguage":"es","@id":"https:\/\/www.skin-lab.be\/es\/#\/schema\/logo\/image\/","url":"https:\/\/www.skin-lab.be\/wp-content\/uploads\/2021\/02\/skinlablogo160px.png","contentUrl":"https:\/\/www.skin-lab.be\/wp-content\/uploads\/2021\/02\/skinlablogo160px.png","width":520,"height":160,"caption":"Skin-Lab bv"},"image":{"@id":"https:\/\/www.skin-lab.be\/es\/#\/schema\/logo\/image\/"}}]}},"_links":{"self":[{"href":"https:\/\/www.skin-lab.be\/es\/wp-json\/wp\/v2\/product\/6165","targetHints":{"allow":["GET"]}}],"collection":[{"href":"https:\/\/www.skin-lab.be\/es\/wp-json\/wp\/v2\/product"}],"about":[{"href":"https:\/\/www.skin-lab.be\/es\/wp-json\/wp\/v2\/types\/product"}],"wp:featuredmedia":[{"embeddable":true,"href":"https:\/\/www.skin-lab.be\/es\/wp-json\/wp\/v2\/media\/5089"}],"wp:attachment":[{"href":"https:\/\/www.skin-lab.be\/es\/wp-json\/wp\/v2\/media?parent=6165"}],"wp:term":[{"taxonomy":"product_brand","embeddable":true,"href":"https:\/\/www.skin-lab.be\/es\/wp-json\/wp\/v2\/product_brand?post=6165"},{"taxonomy":"product_cat","embeddable":true,"href":"https:\/\/www.skin-lab.be\/es\/wp-json\/wp\/v2\/product_cat?post=6165"},{"taxonomy":"product_tag","embeddable":true,"href":"https:\/\/www.skin-lab.be\/es\/wp-json\/wp\/v2\/product_tag?post=6165"}],"curies":[{"name":"wp","href":"https:\/\/api.w.org\/{rel}","templated":true}]}}