{"id":6166,"date":"2025-12-09T10:50:01","date_gmt":"2025-12-09T09:50:01","guid":{"rendered":"https:\/\/www.skin-lab.be\/product\/rebiome-suero-facial-reglow\/"},"modified":"2026-04-05T10:08:17","modified_gmt":"2026-04-05T08:08:17","slug":"rebiome-suero-facial-reglow","status":"publish","type":"product","link":"https:\/\/www.skin-lab.be\/es\/producto\/rebiome-suero-facial-reglow\/","title":{"rendered":"Rebiome | Suero facial ReGlow"},"content":{"rendered":"<div class=\"accordian fusion-accordian\" style=\"--awb-border-size:1px;--awb-icon-size:13px;--awb-content-font-size:18px;--awb-icon-alignment:left;--awb-hover-color:#f9f9f9;--awb-border-color:#cccccc;--awb-background-color:#ffffff;--awb-divider-color:#b9afa1;--awb-divider-hover-color:#b9afa1;--awb-icon-color:#ffffff;--awb-title-color:var(--awb-custom13);--awb-content-color:#747474;--awb-icon-box-color:#6f727b;--awb-toggle-hover-accent-color:#b9afa1;--awb-title-font-family:&quot;Tenor Sans&quot;;--awb-title-font-weight:regular;--awb-title-font-style:normal;--awb-title-font-size:20px;--awb-content-font-family:&quot;Tenor Sans&quot;;--awb-content-font-style:normal;--awb-content-font-weight:regular;\"><div class=\"panel-group fusion-toggle-icon-boxed\" id=\"accordion-6166-1\"><div class=\"fusion-panel panel-default panel-e793b8c09af371d5a fusion-toggle-has-divider\" style=\"--awb-title-color:var(--awb-custom13);--awb-content-color:#747474;\"><div class=\"panel-heading\"><h4 class=\"panel-title toggle\" id=\"toggle_e793b8c09af371d5a\"><a aria-expanded=\"false\" aria-controls=\"e793b8c09af371d5a\" role=\"button\" data-toggle=\"collapse\" data-parent=\"#accordion-6166-1\" data-target=\"#e793b8c09af371d5a\" href=\"#e793b8c09af371d5a\"><span class=\"fusion-toggle-icon-wrapper\" aria-hidden=\"true\"><i class=\"fa-fusion-box active-icon awb-icon-minus\" aria-hidden=\"true\"><\/i><i class=\"fa-fusion-box inactive-icon awb-icon-plus\" aria-hidden=\"true\"><\/i><\/span><span class=\"fusion-toggle-heading\">Informaci\u00f3n del producto<\/span><\/a><\/h4><\/div><div id=\"e793b8c09af371d5a\" class=\"panel-collapse collapse \" aria-labelledby=\"toggle_e793b8c09af371d5a\"><div class=\"panel-body toggle-content fusion-clearfix\"><\/p>\n<p><strong>Suero hidratante para el resplandor durante todo el d\u00eda<br \/>\n<\/strong>El suero facial reequilibrante del microbioma Rebiome ReGlow proporciona una potente hidrataci\u00f3n, un hermoso resplandor y protecci\u00f3n del microbioma, y reequilibra la funci\u00f3n barrera de la piel.<br \/>\n<strong><br \/>\nEquilibra el microbioma de tu<\/strong>piel <strong><br \/>\n Rebiome ReGlow proporciona hidrataci\u00f3n y protecci\u00f3n durante todo el d\u00eda, para una piel m\u00e1s suave. Contiene el exclusivo p\u00e9ptido Fensebioom\u2122 que estimula la actividad probi\u00f3tica natural de la piel. Tambi\u00e9n contiene una alternativa natural a las siliconas, y antioxidantes altamente eficaces como el escualeno de oliva y amino\u00e1cidos naturales.<\/strong><\/p>\n<p><\/div><\/div><\/div><div class=\"fusion-panel panel-default panel-cfee63fc34e37b9f6 fusion-toggle-has-divider\" style=\"--awb-title-color:var(--awb-custom13);--awb-content-color:#747474;\"><div class=\"panel-heading\"><h4 class=\"panel-title toggle\" id=\"toggle_cfee63fc34e37b9f6\"><a aria-expanded=\"false\" aria-controls=\"cfee63fc34e37b9f6\" role=\"button\" data-toggle=\"collapse\" data-parent=\"#accordion-6166-1\" data-target=\"#cfee63fc34e37b9f6\" href=\"#cfee63fc34e37b9f6\"><span class=\"fusion-toggle-icon-wrapper\" aria-hidden=\"true\"><i class=\"fa-fusion-box active-icon awb-icon-minus\" aria-hidden=\"true\"><\/i><i class=\"fa-fusion-box inactive-icon awb-icon-plus\" aria-hidden=\"true\"><\/i><\/span><span class=\"fusion-toggle-heading\">Utiliza<\/span><\/a><\/h4><\/div><div id=\"cfee63fc34e37b9f6\" class=\"panel-collapse collapse \" aria-labelledby=\"toggle_cfee63fc34e37b9f6\"><div class=\"panel-body toggle-content fusion-clearfix\"><\/p>\n<p>Aplica de 3 a 5 gotas sobre el rostro limpio y deja actuar.<\/p>\n<p>Para uso diario.<br \/>\nTodo tipo de piel.<br \/>\nEvita el contacto con los ojos.<\/p>\n<p>pH: 5,0<br \/>\nContenido: 30 ml<br \/>\ncontenido natural: 99% contenido natural<\/p>\n<p><\/div><\/div><\/div><div class=\"fusion-panel panel-default panel-87590f69baebb3cac fusion-toggle-has-divider\" style=\"--awb-title-color:var(--awb-custom13);--awb-content-color:#747474;\"><div class=\"panel-heading\"><h4 class=\"panel-title toggle\" id=\"toggle_87590f69baebb3cac\"><a aria-expanded=\"false\" aria-controls=\"87590f69baebb3cac\" role=\"button\" data-toggle=\"collapse\" data-parent=\"#accordion-6166-1\" data-target=\"#87590f69baebb3cac\" href=\"#87590f69baebb3cac\"><span class=\"fusion-toggle-icon-wrapper\" aria-hidden=\"true\"><i class=\"fa-fusion-box active-icon awb-icon-minus\" aria-hidden=\"true\"><\/i><i class=\"fa-fusion-box inactive-icon awb-icon-plus\" aria-hidden=\"true\"><\/i><\/span><span class=\"fusion-toggle-heading\">Ingredientes principales<\/span><\/a><\/h4><\/div><div id=\"87590f69baebb3cac\" class=\"panel-collapse collapse \" aria-labelledby=\"toggle_87590f69baebb3cac\"><div class=\"panel-body toggle-content fusion-clearfix\"><\/p>\n<ul>\n<li><strong>Alternativa vegetal a la silicona 6%<\/strong><br \/>\nPlantsil es nuestra alternativa a la silicona. El aceite emoliente vegetal a base de oliva tiene una excelente untabilidad. Su textura sedosa tiene un efecto duradero y satinado sobre la piel.  <\/li>\n<li><strong>Dosis de aceite de semilla de Crambe Abyssinica 3%<\/strong><br \/>\nUn potente p\u00e9ptido con un enfoque prebi\u00f3tico y actividad probi\u00f3tica. Estimula la actividad probi\u00f3tica natural de la piel y refuerza las defensas promoviendo bacterias beneficiosas que mejoran la respuesta inmunitaria de la piel y la integridad de la barrera f\u00edsica. El exclusivo activo estimulante del microbioma ayuda a reequilibrar la salud de la piel para un bienestar \u00f3ptimo.  <\/li>\n<li><strong>Escualeno Natural de Oliva 3%<\/strong><br \/>\nAceite muy nutritivo y activo, conocido por sus fuertes efectos antioxidantes que ayudan a proteger la piel de la luz solar, absorbe las toxinas y los metales pesados para protegerla de los factores estresantes del medio ambiente. El escualano tambi\u00e9n hidrata y suaviza la piel. <\/li>\n<li><strong>Fensebiome\u2122 P\u00e9ptido Amino\u00e1cido 1%<br \/>\n<\/strong>Un potente p\u00e9ptido con un enfoque prebi\u00f3tico y efecto probi\u00f3tico. Estimula la actividad probi\u00f3tica natural de la piel y refuerza las defensas promoviendo bacterias beneficiosas que mejoran la respuesta inmunitaria de la piel y la integridad de la barrera f\u00edsica. El exclusivo activo estimulante del microbioma ayuda a reequilibrar la salud de la piel para un bienestar \u00f3ptimo.  <\/li>\n<li><strong>Quora Noni Activo Vegetal 1%<\/strong><br \/>\nUn microbioma bioactivo superior y potente que protege y equilibra la piel, adem\u00e1s de prevenir la alteraci\u00f3n de la barrera cut\u00e1nea; reducir activamente el tama\u00f1o de los poros; regular el sebo y las imperfecciones cut\u00e1neas, incluidas las afecciones de la piel grasa y propensa al acn\u00e9.<\/li>\n<li><strong>Quora Noni Activo Vegetal 1%<\/strong><br \/>\nUn microbioma bioactivo superior y potente que protege y equilibra la piel, adem\u00e1s de prevenir la alteraci\u00f3n de la barrera cut\u00e1nea; reducir activamente el tama\u00f1o de los poros; regular el sebo y las imperfecciones cut\u00e1neas, incluidas las afecciones de la piel grasa y propensa al acn\u00e9.<\/li>\n<li>Sensia <strong>Carota de Ra\u00edces de Zanahoria Naranja 1%<\/strong><br \/>\nUn ingrediente emoliente y antiirritante a base de glicerina derivado de las c\u00e9lulas madre de la ra\u00edz de Daucus Carota Sativa (ra\u00edz de naranja), los cultivos de c\u00e9lulas vegetales de Sensia Carota proporcionan beneficios multiactivos contra los agresores medioambientales y qu\u00edmicos diarios y una protecci\u00f3n antienvejecimiento contra la inflamaci\u00f3n. Especialmente indicado para pieles hipersensibles e intolerantes. <\/li>\n<li><strong>Extractos naturales de ra\u00edces de achicoria 1%<br \/>\n<\/strong>Extractos pre y probi\u00f3ticos respetuosos con el microbioma cut\u00e1neo derivados de la ra\u00edz de la planta de achicoria. Es un fuerte estimulante con enfoque prebi\u00f3tico y acci\u00f3n probi\u00f3tica, que favorece el crecimiento de los lactobacilos y bloquea la invasi\u00f3n de, por ejemplo, hongos, potenciando as\u00ed el efecto antimicrobiano y reforzando la barrera de la microbiota de la piel. <\/li>\n<li><strong>Glycoin 0,5%<\/strong><br \/>\nMyrothamnus flabellifolia se conoce com\u00fanmente como la planta de la resurrecci\u00f3n por su capacidad para revivir r\u00e1pidamente las hojas muertas cuando se exponen al agua. microbioma. <\/li>\n<li><strong>Acetil Tetrap\u00e9ptido-5 de alta actividad 0,5%<\/strong><br \/>\nUn p\u00e9ptido amino\u00e1cido potente y muy eficaz, que reduce las ojeras y la hinchaz\u00f3n del contorno de los ojos. 99% natural seg\u00fan la norma ISO 16128. Formulado expl\u00edcitamente para el contorno de los ojos.  <\/li>\n<li><strong>Vitamina E natural 0,5%<\/strong><br \/>\nCon efectos antioxidantes naturales y derivada de fuentes naturales, la vitamina E se considera la vitamina protectora de la piel m\u00e1s importante, ya que garantiza que la piel est\u00e9 suave, tersa y reduce la irritaci\u00f3n.<\/li>\n<\/ul>\n<p><\/div><\/div><\/div><div class=\"fusion-panel panel-default panel-aac62e1ef27396846 fusion-toggle-has-divider\" style=\"--awb-title-color:var(--awb-custom13);--awb-content-color:#747474;\"><div class=\"panel-heading\"><h4 class=\"panel-title toggle\" id=\"toggle_aac62e1ef27396846\"><a aria-expanded=\"false\" aria-controls=\"aac62e1ef27396846\" role=\"button\" data-toggle=\"collapse\" data-parent=\"#accordion-6166-1\" data-target=\"#aac62e1ef27396846\" href=\"#aac62e1ef27396846\"><span class=\"fusion-toggle-icon-wrapper\" aria-hidden=\"true\"><i class=\"fa-fusion-box active-icon awb-icon-minus\" aria-hidden=\"true\"><\/i><i class=\"fa-fusion-box inactive-icon awb-icon-plus\" aria-hidden=\"true\"><\/i><\/span><span class=\"fusion-toggle-heading\">Todos los ingredientes:<\/span><\/a><\/h4><\/div><div id=\"aac62e1ef27396846\" class=\"panel-collapse collapse \" aria-labelledby=\"toggle_aac62e1ef27396846\"><div class=\"panel-body toggle-content fusion-clearfix\"><\/p>\n<p>Agua, Olivato de Etilhexilo Hidrogenado, Glicerina, \u00c9steres de Fitosterol del Aceite de Semilla de Crambe Abyssinica, Almid\u00f3n de Oryza Sativa, Escualeno, Glicol de Pentileno, Aceite de Butyrospermum Parkii, Alcohol Cet\u00edlico, Insaponificables de Aceite de Oliva Hidrogenado, Extracto de Cichorium Intybus, Alcohol Cetear\u00edlico, Gluc\u00f3sido Cetear\u00edlico, Mica, Inulina, Lauroil Lisina, Fructosa, Tocoferol, \u00c1cido Levul\u00ednico, Lisado de Cultivo Celular de Ra\u00edz de Daucus Carota Sativa, Lisado de cultivo de callo de Morinda Citrifolia, Goma Xantana, Gluc\u00f3sido de Glicerilo, Aceite de Semilla de Adansonia Digitata, \u00c1cido L\u00e1ctico, Aceite de Semilla de Helianthus Annuus, Caprilato de Glicerilo, Caprilil Glicol, \u00c1cido C\u00edtrico, Fenoxietanol, Prote\u00edna de soja hidrolizada, Etilhexilglicerina, Pectina, Butilenglicol, Prolina, Arginina, Serina, Glucosa, Acetil Heptapeptido-4, Acetil Tetrap\u00e9ptido-5, Extracto de Chondrus Crispus, Parfum, CI 77491, CI 77891.<\/p>\n<p><\/div><\/div><\/div><div class=\"fusion-panel panel-default panel-18fae5427c97e8697 fusion-toggle-has-divider\" style=\"--awb-title-color:var(--awb-custom13);--awb-content-color:#747474;\"><div class=\"panel-heading\"><h4 class=\"panel-title toggle\" id=\"toggle_18fae5427c97e8697\"><a aria-expanded=\"false\" aria-controls=\"18fae5427c97e8697\" role=\"button\" data-toggle=\"collapse\" data-parent=\"#accordion-6166-1\" data-target=\"#18fae5427c97e8697\" href=\"#18fae5427c97e8697\"><span class=\"fusion-toggle-icon-wrapper\" aria-hidden=\"true\"><i class=\"fa-fusion-box active-icon awb-icon-minus\" aria-hidden=\"true\"><\/i><i class=\"fa-fusion-box inactive-icon awb-icon-plus\" aria-hidden=\"true\"><\/i><\/span><span class=\"fusion-toggle-heading\">Env\u00edo, pol\u00edtica de devoluciones, reclamaciones:<\/span><\/a><\/h4><\/div><div id=\"18fae5427c97e8697\" class=\"panel-collapse collapse \" aria-labelledby=\"toggle_18fae5427c97e8697\"><div class=\"panel-body toggle-content fusion-clearfix\"><\/p>\n<p><strong>Pol\u00edtica de env\u00edos<\/strong><\/p>\n<p>Una vez recibido tu pedido en l\u00ednea, tu compra se <strong>procesar\u00e1 inmediatamente<\/strong> y se preparar\u00e1 para el env\u00edo.<br \/>\nLos productos se enviar\u00e1n a la direcci\u00f3n que hayas indicado al realizar el pedido.<\/p>\n<ul>\n<li><strong>Gastos de env\u00edo:<\/strong> 5 euros por pedido<\/li>\n<li><strong>Entrega:<\/strong> en B\u00e9lgica<\/li>\n<li><strong>Env\u00edo:<\/strong> lo antes posible tras el pedido, dependiendo del transportista<\/li>\n<\/ul>\n<p>Skin-Lab no se hace responsable de los retrasos que se produzcan fuera de nuestro control, como por ejemplo con el servicio de transporte.<\/p>\n<p><u>Condiciones de tu pedido<\/u>: <a href=\"https:\/\/www.skin-lab.be\/wp-content\/uploads\/2025\/12\/voorwaarden-en-aansprakelijkheid.pdf\" target=\"_blank\" rel=\"noopener\">condiciones y responsabilidad<\/a><\/p>\n<p><strong> <\/strong><\/p>\n<p><strong> <\/strong><strong>Pol\u00edtica de devoluciones y derecho de desistimiento<\/strong><\/p>\n<p>De acuerdo con la legislaci\u00f3n belga y europea, como consumidor tienes derecho a revocar <strong>tu compra en un plazo de 14 d\u00edas naturales<\/strong> a partir de la fecha de recepci\u00f3n <strong>, sin indicar motivo alguno<\/strong>.<\/p>\n<p><strong>Condiciones de devoluci\u00f3n<\/strong><\/p>\n<p>La devoluci\u00f3n es posible <strong>siempre que se cumplan las siguientes condiciones<\/strong>:<\/p>\n<ul>\n<li>El producto <strong>no se ha utilizado<\/strong><\/li>\n<li><strong>No se ha abierto<\/strong> el <strong>embalaje original o precintado<\/strong><\/li>\n<li>El producto est\u00e1 <strong>intacto<\/strong> y en condiciones de venta<\/li>\n<li>El producto se devolver\u00e1 correctamente y cuidadosamente embalado a cargo del cliente a Skin-Lab bv &#8211; Heistraat 23\/1 &#8211; 2491 Balen<\/li>\n<\/ul>\n<p><strong>No podemos aceptar productos cuyo embalaje o el propio producto hayan sido abiertos, utilizados o da\u00f1ados por razones de higiene y seguridad.<\/strong><\/p>\n<p>Esto est\u00e1 en consonancia con la excepci\u00f3n legal al derecho de desistimiento para los <strong>productos cosm\u00e9ticos y de cuidado personal precintados<\/strong>.<\/p>\n<p><strong>Devoluci\u00f3n<\/strong><\/p>\n<p>Cuando el producto devuelto cumpla las condiciones anteriores:<\/p>\n<ul>\n<li>se reembolsar\u00e1 <strong>la totalidad del precio de compra<\/strong> <\/li>\n<li>mediante el <strong>mismo m\u00e9todo de pago<\/strong> utilizado para la compra original<\/li>\n<li>lo antes posible tras la recepci\u00f3n e inspecci\u00f3n del producto<\/li>\n<\/ul>\n<p>Los gastos de env\u00edo de las devoluciones corren, de acuerdo con la ley, a <strong>cargo del cliente<\/strong>, a menos que se acuerde otra cosa.<\/p>\n<p><strong>\u00bfC\u00f3mo registrar una devoluci\u00f3n?<\/strong><\/p>\n<p>Para procesar correctamente una devoluci\u00f3n, ponte <strong>primero<\/strong> en contacto con nosotros por correo electr\u00f3nico:<\/p>\n<p><strong>shop@skin-lab.be<\/strong><\/p>\n<p>Por favor, menci\u00f3nalo:<\/p>\n<ul>\n<li>tu nombre<\/li>\n<li>n\u00famero de pedido<\/li>\n<li>el producto que deseas devolver<\/li>\n<\/ul>\n<p>A continuaci\u00f3n, te daremos m\u00e1s instrucciones.<\/p>\n<p><strong>Quejas o preguntas<\/strong><\/p>\n<p>Si tienes alguna pregunta, comentario o queja sobre tu pedido o un producto entregado, siempre puedes ponerte en contacto con nosotros en<\/p>\n<p><strong>shop@skin-lab.be<\/strong><\/p>\n<p>Tratamos cada consulta con la debida atenci\u00f3n y nos esforzamos por conseguir una soluci\u00f3n r\u00e1pida y correcta.<\/p>\n<p><\/div><\/div><\/div><\/div><\/div>\n","protected":false},"excerpt":{"rendered":"<p><strong><u>R<\/u><\/strong><strong>eGlow<\/strong>&#8211; Suero facial<\/p>\n<p><strong>Suero hidratante que brilla durante todo el d\u00eda<\/strong><\/p>\n<p>El suero facial Rebiome ReGlow que reequilibra el microbioma proporciona una potente hidrataci\u00f3n, un hermoso resplandor y protecci\u00f3n del microbioma y reequilibra la funci\u00f3n de barrera de la piel.<\/p>\n<p>Iluminador &#8211; Hidratante &#8211; Resplandor sutil<\/p>\n<p>&nbsp;<\/p>\n","protected":false},"featured_media":5086,"template":"","meta":[],"product_brand":[],"product_cat":[153,147],"product_tag":[],"class_list":{"0":"post-6166","1":"product","2":"type-product","3":"status-publish","4":"has-post-thumbnail","6":"product_cat-suero","7":"product_cat-tienda","9":"first","10":"instock","11":"shipping-taxable","12":"purchasable","13":"product-type-simple"},"yoast_head":"<!-- This site is optimized with the Yoast SEO plugin v27.4 - https:\/\/yoast.com\/product\/yoast-seo-wordpress\/ -->\n<title>Rebiome | Suero facial ReGlow - Skin-Lab<\/title>\n<meta name=\"robots\" content=\"index, follow, max-snippet:-1, max-image-preview:large, max-video-preview:-1\" \/>\n<link rel=\"canonical\" href=\"https:\/\/www.skin-lab.be\/es\/producto\/rebiome-suero-facial-reglow\/\" \/>\n<meta property=\"og:locale\" content=\"es_ES\" \/>\n<meta property=\"og:type\" content=\"article\" \/>\n<meta property=\"og:title\" content=\"Rebiome | Suero facial ReGlow - Skin-Lab\" \/>\n<meta property=\"og:description\" content=\"ReGlow- Suero facial Suero hidratante que brilla durante todo el d\u00eda El suero facial Rebiome ReGlow que reequilibra el microbioma proporciona una potente hidrataci\u00f3n, un hermoso resplandor y protecci\u00f3n del microbioma y reequilibra la funci\u00f3n de barrera de la piel. Iluminador - Hidratante - Resplandor sutil &nbsp;\" \/>\n<meta property=\"og:url\" content=\"https:\/\/www.skin-lab.be\/es\/producto\/rebiome-suero-facial-reglow\/\" \/>\n<meta property=\"og:site_name\" content=\"Skin-Lab\" \/>\n<meta property=\"article:modified_time\" content=\"2026-04-05T08:08:17+00:00\" \/>\n<meta property=\"og:image\" content=\"https:\/\/www.skin-lab.be\/wp-content\/uploads\/2025\/12\/Rebiome-ReGlow.jpg\" \/>\n\t<meta property=\"og:image:width\" content=\"1000\" \/>\n\t<meta property=\"og:image:height\" content=\"1000\" \/>\n\t<meta property=\"og:image:type\" content=\"image\/jpeg\" \/>\n<meta name=\"twitter:card\" content=\"summary_large_image\" \/>\n<meta name=\"twitter:label1\" content=\"Tiempo de lectura\" \/>\n\t<meta name=\"twitter:data1\" content=\"9 minutos\" \/>\n<script type=\"application\/ld+json\" class=\"yoast-schema-graph\">{\"@context\":\"https:\\\/\\\/schema.org\",\"@graph\":[{\"@type\":\"WebPage\",\"@id\":\"https:\\\/\\\/www.skin-lab.be\\\/es\\\/producto\\\/rebiome-suero-facial-reglow\\\/\",\"url\":\"https:\\\/\\\/www.skin-lab.be\\\/es\\\/producto\\\/rebiome-suero-facial-reglow\\\/\",\"name\":\"Rebiome | Suero facial ReGlow - Skin-Lab\",\"isPartOf\":{\"@id\":\"https:\\\/\\\/www.skin-lab.be\\\/es\\\/#website\"},\"primaryImageOfPage\":{\"@id\":\"https:\\\/\\\/www.skin-lab.be\\\/es\\\/producto\\\/rebiome-suero-facial-reglow\\\/#primaryimage\"},\"image\":{\"@id\":\"https:\\\/\\\/www.skin-lab.be\\\/es\\\/producto\\\/rebiome-suero-facial-reglow\\\/#primaryimage\"},\"thumbnailUrl\":\"https:\\\/\\\/www.skin-lab.be\\\/wp-content\\\/uploads\\\/2025\\\/12\\\/Rebiome-ReGlow.jpg\",\"datePublished\":\"2025-12-09T09:50:01+00:00\",\"dateModified\":\"2026-04-05T08:08:17+00:00\",\"breadcrumb\":{\"@id\":\"https:\\\/\\\/www.skin-lab.be\\\/es\\\/producto\\\/rebiome-suero-facial-reglow\\\/#breadcrumb\"},\"inLanguage\":\"es\",\"potentialAction\":[{\"@type\":\"ReadAction\",\"target\":[\"https:\\\/\\\/www.skin-lab.be\\\/es\\\/producto\\\/rebiome-suero-facial-reglow\\\/\"]}]},{\"@type\":\"ImageObject\",\"inLanguage\":\"es\",\"@id\":\"https:\\\/\\\/www.skin-lab.be\\\/es\\\/producto\\\/rebiome-suero-facial-reglow\\\/#primaryimage\",\"url\":\"https:\\\/\\\/www.skin-lab.be\\\/wp-content\\\/uploads\\\/2025\\\/12\\\/Rebiome-ReGlow.jpg\",\"contentUrl\":\"https:\\\/\\\/www.skin-lab.be\\\/wp-content\\\/uploads\\\/2025\\\/12\\\/Rebiome-ReGlow.jpg\",\"width\":1000,\"height\":1000,\"caption\":\"Rebiome Reglow\"},{\"@type\":\"BreadcrumbList\",\"@id\":\"https:\\\/\\\/www.skin-lab.be\\\/es\\\/producto\\\/rebiome-suero-facial-reglow\\\/#breadcrumb\",\"itemListElement\":[{\"@type\":\"ListItem\",\"position\":1,\"name\":\"Home\",\"item\":\"https:\\\/\\\/www.skin-lab.be\\\/es\\\/\"},{\"@type\":\"ListItem\",\"position\":2,\"name\":\"Tienda\",\"item\":\"https:\\\/\\\/www.skin-lab.be\\\/es\\\/tienda\\\/\"},{\"@type\":\"ListItem\",\"position\":3,\"name\":\"Rebiome | Suero facial ReGlow\"}]},{\"@type\":\"WebSite\",\"@id\":\"https:\\\/\\\/www.skin-lab.be\\\/es\\\/#website\",\"url\":\"https:\\\/\\\/www.skin-lab.be\\\/es\\\/\",\"name\":\"Skin-Lab\",\"description\":\"Face &amp; Body Solutions\",\"publisher\":{\"@id\":\"https:\\\/\\\/www.skin-lab.be\\\/es\\\/#organization\"},\"potentialAction\":[{\"@type\":\"SearchAction\",\"target\":{\"@type\":\"EntryPoint\",\"urlTemplate\":\"https:\\\/\\\/www.skin-lab.be\\\/es\\\/?s={search_term_string}\"},\"query-input\":{\"@type\":\"PropertyValueSpecification\",\"valueRequired\":true,\"valueName\":\"search_term_string\"}}],\"inLanguage\":\"es\"},{\"@type\":\"Organization\",\"@id\":\"https:\\\/\\\/www.skin-lab.be\\\/es\\\/#organization\",\"name\":\"Skin-Lab bv\",\"url\":\"https:\\\/\\\/www.skin-lab.be\\\/es\\\/\",\"logo\":{\"@type\":\"ImageObject\",\"inLanguage\":\"es\",\"@id\":\"https:\\\/\\\/www.skin-lab.be\\\/es\\\/#\\\/schema\\\/logo\\\/image\\\/\",\"url\":\"https:\\\/\\\/www.skin-lab.be\\\/wp-content\\\/uploads\\\/2021\\\/02\\\/skinlablogo160px.png\",\"contentUrl\":\"https:\\\/\\\/www.skin-lab.be\\\/wp-content\\\/uploads\\\/2021\\\/02\\\/skinlablogo160px.png\",\"width\":520,\"height\":160,\"caption\":\"Skin-Lab bv\"},\"image\":{\"@id\":\"https:\\\/\\\/www.skin-lab.be\\\/es\\\/#\\\/schema\\\/logo\\\/image\\\/\"}}]}<\/script>\n<!-- \/ Yoast SEO plugin. -->","yoast_head_json":{"title":"Rebiome | Suero facial ReGlow - Skin-Lab","robots":{"index":"index","follow":"follow","max-snippet":"max-snippet:-1","max-image-preview":"max-image-preview:large","max-video-preview":"max-video-preview:-1"},"canonical":"https:\/\/www.skin-lab.be\/es\/producto\/rebiome-suero-facial-reglow\/","og_locale":"es_ES","og_type":"article","og_title":"Rebiome | Suero facial ReGlow - Skin-Lab","og_description":"ReGlow- Suero facial Suero hidratante que brilla durante todo el d\u00eda El suero facial Rebiome ReGlow que reequilibra el microbioma proporciona una potente hidrataci\u00f3n, un hermoso resplandor y protecci\u00f3n del microbioma y reequilibra la funci\u00f3n de barrera de la piel. Iluminador - Hidratante - Resplandor sutil &nbsp;","og_url":"https:\/\/www.skin-lab.be\/es\/producto\/rebiome-suero-facial-reglow\/","og_site_name":"Skin-Lab","article_modified_time":"2026-04-05T08:08:17+00:00","og_image":[{"width":1000,"height":1000,"url":"https:\/\/www.skin-lab.be\/wp-content\/uploads\/2025\/12\/Rebiome-ReGlow.jpg","type":"image\/jpeg"}],"twitter_card":"summary_large_image","twitter_misc":{"Tiempo de lectura":"9 minutos"},"schema":{"@context":"https:\/\/schema.org","@graph":[{"@type":"WebPage","@id":"https:\/\/www.skin-lab.be\/es\/producto\/rebiome-suero-facial-reglow\/","url":"https:\/\/www.skin-lab.be\/es\/producto\/rebiome-suero-facial-reglow\/","name":"Rebiome | Suero facial ReGlow - Skin-Lab","isPartOf":{"@id":"https:\/\/www.skin-lab.be\/es\/#website"},"primaryImageOfPage":{"@id":"https:\/\/www.skin-lab.be\/es\/producto\/rebiome-suero-facial-reglow\/#primaryimage"},"image":{"@id":"https:\/\/www.skin-lab.be\/es\/producto\/rebiome-suero-facial-reglow\/#primaryimage"},"thumbnailUrl":"https:\/\/www.skin-lab.be\/wp-content\/uploads\/2025\/12\/Rebiome-ReGlow.jpg","datePublished":"2025-12-09T09:50:01+00:00","dateModified":"2026-04-05T08:08:17+00:00","breadcrumb":{"@id":"https:\/\/www.skin-lab.be\/es\/producto\/rebiome-suero-facial-reglow\/#breadcrumb"},"inLanguage":"es","potentialAction":[{"@type":"ReadAction","target":["https:\/\/www.skin-lab.be\/es\/producto\/rebiome-suero-facial-reglow\/"]}]},{"@type":"ImageObject","inLanguage":"es","@id":"https:\/\/www.skin-lab.be\/es\/producto\/rebiome-suero-facial-reglow\/#primaryimage","url":"https:\/\/www.skin-lab.be\/wp-content\/uploads\/2025\/12\/Rebiome-ReGlow.jpg","contentUrl":"https:\/\/www.skin-lab.be\/wp-content\/uploads\/2025\/12\/Rebiome-ReGlow.jpg","width":1000,"height":1000,"caption":"Rebiome Reglow"},{"@type":"BreadcrumbList","@id":"https:\/\/www.skin-lab.be\/es\/producto\/rebiome-suero-facial-reglow\/#breadcrumb","itemListElement":[{"@type":"ListItem","position":1,"name":"Home","item":"https:\/\/www.skin-lab.be\/es\/"},{"@type":"ListItem","position":2,"name":"Tienda","item":"https:\/\/www.skin-lab.be\/es\/tienda\/"},{"@type":"ListItem","position":3,"name":"Rebiome | Suero facial ReGlow"}]},{"@type":"WebSite","@id":"https:\/\/www.skin-lab.be\/es\/#website","url":"https:\/\/www.skin-lab.be\/es\/","name":"Skin-Lab","description":"Face &amp; Body Solutions","publisher":{"@id":"https:\/\/www.skin-lab.be\/es\/#organization"},"potentialAction":[{"@type":"SearchAction","target":{"@type":"EntryPoint","urlTemplate":"https:\/\/www.skin-lab.be\/es\/?s={search_term_string}"},"query-input":{"@type":"PropertyValueSpecification","valueRequired":true,"valueName":"search_term_string"}}],"inLanguage":"es"},{"@type":"Organization","@id":"https:\/\/www.skin-lab.be\/es\/#organization","name":"Skin-Lab bv","url":"https:\/\/www.skin-lab.be\/es\/","logo":{"@type":"ImageObject","inLanguage":"es","@id":"https:\/\/www.skin-lab.be\/es\/#\/schema\/logo\/image\/","url":"https:\/\/www.skin-lab.be\/wp-content\/uploads\/2021\/02\/skinlablogo160px.png","contentUrl":"https:\/\/www.skin-lab.be\/wp-content\/uploads\/2021\/02\/skinlablogo160px.png","width":520,"height":160,"caption":"Skin-Lab bv"},"image":{"@id":"https:\/\/www.skin-lab.be\/es\/#\/schema\/logo\/image\/"}}]}},"_links":{"self":[{"href":"https:\/\/www.skin-lab.be\/es\/wp-json\/wp\/v2\/product\/6166","targetHints":{"allow":["GET"]}}],"collection":[{"href":"https:\/\/www.skin-lab.be\/es\/wp-json\/wp\/v2\/product"}],"about":[{"href":"https:\/\/www.skin-lab.be\/es\/wp-json\/wp\/v2\/types\/product"}],"wp:featuredmedia":[{"embeddable":true,"href":"https:\/\/www.skin-lab.be\/es\/wp-json\/wp\/v2\/media\/5086"}],"wp:attachment":[{"href":"https:\/\/www.skin-lab.be\/es\/wp-json\/wp\/v2\/media?parent=6166"}],"wp:term":[{"taxonomy":"product_brand","embeddable":true,"href":"https:\/\/www.skin-lab.be\/es\/wp-json\/wp\/v2\/product_brand?post=6166"},{"taxonomy":"product_cat","embeddable":true,"href":"https:\/\/www.skin-lab.be\/es\/wp-json\/wp\/v2\/product_cat?post=6166"},{"taxonomy":"product_tag","embeddable":true,"href":"https:\/\/www.skin-lab.be\/es\/wp-json\/wp\/v2\/product_tag?post=6166"}],"curies":[{"name":"wp","href":"https:\/\/api.w.org\/{rel}","templated":true}]}}