{"id":6167,"date":"2025-12-09T10:44:30","date_gmt":"2025-12-09T09:44:30","guid":{"rendered":"https:\/\/www.skin-lab.be\/product\/rebiome-rejuvenate-potenciador-de-colageno\/"},"modified":"2026-04-05T10:08:54","modified_gmt":"2026-04-05T08:08:54","slug":"rebiome-rejuvenate-potenciador-de-colageno","status":"publish","type":"product","link":"https:\/\/www.skin-lab.be\/es\/producto\/rebiome-rejuvenate-potenciador-de-colageno\/","title":{"rendered":"Rebiome | ReJuvenate Potenciador de Col\u00e1geno"},"content":{"rendered":"<div class=\"accordian fusion-accordian\" style=\"--awb-border-size:1px;--awb-icon-size:13px;--awb-content-font-size:18px;--awb-icon-alignment:left;--awb-hover-color:#f9f9f9;--awb-border-color:#cccccc;--awb-background-color:#ffffff;--awb-divider-color:#b9afa1;--awb-divider-hover-color:#b9afa1;--awb-icon-color:#ffffff;--awb-title-color:var(--awb-custom13);--awb-content-color:#747474;--awb-icon-box-color:#6f727b;--awb-toggle-hover-accent-color:#b9afa1;--awb-title-font-family:&quot;Tenor Sans&quot;;--awb-title-font-weight:regular;--awb-title-font-style:normal;--awb-title-font-size:20px;--awb-content-font-family:&quot;Tenor Sans&quot;;--awb-content-font-style:normal;--awb-content-font-weight:regular;\"><div class=\"panel-group fusion-toggle-icon-boxed\" id=\"accordion-6167-1\"><div class=\"fusion-panel panel-default panel-5a4e4dd73158ca61e fusion-toggle-has-divider\" style=\"--awb-title-color:var(--awb-custom13);--awb-content-color:#747474;\"><div class=\"panel-heading\"><h4 class=\"panel-title toggle\" id=\"toggle_5a4e4dd73158ca61e\"><a aria-expanded=\"false\" aria-controls=\"5a4e4dd73158ca61e\" role=\"button\" data-toggle=\"collapse\" data-parent=\"#accordion-6167-1\" data-target=\"#5a4e4dd73158ca61e\" href=\"#5a4e4dd73158ca61e\"><span class=\"fusion-toggle-icon-wrapper\" aria-hidden=\"true\"><i class=\"fa-fusion-box active-icon awb-icon-minus\" aria-hidden=\"true\"><\/i><i class=\"fa-fusion-box inactive-icon awb-icon-plus\" aria-hidden=\"true\"><\/i><\/span><span class=\"fusion-toggle-heading\">Informaci\u00f3n del producto<\/span><\/a><\/h4><\/div><div id=\"5a4e4dd73158ca61e\" class=\"panel-collapse collapse \" aria-labelledby=\"toggle_5a4e4dd73158ca61e\"><div class=\"panel-body toggle-content fusion-clearfix\"><\/p>\n<p><strong>Suero<\/strong> de juventud <strong>hidratante intensivo<\/strong> con protecci\u00f3n celular<br \/>\nEl suero facial de juventud reequilibrante con microbioma Rebiome ReJuvenate proporciona una hidrataci\u00f3n intensiva y potente, protecci\u00f3n celular con propiedades antiarrugas y protecci\u00f3n del microbioma para reequilibrar la funci\u00f3n barrera de la piel.<\/p>\n<p><strong>Equilibra el microbioma de tu piel<\/strong><br \/>\nRebiome ReJuvenate proporciona una hidrataci\u00f3n superior de la piel y protecci\u00f3n celular, retrasando el envejecimiento cut\u00e1neo. Contiene el exclusivo p\u00e9ptido Fensebioom\u2122 que estimula la actividad probi\u00f3tica natural de la piel. Los p\u00e9ptidos vegetales, el agua de aciano calmante y los ingredientes naturales beneficiosos documentados ayudan a estimular la producci\u00f3n de col\u00e1geno. Suaviza las l\u00edneas de expresi\u00f3n y reduce las arrugas de la zona de los ojos.<\/p>\n<p><\/div><\/div><\/div><div class=\"fusion-panel panel-default panel-f7bc53074b2d5f1ab fusion-toggle-has-divider\" style=\"--awb-title-color:var(--awb-custom13);--awb-content-color:#747474;\"><div class=\"panel-heading\"><h4 class=\"panel-title toggle\" id=\"toggle_f7bc53074b2d5f1ab\"><a aria-expanded=\"false\" aria-controls=\"f7bc53074b2d5f1ab\" role=\"button\" data-toggle=\"collapse\" data-parent=\"#accordion-6167-1\" data-target=\"#f7bc53074b2d5f1ab\" href=\"#f7bc53074b2d5f1ab\"><span class=\"fusion-toggle-icon-wrapper\" aria-hidden=\"true\"><i class=\"fa-fusion-box active-icon awb-icon-minus\" aria-hidden=\"true\"><\/i><i class=\"fa-fusion-box inactive-icon awb-icon-plus\" aria-hidden=\"true\"><\/i><\/span><span class=\"fusion-toggle-heading\">Utiliza<\/span><\/a><\/h4><\/div><div id=\"f7bc53074b2d5f1ab\" class=\"panel-collapse collapse \" aria-labelledby=\"toggle_f7bc53074b2d5f1ab\"><div class=\"panel-body toggle-content fusion-clearfix\"><\/p>\n<p>Aplica de 3 a 5 gotas de Rebiome ReJuvenate sobre la piel limpia antes de hidratarla.<br \/>\nPara uso diario.<br \/>\nApto para todo tipo de pieles.<\/p>\n<p>pH: pH 5,0<br \/>\nContenido: 30 ml<br \/>\ncontenido natural: 96% de contenido natural<\/p>\n<p><\/div><\/div><\/div><div class=\"fusion-panel panel-default panel-0b0aff83624b82b6b fusion-toggle-has-divider\" style=\"--awb-title-color:var(--awb-custom13);--awb-content-color:#747474;\"><div class=\"panel-heading\"><h4 class=\"panel-title toggle\" id=\"toggle_0b0aff83624b82b6b\"><a aria-expanded=\"false\" aria-controls=\"0b0aff83624b82b6b\" role=\"button\" data-toggle=\"collapse\" data-parent=\"#accordion-6167-1\" data-target=\"#0b0aff83624b82b6b\" href=\"#0b0aff83624b82b6b\"><span class=\"fusion-toggle-icon-wrapper\" aria-hidden=\"true\"><i class=\"fa-fusion-box active-icon awb-icon-minus\" aria-hidden=\"true\"><\/i><i class=\"fa-fusion-box inactive-icon awb-icon-plus\" aria-hidden=\"true\"><\/i><\/span><span class=\"fusion-toggle-heading\">Ingredientes principales<\/span><\/a><\/h4><\/div><div id=\"0b0aff83624b82b6b\" class=\"panel-collapse collapse \" aria-labelledby=\"toggle_0b0aff83624b82b6b\"><div class=\"panel-body toggle-content fusion-clearfix\"><\/p>\n<ul>\n<li><strong>Agua floral de aciano 5%<\/strong><br \/>\nUn eficaz extracto vegetal que alivia los ojos cansados, hinchados o irritados.<\/li>\n<li><strong>P\u00e9ptido fortalecedor del col\u00e1geno 4%<\/strong><br \/>\nUna combinaci\u00f3n trifuncional de p\u00e9ptidos activos y prote\u00ednas que restauran y estimulan la producci\u00f3n de col\u00e1geno en la piel madura, dej\u00e1ndola con un aspecto y una sensaci\u00f3n de salud y juventud.<\/li>\n<li><strong>Fensebiome\u2122 P\u00e9ptido Amino\u00e1cido 1%<br \/>\n<\/strong>Un potente p\u00e9ptido con un enfoque prebi\u00f3tico y efecto probi\u00f3tico. Estimula la actividad probi\u00f3tica natural de la piel y refuerza las defensas promoviendo bacterias beneficiosas que mejoran la respuesta inmunitaria de la piel y la integridad de la barrera f\u00edsica. El exclusivo activo estimulante del microbioma ayuda a reequilibrar la salud de la piel para un bienestar \u00f3ptimo.  <\/li>\n<li><strong>Ecto\u00edna natural 1%<\/strong><br \/>\nEsta mol\u00e9cula ultrapotente de amino\u00e1cidos naturales con un enfoque prebi\u00f3tico y efecto probi\u00f3tico protege contra los factores estresantes, detiene y previene el da\u00f1o celular y restaura y regenera la piel envejecida, estresada e irritada. La ecto\u00edna ofrece una amplia gama de beneficios: protecci\u00f3n celular, anticontaminaci\u00f3n e inflamaci\u00f3n, mejora de las arrugas, hidrataci\u00f3n a largo plazo y reparaci\u00f3n de la barrera cut\u00e1nea, blanqueamiento e iluminaci\u00f3n. <\/li>\n<li><strong>Cafe\u00edna 1%<\/strong><br \/>\nAntiirritante potente y estimulante de la piel que contiene vitamina B3, la cafe\u00edna es beneficiosa para reducir la celulitis, calmar la piel y reducir la inflamaci\u00f3n. Tiene beneficios antienvejecimiento y ayuda a reducir las ojeras. Es un ingrediente activo con un efecto estimulante prebi\u00f3tico para apoyar la microbiota natural de la piel, y tambi\u00e9n ayuda a calmar la piel quemada por el sol y a reducir el acn\u00e9.  <\/li>\n<\/ul>\n<p><\/div><\/div><\/div><div class=\"fusion-panel panel-default panel-da337eff76e6231d4 fusion-toggle-has-divider\" style=\"--awb-title-color:var(--awb-custom13);--awb-content-color:#747474;\"><div class=\"panel-heading\"><h4 class=\"panel-title toggle\" id=\"toggle_da337eff76e6231d4\"><a aria-expanded=\"false\" aria-controls=\"da337eff76e6231d4\" role=\"button\" data-toggle=\"collapse\" data-parent=\"#accordion-6167-1\" data-target=\"#da337eff76e6231d4\" href=\"#da337eff76e6231d4\"><span class=\"fusion-toggle-icon-wrapper\" aria-hidden=\"true\"><i class=\"fa-fusion-box active-icon awb-icon-minus\" aria-hidden=\"true\"><\/i><i class=\"fa-fusion-box inactive-icon awb-icon-plus\" aria-hidden=\"true\"><\/i><\/span><span class=\"fusion-toggle-heading\">Todos los ingredientes:<\/span><\/a><\/h4><\/div><div id=\"da337eff76e6231d4\" class=\"panel-collapse collapse \" aria-labelledby=\"toggle_da337eff76e6231d4\"><div class=\"panel-body toggle-content fusion-clearfix\"><\/p>\n<p>Agua, Agua Floral de Centaurea Cyanus, Cafe\u00edna, Ecto\u00edna, Glicerina, Fenoxietanol, 1,2-Hexanodiol, Extracto de Fermento de Pseudoalteromonas, Hidroxietilcelulosa, Carb\u00f3mero, Etilhexilglicerina, Prote\u00edna de Trigo Hidrolizada, Prote\u00edna de Soja Hidrolizada, Caprilil Glicol, Goma xantana, Butilenglicol, Lecitina, Pectina, \u00c1cido c\u00edtrico, Sorbato pot\u00e1sico, Benzoato s\u00f3dico, Prolina, Arginina, Serina, Tripeptido-10 Citrulina, Glucosa, Acetil Heptapeptido-4, Extracto de Chondrus Crispus, Hidr\u00f3xido s\u00f3dico, Trietanolamina, Perfume.<\/p>\n<p><\/div><\/div><\/div><div class=\"fusion-panel panel-default panel-8fe9ad2fa78a3fba8 fusion-toggle-has-divider\" style=\"--awb-title-color:var(--awb-custom13);--awb-content-color:#747474;\"><div class=\"panel-heading\"><h4 class=\"panel-title toggle\" id=\"toggle_8fe9ad2fa78a3fba8\"><a aria-expanded=\"false\" aria-controls=\"8fe9ad2fa78a3fba8\" role=\"button\" data-toggle=\"collapse\" data-parent=\"#accordion-6167-1\" data-target=\"#8fe9ad2fa78a3fba8\" href=\"#8fe9ad2fa78a3fba8\"><span class=\"fusion-toggle-icon-wrapper\" aria-hidden=\"true\"><i class=\"fa-fusion-box active-icon awb-icon-minus\" aria-hidden=\"true\"><\/i><i class=\"fa-fusion-box inactive-icon awb-icon-plus\" aria-hidden=\"true\"><\/i><\/span><span class=\"fusion-toggle-heading\">Env\u00edo, pol\u00edtica de devoluciones, reclamaciones:<\/span><\/a><\/h4><\/div><div id=\"8fe9ad2fa78a3fba8\" class=\"panel-collapse collapse \" aria-labelledby=\"toggle_8fe9ad2fa78a3fba8\"><div class=\"panel-body toggle-content fusion-clearfix\"><\/p>\n<p><strong>Pol\u00edtica de env\u00edos<\/strong><\/p>\n<p>Una vez recibido tu pedido en l\u00ednea, tu compra se <strong>procesar\u00e1 inmediatamente<\/strong> y se preparar\u00e1 para el env\u00edo.<br \/>\nLos productos se enviar\u00e1n a la direcci\u00f3n que hayas indicado al realizar el pedido.<\/p>\n<ul>\n<li><strong>Gastos de env\u00edo:<\/strong> 5 euros por pedido<\/li>\n<li><strong>Entrega:<\/strong> en B\u00e9lgica<\/li>\n<li><strong>Env\u00edo:<\/strong> lo antes posible tras el pedido, dependiendo del transportista<\/li>\n<\/ul>\n<p>Skin-Lab no se hace responsable de los retrasos que se produzcan fuera de nuestro control, como por ejemplo con el servicio de transporte.<\/p>\n<p><u>Condiciones de tu pedido<\/u>: <a href=\"https:\/\/www.skin-lab.be\/wp-content\/uploads\/2025\/12\/voorwaarden-en-aansprakelijkheid.pdf\" target=\"_blank\" rel=\"noopener\">condiciones y responsabilidad<\/a><\/p>\n<p><strong> <\/strong><strong> <\/strong><\/p>\n<p><strong>Pol\u00edtica de devoluciones y derecho de desistimiento<\/strong><\/p>\n<p>De acuerdo con la legislaci\u00f3n belga y europea, como consumidor tienes derecho a revocar <strong>tu compra en un plazo de 14 d\u00edas naturales<\/strong> a partir de la fecha de recepci\u00f3n <strong>, sin indicar motivo alguno<\/strong>.<\/p>\n<p><strong>Condiciones de devoluci\u00f3n<\/strong><\/p>\n<p>La devoluci\u00f3n es posible <strong>siempre que se cumplan las siguientes condiciones<\/strong>:<\/p>\n<ul>\n<li>El producto <strong>no se ha utilizado<\/strong><\/li>\n<li><strong>No se ha abierto<\/strong> el <strong>embalaje original o precintado<\/strong><\/li>\n<li>El producto est\u00e1 <strong>intacto<\/strong> y en condiciones de venta<\/li>\n<li>El producto se devolver\u00e1 correctamente y cuidadosamente embalado a cargo del cliente a Skin-Lab bv &#8211; Heistraat 23\/1 &#8211; 2491 Balen<\/li>\n<\/ul>\n<p><strong>No podemos aceptar productos cuyo embalaje o el propio producto hayan sido abiertos, utilizados o da\u00f1ados por razones de higiene y seguridad.<\/strong><\/p>\n<p>Esto est\u00e1 en consonancia con la excepci\u00f3n legal al derecho de desistimiento para los <strong>productos cosm\u00e9ticos y de cuidado personal precintados<\/strong>.<\/p>\n<p><strong>Devoluci\u00f3n<\/strong><\/p>\n<p>Cuando el producto devuelto cumpla las condiciones anteriores:<\/p>\n<ul>\n<li>se reembolsar\u00e1 <strong>la totalidad del precio de compra<\/strong> <\/li>\n<li>mediante el <strong>mismo m\u00e9todo de pago<\/strong> utilizado para la compra original<\/li>\n<li>lo antes posible tras la recepci\u00f3n e inspecci\u00f3n del producto<\/li>\n<\/ul>\n<p>Los gastos de env\u00edo de las devoluciones corren, de acuerdo con la ley, a <strong>cargo del cliente<\/strong>, a menos que se acuerde otra cosa.<\/p>\n<p><strong>\u00bfC\u00f3mo registrar una devoluci\u00f3n?<\/strong><\/p>\n<p>Para procesar correctamente una devoluci\u00f3n, ponte <strong>primero<\/strong> en contacto con nosotros por correo electr\u00f3nico:<\/p>\n<p><strong>shop@skin-lab.be<\/strong><\/p>\n<p>Por favor, menci\u00f3nalo:<\/p>\n<ul>\n<li>tu nombre<\/li>\n<li>n\u00famero de pedido<\/li>\n<li>el producto que deseas devolver<\/li>\n<\/ul>\n<p>A continuaci\u00f3n, te daremos m\u00e1s instrucciones.<\/p>\n<p><strong>Quejas o preguntas<\/strong><\/p>\n<p>Si tienes alguna pregunta, comentario o queja sobre tu pedido o un producto entregado, siempre puedes ponerte en contacto con nosotros en<\/p>\n<p><strong>shop@skin-lab.be<\/strong><\/p>\n<p>Tratamos cada consulta con la debida atenci\u00f3n y nos esforzamos por conseguir una soluci\u00f3n r\u00e1pida y correcta.<\/p>\n<p><\/div><\/div><\/div><\/div><\/div>\n","protected":false},"excerpt":{"rendered":"<p><strong><u>R<\/u><\/strong><strong>eJuvenate<\/strong>&#8211; Potenciador de col\u00e1geno<\/p>\n<p><strong>Su<\/strong>ero de juventud<strong>hidratante intens<\/strong>ivo con protecci\u00f3n celular<\/p>\n<p>Rebiome ReJuvenate suero de juventud facial reequilibrante con microbioma proporciona una hidrataci\u00f3n intensiva y potente, protecci\u00f3n celular con propiedades antiarrugas y protecci\u00f3n del microbioma para reequilibrar la funci\u00f3n barrera de la piel.<\/p>\n<p>Antiarrugas &#8211; Protecci\u00f3n celular &#8211; Hidrataci\u00f3n intensiva<\/p>\n<p>&nbsp;<\/p>\n","protected":false},"featured_media":5083,"template":"","meta":[],"product_brand":[],"product_cat":[154,147],"product_tag":[],"class_list":{"0":"post-6167","1":"product","2":"type-product","3":"status-publish","4":"has-post-thumbnail","6":"product_cat-potenciador-del-colageno","7":"product_cat-tienda","9":"first","10":"instock","11":"shipping-taxable","12":"purchasable","13":"product-type-simple"},"yoast_head":"<!-- This site is optimized with the Yoast SEO plugin v27.4 - https:\/\/yoast.com\/product\/yoast-seo-wordpress\/ -->\n<title>Rebiome | ReJuvenate Potenciador de Col\u00e1geno - Skin-Lab<\/title>\n<meta name=\"robots\" content=\"index, follow, max-snippet:-1, max-image-preview:large, max-video-preview:-1\" \/>\n<link rel=\"canonical\" href=\"https:\/\/www.skin-lab.be\/es\/producto\/rebiome-rejuvenate-potenciador-de-colageno\/\" \/>\n<meta property=\"og:locale\" content=\"es_ES\" \/>\n<meta property=\"og:type\" content=\"article\" \/>\n<meta property=\"og:title\" content=\"Rebiome | ReJuvenate Potenciador de Col\u00e1geno - Skin-Lab\" \/>\n<meta property=\"og:description\" content=\"ReJuvenate- Potenciador de col\u00e1geno Suero de juventudhidratante intensivo con protecci\u00f3n celular Rebiome ReJuvenate suero de juventud facial reequilibrante con microbioma proporciona una hidrataci\u00f3n intensiva y potente, protecci\u00f3n celular con propiedades antiarrugas y protecci\u00f3n del microbioma para reequilibrar la funci\u00f3n barrera de la piel. Antiarrugas - Protecci\u00f3n celular - Hidrataci\u00f3n intensiva &nbsp;\" \/>\n<meta property=\"og:url\" content=\"https:\/\/www.skin-lab.be\/es\/producto\/rebiome-rejuvenate-potenciador-de-colageno\/\" \/>\n<meta property=\"og:site_name\" content=\"Skin-Lab\" \/>\n<meta property=\"article:modified_time\" content=\"2026-04-05T08:08:54+00:00\" \/>\n<meta property=\"og:image\" content=\"https:\/\/www.skin-lab.be\/wp-content\/uploads\/2025\/12\/Rebiome-ReJuvenate-collagen-booster.jpg\" \/>\n\t<meta property=\"og:image:width\" content=\"1000\" \/>\n\t<meta property=\"og:image:height\" content=\"1000\" \/>\n\t<meta property=\"og:image:type\" content=\"image\/jpeg\" \/>\n<meta name=\"twitter:card\" content=\"summary_large_image\" \/>\n<meta name=\"twitter:label1\" content=\"Tiempo de lectura\" \/>\n\t<meta name=\"twitter:data1\" content=\"7 minutos\" \/>\n<script type=\"application\/ld+json\" class=\"yoast-schema-graph\">{\"@context\":\"https:\\\/\\\/schema.org\",\"@graph\":[{\"@type\":\"WebPage\",\"@id\":\"https:\\\/\\\/www.skin-lab.be\\\/es\\\/producto\\\/rebiome-rejuvenate-potenciador-de-colageno\\\/\",\"url\":\"https:\\\/\\\/www.skin-lab.be\\\/es\\\/producto\\\/rebiome-rejuvenate-potenciador-de-colageno\\\/\",\"name\":\"Rebiome | ReJuvenate Potenciador de Col\u00e1geno - Skin-Lab\",\"isPartOf\":{\"@id\":\"https:\\\/\\\/www.skin-lab.be\\\/es\\\/#website\"},\"primaryImageOfPage\":{\"@id\":\"https:\\\/\\\/www.skin-lab.be\\\/es\\\/producto\\\/rebiome-rejuvenate-potenciador-de-colageno\\\/#primaryimage\"},\"image\":{\"@id\":\"https:\\\/\\\/www.skin-lab.be\\\/es\\\/producto\\\/rebiome-rejuvenate-potenciador-de-colageno\\\/#primaryimage\"},\"thumbnailUrl\":\"https:\\\/\\\/www.skin-lab.be\\\/wp-content\\\/uploads\\\/2025\\\/12\\\/Rebiome-ReJuvenate-collagen-booster.jpg\",\"datePublished\":\"2025-12-09T09:44:30+00:00\",\"dateModified\":\"2026-04-05T08:08:54+00:00\",\"breadcrumb\":{\"@id\":\"https:\\\/\\\/www.skin-lab.be\\\/es\\\/producto\\\/rebiome-rejuvenate-potenciador-de-colageno\\\/#breadcrumb\"},\"inLanguage\":\"es\",\"potentialAction\":[{\"@type\":\"ReadAction\",\"target\":[\"https:\\\/\\\/www.skin-lab.be\\\/es\\\/producto\\\/rebiome-rejuvenate-potenciador-de-colageno\\\/\"]}]},{\"@type\":\"ImageObject\",\"inLanguage\":\"es\",\"@id\":\"https:\\\/\\\/www.skin-lab.be\\\/es\\\/producto\\\/rebiome-rejuvenate-potenciador-de-colageno\\\/#primaryimage\",\"url\":\"https:\\\/\\\/www.skin-lab.be\\\/wp-content\\\/uploads\\\/2025\\\/12\\\/Rebiome-ReJuvenate-collagen-booster.jpg\",\"contentUrl\":\"https:\\\/\\\/www.skin-lab.be\\\/wp-content\\\/uploads\\\/2025\\\/12\\\/Rebiome-ReJuvenate-collagen-booster.jpg\",\"width\":1000,\"height\":1000,\"caption\":\"Rebiome ReJuvenate Collagen Booster\"},{\"@type\":\"BreadcrumbList\",\"@id\":\"https:\\\/\\\/www.skin-lab.be\\\/es\\\/producto\\\/rebiome-rejuvenate-potenciador-de-colageno\\\/#breadcrumb\",\"itemListElement\":[{\"@type\":\"ListItem\",\"position\":1,\"name\":\"Home\",\"item\":\"https:\\\/\\\/www.skin-lab.be\\\/es\\\/\"},{\"@type\":\"ListItem\",\"position\":2,\"name\":\"Tienda\",\"item\":\"https:\\\/\\\/www.skin-lab.be\\\/es\\\/tienda\\\/\"},{\"@type\":\"ListItem\",\"position\":3,\"name\":\"Rebiome | ReJuvenate Potenciador de Col\u00e1geno\"}]},{\"@type\":\"WebSite\",\"@id\":\"https:\\\/\\\/www.skin-lab.be\\\/es\\\/#website\",\"url\":\"https:\\\/\\\/www.skin-lab.be\\\/es\\\/\",\"name\":\"Skin-Lab\",\"description\":\"Face &amp; Body Solutions\",\"publisher\":{\"@id\":\"https:\\\/\\\/www.skin-lab.be\\\/es\\\/#organization\"},\"potentialAction\":[{\"@type\":\"SearchAction\",\"target\":{\"@type\":\"EntryPoint\",\"urlTemplate\":\"https:\\\/\\\/www.skin-lab.be\\\/es\\\/?s={search_term_string}\"},\"query-input\":{\"@type\":\"PropertyValueSpecification\",\"valueRequired\":true,\"valueName\":\"search_term_string\"}}],\"inLanguage\":\"es\"},{\"@type\":\"Organization\",\"@id\":\"https:\\\/\\\/www.skin-lab.be\\\/es\\\/#organization\",\"name\":\"Skin-Lab bv\",\"url\":\"https:\\\/\\\/www.skin-lab.be\\\/es\\\/\",\"logo\":{\"@type\":\"ImageObject\",\"inLanguage\":\"es\",\"@id\":\"https:\\\/\\\/www.skin-lab.be\\\/es\\\/#\\\/schema\\\/logo\\\/image\\\/\",\"url\":\"https:\\\/\\\/www.skin-lab.be\\\/wp-content\\\/uploads\\\/2021\\\/02\\\/skinlablogo160px.png\",\"contentUrl\":\"https:\\\/\\\/www.skin-lab.be\\\/wp-content\\\/uploads\\\/2021\\\/02\\\/skinlablogo160px.png\",\"width\":520,\"height\":160,\"caption\":\"Skin-Lab bv\"},\"image\":{\"@id\":\"https:\\\/\\\/www.skin-lab.be\\\/es\\\/#\\\/schema\\\/logo\\\/image\\\/\"}}]}<\/script>\n<!-- \/ Yoast SEO plugin. -->","yoast_head_json":{"title":"Rebiome | ReJuvenate Potenciador de Col\u00e1geno - Skin-Lab","robots":{"index":"index","follow":"follow","max-snippet":"max-snippet:-1","max-image-preview":"max-image-preview:large","max-video-preview":"max-video-preview:-1"},"canonical":"https:\/\/www.skin-lab.be\/es\/producto\/rebiome-rejuvenate-potenciador-de-colageno\/","og_locale":"es_ES","og_type":"article","og_title":"Rebiome | ReJuvenate Potenciador de Col\u00e1geno - Skin-Lab","og_description":"ReJuvenate- Potenciador de col\u00e1geno Suero de juventudhidratante intensivo con protecci\u00f3n celular Rebiome ReJuvenate suero de juventud facial reequilibrante con microbioma proporciona una hidrataci\u00f3n intensiva y potente, protecci\u00f3n celular con propiedades antiarrugas y protecci\u00f3n del microbioma para reequilibrar la funci\u00f3n barrera de la piel. Antiarrugas - Protecci\u00f3n celular - Hidrataci\u00f3n intensiva &nbsp;","og_url":"https:\/\/www.skin-lab.be\/es\/producto\/rebiome-rejuvenate-potenciador-de-colageno\/","og_site_name":"Skin-Lab","article_modified_time":"2026-04-05T08:08:54+00:00","og_image":[{"width":1000,"height":1000,"url":"https:\/\/www.skin-lab.be\/wp-content\/uploads\/2025\/12\/Rebiome-ReJuvenate-collagen-booster.jpg","type":"image\/jpeg"}],"twitter_card":"summary_large_image","twitter_misc":{"Tiempo de lectura":"7 minutos"},"schema":{"@context":"https:\/\/schema.org","@graph":[{"@type":"WebPage","@id":"https:\/\/www.skin-lab.be\/es\/producto\/rebiome-rejuvenate-potenciador-de-colageno\/","url":"https:\/\/www.skin-lab.be\/es\/producto\/rebiome-rejuvenate-potenciador-de-colageno\/","name":"Rebiome | ReJuvenate Potenciador de Col\u00e1geno - Skin-Lab","isPartOf":{"@id":"https:\/\/www.skin-lab.be\/es\/#website"},"primaryImageOfPage":{"@id":"https:\/\/www.skin-lab.be\/es\/producto\/rebiome-rejuvenate-potenciador-de-colageno\/#primaryimage"},"image":{"@id":"https:\/\/www.skin-lab.be\/es\/producto\/rebiome-rejuvenate-potenciador-de-colageno\/#primaryimage"},"thumbnailUrl":"https:\/\/www.skin-lab.be\/wp-content\/uploads\/2025\/12\/Rebiome-ReJuvenate-collagen-booster.jpg","datePublished":"2025-12-09T09:44:30+00:00","dateModified":"2026-04-05T08:08:54+00:00","breadcrumb":{"@id":"https:\/\/www.skin-lab.be\/es\/producto\/rebiome-rejuvenate-potenciador-de-colageno\/#breadcrumb"},"inLanguage":"es","potentialAction":[{"@type":"ReadAction","target":["https:\/\/www.skin-lab.be\/es\/producto\/rebiome-rejuvenate-potenciador-de-colageno\/"]}]},{"@type":"ImageObject","inLanguage":"es","@id":"https:\/\/www.skin-lab.be\/es\/producto\/rebiome-rejuvenate-potenciador-de-colageno\/#primaryimage","url":"https:\/\/www.skin-lab.be\/wp-content\/uploads\/2025\/12\/Rebiome-ReJuvenate-collagen-booster.jpg","contentUrl":"https:\/\/www.skin-lab.be\/wp-content\/uploads\/2025\/12\/Rebiome-ReJuvenate-collagen-booster.jpg","width":1000,"height":1000,"caption":"Rebiome ReJuvenate Collagen Booster"},{"@type":"BreadcrumbList","@id":"https:\/\/www.skin-lab.be\/es\/producto\/rebiome-rejuvenate-potenciador-de-colageno\/#breadcrumb","itemListElement":[{"@type":"ListItem","position":1,"name":"Home","item":"https:\/\/www.skin-lab.be\/es\/"},{"@type":"ListItem","position":2,"name":"Tienda","item":"https:\/\/www.skin-lab.be\/es\/tienda\/"},{"@type":"ListItem","position":3,"name":"Rebiome | ReJuvenate Potenciador de Col\u00e1geno"}]},{"@type":"WebSite","@id":"https:\/\/www.skin-lab.be\/es\/#website","url":"https:\/\/www.skin-lab.be\/es\/","name":"Skin-Lab","description":"Face &amp; Body Solutions","publisher":{"@id":"https:\/\/www.skin-lab.be\/es\/#organization"},"potentialAction":[{"@type":"SearchAction","target":{"@type":"EntryPoint","urlTemplate":"https:\/\/www.skin-lab.be\/es\/?s={search_term_string}"},"query-input":{"@type":"PropertyValueSpecification","valueRequired":true,"valueName":"search_term_string"}}],"inLanguage":"es"},{"@type":"Organization","@id":"https:\/\/www.skin-lab.be\/es\/#organization","name":"Skin-Lab bv","url":"https:\/\/www.skin-lab.be\/es\/","logo":{"@type":"ImageObject","inLanguage":"es","@id":"https:\/\/www.skin-lab.be\/es\/#\/schema\/logo\/image\/","url":"https:\/\/www.skin-lab.be\/wp-content\/uploads\/2021\/02\/skinlablogo160px.png","contentUrl":"https:\/\/www.skin-lab.be\/wp-content\/uploads\/2021\/02\/skinlablogo160px.png","width":520,"height":160,"caption":"Skin-Lab bv"},"image":{"@id":"https:\/\/www.skin-lab.be\/es\/#\/schema\/logo\/image\/"}}]}},"_links":{"self":[{"href":"https:\/\/www.skin-lab.be\/es\/wp-json\/wp\/v2\/product\/6167","targetHints":{"allow":["GET"]}}],"collection":[{"href":"https:\/\/www.skin-lab.be\/es\/wp-json\/wp\/v2\/product"}],"about":[{"href":"https:\/\/www.skin-lab.be\/es\/wp-json\/wp\/v2\/types\/product"}],"wp:featuredmedia":[{"embeddable":true,"href":"https:\/\/www.skin-lab.be\/es\/wp-json\/wp\/v2\/media\/5083"}],"wp:attachment":[{"href":"https:\/\/www.skin-lab.be\/es\/wp-json\/wp\/v2\/media?parent=6167"}],"wp:term":[{"taxonomy":"product_brand","embeddable":true,"href":"https:\/\/www.skin-lab.be\/es\/wp-json\/wp\/v2\/product_brand?post=6167"},{"taxonomy":"product_cat","embeddable":true,"href":"https:\/\/www.skin-lab.be\/es\/wp-json\/wp\/v2\/product_cat?post=6167"},{"taxonomy":"product_tag","embeddable":true,"href":"https:\/\/www.skin-lab.be\/es\/wp-json\/wp\/v2\/product_tag?post=6167"}],"curies":[{"name":"wp","href":"https:\/\/api.w.org\/{rel}","templated":true}]}}