{"id":6168,"date":"2025-12-08T21:14:01","date_gmt":"2025-12-08T20:14:01","guid":{"rendered":"https:\/\/www.skin-lab.be\/product\/rebiome-gel-limpiador-refresh\/"},"modified":"2026-04-05T10:10:24","modified_gmt":"2026-04-05T08:10:24","slug":"rebiome-gel-limpiador-refresh","status":"publish","type":"product","link":"https:\/\/www.skin-lab.be\/es\/producto\/rebiome-gel-limpiador-refresh\/","title":{"rendered":"Rebiome | Gel Limpiador ReFresh"},"content":{"rendered":"<div class=\"accordian fusion-accordian\" style=\"--awb-border-size:1px;--awb-icon-size:13px;--awb-content-font-size:18px;--awb-icon-alignment:left;--awb-hover-color:#f9f9f9;--awb-border-color:#cccccc;--awb-background-color:#ffffff;--awb-divider-color:var(--awb-color5);--awb-divider-hover-color:#b9afa1;--awb-icon-color:#ffffff;--awb-title-color:var(--awb-custom13);--awb-content-color:#747474;--awb-icon-box-color:#6f727b;--awb-toggle-hover-accent-color:var(--awb-custom14);--awb-title-font-family:&quot;Tenor Sans&quot;;--awb-title-font-weight:regular;--awb-title-font-style:normal;--awb-title-font-size:20px;--awb-content-font-family:&quot;Tenor Sans&quot;;--awb-content-font-style:normal;--awb-content-font-weight:regular;\"><div class=\"panel-group fusion-toggle-icon-boxed\" id=\"accordion-6168-1\"><div class=\"fusion-panel panel-default panel-9a1ce37282998cddd fusion-toggle-has-divider\" style=\"--awb-title-color:var(--awb-custom13);--awb-content-color:#747474;\"><div class=\"panel-heading\"><h4 class=\"panel-title toggle\" id=\"toggle_9a1ce37282998cddd\"><a aria-expanded=\"false\" aria-controls=\"9a1ce37282998cddd\" role=\"button\" data-toggle=\"collapse\" data-target=\"#9a1ce37282998cddd\" href=\"#9a1ce37282998cddd\"><span class=\"fusion-toggle-icon-wrapper\" aria-hidden=\"true\"><i class=\"fa-fusion-box active-icon awb-icon-minus\" aria-hidden=\"true\"><\/i><i class=\"fa-fusion-box inactive-icon awb-icon-plus\" aria-hidden=\"true\"><\/i><\/span><span class=\"fusion-toggle-heading\">Informaci\u00f3n del producto<\/span><\/a><\/h4><\/div><div id=\"9a1ce37282998cddd\" class=\"panel-collapse collapse \" aria-labelledby=\"toggle_9a1ce37282998cddd\"><div class=\"panel-body toggle-content fusion-clearfix\"><\/p>\n<p><strong>Gel limpiador suavemente hidratante para todo tipo de pieles<\/strong><br \/>\nEl gel limpiador facial reequilibrante con microbioma Rebiome ReFresh limpia suavemente el rostro y elimina las c\u00e9lulas muertas de la piel. Ideal para desmaquillar. Muy adecuado para pieles sensibles y propensas al acn\u00e9.  <\/p>\n<p>El Gel Limpiador ReFresh es un limpiador respetuoso con el microbioma que s\u00f3lo contiene ingredientes naturales y activos beneficiosos documentados de calidad superior, como amino\u00e1cidos hidratantes, hoja de membrillo antiinflamatoria y extracto de flor de \u00e1rnica calmante. Contiene vitamina B3 que ayuda a estabilizar la capa externa de la piel.<\/p>\n<p><\/div><\/div><\/div><div class=\"fusion-panel panel-default panel-fd0b1864206c86403 fusion-toggle-has-divider\" style=\"--awb-title-color:var(--awb-custom13);--awb-content-color:#747474;\"><div class=\"panel-heading\"><h4 class=\"panel-title toggle\" id=\"toggle_fd0b1864206c86403\"><a aria-expanded=\"false\" aria-controls=\"fd0b1864206c86403\" role=\"button\" data-toggle=\"collapse\" data-target=\"#fd0b1864206c86403\" href=\"#fd0b1864206c86403\"><span class=\"fusion-toggle-icon-wrapper\" aria-hidden=\"true\"><i class=\"fa-fusion-box active-icon awb-icon-minus\" aria-hidden=\"true\"><\/i><i class=\"fa-fusion-box inactive-icon awb-icon-plus\" aria-hidden=\"true\"><\/i><\/span><span class=\"fusion-toggle-heading\">Utiliza<\/span><\/a><\/h4><\/div><div id=\"fd0b1864206c86403\" class=\"panel-collapse collapse \" aria-labelledby=\"toggle_fd0b1864206c86403\"><div class=\"panel-body toggle-content fusion-clearfix\"><\/p>\n<p>Masajea suavemente la piel con el Gel Limpiador ReFresh y aclara con agua tibia.<br \/>\nPara uso diario.<br \/>\nApto para todo tipo de pieles.<\/p>\n<p>pH: pH 6,0<br \/>\nContenido : 150ml<\/p>\n<p><\/div><\/div><\/div><div class=\"fusion-panel panel-default panel-ff8b7b43c41752e93 fusion-toggle-has-divider\" style=\"--awb-title-color:var(--awb-custom13);--awb-content-color:#747474;\"><div class=\"panel-heading\"><h4 class=\"panel-title toggle\" id=\"toggle_ff8b7b43c41752e93\"><a aria-expanded=\"false\" aria-controls=\"ff8b7b43c41752e93\" role=\"button\" data-toggle=\"collapse\" data-target=\"#ff8b7b43c41752e93\" href=\"#ff8b7b43c41752e93\"><span class=\"fusion-toggle-icon-wrapper\" aria-hidden=\"true\"><i class=\"fa-fusion-box active-icon awb-icon-minus\" aria-hidden=\"true\"><\/i><i class=\"fa-fusion-box inactive-icon awb-icon-plus\" aria-hidden=\"true\"><\/i><\/span><span class=\"fusion-toggle-heading\">Ingredientes principales<\/span><\/a><\/h4><\/div><div id=\"ff8b7b43c41752e93\" class=\"panel-collapse collapse \" aria-labelledby=\"toggle_ff8b7b43c41752e93\"><div class=\"panel-body toggle-content fusion-clearfix\"><\/p>\n<ul>\n<li style=\"list-style-type: none;\">\n<ul>\n<li><strong>Vitamina B3 (Niacinamida) 1%<\/strong><br \/>\nHidratante, calmante y antienvejecimiento, la vitamina B3 tiene efectos estimulantes prebi\u00f3ticos y ayuda a controlar la producci\u00f3n de sebo e impulsar la producci\u00f3n de col\u00e1geno.<\/li>\n<li><strong>Amino\u00e1cidos 0,8%<\/strong><br \/>\nHidratante AHA (alfahidroxi\u00e1cidos) altamente eficaz formulado con componentes de amino\u00e1cidos NMF (Factor Hidratante Natural) para favorecer la renovaci\u00f3n celular de la piel. Con efectos estimulantes prebi\u00f3ticos. <\/li>\n<li><strong>Extracto de hoja de membrillo 0,5%<\/strong><br \/>\nIdeal para pieles sensibles, ayuda a reducir la inflamaci\u00f3n y protege y calma las irritaciones.<\/li>\n<\/ul>\n<\/li>\n<\/ul>\n<ul>\n<li><strong>Alanto\u00edna 0,10%<\/strong><br \/>\nMejora la retenci\u00f3n de humedad de la piel y proporciona un efecto suavizante. Ayuda a minimizar los signos del envejecimiento y los da\u00f1os cut\u00e1neos, protege la piel y acelera la cicatrizaci\u00f3n de las heridas. Con efectos estimulantes prebi\u00f3ticos.  <\/li>\n<\/ul>\n<p><\/div><\/div><\/div><div class=\"fusion-panel panel-default panel-ae2d88df1a96b88a7 fusion-toggle-has-divider\" style=\"--awb-title-color:var(--awb-custom13);--awb-content-color:#747474;\"><div class=\"panel-heading\"><h4 class=\"panel-title toggle\" id=\"toggle_ae2d88df1a96b88a7\"><a aria-expanded=\"false\" aria-controls=\"ae2d88df1a96b88a7\" role=\"button\" data-toggle=\"collapse\" data-target=\"#ae2d88df1a96b88a7\" href=\"#ae2d88df1a96b88a7\"><span class=\"fusion-toggle-icon-wrapper\" aria-hidden=\"true\"><i class=\"fa-fusion-box active-icon awb-icon-minus\" aria-hidden=\"true\"><\/i><i class=\"fa-fusion-box inactive-icon awb-icon-plus\" aria-hidden=\"true\"><\/i><\/span><span class=\"fusion-toggle-heading\">Todos los ingredientes:<\/span><\/a><\/h4><\/div><div id=\"ae2d88df1a96b88a7\" class=\"panel-collapse collapse \" aria-labelledby=\"toggle_ae2d88df1a96b88a7\"><div class=\"panel-body toggle-content fusion-clearfix\"><\/p>\n<p>Agua, sulfato s\u00f3dico de laureth, glicerina, cocamidopropil beta\u00edna, metil-gluceth-20, niacinamida, acrilatos\/acrilato cruzado 10-30 alquil, fenoxietanol, caprilil\/gluc\u00f3sido capr\u00edlico, extracto de hoja de Cydonia Oblonga, trietanolamina, Cloruro s\u00f3dico, Beta\u00edna, Alanto\u00edna, Caprilil glicol, Aceite de semillas de Adansonia Digitata, Extracto de flores de Heterotheca Inuloides, PCA s\u00f3dico, Lactato s\u00f3dico, PCA, Serina, Alanina, Glicina, \u00c1cido glut\u00e1mico, HCl de lisina, Treonina, Arginina, Prolina, Perfume.<\/p>\n<p><\/div><\/div><\/div><div class=\"fusion-panel panel-default panel-f17e0b2c326a0ddc7 fusion-toggle-has-divider\" style=\"--awb-title-color:var(--awb-custom13);--awb-content-color:#747474;\"><div class=\"panel-heading\"><h4 class=\"panel-title toggle\" id=\"toggle_f17e0b2c326a0ddc7\"><a aria-expanded=\"false\" aria-controls=\"f17e0b2c326a0ddc7\" role=\"button\" data-toggle=\"collapse\" data-target=\"#f17e0b2c326a0ddc7\" href=\"#f17e0b2c326a0ddc7\"><span class=\"fusion-toggle-icon-wrapper\" aria-hidden=\"true\"><i class=\"fa-fusion-box active-icon awb-icon-minus\" aria-hidden=\"true\"><\/i><i class=\"fa-fusion-box inactive-icon awb-icon-plus\" aria-hidden=\"true\"><\/i><\/span><span class=\"fusion-toggle-heading\">Env\u00edo, pol\u00edtica de devoluciones, reclamaciones:<\/span><\/a><\/h4><\/div><div id=\"f17e0b2c326a0ddc7\" class=\"panel-collapse collapse \" aria-labelledby=\"toggle_f17e0b2c326a0ddc7\"><div class=\"panel-body toggle-content fusion-clearfix\"><\/p>\n<p><strong>Pol\u00edtica de env\u00edos<\/strong><\/p>\n<p>Una vez recibido tu pedido en l\u00ednea, tu compra se <strong>procesar\u00e1 inmediatamente<\/strong> y se preparar\u00e1 para el env\u00edo.<br \/>\nLos productos se enviar\u00e1n a la direcci\u00f3n que hayas indicado al realizar el pedido.<\/p>\n<ul>\n<li><strong>Gastos de env\u00edo:<\/strong> 5 euros por pedido<\/li>\n<li><strong>Entrega:<\/strong> en B\u00e9lgica<\/li>\n<li><strong>Env\u00edo:<\/strong> lo antes posible tras el pedido, dependiendo del transportista<\/li>\n<\/ul>\n<p>Skin-Lab no se hace responsable de los retrasos que se produzcan fuera de nuestro control, como por ejemplo con el servicio de transporte.<\/p>\n<p><u>Condiciones de tu pedido<\/u>: <a href=\"https:\/\/www.skin-lab.be\/wp-content\/uploads\/2025\/12\/voorwaarden-en-aansprakelijkheid.pdf\" target=\"_blank\" rel=\"noopener\">condiciones y responsabilidad<\/a><\/p>\n<p><strong>Pol\u00edtica de devoluciones y derecho de desistimiento<\/strong><\/p>\n<p>De acuerdo con la legislaci\u00f3n belga y europea, como consumidor tienes derecho a revocar <strong>tu compra en un plazo de 14 d\u00edas naturales<\/strong> a partir de la fecha de recepci\u00f3n <strong>, sin indicar motivo alguno<\/strong>.<\/p>\n<p><strong>Condiciones de devoluci\u00f3n<\/strong><\/p>\n<p>La devoluci\u00f3n es posible <strong>siempre que se cumplan las siguientes condiciones<\/strong>:<\/p>\n<ul>\n<li>El producto <strong>no se ha utilizado<\/strong><\/li>\n<li><strong>No se ha abierto<\/strong> el <strong>embalaje original o precintado<\/strong><\/li>\n<li>El producto est\u00e1 <strong>intacto<\/strong> y en condiciones de venta<\/li>\n<li>El producto se devolver\u00e1 correctamente y cuidadosamente embalado a cargo del cliente a Skin-Lab bv &#8211; Heistraat 23\/1 &#8211; 2491 Balen<\/li>\n<\/ul>\n<p><strong>No podemos aceptar productos cuyo embalaje o el propio producto hayan sido abiertos, utilizados o da\u00f1ados por razones de higiene y seguridad.<\/strong><\/p>\n<p>Esto est\u00e1 en consonancia con la excepci\u00f3n legal al derecho de desistimiento para los <strong>productos cosm\u00e9ticos y de cuidado personal precintados<\/strong>.<\/p>\n<p><strong>Devoluci\u00f3n<\/strong><\/p>\n<p>Cuando el producto devuelto cumpla las condiciones anteriores:<\/p>\n<ul>\n<li>se reembolsar\u00e1 <strong>la totalidad del precio de compra<\/strong> <\/li>\n<li>mediante el <strong>mismo m\u00e9todo de pago<\/strong> utilizado para la compra original<\/li>\n<li>lo antes posible tras la recepci\u00f3n e inspecci\u00f3n del producto<\/li>\n<\/ul>\n<p>Los gastos de env\u00edo de las devoluciones corren, de acuerdo con la ley, a <strong>cargo del cliente<\/strong>, a menos que se acuerde otra cosa.<\/p>\n<p><strong>\u00bfC\u00f3mo registrar una devoluci\u00f3n?<\/strong><\/p>\n<p>Para procesar correctamente una devoluci\u00f3n, ponte <strong>primero<\/strong> en contacto con nosotros por correo electr\u00f3nico:<\/p>\n<p><strong>shop@skin-lab.be<\/strong><\/p>\n<p>Por favor, menci\u00f3nalo:<\/p>\n<ul>\n<li>tu nombre<\/li>\n<li>n\u00famero de pedido<\/li>\n<li>el producto que deseas devolver<\/li>\n<\/ul>\n<p>A continuaci\u00f3n, te daremos m\u00e1s instrucciones.<\/p>\n<p><strong>Quejas o preguntas<\/strong><\/p>\n<p>Si tienes alguna pregunta, comentario o queja sobre tu pedido o un producto entregado, siempre puedes ponerte en contacto con nosotros en<\/p>\n<p><strong>shop@skin-lab.be<\/strong><\/p>\n<p>Tratamos cada consulta con la debida atenci\u00f3n y nos esforzamos por conseguir una soluci\u00f3n r\u00e1pida y correcta.<\/p>\n<p><\/div><\/div><\/div><\/div><\/div>\n","protected":false},"excerpt":{"rendered":"<p><strong><u>R<\/u><\/strong><strong>eFresh<\/strong>&#8211; Gel limpiador<\/p>\n<p><strong>Gel limpiador suavemente hidratante para todo tipo de pieles<\/strong><\/p>\n<p>El gel limpiador facial reequilibrante del microbioma Rebiome ReFresh limpia suavemente el rostro y elimina las c\u00e9lulas muertas de la piel. Ideal para desmaquillar. Ideal para pieles sensibles y propensas al acn\u00e9.  <\/p>\n<p>Renovaci\u00f3n celular &#8211; Limpieza suave &#8211; Hidrataci\u00f3n &#8211; Desmaquillante &#8211; Nutrici\u00f3n<\/p>\n","protected":false},"featured_media":5064,"template":"","meta":[],"product_brand":[],"product_cat":[155,147],"product_tag":[],"class_list":{"0":"post-6168","1":"product","2":"type-product","3":"status-publish","4":"has-post-thumbnail","6":"product_cat-gel","7":"product_cat-tienda","9":"first","10":"instock","11":"shipping-taxable","12":"purchasable","13":"product-type-simple"},"yoast_head":"<!-- This site is optimized with the Yoast SEO plugin v27.4 - https:\/\/yoast.com\/product\/yoast-seo-wordpress\/ -->\n<title>Rebiome | Gel Limpiador ReFresh - Skin-Lab<\/title>\n<meta name=\"robots\" content=\"index, follow, max-snippet:-1, max-image-preview:large, max-video-preview:-1\" \/>\n<link rel=\"canonical\" href=\"https:\/\/www.skin-lab.be\/es\/producto\/rebiome-gel-limpiador-refresh\/\" \/>\n<meta property=\"og:locale\" content=\"es_ES\" \/>\n<meta property=\"og:type\" content=\"article\" \/>\n<meta property=\"og:title\" content=\"Rebiome | Gel Limpiador ReFresh - Skin-Lab\" \/>\n<meta property=\"og:description\" content=\"ReFresh- Gel limpiador Gel limpiador suavemente hidratante para todo tipo de pieles El gel limpiador facial reequilibrante del microbioma Rebiome ReFresh limpia suavemente el rostro y elimina las c\u00e9lulas muertas de la piel. Ideal para desmaquillar. Ideal para pieles sensibles y propensas al acn\u00e9.  Renovaci\u00f3n celular - Limpieza suave - Hidrataci\u00f3n - Desmaquillante - Nutrici\u00f3n\" \/>\n<meta property=\"og:url\" content=\"https:\/\/www.skin-lab.be\/es\/producto\/rebiome-gel-limpiador-refresh\/\" \/>\n<meta property=\"og:site_name\" content=\"Skin-Lab\" \/>\n<meta property=\"article:modified_time\" content=\"2026-04-05T08:10:24+00:00\" \/>\n<meta property=\"og:image\" content=\"https:\/\/www.skin-lab.be\/wp-content\/uploads\/2025\/12\/Rebiome-ReFresh-Cleansing-Gel.jpg\" \/>\n\t<meta property=\"og:image:width\" content=\"1000\" \/>\n\t<meta property=\"og:image:height\" content=\"1000\" \/>\n\t<meta property=\"og:image:type\" content=\"image\/jpeg\" \/>\n<meta name=\"twitter:card\" content=\"summary_large_image\" \/>\n<meta name=\"twitter:label1\" content=\"Tiempo de lectura\" \/>\n\t<meta name=\"twitter:data1\" content=\"6 minutos\" \/>\n<script type=\"application\/ld+json\" class=\"yoast-schema-graph\">{\"@context\":\"https:\\\/\\\/schema.org\",\"@graph\":[{\"@type\":\"WebPage\",\"@id\":\"https:\\\/\\\/www.skin-lab.be\\\/es\\\/producto\\\/rebiome-gel-limpiador-refresh\\\/\",\"url\":\"https:\\\/\\\/www.skin-lab.be\\\/es\\\/producto\\\/rebiome-gel-limpiador-refresh\\\/\",\"name\":\"Rebiome | Gel Limpiador ReFresh - Skin-Lab\",\"isPartOf\":{\"@id\":\"https:\\\/\\\/www.skin-lab.be\\\/es\\\/#website\"},\"primaryImageOfPage\":{\"@id\":\"https:\\\/\\\/www.skin-lab.be\\\/es\\\/producto\\\/rebiome-gel-limpiador-refresh\\\/#primaryimage\"},\"image\":{\"@id\":\"https:\\\/\\\/www.skin-lab.be\\\/es\\\/producto\\\/rebiome-gel-limpiador-refresh\\\/#primaryimage\"},\"thumbnailUrl\":\"https:\\\/\\\/www.skin-lab.be\\\/wp-content\\\/uploads\\\/2025\\\/12\\\/Rebiome-ReFresh-Cleansing-Gel.jpg\",\"datePublished\":\"2025-12-08T20:14:01+00:00\",\"dateModified\":\"2026-04-05T08:10:24+00:00\",\"breadcrumb\":{\"@id\":\"https:\\\/\\\/www.skin-lab.be\\\/es\\\/producto\\\/rebiome-gel-limpiador-refresh\\\/#breadcrumb\"},\"inLanguage\":\"es\",\"potentialAction\":[{\"@type\":\"ReadAction\",\"target\":[\"https:\\\/\\\/www.skin-lab.be\\\/es\\\/producto\\\/rebiome-gel-limpiador-refresh\\\/\"]}]},{\"@type\":\"ImageObject\",\"inLanguage\":\"es\",\"@id\":\"https:\\\/\\\/www.skin-lab.be\\\/es\\\/producto\\\/rebiome-gel-limpiador-refresh\\\/#primaryimage\",\"url\":\"https:\\\/\\\/www.skin-lab.be\\\/wp-content\\\/uploads\\\/2025\\\/12\\\/Rebiome-ReFresh-Cleansing-Gel.jpg\",\"contentUrl\":\"https:\\\/\\\/www.skin-lab.be\\\/wp-content\\\/uploads\\\/2025\\\/12\\\/Rebiome-ReFresh-Cleansing-Gel.jpg\",\"width\":1000,\"height\":1000,\"caption\":\"Rebiome reFresh Cleansing Gel\"},{\"@type\":\"BreadcrumbList\",\"@id\":\"https:\\\/\\\/www.skin-lab.be\\\/es\\\/producto\\\/rebiome-gel-limpiador-refresh\\\/#breadcrumb\",\"itemListElement\":[{\"@type\":\"ListItem\",\"position\":1,\"name\":\"Home\",\"item\":\"https:\\\/\\\/www.skin-lab.be\\\/es\\\/\"},{\"@type\":\"ListItem\",\"position\":2,\"name\":\"Tienda\",\"item\":\"https:\\\/\\\/www.skin-lab.be\\\/es\\\/tienda\\\/\"},{\"@type\":\"ListItem\",\"position\":3,\"name\":\"Rebiome | Gel Limpiador ReFresh\"}]},{\"@type\":\"WebSite\",\"@id\":\"https:\\\/\\\/www.skin-lab.be\\\/es\\\/#website\",\"url\":\"https:\\\/\\\/www.skin-lab.be\\\/es\\\/\",\"name\":\"Skin-Lab\",\"description\":\"Face &amp; Body Solutions\",\"publisher\":{\"@id\":\"https:\\\/\\\/www.skin-lab.be\\\/es\\\/#organization\"},\"potentialAction\":[{\"@type\":\"SearchAction\",\"target\":{\"@type\":\"EntryPoint\",\"urlTemplate\":\"https:\\\/\\\/www.skin-lab.be\\\/es\\\/?s={search_term_string}\"},\"query-input\":{\"@type\":\"PropertyValueSpecification\",\"valueRequired\":true,\"valueName\":\"search_term_string\"}}],\"inLanguage\":\"es\"},{\"@type\":\"Organization\",\"@id\":\"https:\\\/\\\/www.skin-lab.be\\\/es\\\/#organization\",\"name\":\"Skin-Lab bv\",\"url\":\"https:\\\/\\\/www.skin-lab.be\\\/es\\\/\",\"logo\":{\"@type\":\"ImageObject\",\"inLanguage\":\"es\",\"@id\":\"https:\\\/\\\/www.skin-lab.be\\\/es\\\/#\\\/schema\\\/logo\\\/image\\\/\",\"url\":\"https:\\\/\\\/www.skin-lab.be\\\/wp-content\\\/uploads\\\/2021\\\/02\\\/skinlablogo160px.png\",\"contentUrl\":\"https:\\\/\\\/www.skin-lab.be\\\/wp-content\\\/uploads\\\/2021\\\/02\\\/skinlablogo160px.png\",\"width\":520,\"height\":160,\"caption\":\"Skin-Lab bv\"},\"image\":{\"@id\":\"https:\\\/\\\/www.skin-lab.be\\\/es\\\/#\\\/schema\\\/logo\\\/image\\\/\"}}]}<\/script>\n<!-- \/ Yoast SEO plugin. -->","yoast_head_json":{"title":"Rebiome | Gel Limpiador ReFresh - Skin-Lab","robots":{"index":"index","follow":"follow","max-snippet":"max-snippet:-1","max-image-preview":"max-image-preview:large","max-video-preview":"max-video-preview:-1"},"canonical":"https:\/\/www.skin-lab.be\/es\/producto\/rebiome-gel-limpiador-refresh\/","og_locale":"es_ES","og_type":"article","og_title":"Rebiome | Gel Limpiador ReFresh - Skin-Lab","og_description":"ReFresh- Gel limpiador Gel limpiador suavemente hidratante para todo tipo de pieles El gel limpiador facial reequilibrante del microbioma Rebiome ReFresh limpia suavemente el rostro y elimina las c\u00e9lulas muertas de la piel. Ideal para desmaquillar. Ideal para pieles sensibles y propensas al acn\u00e9.  Renovaci\u00f3n celular - Limpieza suave - Hidrataci\u00f3n - Desmaquillante - Nutrici\u00f3n","og_url":"https:\/\/www.skin-lab.be\/es\/producto\/rebiome-gel-limpiador-refresh\/","og_site_name":"Skin-Lab","article_modified_time":"2026-04-05T08:10:24+00:00","og_image":[{"width":1000,"height":1000,"url":"https:\/\/www.skin-lab.be\/wp-content\/uploads\/2025\/12\/Rebiome-ReFresh-Cleansing-Gel.jpg","type":"image\/jpeg"}],"twitter_card":"summary_large_image","twitter_misc":{"Tiempo de lectura":"6 minutos"},"schema":{"@context":"https:\/\/schema.org","@graph":[{"@type":"WebPage","@id":"https:\/\/www.skin-lab.be\/es\/producto\/rebiome-gel-limpiador-refresh\/","url":"https:\/\/www.skin-lab.be\/es\/producto\/rebiome-gel-limpiador-refresh\/","name":"Rebiome | Gel Limpiador ReFresh - Skin-Lab","isPartOf":{"@id":"https:\/\/www.skin-lab.be\/es\/#website"},"primaryImageOfPage":{"@id":"https:\/\/www.skin-lab.be\/es\/producto\/rebiome-gel-limpiador-refresh\/#primaryimage"},"image":{"@id":"https:\/\/www.skin-lab.be\/es\/producto\/rebiome-gel-limpiador-refresh\/#primaryimage"},"thumbnailUrl":"https:\/\/www.skin-lab.be\/wp-content\/uploads\/2025\/12\/Rebiome-ReFresh-Cleansing-Gel.jpg","datePublished":"2025-12-08T20:14:01+00:00","dateModified":"2026-04-05T08:10:24+00:00","breadcrumb":{"@id":"https:\/\/www.skin-lab.be\/es\/producto\/rebiome-gel-limpiador-refresh\/#breadcrumb"},"inLanguage":"es","potentialAction":[{"@type":"ReadAction","target":["https:\/\/www.skin-lab.be\/es\/producto\/rebiome-gel-limpiador-refresh\/"]}]},{"@type":"ImageObject","inLanguage":"es","@id":"https:\/\/www.skin-lab.be\/es\/producto\/rebiome-gel-limpiador-refresh\/#primaryimage","url":"https:\/\/www.skin-lab.be\/wp-content\/uploads\/2025\/12\/Rebiome-ReFresh-Cleansing-Gel.jpg","contentUrl":"https:\/\/www.skin-lab.be\/wp-content\/uploads\/2025\/12\/Rebiome-ReFresh-Cleansing-Gel.jpg","width":1000,"height":1000,"caption":"Rebiome reFresh Cleansing Gel"},{"@type":"BreadcrumbList","@id":"https:\/\/www.skin-lab.be\/es\/producto\/rebiome-gel-limpiador-refresh\/#breadcrumb","itemListElement":[{"@type":"ListItem","position":1,"name":"Home","item":"https:\/\/www.skin-lab.be\/es\/"},{"@type":"ListItem","position":2,"name":"Tienda","item":"https:\/\/www.skin-lab.be\/es\/tienda\/"},{"@type":"ListItem","position":3,"name":"Rebiome | Gel Limpiador ReFresh"}]},{"@type":"WebSite","@id":"https:\/\/www.skin-lab.be\/es\/#website","url":"https:\/\/www.skin-lab.be\/es\/","name":"Skin-Lab","description":"Face &amp; Body Solutions","publisher":{"@id":"https:\/\/www.skin-lab.be\/es\/#organization"},"potentialAction":[{"@type":"SearchAction","target":{"@type":"EntryPoint","urlTemplate":"https:\/\/www.skin-lab.be\/es\/?s={search_term_string}"},"query-input":{"@type":"PropertyValueSpecification","valueRequired":true,"valueName":"search_term_string"}}],"inLanguage":"es"},{"@type":"Organization","@id":"https:\/\/www.skin-lab.be\/es\/#organization","name":"Skin-Lab bv","url":"https:\/\/www.skin-lab.be\/es\/","logo":{"@type":"ImageObject","inLanguage":"es","@id":"https:\/\/www.skin-lab.be\/es\/#\/schema\/logo\/image\/","url":"https:\/\/www.skin-lab.be\/wp-content\/uploads\/2021\/02\/skinlablogo160px.png","contentUrl":"https:\/\/www.skin-lab.be\/wp-content\/uploads\/2021\/02\/skinlablogo160px.png","width":520,"height":160,"caption":"Skin-Lab bv"},"image":{"@id":"https:\/\/www.skin-lab.be\/es\/#\/schema\/logo\/image\/"}}]}},"_links":{"self":[{"href":"https:\/\/www.skin-lab.be\/es\/wp-json\/wp\/v2\/product\/6168","targetHints":{"allow":["GET"]}}],"collection":[{"href":"https:\/\/www.skin-lab.be\/es\/wp-json\/wp\/v2\/product"}],"about":[{"href":"https:\/\/www.skin-lab.be\/es\/wp-json\/wp\/v2\/types\/product"}],"wp:featuredmedia":[{"embeddable":true,"href":"https:\/\/www.skin-lab.be\/es\/wp-json\/wp\/v2\/media\/5064"}],"wp:attachment":[{"href":"https:\/\/www.skin-lab.be\/es\/wp-json\/wp\/v2\/media?parent=6168"}],"wp:term":[{"taxonomy":"product_brand","embeddable":true,"href":"https:\/\/www.skin-lab.be\/es\/wp-json\/wp\/v2\/product_brand?post=6168"},{"taxonomy":"product_cat","embeddable":true,"href":"https:\/\/www.skin-lab.be\/es\/wp-json\/wp\/v2\/product_cat?post=6168"},{"taxonomy":"product_tag","embeddable":true,"href":"https:\/\/www.skin-lab.be\/es\/wp-json\/wp\/v2\/product_tag?post=6168"}],"curies":[{"name":"wp","href":"https:\/\/api.w.org\/{rel}","templated":true}]}}